{"id":219,"date":"2023-01-18T00:13:19","date_gmt":"2023-01-18T00:13:19","guid":{"rendered":"https:\/\/pulzohost.com.br\/wp\/?page_id=219"},"modified":"2023-01-18T00:44:07","modified_gmt":"2023-01-18T00:44:07","slug":"quem-somos","status":"publish","type":"page","link":"https:\/\/pulzohost.com.br\/wp\/quem-somos\/","title":{"rendered":"Quem Somos"},"content":{"rendered":"\t\t<div data-elementor-type=\"wp-page\" data-elementor-id=\"219\" class=\"elementor elementor-219\">\n\t\t\t\t\t\t\t\t\t<section class=\"elementor-section elementor-top-section elementor-element elementor-element-c21b6af elementor-section-boxed elementor-section-height-default elementor-section-height-default\" data-id=\"c21b6af\" data-element_type=\"section\" data-settings=\"{&quot;background_background&quot;:&quot;classic&quot;}\">\n\t\t\t\t\t\t<div class=\"elementor-container elementor-column-gap-default\">\n\t\t\t\t\t<div class=\"elementor-column elementor-col-100 elementor-top-column elementor-element elementor-element-fea5afd\" data-id=\"fea5afd\" data-element_type=\"column\">\n\t\t\t<div class=\"elementor-widget-wrap elementor-element-populated\">\n\t\t\t\t\t\t\t\t<div class=\"elementor-element elementor-element-ada7352 elementor-widget elementor-widget-heading\" data-id=\"ada7352\" data-element_type=\"widget\" data-widget_type=\"heading.default\">\n\t\t\t\t<div class=\"elementor-widget-container\">\n\t\t\t<style>\/*! elementor - v3.9.2 - 21-12-2022 *\/\n.elementor-heading-title{padding:0;margin:0;line-height:1}.elementor-widget-heading .elementor-heading-title[class*=elementor-size-]>a{color:inherit;font-size:inherit;line-height:inherit}.elementor-widget-heading .elementor-heading-title.elementor-size-small{font-size:15px}.elementor-widget-heading .elementor-heading-title.elementor-size-medium{font-size:19px}.elementor-widget-heading .elementor-heading-title.elementor-size-large{font-size:29px}.elementor-widget-heading .elementor-heading-title.elementor-size-xl{font-size:39px}.elementor-widget-heading .elementor-heading-title.elementor-size-xxl{font-size:59px}<\/style><h2 class=\"elementor-heading-title elementor-size-default\">Quem Somos<\/h2>\t\t<\/div>\n\t\t\t\t<\/div>\n\t\t\t\t\t<\/div>\n\t\t<\/div>\n\t\t\t\t\t\t\t<\/div>\n\t\t<\/section>\n\t\t\t\t<section class=\"elementor-section elementor-top-section elementor-element elementor-element-5cb8174 elementor-section-boxed elementor-section-height-default elementor-section-height-default\" data-id=\"5cb8174\" data-element_type=\"section\">\n\t\t\t\t\t\t<div class=\"elementor-container elementor-column-gap-default\">\n\t\t\t\t\t<div class=\"elementor-column elementor-col-100 elementor-top-column elementor-element elementor-element-7063861\" data-id=\"7063861\" data-element_type=\"column\">\n\t\t\t<div class=\"elementor-widget-wrap elementor-element-populated\">\n\t\t\t\t\t\t\t\t<div class=\"elementor-element elementor-element-e86f822 elementor-widget elementor-widget-text-editor\" data-id=\"e86f822\" data-element_type=\"widget\" data-settings=\"{&quot;_animation&quot;:&quot;none&quot;}\" data-widget_type=\"text-editor.default\">\n\t\t\t\t<div class=\"elementor-widget-container\">\n\t\t\t<style>\/*! elementor - v3.9.2 - 21-12-2022 *\/\n.elementor-widget-text-editor.elementor-drop-cap-view-stacked .elementor-drop-cap{background-color:#818a91;color:#fff}.elementor-widget-text-editor.elementor-drop-cap-view-framed .elementor-drop-cap{color:#818a91;border:3px solid;background-color:transparent}.elementor-widget-text-editor:not(.elementor-drop-cap-view-default) .elementor-drop-cap{margin-top:8px}.elementor-widget-text-editor:not(.elementor-drop-cap-view-default) .elementor-drop-cap-letter{width:1em;height:1em}.elementor-widget-text-editor .elementor-drop-cap{float:left;text-align:center;line-height:1;font-size:50px}.elementor-widget-text-editor .elementor-drop-cap-letter{display:inline-block}<\/style>\t\t\t\t<p>Somos a Linnke, empresa que oferece internet de banda larga veloz e de qualidade na regi\u00e3o de Tabo\u00e3o da Serra (SP).A empresa vem investindo e ampliando sua \u00e1rea de cobertura na cidade \u00e9 uma boa op\u00e7\u00e3o para quem quer navegar atrav\u00e9s de fibra \u00f3tica com velocidades que v\u00e3o de 100mb a 1gb de velocidade.<\/p><p>\u201cH\u00e1 alguns anos, vimos a necessidade de trazer para Tabo\u00e3o da Serra uma internet com qualidade e estabilidade que somente a fibra \u00f3ptica poderia oferecer. Foi a\u00ed que nasceu a Linnke que, desde 2014, opta por trabalhar exclusivamente na regi\u00e3o, focando esfor\u00e7os para levar tecnologia com a melhor conex\u00e3o do mercado para a cidade que tanto amamos\u201d, como disse a diretoria da Linnke.<\/p><p>A empresa trabalha com uma moderna tecnologia e uma extensa rede de fibra \u00f3ptica onde \u00e9 poss\u00edvel navegar em ultra velocidade tranquilamente, uma vez que a empresa oferece dois cabos distintos, tendo mais estabilidade e seguran\u00e7a. \u201cTrouxemos para Tabo\u00e3o uma internet de ponta, com tecnologia avan\u00e7ada, moderna e eficiente\u201d.<\/p><p>Com a Linnke as possibilidades s\u00e3o infinitas. Os clientes podem fazer downloads e uploads ilimitados; assistir \u00e0s suas plataformas de streamings favoritas sem travar; trabalhar home office; estudar \u00e0 dist\u00e2ncia ou jogar online, sempre com a alta velocidade que s\u00f3 a fibra \u00f3ptica oferece.<\/p><p>E \u00e9 por acreditar no crescimento e no desenvolvimento da regi\u00e3o que nos instalamos e investimos por aqui. Por isso, todos os funcion\u00e1rios da Linnke tamb\u00e9m s\u00e3o moradores da cidade, e desde que chegamos, buscamos manter uma forte parceria com a prefeitura local e ONG\u2019s regionais. Desta forma, ajudamos nossos clientes, nossos parceiros e toda a cidade sai ganhando!<\/p><p>Na Linnke voc\u00ea est\u00e1 sempre conectado!<\/p>\t\t\t\t\t\t<\/div>\n\t\t\t\t<\/div>\n\t\t\t\t\t<\/div>\n\t\t<\/div>\n\t\t\t\t\t\t\t<\/div>\n\t\t<\/section>\n\t\t\t\t<section class=\"elementor-section elementor-top-section elementor-element elementor-element-291d985 elementor-section-boxed elementor-section-height-default elementor-section-height-default\" data-id=\"291d985\" data-element_type=\"section\">\n\t\t\t\t\t\t<div class=\"elementor-container elementor-column-gap-default\">\n\t\t\t\t\t<div class=\"elementor-column elementor-col-50 elementor-top-column elementor-element elementor-element-edb2ec7\" data-id=\"edb2ec7\" data-element_type=\"column\">\n\t\t\t<div class=\"elementor-widget-wrap elementor-element-populated\">\n\t\t\t\t\t\t\t\t<div class=\"elementor-element elementor-element-2f00825 elementor-widget elementor-widget-image\" data-id=\"2f00825\" data-element_type=\"widget\" data-widget_type=\"image.default\">\n\t\t\t\t<div class=\"elementor-widget-container\">\n\t\t\t<style>\/*! elementor - v3.9.2 - 21-12-2022 *\/\n.elementor-widget-image{text-align:center}.elementor-widget-image a{display:inline-block}.elementor-widget-image a img[src$=\".svg\"]{width:48px}.elementor-widget-image img{vertical-align:middle;display:inline-block}<\/style>\t\t\t\t\t\t\t\t\t<figure class=\"wp-caption\">\n\t\t\t\t\t\t\t\t\t\t\t<a href=\"https:\/\/pulzohost.com.br\/wp\/wp-content\/uploads\/2023\/01\/Contrato-Oficial-Linnke-jul.2021.pdf\" target=\"_blank\">\n\t\t\t\t\t\t\t<img loading=\"lazy\" decoding=\"async\" width=\"99\" height=\"111\" src=\"https:\/\/pulzohost.com.br\/wp\/wp-content\/uploads\/2023\/01\/PDF-ICON.png\" class=\"attachment-large size-large wp-image-227\" alt=\"\" \/>\t\t\t\t\t\t\t\t<\/a>\n\t\t\t\t\t\t\t\t\t\t\t<figcaption class=\"widget-image-caption wp-caption-text\">Contrato Oficial Linnke Julho 2021<\/figcaption>\n\t\t\t\t\t\t\t\t\t\t<\/figure>\n\t\t\t\t\t\t\t\t\t<\/div>\n\t\t\t\t<\/div>\n\t\t\t\t\t<\/div>\n\t\t<\/div>\n\t\t\t\t<div class=\"elementor-column elementor-col-50 elementor-top-column elementor-element elementor-element-8100841\" data-id=\"8100841\" data-element_type=\"column\">\n\t\t\t<div class=\"elementor-widget-wrap\">\n\t\t\t\t\t\t\t\t\t<\/div>\n\t\t<\/div>\n\t\t\t\t\t\t\t<\/div>\n\t\t<\/section>\n\t\t\t\t\t\t\t<\/div>\n\t\t","protected":false},"excerpt":{"rendered":"<p>Quem Somos Somos a Linnke, empresa que oferece internet de banda larga veloz e de qualidade na regi\u00e3o de Tabo\u00e3o da Serra (SP).A empresa vem investindo e ampliando sua \u00e1rea de cobertura na cidade \u00e9 uma boa op\u00e7\u00e3o para quem quer navegar atrav\u00e9s de fibra \u00f3tica com velocidades que v\u00e3o de 100mb a 1gb de [&hellip;]<\/p>\n","protected":false},"author":1,"featured_media":0,"parent":0,"menu_order":0,"comment_status":"closed","ping_status":"closed","template":"","meta":{"footnotes":""},"class_list":["post-219","page","type-page","status-publish","hentry"],"_links":{"self":[{"href":"https:\/\/pulzohost.com.br\/wp\/wp-json\/wp\/v2\/pages\/219","targetHints":{"allow":["GET"]}}],"collection":[{"href":"https:\/\/pulzohost.com.br\/wp\/wp-json\/wp\/v2\/pages"}],"about":[{"href":"https:\/\/pulzohost.com.br\/wp\/wp-json\/wp\/v2\/types\/page"}],"author":[{"embeddable":true,"href":"https:\/\/pulzohost.com.br\/wp\/wp-json\/wp\/v2\/users\/1"}],"replies":[{"embeddable":true,"href":"https:\/\/pulzohost.com.br\/wp\/wp-json\/wp\/v2\/comments?post=219"}],"version-history":[{"count":19,"href":"https:\/\/pulzohost.com.br\/wp\/wp-json\/wp\/v2\/pages\/219\/revisions"}],"predecessor-version":[{"id":278,"href":"https:\/\/pulzohost.com.br\/wp\/wp-json\/wp\/v2\/pages\/219\/revisions\/278"}],"wp:attachment":[{"href":"https:\/\/pulzohost.com.br\/wp\/wp-json\/wp\/v2\/media?parent=219"}],"curies":[{"name":"wp","href":"https:\/\/api.w.org\/{rel}","templated":true}]}}