{"id":466,"date":"2021-08-24T17:02:05","date_gmt":"2021-08-24T20:02:05","guid":{"rendered":"https:\/\/lojavirtual.jetninjapro.com\/?page_id=466"},"modified":"2024-03-27T13:14:49","modified_gmt":"2024-03-27T16:14:49","slug":"comparador","status":"publish","type":"page","link":"https:\/\/pulzohost.com.br\/lojaexemplo\/comparador\/","title":{"rendered":"Comparador"},"content":{"rendered":"\t\t<div data-elementor-type=\"wp-page\" data-elementor-id=\"466\" class=\"elementor elementor-466\" data-elementor-post-type=\"page\">\n\t\t\t\t<div class=\"elementor-element elementor-element-7971619 e-flex e-con-boxed e-con e-parent\" data-id=\"7971619\" data-element_type=\"container\" data-core-v316-plus=\"true\">\n\t\t\t\t\t<div class=\"e-con-inner\">\n\t\t<div class=\"elementor-element elementor-element-e8bd139 e-con-full e-flex e-con e-child\" data-id=\"e8bd139\" data-element_type=\"container\">\n\t\t\t\t<div class=\"elementor-element elementor-element-8bf3e03 elementor-widget elementor-widget-heading\" data-id=\"8bf3e03\" data-element_type=\"widget\" data-widget_type=\"heading.default\">\n\t\t\t\t<div class=\"elementor-widget-container\">\n\t\t\t<style>\/*! elementor - v3.20.0 - 26-03-2024 *\/\n.elementor-heading-title{padding:0;margin:0;line-height:1}.elementor-widget-heading .elementor-heading-title[class*=elementor-size-]>a{color:inherit;font-size:inherit;line-height:inherit}.elementor-widget-heading .elementor-heading-title.elementor-size-small{font-size:15px}.elementor-widget-heading .elementor-heading-title.elementor-size-medium{font-size:19px}.elementor-widget-heading .elementor-heading-title.elementor-size-large{font-size:29px}.elementor-widget-heading .elementor-heading-title.elementor-size-xl{font-size:39px}.elementor-widget-heading .elementor-heading-title.elementor-size-xxl{font-size:59px}<\/style><h1 class=\"elementor-heading-title elementor-size-default\">Comparador de Produtos\n<\/h1>\t\t<\/div>\n\t\t\t\t<\/div>\n\t\t\t\t<div class=\"elementor-element elementor-element-5ce43a7 elementor-widget elementor-widget-jet-compare\" data-id=\"5ce43a7\" data-element_type=\"widget\" data-widget_type=\"jet-compare.default\">\n\t\t\t\t<div class=\"elementor-widget-container\">\n\t\t\t<div class=\"jet-compare jet-cw\">\n\t\t\t<div class=\"jet-compare-table__wrapper jet-compare-table-responsive-mobile\" data-widget-type=\"jet-compare\" data-widget-id=\"5ce43a7\">\n\t\t\t\t<h5 class=\"jet-compare-table-empty\">Voc\u00ea n\u00e3o tem listas de compara\u00e7\u00e3o. Adicione produtos \u00e0 compara\u00e7\u00e3o.<\/h5>\n\t\t\t<\/div>\n\n\t\t\t<\/div>\t\t<\/div>\n\t\t\t\t<\/div>\n\t\t\t\t<\/div>\n\t\t\t\t\t<\/div>\n\t\t\t\t<\/div>\n\t\t\t\t<\/div>\n\t\t","protected":false},"excerpt":{"rendered":"<p>Comparador de Produtos Remover Thumbnail T\u00edtulo Camisa de algod\u00e3o Camiseta Muscle Fit Descri\u00e7\u00e3o Lorem ipsum dolor sit amet, consectetur adipiscing elit. Nulla ac rutrum ipsum. Sed vel interdum purus. Nunc dapibus orci sit amet gravida maximus. Morbi scelerisque dui eu risus pretium egestas. Fusce volutpat neque lacinia arcu vestibulum, id pulvinar erat molestie. Lorem ipsum [&hellip;]<\/p>\n","protected":false},"author":2,"featured_media":0,"parent":0,"menu_order":0,"comment_status":"closed","ping_status":"closed","template":"elementor_header_footer","meta":{"footnotes":""},"class_list":["post-466","page","type-page","status-publish","hentry"],"_links":{"self":[{"href":"https:\/\/pulzohost.com.br\/lojaexemplo\/wp-json\/wp\/v2\/pages\/466","targetHints":{"allow":["GET"]}}],"collection":[{"href":"https:\/\/pulzohost.com.br\/lojaexemplo\/wp-json\/wp\/v2\/pages"}],"about":[{"href":"https:\/\/pulzohost.com.br\/lojaexemplo\/wp-json\/wp\/v2\/types\/page"}],"author":[{"embeddable":true,"href":"https:\/\/pulzohost.com.br\/lojaexemplo\/wp-json\/wp\/v2\/users\/2"}],"replies":[{"embeddable":true,"href":"https:\/\/pulzohost.com.br\/lojaexemplo\/wp-json\/wp\/v2\/comments?post=466"}],"version-history":[{"count":43,"href":"https:\/\/pulzohost.com.br\/lojaexemplo\/wp-json\/wp\/v2\/pages\/466\/revisions"}],"predecessor-version":[{"id":687,"href":"https:\/\/pulzohost.com.br\/lojaexemplo\/wp-json\/wp\/v2\/pages\/466\/revisions\/687"}],"wp:attachment":[{"href":"https:\/\/pulzohost.com.br\/lojaexemplo\/wp-json\/wp\/v2\/media?parent=466"}],"curies":[{"name":"wp","href":"https:\/\/api.w.org\/{rel}","templated":true}]}}