{"id":3555,"date":"2024-04-08T18:04:49","date_gmt":"2024-04-08T21:04:49","guid":{"rendered":"https:\/\/pulzohost.com.br\/clientes\/worldtravel-atual\/?post_type=product&#038;p=3555"},"modified":"2024-04-27T16:47:09","modified_gmt":"2024-04-27T19:47:09","slug":"evento-final-de-ano-lagoinha-church","status":"publish","type":"product","link":"https:\/\/pulzohost.com.br\/clientes\/worldtravel-atual\/produto\/evento-final-de-ano-lagoinha-church\/","title":{"rendered":"Virada Orlando 2025 &#8211; Lagoinha"},"content":{"rendered":"<p><strong><span class=\"OYPEnA text-decoration-none text-strikethrough-none\" style=\"font-family: -apple-system, BlinkMacSystemFont, 'Segoe UI', Roboto, 'Helvetica Neue', Arial, 'Noto Sans', sans-serif, 'Apple Color Emoji', 'Segoe UI Emoji', 'Segoe UI Symbol', 'Noto Color Emoji'; font-size: 1rem;\"> INCLUSO:<\/span><\/strong><\/p>\n<ul>\n<li><span class=\"OYPEnA text-decoration-none text-strikethrough-none\">Hotel 9 noites (27\/12\/2024 &#8211; 05\/01\/2025)<\/span><\/li>\n<li><span class=\"OYPEnA text-decoration-none text-strikethrough-none\">A\u00e9reo em classe econ\u00f4mica (Viracopos \/ Orlando Sanford \/ Viracopos).<\/span><\/li>\n<li><span class=\"OYPEnA text-decoration-none text-strikethrough-none\">Translado | Aeroporto -&gt; Hotel -&gt; Aeroporto (em regular).<\/span><\/li>\n<li><span class=\"OYPEnA text-decoration-none text-strikethrough-none\">Translado | Hotel -&gt; Evento -&gt; Hotel 31\/12\/2024 e 01\/01\/2025 (em regular).<\/span><\/li>\n<li><span class=\"OYPEnA text-decoration-none text-strikethrough-none\">Assist\u00eancia Aeroporto de Viracopos.<\/span><\/li>\n<li><span class=\"OYPEnA text-decoration-none text-strikethrough-none\">Assist\u00eancia Aeroporto Orlando Sanford.<\/span><\/li>\n<li><span class=\"OYPEnA text-decoration-none text-strikethrough-none\">Assist\u00eancia hotel check-in e check-out.<\/span><\/li>\n<li><span class=\"OYPEnA text-decoration-none text-strikethrough-none\">Assist\u00eancia no hotel e evento para translado 31\/12\/2024 e 01\/01\/2025.<\/span><\/li>\n<li><span class=\"OYPEnA text-decoration-none text-strikethrough-none\">Ingresso Virada Orlando 2025 Front Stage 31\/12\/2024 e 01\/01\/2025.<\/span><\/li>\n<li><span class=\"OYPEnA text-decoration-none text-strikethrough-none\">Kit World Travel personalizado<\/span><\/li>\n<\/ul>\n<p>&nbsp;<\/p>\n<p><strong style=\"font-size: 1rem;\">CONDI\u00c7\u00d5ES DE PAGAMENTO:<\/strong><\/p>\n<ul>\n<li><span class=\"OYPEnA text-decoration-none text-strikethrough-none\">A vista com 10% de desconto &#8211; at\u00e9 dia 20\/05\/2024 (pix\/cart\u00e3o de debito\/boleto banc\u00e1rio)<\/span><\/li>\n<li><span class=\"OYPEnA text-decoration-none text-strikethrough-none\">Em at\u00e9 7x no boleto sem juros &#8211; primeira parcela at\u00e9 20\/05\/2024<\/span><\/li>\n<li><span class=\"OYPEnA text-decoration-none text-strikethrough-none\">Em at\u00e9 10x no cart\u00e3o de cr\u00e9dito<\/span><\/li>\n<li style=\"list-style-type: none;\"><\/li>\n<\/ul>\n","protected":false},"excerpt":{"rendered":"<p>INCLUSO: Hotel 9 noites (27\/12\/2024 &#8211; 05\/01\/2025) A\u00e9reo em classe econ\u00f4mica (Viracopos \/ Orlando Sanford \/ Viracopos). Translado | Aeroporto -&gt; Hotel -&gt; Aeroporto (em regular). Translado | Hotel -&gt; Evento -&gt; Hotel 31\/12\/2024 e 01\/01\/2025 (em regular). Assist\u00eancia Aeroporto de Viracopos. Assist\u00eancia Aeroporto Orlando Sanford. Assist\u00eancia hotel check-in e check-out. Assist\u00eancia no hotel e [&hellip;]<\/p>\n","protected":false},"featured_media":3560,"comment_status":"open","ping_status":"closed","template":"","meta":[],"product_cat":[15,57],"product_tag":[],"class_list":{"0":"post-3555","1":"product","2":"type-product","3":"status-publish","4":"has-post-thumbnail","6":"product_cat-pacote","7":"product_cat-virada-orlando-2025-lagoinha","9":"first","10":"instock","11":"taxable","12":"shipping-taxable","13":"purchasable","14":"product-type-variable"},"_links":{"self":[{"href":"https:\/\/pulzohost.com.br\/clientes\/worldtravel-atual\/wp-json\/wp\/v2\/product\/3555","targetHints":{"allow":["GET"]}}],"collection":[{"href":"https:\/\/pulzohost.com.br\/clientes\/worldtravel-atual\/wp-json\/wp\/v2\/product"}],"about":[{"href":"https:\/\/pulzohost.com.br\/clientes\/worldtravel-atual\/wp-json\/wp\/v2\/types\/product"}],"replies":[{"embeddable":true,"href":"https:\/\/pulzohost.com.br\/clientes\/worldtravel-atual\/wp-json\/wp\/v2\/comments?post=3555"}],"wp:featuredmedia":[{"embeddable":true,"href":"https:\/\/pulzohost.com.br\/clientes\/worldtravel-atual\/wp-json\/wp\/v2\/media\/3560"}],"wp:attachment":[{"href":"https:\/\/pulzohost.com.br\/clientes\/worldtravel-atual\/wp-json\/wp\/v2\/media?parent=3555"}],"wp:term":[{"taxonomy":"product_cat","embeddable":true,"href":"https:\/\/pulzohost.com.br\/clientes\/worldtravel-atual\/wp-json\/wp\/v2\/product_cat?post=3555"},{"taxonomy":"product_tag","embeddable":true,"href":"https:\/\/pulzohost.com.br\/clientes\/worldtravel-atual\/wp-json\/wp\/v2\/product_tag?post=3555"}],"curies":[{"name":"wp","href":"https:\/\/api.w.org\/{rel}","templated":true}]}}