{"id":1436,"date":"2023-10-25T18:06:45","date_gmt":"2023-10-25T21:06:45","guid":{"rendered":"https:\/\/marialaranjeira.com.br\/?page_id=1436"},"modified":"2024-04-25T15:38:23","modified_gmt":"2024-04-25T18:38:23","slug":"quem-somos","status":"publish","type":"page","link":"https:\/\/pulzohost.com.br\/clientes\/worldtravel-atual\/quem-somos\/","title":{"rendered":"Quem Somos"},"content":{"rendered":"\t\t<div data-elementor-type=\"wp-page\" data-elementor-id=\"1436\" class=\"elementor elementor-1436\" data-elementor-post-type=\"page\">\n\t\t\t\t\t\t\t\t\t<section class=\"elementor-section elementor-top-section elementor-element elementor-element-ae85f1a elementor-section-boxed elementor-section-height-default elementor-section-height-default\" data-id=\"ae85f1a\" data-element_type=\"section\">\n\t\t\t\t\t\t<div class=\"elementor-container elementor-column-gap-default\">\n\t\t\t\t\t<div class=\"elementor-column elementor-col-50 elementor-top-column elementor-element elementor-element-7f82462\" data-id=\"7f82462\" data-element_type=\"column\">\n\t\t\t<div class=\"elementor-widget-wrap elementor-element-populated\">\n\t\t\t\t\t\t\t\t<div class=\"elementor-element elementor-element-cd8c854 elementor-widget elementor-widget-image\" data-id=\"cd8c854\" data-element_type=\"widget\" data-widget_type=\"image.default\">\n\t\t\t\t<div class=\"elementor-widget-container\">\n\t\t\t<style>\/*! elementor - v3.18.0 - 08-12-2023 *\/\n.elementor-widget-image{text-align:center}.elementor-widget-image a{display:inline-block}.elementor-widget-image a img[src$=\".svg\"]{width:48px}.elementor-widget-image img{vertical-align:middle;display:inline-block}<\/style>\t\t\t\t\t\t\t\t\t\t\t\t<img fetchpriority=\"high\" decoding=\"async\" width=\"401\" height=\"637\" src=\"https:\/\/pulzohost.com.br\/clientes\/worldtravel-atual\/wp-content\/uploads\/2024\/02\/logo-travel.png\" class=\"attachment-large size-large wp-image-3123\" alt=\"\" srcset=\"https:\/\/pulzohost.com.br\/clientes\/worldtravel-atual\/wp-content\/uploads\/2024\/02\/logo-travel.png 401w, https:\/\/pulzohost.com.br\/clientes\/worldtravel-atual\/wp-content\/uploads\/2024\/02\/logo-travel-189x300.png 189w\" sizes=\"(max-width: 401px) 100vw, 401px\" \/>\t\t\t\t\t\t\t\t\t\t\t\t\t\t\t<\/div>\n\t\t\t\t<\/div>\n\t\t\t\t\t<\/div>\n\t\t<\/div>\n\t\t\t\t<div class=\"elementor-column elementor-col-50 elementor-top-column elementor-element elementor-element-a7d534f\" data-id=\"a7d534f\" data-element_type=\"column\">\n\t\t\t<div class=\"elementor-widget-wrap elementor-element-populated\">\n\t\t\t\t\t\t\t\t<div class=\"elementor-element elementor-element-46cb42c elementor-widget elementor-widget-heading\" data-id=\"46cb42c\" data-element_type=\"widget\" data-widget_type=\"heading.default\">\n\t\t\t\t<div class=\"elementor-widget-container\">\n\t\t\t<style>\/*! elementor - v3.18.0 - 08-12-2023 *\/\n.elementor-heading-title{padding:0;margin:0;line-height:1}.elementor-widget-heading .elementor-heading-title[class*=elementor-size-]>a{color:inherit;font-size:inherit;line-height:inherit}.elementor-widget-heading .elementor-heading-title.elementor-size-small{font-size:15px}.elementor-widget-heading .elementor-heading-title.elementor-size-medium{font-size:19px}.elementor-widget-heading .elementor-heading-title.elementor-size-large{font-size:29px}.elementor-widget-heading .elementor-heading-title.elementor-size-xl{font-size:39px}.elementor-widget-heading .elementor-heading-title.elementor-size-xxl{font-size:59px}<\/style><h2 class=\"elementor-heading-title elementor-size-default\">Nossas conex\u00f5es s\u00e3o al\u00e9m das fronteiras<\/h2>\t\t<\/div>\n\t\t\t\t<\/div>\n\t\t\t\t<div class=\"elementor-element elementor-element-8b624eb elementor-widget elementor-widget-text-editor\" data-id=\"8b624eb\" data-element_type=\"widget\" data-widget_type=\"text-editor.default\">\n\t\t\t\t<div class=\"elementor-widget-container\">\n\t\t\t<style>\/*! elementor - v3.18.0 - 08-12-2023 *\/\n.elementor-widget-text-editor.elementor-drop-cap-view-stacked .elementor-drop-cap{background-color:#69727d;color:#fff}.elementor-widget-text-editor.elementor-drop-cap-view-framed .elementor-drop-cap{color:#69727d;border:3px solid;background-color:transparent}.elementor-widget-text-editor:not(.elementor-drop-cap-view-default) .elementor-drop-cap{margin-top:8px}.elementor-widget-text-editor:not(.elementor-drop-cap-view-default) .elementor-drop-cap-letter{width:1em;height:1em}.elementor-widget-text-editor .elementor-drop-cap{float:left;text-align:center;line-height:1;font-size:50px}.elementor-widget-text-editor .elementor-drop-cap-letter{display:inline-block}<\/style>\t\t\t\t<h5><span style=\"color: #0d0d0d;font-family: S\u00f6hne, ui-sans-serif, system-ui, -apple-system, 'Segoe UI', Roboto, Ubuntu, Cantarell, 'Noto Sans', sans-serif, 'Helvetica Neue', Arial, 'Apple Color Emoji', 'Segoe UI Emoji', 'Segoe UI Symbol', 'Noto Color Emoji';font-weight: var( --e-global-typography-text-font-weight );font-size: 1rem\">Com mais de 30 anos de experi\u00eancia no mercado, iniciamos nossa jornada com um prop\u00f3sito claro: oferecer viagens enriquecedoras e eventos inspiradores, para o nosso p\u00fablico de forma diferente e personalizada. <\/span><span style=\"color: #0d0d0d;font-family: S\u00f6hne, ui-sans-serif, system-ui, -apple-system, 'Segoe UI', Roboto, Ubuntu, Cantarell, 'Noto Sans', sans-serif, 'Helvetica Neue', Arial, 'Apple Color Emoji', 'Segoe UI Emoji', 'Segoe UI Symbol', 'Noto Color Emoji';font-weight: var( --e-global-typography-text-font-weight );font-size: 1rem\">Nossa miss\u00e3o \u00e9 alimentada pela f\u00e9, dedica\u00e7\u00e3o e comprometimento em tratar cada cliente como se fosse \u00fanico, valorizando seus sonhos como se fossem nossos pr\u00f3prios sonhos.<\/span><\/h5>\n<p><span style=\"color: #0d0d0d;font-family: S\u00f6hne, ui-sans-serif, system-ui, -apple-system, 'Segoe UI', Roboto, Ubuntu, Cantarell, 'Noto Sans', sans-serif, 'Helvetica Neue', Arial, 'Apple Color Emoji', 'Segoe UI Emoji', 'Segoe UI Symbol', 'Noto Color Emoji'\">Somos comprometidos em transformar desejos em realidade, proporcionando experi\u00eancias de viagem e eventos que deixam uma marca duradoura na vida de cada cliente, seja para uma viagem de f\u00e9 emocionante ou em um evento inspirador, acreditamos que n\u00e3o h\u00e1 nada melhor que <\/span><span style=\"color: #0d0d0d;font-family: S\u00f6hne, ui-sans-serif, system-ui, -apple-system, Segoe UI, Roboto, Ubuntu, Cantarell, Noto Sans, sans-serif, Helvetica Neue, Arial, Apple Color Emoji, Segoe UI Emoji, Segoe UI Symbol, Noto Color Emoji\"><span>conectar pessoas aos seus prop\u00f3sitos e sonhos, por isso nos transformamos em mais que uma operadora de viagens\/eventos e turismo, somos a ponte entre o que voc\u00ea quer ser e precisa realizar.<\/span><\/span><\/p>\t\t\t\t\t\t<\/div>\n\t\t\t\t<\/div>\n\t\t\t\t\t<\/div>\n\t\t<\/div>\n\t\t\t\t\t\t\t<\/div>\n\t\t<\/section>\n\t\t\t\t<section class=\"elementor-section elementor-top-section elementor-element elementor-element-c7a1a5a elementor-section-boxed elementor-section-height-default elementor-section-height-default\" data-id=\"c7a1a5a\" data-element_type=\"section\" data-settings=\"{&quot;background_background&quot;:&quot;classic&quot;}\">\n\t\t\t\t\t\t<div class=\"elementor-container elementor-column-gap-default\">\n\t\t\t\t\t<div class=\"elementor-column elementor-col-33 elementor-top-column elementor-element elementor-element-fc8f6ed\" data-id=\"fc8f6ed\" data-element_type=\"column\">\n\t\t\t<div class=\"elementor-widget-wrap elementor-element-populated\">\n\t\t\t\t\t\t\t\t<div class=\"elementor-element elementor-element-1dcf957 elementor-widget__width-initial elementor-widget elementor-widget-image\" data-id=\"1dcf957\" data-element_type=\"widget\" data-widget_type=\"image.default\">\n\t\t\t\t<div class=\"elementor-widget-container\">\n\t\t\t\t\t\t\t\t\t\t\t\t\t\t\t<img decoding=\"async\" width=\"1014\" height=\"960\" src=\"https:\/\/pulzohost.com.br\/clientes\/worldtravel-atual\/wp-content\/uploads\/2024\/04\/11111111111111111111111111-e1712098587868.jpg\" class=\"attachment-full size-full wp-image-3424\" alt=\"\" srcset=\"https:\/\/pulzohost.com.br\/clientes\/worldtravel-atual\/wp-content\/uploads\/2024\/04\/11111111111111111111111111-e1712098587868.jpg 1014w, https:\/\/pulzohost.com.br\/clientes\/worldtravel-atual\/wp-content\/uploads\/2024\/04\/11111111111111111111111111-e1712098587868-300x284.jpg 300w, https:\/\/pulzohost.com.br\/clientes\/worldtravel-atual\/wp-content\/uploads\/2024\/04\/11111111111111111111111111-e1712098587868-768x727.jpg 768w, https:\/\/pulzohost.com.br\/clientes\/worldtravel-atual\/wp-content\/uploads\/2024\/04\/11111111111111111111111111-e1712098587868-600x568.jpg 600w\" sizes=\"(max-width: 1014px) 100vw, 1014px\" \/>\t\t\t\t\t\t\t\t\t\t\t\t\t\t\t<\/div>\n\t\t\t\t<\/div>\n\t\t\t\t<div class=\"elementor-element elementor-element-49e7ecd elementor-widget elementor-widget-heading\" data-id=\"49e7ecd\" data-element_type=\"widget\" data-widget_type=\"heading.default\">\n\t\t\t\t<div class=\"elementor-widget-container\">\n\t\t\t<h5 class=\"elementor-heading-title elementor-size-default\">Nosso dna<\/h5>\t\t<\/div>\n\t\t\t\t<\/div>\n\t\t\t\t<div class=\"elementor-element elementor-element-1c29af4 elementor-widget elementor-widget-text-editor\" data-id=\"1c29af4\" data-element_type=\"widget\" data-widget_type=\"text-editor.default\">\n\t\t\t\t<div class=\"elementor-widget-container\">\n\t\t\t\t\t\t\t<p>Carregamos cora\u00e7\u00f5es entusiastas, onde a for\u00e7a e<span style=\"font-family: var( --e-global-typography-text-font-family ), Sans-serif;font-weight: var( --e-global-typography-text-font-weight );background-color: var( --e-global-color-21587ec );font-size: 1rem\">\u00a0a vontade de fazer acontecer nos move diariamente. Somos daqueles que n\u00e3o medimos esfor\u00e7os para tornar sonhos realidade.<\/span><\/p>\t\t\t\t\t\t<\/div>\n\t\t\t\t<\/div>\n\t\t\t\t\t<\/div>\n\t\t<\/div>\n\t\t\t\t<div class=\"elementor-column elementor-col-33 elementor-top-column elementor-element elementor-element-3bb7dd4\" data-id=\"3bb7dd4\" data-element_type=\"column\">\n\t\t\t<div class=\"elementor-widget-wrap elementor-element-populated\">\n\t\t\t\t\t\t\t\t<div class=\"elementor-element elementor-element-0adb1c5 elementor-widget__width-initial elementor-widget elementor-widget-image\" data-id=\"0adb1c5\" data-element_type=\"widget\" data-widget_type=\"image.default\">\n\t\t\t\t<div class=\"elementor-widget-container\">\n\t\t\t\t\t\t\t\t\t\t\t\t\t\t\t<img decoding=\"async\" width=\"1920\" height=\"1920\" src=\"https:\/\/pulzohost.com.br\/clientes\/worldtravel-atual\/wp-content\/uploads\/2024\/04\/pilares.jpg\" class=\"attachment-full size-full wp-image-3416\" alt=\"\" srcset=\"https:\/\/pulzohost.com.br\/clientes\/worldtravel-atual\/wp-content\/uploads\/2024\/04\/pilares.jpg 1920w, https:\/\/pulzohost.com.br\/clientes\/worldtravel-atual\/wp-content\/uploads\/2024\/04\/pilares-300x300.jpg 300w, https:\/\/pulzohost.com.br\/clientes\/worldtravel-atual\/wp-content\/uploads\/2024\/04\/pilares-1024x1024.jpg 1024w, https:\/\/pulzohost.com.br\/clientes\/worldtravel-atual\/wp-content\/uploads\/2024\/04\/pilares-150x150.jpg 150w, https:\/\/pulzohost.com.br\/clientes\/worldtravel-atual\/wp-content\/uploads\/2024\/04\/pilares-768x768.jpg 768w, https:\/\/pulzohost.com.br\/clientes\/worldtravel-atual\/wp-content\/uploads\/2024\/04\/pilares-1536x1536.jpg 1536w, https:\/\/pulzohost.com.br\/clientes\/worldtravel-atual\/wp-content\/uploads\/2024\/04\/pilares-600x600.jpg 600w, https:\/\/pulzohost.com.br\/clientes\/worldtravel-atual\/wp-content\/uploads\/2024\/04\/pilares-100x100.jpg 100w\" sizes=\"(max-width: 1920px) 100vw, 1920px\" \/>\t\t\t\t\t\t\t\t\t\t\t\t\t\t\t<\/div>\n\t\t\t\t<\/div>\n\t\t\t\t<div class=\"elementor-element elementor-element-58eb69e elementor-widget elementor-widget-heading\" data-id=\"58eb69e\" data-element_type=\"widget\" data-widget_type=\"heading.default\">\n\t\t\t\t<div class=\"elementor-widget-container\">\n\t\t\t<h5 class=\"elementor-heading-title elementor-size-default\">Nossos pilares<\/h5>\t\t<\/div>\n\t\t\t\t<\/div>\n\t\t\t\t<div class=\"elementor-element elementor-element-a073312 elementor-widget elementor-widget-text-editor\" data-id=\"a073312\" data-element_type=\"widget\" data-widget_type=\"text-editor.default\">\n\t\t\t\t<div class=\"elementor-widget-container\">\n\t\t\t\t\t\t\t<p>Somos acolhedores, comprometidos, emp\u00e1ticos e altamente respons\u00e1veis.\u00a0 Discrimina\u00e7\u00e3o ou qualquer ato antissocial \u00e9 inegoci\u00e1vel para n\u00f3s. N\u00e3o toleramos desrespeito.<\/p>\t\t\t\t\t\t<\/div>\n\t\t\t\t<\/div>\n\t\t\t\t\t<\/div>\n\t\t<\/div>\n\t\t\t\t<div class=\"elementor-column elementor-col-33 elementor-top-column elementor-element elementor-element-8e34651\" data-id=\"8e34651\" data-element_type=\"column\">\n\t\t\t<div class=\"elementor-widget-wrap elementor-element-populated\">\n\t\t\t\t\t\t\t\t<div class=\"elementor-element elementor-element-b8b7bd1 elementor-widget__width-initial elementor-widget elementor-widget-image\" data-id=\"b8b7bd1\" data-element_type=\"widget\" data-widget_type=\"image.default\">\n\t\t\t\t<div class=\"elementor-widget-container\">\n\t\t\t\t\t\t\t\t\t\t\t\t\t\t\t<img loading=\"lazy\" decoding=\"async\" width=\"200\" height=\"200\" src=\"https:\/\/pulzohost.com.br\/clientes\/worldtravel-atual\/wp-content\/uploads\/2024\/04\/valores-3.jpg\" class=\"attachment-full size-full wp-image-3423\" alt=\"\" srcset=\"https:\/\/pulzohost.com.br\/clientes\/worldtravel-atual\/wp-content\/uploads\/2024\/04\/valores-3.jpg 200w, https:\/\/pulzohost.com.br\/clientes\/worldtravel-atual\/wp-content\/uploads\/2024\/04\/valores-3-150x150.jpg 150w, https:\/\/pulzohost.com.br\/clientes\/worldtravel-atual\/wp-content\/uploads\/2024\/04\/valores-3-100x100.jpg 100w\" sizes=\"(max-width: 200px) 100vw, 200px\" \/>\t\t\t\t\t\t\t\t\t\t\t\t\t\t\t<\/div>\n\t\t\t\t<\/div>\n\t\t\t\t<div class=\"elementor-element elementor-element-c4684e6 elementor-widget elementor-widget-heading\" data-id=\"c4684e6\" data-element_type=\"widget\" data-widget_type=\"heading.default\">\n\t\t\t\t<div class=\"elementor-widget-container\">\n\t\t\t<h5 class=\"elementor-heading-title elementor-size-default\">Nossos valores<\/h5>\t\t<\/div>\n\t\t\t\t<\/div>\n\t\t\t\t<div class=\"elementor-element elementor-element-e4176ca elementor-widget elementor-widget-text-editor\" data-id=\"e4176ca\" data-element_type=\"widget\" data-widget_type=\"text-editor.default\">\n\t\t\t\t<div class=\"elementor-widget-container\">\n\t\t\t\t\t\t\t<p>Temos a f\u00e9 como diretriz, fazemos e acreditamos em todo o processo que oferecemos de forma clara e integra, para n\u00f3s proporcionar seguran\u00e7a de nossos servi\u00e7os e qualidade em nossas entregas \u00e9 primordial.<\/p>\t\t\t\t\t\t<\/div>\n\t\t\t\t<\/div>\n\t\t\t\t\t<\/div>\n\t\t<\/div>\n\t\t\t\t\t\t\t<\/div>\n\t\t<\/section>\n\t\t\t\t<section class=\"elementor-section elementor-top-section elementor-element elementor-element-b494213 elementor-section-height-min-height elementor-hidden-tablet elementor-hidden-mobile elementor-section-boxed elementor-section-height-default elementor-section-items-middle\" data-id=\"b494213\" data-element_type=\"section\" data-settings=\"{&quot;background_background&quot;:&quot;classic&quot;}\">\n\t\t\t\t\t\t<div class=\"elementor-container elementor-column-gap-default\">\n\t\t\t\t\t<div class=\"elementor-column elementor-col-100 elementor-top-column elementor-element elementor-element-543e905\" data-id=\"543e905\" data-element_type=\"column\">\n\t\t\t<div class=\"elementor-widget-wrap\">\n\t\t\t\t\t\t\t\t\t<\/div>\n\t\t<\/div>\n\t\t\t\t\t\t\t<\/div>\n\t\t<\/section>\n\t\t\t\t\t\t\t<\/div>\n\t\t","protected":false},"excerpt":{"rendered":"<p>Nossas conex\u00f5es s\u00e3o al\u00e9m das fronteiras Com mais de 30 anos de experi\u00eancia no mercado, iniciamos nossa jornada com um prop\u00f3sito claro: oferecer viagens enriquecedoras e eventos inspiradores, para o nosso p\u00fablico de forma diferente e personalizada. Nossa miss\u00e3o \u00e9 alimentada pela f\u00e9, dedica\u00e7\u00e3o e comprometimento em tratar cada cliente como se fosse \u00fanico, valorizando [&hellip;]<\/p>\n","protected":false},"author":1,"featured_media":0,"parent":0,"menu_order":0,"comment_status":"closed","ping_status":"closed","template":"","meta":{"footnotes":""},"class_list":["post-1436","page","type-page","status-publish","hentry"],"_links":{"self":[{"href":"https:\/\/pulzohost.com.br\/clientes\/worldtravel-atual\/wp-json\/wp\/v2\/pages\/1436","targetHints":{"allow":["GET"]}}],"collection":[{"href":"https:\/\/pulzohost.com.br\/clientes\/worldtravel-atual\/wp-json\/wp\/v2\/pages"}],"about":[{"href":"https:\/\/pulzohost.com.br\/clientes\/worldtravel-atual\/wp-json\/wp\/v2\/types\/page"}],"author":[{"embeddable":true,"href":"https:\/\/pulzohost.com.br\/clientes\/worldtravel-atual\/wp-json\/wp\/v2\/users\/1"}],"replies":[{"embeddable":true,"href":"https:\/\/pulzohost.com.br\/clientes\/worldtravel-atual\/wp-json\/wp\/v2\/comments?post=1436"}],"version-history":[{"count":55,"href":"https:\/\/pulzohost.com.br\/clientes\/worldtravel-atual\/wp-json\/wp\/v2\/pages\/1436\/revisions"}],"predecessor-version":[{"id":3996,"href":"https:\/\/pulzohost.com.br\/clientes\/worldtravel-atual\/wp-json\/wp\/v2\/pages\/1436\/revisions\/3996"}],"wp:attachment":[{"href":"https:\/\/pulzohost.com.br\/clientes\/worldtravel-atual\/wp-json\/wp\/v2\/media?parent=1436"}],"curies":[{"name":"wp","href":"https:\/\/api.w.org\/{rel}","templated":true}]}}