{"id":244,"date":"2022-10-04T01:08:13","date_gmt":"2022-10-04T01:08:13","guid":{"rendered":"https:\/\/pulzohost.com.br\/clientes\/vivartte\/?page_id=244"},"modified":"2022-10-30T20:47:50","modified_gmt":"2022-10-30T20:47:50","slug":"quem-somos","status":"publish","type":"page","link":"https:\/\/pulzohost.com.br\/clientes\/vivartte\/quem-somos\/","title":{"rendered":"Quem Somos"},"content":{"rendered":"\t\t<div data-elementor-type=\"wp-page\" data-elementor-id=\"244\" class=\"elementor elementor-244\">\n\t\t\t\t\t\t\t\t\t<section class=\"elementor-section elementor-top-section elementor-element elementor-element-dab958a elementor-section-boxed elementor-section-height-default elementor-section-height-default\" data-id=\"dab958a\" data-element_type=\"section\" data-settings=\"{&quot;background_background&quot;:&quot;classic&quot;}\">\n\t\t\t\t\t\t<div class=\"elementor-container elementor-column-gap-default\">\n\t\t\t\t\t<div class=\"elementor-column elementor-col-100 elementor-top-column elementor-element elementor-element-8b393f8\" data-id=\"8b393f8\" data-element_type=\"column\">\n\t\t\t<div class=\"elementor-widget-wrap elementor-element-populated\">\n\t\t\t\t\t\t\t\t<div class=\"elementor-element elementor-element-e8937e9 elementor-widget elementor-widget-heading\" data-id=\"e8937e9\" data-element_type=\"widget\" data-widget_type=\"heading.default\">\n\t\t\t\t<div class=\"elementor-widget-container\">\n\t\t\t<style>\/*! elementor - v3.7.8 - 02-10-2022 *\/\n.elementor-heading-title{padding:0;margin:0;line-height:1}.elementor-widget-heading .elementor-heading-title[class*=elementor-size-]>a{color:inherit;font-size:inherit;line-height:inherit}.elementor-widget-heading .elementor-heading-title.elementor-size-small{font-size:15px}.elementor-widget-heading .elementor-heading-title.elementor-size-medium{font-size:19px}.elementor-widget-heading .elementor-heading-title.elementor-size-large{font-size:29px}.elementor-widget-heading .elementor-heading-title.elementor-size-xl{font-size:39px}.elementor-widget-heading .elementor-heading-title.elementor-size-xxl{font-size:59px}<\/style><h1 class=\"elementor-heading-title elementor-size-default\">Quem Somos<\/h1>\t\t<\/div>\n\t\t\t\t<\/div>\n\t\t\t\t<div class=\"elementor-element elementor-element-aff7a49 elementor-widget elementor-widget-text-editor\" data-id=\"aff7a49\" data-element_type=\"widget\" data-widget_type=\"text-editor.default\">\n\t\t\t\t<div class=\"elementor-widget-container\">\n\t\t\t<style>\/*! elementor - v3.7.8 - 02-10-2022 *\/\n.elementor-widget-text-editor.elementor-drop-cap-view-stacked .elementor-drop-cap{background-color:#818a91;color:#fff}.elementor-widget-text-editor.elementor-drop-cap-view-framed .elementor-drop-cap{color:#818a91;border:3px solid;background-color:transparent}.elementor-widget-text-editor:not(.elementor-drop-cap-view-default) .elementor-drop-cap{margin-top:8px}.elementor-widget-text-editor:not(.elementor-drop-cap-view-default) .elementor-drop-cap-letter{width:1em;height:1em}.elementor-widget-text-editor .elementor-drop-cap{float:left;text-align:center;line-height:1;font-size:50px}.elementor-widget-text-editor .elementor-drop-cap-letter{display:inline-block}<\/style>\t\t\t\t<p>O bom projeto transforma qualquer ambiente e a vida em algo muito melhor.<\/p>\t\t\t\t\t\t<\/div>\n\t\t\t\t<\/div>\n\t\t\t\t<div class=\"elementor-element elementor-element-12bd5c4 elementor-widget-divider--view-line elementor-widget elementor-widget-divider\" data-id=\"12bd5c4\" data-element_type=\"widget\" data-widget_type=\"divider.default\">\n\t\t\t\t<div class=\"elementor-widget-container\">\n\t\t\t<style>\/*! elementor - v3.7.8 - 02-10-2022 *\/\n.elementor-widget-divider{--divider-border-style:none;--divider-border-width:1px;--divider-color:#2c2c2c;--divider-icon-size:20px;--divider-element-spacing:10px;--divider-pattern-height:24px;--divider-pattern-size:20px;--divider-pattern-url:none;--divider-pattern-repeat:repeat-x}.elementor-widget-divider .elementor-divider{display:-webkit-box;display:-ms-flexbox;display:flex}.elementor-widget-divider .elementor-divider__text{font-size:15px;line-height:1;max-width:95%}.elementor-widget-divider .elementor-divider__element{margin:0 var(--divider-element-spacing);-ms-flex-negative:0;flex-shrink:0}.elementor-widget-divider .elementor-icon{font-size:var(--divider-icon-size)}.elementor-widget-divider .elementor-divider-separator{display:-webkit-box;display:-ms-flexbox;display:flex;margin:0;direction:ltr}.elementor-widget-divider--view-line_icon .elementor-divider-separator,.elementor-widget-divider--view-line_text .elementor-divider-separator{-webkit-box-align:center;-ms-flex-align:center;align-items:center}.elementor-widget-divider--view-line_icon .elementor-divider-separator:after,.elementor-widget-divider--view-line_icon .elementor-divider-separator:before,.elementor-widget-divider--view-line_text .elementor-divider-separator:after,.elementor-widget-divider--view-line_text .elementor-divider-separator:before{display:block;content:\"\";border-bottom:0;-webkit-box-flex:1;-ms-flex-positive:1;flex-grow:1;border-top:var(--divider-border-width) var(--divider-border-style) var(--divider-color)}.elementor-widget-divider--element-align-left .elementor-divider .elementor-divider-separator>.elementor-divider__svg:first-of-type{-webkit-box-flex:0;-ms-flex-positive:0;flex-grow:0;-ms-flex-negative:100;flex-shrink:100}.elementor-widget-divider--element-align-left .elementor-divider-separator:before{content:none}.elementor-widget-divider--element-align-left .elementor-divider__element{margin-left:0}.elementor-widget-divider--element-align-right .elementor-divider .elementor-divider-separator>.elementor-divider__svg:last-of-type{-webkit-box-flex:0;-ms-flex-positive:0;flex-grow:0;-ms-flex-negative:100;flex-shrink:100}.elementor-widget-divider--element-align-right .elementor-divider-separator:after{content:none}.elementor-widget-divider--element-align-right .elementor-divider__element{margin-right:0}.elementor-widget-divider:not(.elementor-widget-divider--view-line_text):not(.elementor-widget-divider--view-line_icon) .elementor-divider-separator{border-top:var(--divider-border-width) var(--divider-border-style) var(--divider-color)}.elementor-widget-divider--separator-type-pattern{--divider-border-style:none}.elementor-widget-divider--separator-type-pattern.elementor-widget-divider--view-line .elementor-divider-separator,.elementor-widget-divider--separator-type-pattern:not(.elementor-widget-divider--view-line) .elementor-divider-separator:after,.elementor-widget-divider--separator-type-pattern:not(.elementor-widget-divider--view-line) .elementor-divider-separator:before,.elementor-widget-divider--separator-type-pattern:not([class*=elementor-widget-divider--view]) .elementor-divider-separator{width:100%;min-height:var(--divider-pattern-height);-webkit-mask-size:var(--divider-pattern-size) 100%;mask-size:var(--divider-pattern-size) 100%;-webkit-mask-repeat:var(--divider-pattern-repeat);mask-repeat:var(--divider-pattern-repeat);background-color:var(--divider-color);-webkit-mask-image:var(--divider-pattern-url);mask-image:var(--divider-pattern-url)}.elementor-widget-divider--no-spacing{--divider-pattern-size:auto}.elementor-widget-divider--bg-round{--divider-pattern-repeat:round}.rtl .elementor-widget-divider .elementor-divider__text{direction:rtl}.e-container>.elementor-widget-divider{width:var(--container-widget-width,100%);--flex-grow:var(--container-widget-flex-grow,0)}<\/style>\t\t<div class=\"elementor-divider\">\n\t\t\t<span class=\"elementor-divider-separator\">\n\t\t\t\t\t\t<\/span>\n\t\t<\/div>\n\t\t\t\t<\/div>\n\t\t\t\t<\/div>\n\t\t\t\t\t<\/div>\n\t\t<\/div>\n\t\t\t\t\t\t\t<\/div>\n\t\t<\/section>\n\t\t\t\t<section class=\"elementor-section elementor-top-section elementor-element elementor-element-d95b216 elementor-section-boxed elementor-section-height-default elementor-section-height-default\" data-id=\"d95b216\" data-element_type=\"section\">\n\t\t\t\t\t\t<div class=\"elementor-container elementor-column-gap-default\">\n\t\t\t\t\t<div class=\"elementor-column elementor-col-50 elementor-top-column elementor-element elementor-element-99a9417\" data-id=\"99a9417\" data-element_type=\"column\">\n\t\t\t<div class=\"elementor-widget-wrap elementor-element-populated\">\n\t\t\t\t\t\t\t\t<div class=\"elementor-element elementor-element-246287c elementor-widget elementor-widget-text-editor\" data-id=\"246287c\" data-element_type=\"widget\" data-widget_type=\"text-editor.default\">\n\t\t\t\t<div class=\"elementor-widget-container\">\n\t\t\t\t\t\t\t<p><b>VIVARTTE. Mais que uma ag\u00eancia imobili\u00e1ria, uma vis\u00e3o diferente do morar.<\/b><\/p>\n<p>Foi agora, neste ano de 2022, que decidimos criar uma ag\u00eancia especializada em im\u00f3veis. Nascemos por entender que a busca por uma casa, um apartamento, um terreno para construir a casa dos sonhos, ou at\u00e9 mesmo aquele s\u00edtio com piscina e pomar, precisa ser uma experi\u00eancia prazerosa e encantadora, afinal,<br>mais do que im\u00f3veis, participamos de projetos de vida, emo\u00e7\u00f5es e toda uma arte deviver.<br><br><\/p>\n<p><b>Ouvir. Entender. Atender.<\/b><\/p>\n<p>Para n\u00f3s, cada im\u00f3vel \u00e9 um projeto de vida. Onde procuramos conhecer perfeitamente&nbsp;<span style=\"font-size: 1rem;\">os nossos clientes, as suas motiva\u00e7\u00f5es profundas, o seu modo de vida e os seus&nbsp;<\/span><span style=\"font-size: 1rem;\">desejos. Ter im\u00f3veis bonitos em nosso portf\u00f3lio n\u00e3o basta, precisamos entender qual \u00e9&nbsp;<\/span><span style=\"font-size: 1rem;\">o ideal para voc\u00ea.<\/span><\/p>\t\t\t\t\t\t<\/div>\n\t\t\t\t<\/div>\n\t\t\t\t\t<\/div>\n\t\t<\/div>\n\t\t\t\t<div class=\"elementor-column elementor-col-50 elementor-top-column elementor-element elementor-element-a8df2db\" data-id=\"a8df2db\" data-element_type=\"column\">\n\t\t\t<div class=\"elementor-widget-wrap elementor-element-populated\">\n\t\t\t\t\t\t\t\t<div class=\"elementor-element elementor-element-861ecc3 elementor-widget elementor-widget-image\" data-id=\"861ecc3\" data-element_type=\"widget\" data-widget_type=\"image.default\">\n\t\t\t\t<div class=\"elementor-widget-container\">\n\t\t\t<style>\/*! elementor - v3.7.8 - 02-10-2022 *\/\n.elementor-widget-image{text-align:center}.elementor-widget-image a{display:inline-block}.elementor-widget-image a img[src$=\".svg\"]{width:48px}.elementor-widget-image img{vertical-align:middle;display:inline-block}<\/style>\t\t\t\t\t\t\t\t\t\t\t\t<img loading=\"lazy\" decoding=\"async\" width=\"600\" height=\"600\" src=\"https:\/\/pulzohost.com.br\/clientes\/vivartte\/wp-content\/uploads\/2022\/10\/quem-somos.jpg\" class=\"attachment-large size-large\" alt=\"\" srcset=\"https:\/\/pulzohost.com.br\/clientes\/vivartte\/wp-content\/uploads\/2022\/10\/quem-somos.jpg 600w, https:\/\/pulzohost.com.br\/clientes\/vivartte\/wp-content\/uploads\/2022\/10\/quem-somos-300x300.jpg 300w, https:\/\/pulzohost.com.br\/clientes\/vivartte\/wp-content\/uploads\/2022\/10\/quem-somos-150x150.jpg 150w\" sizes=\"auto, (max-width: 600px) 100vw, 600px\" \/>\t\t\t\t\t\t\t\t\t\t\t\t\t\t\t<\/div>\n\t\t\t\t<\/div>\n\t\t\t\t\t<\/div>\n\t\t<\/div>\n\t\t\t\t\t\t\t<\/div>\n\t\t<\/section>\n\t\t\t\t<section class=\"elementor-section elementor-top-section elementor-element elementor-element-9496d95 elementor-section-boxed elementor-section-height-default elementor-section-height-default\" data-id=\"9496d95\" data-element_type=\"section\">\n\t\t\t\t\t\t<div class=\"elementor-container elementor-column-gap-default\">\n\t\t\t\t\t<div class=\"elementor-column elementor-col-50 elementor-top-column elementor-element elementor-element-71297a2\" data-id=\"71297a2\" data-element_type=\"column\">\n\t\t\t<div class=\"elementor-widget-wrap elementor-element-populated\">\n\t\t\t\t\t\t\t\t<div class=\"elementor-element elementor-element-0a8fd5d elementor-widget elementor-widget-text-editor\" data-id=\"0a8fd5d\" data-element_type=\"widget\" data-widget_type=\"text-editor.default\">\n\t\t\t\t<div class=\"elementor-widget-container\">\n\t\t\t\t\t\t\t<p><b>Olhar apurado.<br \/><br \/><\/b>Como voc\u00ea quer que seja o processo de busca pelo im\u00f3vel ideal? Sabemos que cedo ou tarde, \u00e0s vezes bem mais tarde, voc\u00ea vai encontrar o im\u00f3vel ideal. Por isso, nossos corretores analisam, estudam e visitam os im\u00f3veis antes de apresent\u00e1-los a voc\u00ea. Tudo para que tenha uma experi\u00eancia leve e assertiva.<br \/><br \/><b>Im\u00f3veis que v\u00e3o al\u00e9m.<br \/><br \/><\/b>A apresenta\u00e7\u00e3o dos nossos im\u00f3veis passa pela emo\u00e7\u00e3o, hist\u00f3ria e inspira\u00e7\u00e3o. Cada propriedade tem uma hist\u00f3ria \u00fanica para contar, uma \u00e1rea especial e um cantinho que<br \/>nos faz suspirar. Seja uma mans\u00e3o ou uma simples casa, enxergamos al\u00e9m da metragem, n\u00famero de quartos e banheiros. A beleza e potencial de cada im\u00f3vel tem<br \/>papel fundamental em nossas escolhas.<\/p>\t\t\t\t\t\t<\/div>\n\t\t\t\t<\/div>\n\t\t\t\t\t<\/div>\n\t\t<\/div>\n\t\t\t\t<div class=\"elementor-column elementor-col-50 elementor-top-column elementor-element elementor-element-c7fa377\" data-id=\"c7fa377\" data-element_type=\"column\">\n\t\t\t<div class=\"elementor-widget-wrap elementor-element-populated\">\n\t\t\t\t\t\t\t\t<div class=\"elementor-element elementor-element-1c9ac8d elementor-widget elementor-widget-text-editor\" data-id=\"1c9ac8d\" data-element_type=\"widget\" data-widget_type=\"text-editor.default\">\n\t\t\t\t<div class=\"elementor-widget-container\">\n\t\t\t\t\t\t\t<p><b>Seguimos pelo certo.<br \/><br \/><\/b>Cumprimos as regras do mercado, seguimos todas as leis e recolhemos todos os impostos. N\u00e3o abrimos espa\u00e7o para o jeitinho e n\u00e3o conduzimos neg\u00f3cios informalmente. Assim que aprendemos, assim que fazemos.<br \/><br \/><b>Do Oiapoque ao Chu\u00ed.<br \/><br \/><\/b>Brincamos com essa express\u00e3o para mencionar toda a nossa experi\u00eancia e abrang\u00eancia dentro do mercado imobili\u00e1rio. Em nossa equipe, al\u00e9m de corretores, h\u00e1 arquitetos, engenheiros, publicit\u00e1rios, administradores, advogados e entusiastas. Gostou de um im\u00f3vel, mas precisa adequar a planta ou reformar um ambiente, nossa equipe est\u00e1 preparada para lhe auxiliar neste e em diversos outros temas. Vamos de A a Z, do Oiapoque ao Chu\u00ed.<\/p>\t\t\t\t\t\t<\/div>\n\t\t\t\t<\/div>\n\t\t\t\t\t<\/div>\n\t\t<\/div>\n\t\t\t\t\t\t\t<\/div>\n\t\t<\/section>\n\t\t\t\t<section class=\"elementor-section elementor-top-section elementor-element elementor-element-2d28793 elementor-section-boxed elementor-section-height-default elementor-section-height-default\" data-id=\"2d28793\" data-element_type=\"section\" data-settings=\"{&quot;background_background&quot;:&quot;classic&quot;}\">\n\t\t\t\t\t\t<div class=\"elementor-container elementor-column-gap-default\">\n\t\t\t\t\t<div class=\"elementor-column elementor-col-50 elementor-top-column elementor-element elementor-element-255801c7\" data-id=\"255801c7\" data-element_type=\"column\">\n\t\t\t<div class=\"elementor-widget-wrap elementor-element-populated\">\n\t\t\t\t\t\t\t\t<div class=\"elementor-element elementor-element-cc77dd0 elementor-widget elementor-widget-heading\" data-id=\"cc77dd0\" data-element_type=\"widget\" data-widget_type=\"heading.default\">\n\t\t\t\t<div class=\"elementor-widget-container\">\n\t\t\t<h2 class=\"elementor-heading-title elementor-size-default\">Ainda n\u00e3o encontrou o <span style=\"color:#000;\">im\u00f3vel ideal?<\/span><\/h2>\t\t<\/div>\n\t\t\t\t<\/div>\n\t\t\t\t\t<\/div>\n\t\t<\/div>\n\t\t\t\t<div class=\"elementor-column elementor-col-50 elementor-top-column elementor-element elementor-element-7e84e116\" data-id=\"7e84e116\" data-element_type=\"column\">\n\t\t\t<div class=\"elementor-widget-wrap elementor-element-populated\">\n\t\t\t\t\t\t\t\t<div class=\"elementor-element elementor-element-6a0f992d elementor-widget elementor-widget-text-editor\" data-id=\"6a0f992d\" data-element_type=\"widget\" data-widget_type=\"text-editor.default\">\n\t\t\t\t<div class=\"elementor-widget-container\">\n\t\t\t\t\t\t\t<p>Temos diversos tipos de im\u00f3veis que ainda n\u00e3o entraram no site, um deles pode ser de seu interesse. Como \u00e9 o im\u00f3vel dos seus sonhos?<\/p>\t\t\t\t\t\t<\/div>\n\t\t\t\t<\/div>\n\t\t\t\t<div class=\"elementor-element elementor-element-76d7985f elementor-widget elementor-widget-button\" data-id=\"76d7985f\" data-element_type=\"widget\" data-widget_type=\"button.default\">\n\t\t\t\t<div class=\"elementor-widget-container\">\n\t\t\t\t\t<div class=\"elementor-button-wrapper\">\n\t\t\t<a href=\"https:\/\/pulzohost.com.br\/clientes\/vivartte\/imovel-dos-sonhos\/\" class=\"elementor-button-link elementor-button elementor-size-sm\" role=\"button\">\n\t\t\t\t\t\t<span class=\"elementor-button-content-wrapper\">\n\t\t\t\t\t\t<span class=\"elementor-button-text\">cONTE AQUI O SEU SONHO<\/span>\n\t\t<\/span>\n\t\t\t\t\t<\/a>\n\t\t<\/div>\n\t\t\t\t<\/div>\n\t\t\t\t<\/div>\n\t\t\t\t\t<\/div>\n\t\t<\/div>\n\t\t\t\t\t\t\t<\/div>\n\t\t<\/section>\n\t\t\t\t\t\t\t<\/div>\n\t\t","protected":false},"excerpt":{"rendered":"<p>Quem Somos O bom projeto transforma qualquer ambiente e a vida em algo muito melhor. VIVARTTE. Mais que uma ag\u00eancia imobili\u00e1ria, uma vis\u00e3o diferente do morar. Foi agora, neste ano de 2022, que decidimos criar uma ag\u00eancia especializada em im\u00f3veis. Nascemos por entender que a busca por uma casa, um apartamento, um terreno para construir [&hellip;]<\/p>\n","protected":false},"author":1,"featured_media":0,"parent":0,"menu_order":0,"comment_status":"closed","ping_status":"closed","template":"","meta":{"footnotes":""},"class_list":["post-244","page","type-page","status-publish","hentry"],"_links":{"self":[{"href":"https:\/\/pulzohost.com.br\/clientes\/vivartte\/wp-json\/wp\/v2\/pages\/244","targetHints":{"allow":["GET"]}}],"collection":[{"href":"https:\/\/pulzohost.com.br\/clientes\/vivartte\/wp-json\/wp\/v2\/pages"}],"about":[{"href":"https:\/\/pulzohost.com.br\/clientes\/vivartte\/wp-json\/wp\/v2\/types\/page"}],"author":[{"embeddable":true,"href":"https:\/\/pulzohost.com.br\/clientes\/vivartte\/wp-json\/wp\/v2\/users\/1"}],"replies":[{"embeddable":true,"href":"https:\/\/pulzohost.com.br\/clientes\/vivartte\/wp-json\/wp\/v2\/comments?post=244"}],"version-history":[{"count":43,"href":"https:\/\/pulzohost.com.br\/clientes\/vivartte\/wp-json\/wp\/v2\/pages\/244\/revisions"}],"predecessor-version":[{"id":1095,"href":"https:\/\/pulzohost.com.br\/clientes\/vivartte\/wp-json\/wp\/v2\/pages\/244\/revisions\/1095"}],"wp:attachment":[{"href":"https:\/\/pulzohost.com.br\/clientes\/vivartte\/wp-json\/wp\/v2\/media?parent=244"}],"curies":[{"name":"wp","href":"https:\/\/api.w.org\/{rel}","templated":true}]}}