{"id":2471,"date":"2023-10-26T17:10:18","date_gmt":"2023-10-26T20:10:18","guid":{"rendered":"https:\/\/vaseco.com.br\/?post_type=product&#038;p=2471"},"modified":"2023-12-21T17:54:11","modified_gmt":"2023-12-21T20:54:11","slug":"conjunto-de-caixas-em-palha-cinza-com-fecho","status":"publish","type":"product","link":"https:\/\/pulzohost.com.br\/clientes\/vaseco\/produto\/conjunto-de-caixas-em-palha-cinza-com-fecho\/","title":{"rendered":"Conjunto de Caixas em Palha Cinza com Fecho"},"content":{"rendered":"<p>Conjunto de caixas composto de 3 unidades, em palha cinza com fecho de el\u00e1stico da mesma cor, para organiza\u00e7\u00e3o ou uso decorativo em tamanho P, M e G.<\/p>\n<p>&nbsp;<\/p>\n","protected":false},"excerpt":{"rendered":"<p><strong>Cor:<\/strong> Cinza<\/p>\n<p><strong>Material:<\/strong> Palha<\/p>\n<p><strong>Medidas: <\/strong><span style=\"font-size: 14px;\"><em><b>G<\/b><\/em> Altura 10 cm x Largura 26 cm x Comprimento 26 cm<\/span><\/p>\n<p><strong><i>\u00a0 \u00a0 \u00a0 \u00a0 \u00a0 \u00a0 \u00a0 \u00a0 \u00a0M<\/i><\/strong>\u00a0Altura 9 cm x Largura 24 cm x Comprimento 24 cm<\/p>\n<p><em><b>\u00a0 \u00a0 \u00a0 \u00a0 \u00a0 \u00a0 \u00a0 \u00a0 \u00a0P<\/b><\/em> Altura 8 cm x Largura 20 cm x Comprimento 20 cm<\/p>\n","protected":false},"featured_media":2933,"comment_status":"open","ping_status":"closed","template":"","meta":[],"product_cat":[49,45,46],"product_tag":[],"class_list":["post-2471","product","type-product","status-publish","has-post-thumbnail","hentry","product_cat-caixas","product_cat-promocoes","product_cat-sales"],"_links":{"self":[{"href":"https:\/\/pulzohost.com.br\/clientes\/vaseco\/wp-json\/wp\/v2\/product\/2471","targetHints":{"allow":["GET"]}}],"collection":[{"href":"https:\/\/pulzohost.com.br\/clientes\/vaseco\/wp-json\/wp\/v2\/product"}],"about":[{"href":"https:\/\/pulzohost.com.br\/clientes\/vaseco\/wp-json\/wp\/v2\/types\/product"}],"replies":[{"embeddable":true,"href":"https:\/\/pulzohost.com.br\/clientes\/vaseco\/wp-json\/wp\/v2\/comments?post=2471"}],"wp:featuredmedia":[{"embeddable":true,"href":"https:\/\/pulzohost.com.br\/clientes\/vaseco\/wp-json\/wp\/v2\/media\/2933"}],"wp:attachment":[{"href":"https:\/\/pulzohost.com.br\/clientes\/vaseco\/wp-json\/wp\/v2\/media?parent=2471"}],"wp:term":[{"taxonomy":"product_cat","embeddable":true,"href":"https:\/\/pulzohost.com.br\/clientes\/vaseco\/wp-json\/wp\/v2\/product_cat?post=2471"},{"taxonomy":"product_tag","embeddable":true,"href":"https:\/\/pulzohost.com.br\/clientes\/vaseco\/wp-json\/wp\/v2\/product_tag?post=2471"}],"curies":[{"name":"wp","href":"https:\/\/api.w.org\/{rel}","templated":true}]}}