{"id":2467,"date":"2023-10-26T17:04:29","date_gmt":"2023-10-26T20:04:29","guid":{"rendered":"https:\/\/vaseco.com.br\/?post_type=product&amp;p=2467"},"modified":"2023-10-26T17:04:29","modified_gmt":"2023-10-26T20:04:29","slug":"conjunto-de-caixas-em-palha-natural-com-fecho-2","status":"publish","type":"product","link":"https:\/\/pulzohost.com.br\/clientes\/vaseco\/produto\/conjunto-de-caixas-em-palha-natural-com-fecho-2\/","title":{"rendered":"Conjunto de Caixas em Palha Natural com Fecho"},"content":{"rendered":"<p>Conjunto de caixas composto de 3 unidades, em palha natural com fecho de el\u00e1stico da mesma cor, para organiza\u00e7\u00e3o ou uso decorativo em tamanho P, M e G.<\/p>\n","protected":false},"excerpt":{"rendered":"<p><strong>Cor: <\/strong>Natural<\/p>\n<p><strong>Material:<\/strong> Palha<\/p>\n<p><strong>Medidas:<\/strong>\u00a0<b><\/b><span style=\"font-size: 14px\"><em><b>G<\/b><\/em> Altura 10 cm x Largura 26 cm x Comprimento 26 cm<\/span><\/p>\n<p><strong><i>\u00a0 \u00a0 \u00a0 \u00a0 \u00a0 \u00a0 \u00a0 \u00a0 \u00a0M<\/i><\/strong> Altura 9 cm x Largura 24 cm x Comprimento 24 cm<\/p>\n<p><em><b>\u00a0 \u00a0 \u00a0 \u00a0 \u00a0 \u00a0 \u00a0 \u00a0 \u00a0P<\/b><\/em> Altura 8 cm x Largura 20 cm x Comprimento 20 cm<\/p>\n<p>&nbsp;<\/p>\n","protected":false},"featured_media":2468,"comment_status":"open","ping_status":"closed","template":"","meta":[],"product_cat":[49,45,46],"product_tag":[],"class_list":["post-2467","product","type-product","status-publish","has-post-thumbnail","hentry","product_cat-caixas","product_cat-promocoes","product_cat-sales"],"_links":{"self":[{"href":"https:\/\/pulzohost.com.br\/clientes\/vaseco\/wp-json\/wp\/v2\/product\/2467","targetHints":{"allow":["GET"]}}],"collection":[{"href":"https:\/\/pulzohost.com.br\/clientes\/vaseco\/wp-json\/wp\/v2\/product"}],"about":[{"href":"https:\/\/pulzohost.com.br\/clientes\/vaseco\/wp-json\/wp\/v2\/types\/product"}],"replies":[{"embeddable":true,"href":"https:\/\/pulzohost.com.br\/clientes\/vaseco\/wp-json\/wp\/v2\/comments?post=2467"}],"wp:featuredmedia":[{"embeddable":true,"href":"https:\/\/pulzohost.com.br\/clientes\/vaseco\/wp-json\/wp\/v2\/media\/2468"}],"wp:attachment":[{"href":"https:\/\/pulzohost.com.br\/clientes\/vaseco\/wp-json\/wp\/v2\/media?parent=2467"}],"wp:term":[{"taxonomy":"product_cat","embeddable":true,"href":"https:\/\/pulzohost.com.br\/clientes\/vaseco\/wp-json\/wp\/v2\/product_cat?post=2467"},{"taxonomy":"product_tag","embeddable":true,"href":"https:\/\/pulzohost.com.br\/clientes\/vaseco\/wp-json\/wp\/v2\/product_tag?post=2467"}],"curies":[{"name":"wp","href":"https:\/\/api.w.org\/{rel}","templated":true}]}}