{"id":2463,"date":"2023-10-26T16:59:03","date_gmt":"2023-10-26T19:59:03","guid":{"rendered":"https:\/\/vaseco.com.br\/?post_type=product&amp;p=2463"},"modified":"2023-10-26T16:59:03","modified_gmt":"2023-10-26T19:59:03","slug":"conjunto-de-caixas-em-palha-natural-com-fecho","status":"publish","type":"product","link":"https:\/\/pulzohost.com.br\/clientes\/vaseco\/produto\/conjunto-de-caixas-em-palha-natural-com-fecho\/","title":{"rendered":"Conjunto de Caixas em Palha Natural com Fecho"},"content":{"rendered":"<p>Conjunto de caixas composto de 2 unidades, em palha natural com fecho de el\u00e1stico da mesma cor, para organiza\u00e7\u00e3o ou uso decorativo em tamanho M e G.<\/p>\n","protected":false},"excerpt":{"rendered":"<p><strong>Cor:\u00a0<\/strong>Natural<\/p>\n<p><strong>Material:<\/strong> Palha<\/p>\n<p><strong>Medidas:<\/strong>\u00a0<em><b> G<\/b><\/em>\u00a0 Altura 13 cm x Largura 21 cm x\u00a0 Comprimento 31 cm<\/p>\n<p><b><i>\u00a0 \u00a0 \u00a0 \u00a0 \u00a0 \u00a0 \u00a0 \u00a0 \u00a0M <\/i><\/b>Altura 11 cm x Largura 19 cm x Comprimento 29 cm<\/p>\n","protected":false},"featured_media":2464,"comment_status":"open","ping_status":"closed","template":"","meta":[],"product_cat":[49,45,46],"product_tag":[],"class_list":["post-2463","product","type-product","status-publish","has-post-thumbnail","hentry","product_cat-caixas","product_cat-promocoes","product_cat-sales"],"_links":{"self":[{"href":"https:\/\/pulzohost.com.br\/clientes\/vaseco\/wp-json\/wp\/v2\/product\/2463","targetHints":{"allow":["GET"]}}],"collection":[{"href":"https:\/\/pulzohost.com.br\/clientes\/vaseco\/wp-json\/wp\/v2\/product"}],"about":[{"href":"https:\/\/pulzohost.com.br\/clientes\/vaseco\/wp-json\/wp\/v2\/types\/product"}],"replies":[{"embeddable":true,"href":"https:\/\/pulzohost.com.br\/clientes\/vaseco\/wp-json\/wp\/v2\/comments?post=2463"}],"wp:featuredmedia":[{"embeddable":true,"href":"https:\/\/pulzohost.com.br\/clientes\/vaseco\/wp-json\/wp\/v2\/media\/2464"}],"wp:attachment":[{"href":"https:\/\/pulzohost.com.br\/clientes\/vaseco\/wp-json\/wp\/v2\/media?parent=2463"}],"wp:term":[{"taxonomy":"product_cat","embeddable":true,"href":"https:\/\/pulzohost.com.br\/clientes\/vaseco\/wp-json\/wp\/v2\/product_cat?post=2463"},{"taxonomy":"product_tag","embeddable":true,"href":"https:\/\/pulzohost.com.br\/clientes\/vaseco\/wp-json\/wp\/v2\/product_tag?post=2463"}],"curies":[{"name":"wp","href":"https:\/\/api.w.org\/{rel}","templated":true}]}}