{"id":2398,"date":"2023-10-16T16:34:19","date_gmt":"2023-10-16T19:34:19","guid":{"rendered":"https:\/\/vaseco.com.br\/?post_type=product&amp;p=2398"},"modified":"2023-10-16T16:34:19","modified_gmt":"2023-10-16T19:34:19","slug":"vaso-de-vidro-murano-ambar","status":"publish","type":"product","link":"https:\/\/pulzohost.com.br\/clientes\/vaseco\/produto\/vaso-de-vidro-murano-ambar\/","title":{"rendered":"Vaso de Vidro Murano \u00c2mbar"},"content":{"rendered":"<p>Pe\u00e7a em vidro murano cor \u00e2mbar, tamanho pequeno.<\/p>\n","protected":false},"excerpt":{"rendered":"<p><strong>Cor:<\/strong> Preto Fum\u00ea<\/p>\n<p><strong>Material:<\/strong> Vidro<\/p>\n<p><strong>Medidas:<\/strong> Altura 16 cm x Di\u00e2metro 14,5 cm<\/p>\n","protected":false},"featured_media":2423,"comment_status":"open","ping_status":"closed","template":"","meta":[],"product_cat":[45,46,47],"product_tag":[],"class_list":["post-2398","product","type-product","status-publish","has-post-thumbnail","hentry","product_cat-promocoes","product_cat-sales","product_cat-vasos"],"_links":{"self":[{"href":"https:\/\/pulzohost.com.br\/clientes\/vaseco\/wp-json\/wp\/v2\/product\/2398","targetHints":{"allow":["GET"]}}],"collection":[{"href":"https:\/\/pulzohost.com.br\/clientes\/vaseco\/wp-json\/wp\/v2\/product"}],"about":[{"href":"https:\/\/pulzohost.com.br\/clientes\/vaseco\/wp-json\/wp\/v2\/types\/product"}],"replies":[{"embeddable":true,"href":"https:\/\/pulzohost.com.br\/clientes\/vaseco\/wp-json\/wp\/v2\/comments?post=2398"}],"wp:featuredmedia":[{"embeddable":true,"href":"https:\/\/pulzohost.com.br\/clientes\/vaseco\/wp-json\/wp\/v2\/media\/2423"}],"wp:attachment":[{"href":"https:\/\/pulzohost.com.br\/clientes\/vaseco\/wp-json\/wp\/v2\/media?parent=2398"}],"wp:term":[{"taxonomy":"product_cat","embeddable":true,"href":"https:\/\/pulzohost.com.br\/clientes\/vaseco\/wp-json\/wp\/v2\/product_cat?post=2398"},{"taxonomy":"product_tag","embeddable":true,"href":"https:\/\/pulzohost.com.br\/clientes\/vaseco\/wp-json\/wp\/v2\/product_tag?post=2398"}],"curies":[{"name":"wp","href":"https:\/\/api.w.org\/{rel}","templated":true}]}}