{"id":2394,"date":"2023-10-16T16:29:21","date_gmt":"2023-10-16T19:29:21","guid":{"rendered":"https:\/\/vaseco.com.br\/?post_type=product&amp;p=2394"},"modified":"2023-10-16T16:29:21","modified_gmt":"2023-10-16T19:29:21","slug":"vaso-de-vidro-preto-fume-m-2","status":"publish","type":"product","link":"https:\/\/pulzohost.com.br\/clientes\/vaseco\/produto\/vaso-de-vidro-preto-fume-m-2\/","title":{"rendered":"Vaso de Vidro Preto Fum\u00ea M"},"content":{"rendered":"<p>Vaso em vidro preto fum\u00ea, tamanho m\u00e9dio.<\/p>\n","protected":false},"excerpt":{"rendered":"<p><strong>Cor:<\/strong> Preto Fum\u00ea<\/p>\n<p><strong>Material:<\/strong> Vidro<\/p>\n<p><strong>Medidas:<\/strong> Altura 21,5 cm x Largura 23,5 cm x Comprimento13 cm<\/p>\n","protected":false},"featured_media":2425,"comment_status":"open","ping_status":"closed","template":"","meta":[],"product_cat":[45,46,47],"product_tag":[],"class_list":["post-2394","product","type-product","status-publish","has-post-thumbnail","hentry","product_cat-promocoes","product_cat-sales","product_cat-vasos"],"_links":{"self":[{"href":"https:\/\/pulzohost.com.br\/clientes\/vaseco\/wp-json\/wp\/v2\/product\/2394","targetHints":{"allow":["GET"]}}],"collection":[{"href":"https:\/\/pulzohost.com.br\/clientes\/vaseco\/wp-json\/wp\/v2\/product"}],"about":[{"href":"https:\/\/pulzohost.com.br\/clientes\/vaseco\/wp-json\/wp\/v2\/types\/product"}],"replies":[{"embeddable":true,"href":"https:\/\/pulzohost.com.br\/clientes\/vaseco\/wp-json\/wp\/v2\/comments?post=2394"}],"wp:featuredmedia":[{"embeddable":true,"href":"https:\/\/pulzohost.com.br\/clientes\/vaseco\/wp-json\/wp\/v2\/media\/2425"}],"wp:attachment":[{"href":"https:\/\/pulzohost.com.br\/clientes\/vaseco\/wp-json\/wp\/v2\/media?parent=2394"}],"wp:term":[{"taxonomy":"product_cat","embeddable":true,"href":"https:\/\/pulzohost.com.br\/clientes\/vaseco\/wp-json\/wp\/v2\/product_cat?post=2394"},{"taxonomy":"product_tag","embeddable":true,"href":"https:\/\/pulzohost.com.br\/clientes\/vaseco\/wp-json\/wp\/v2\/product_tag?post=2394"}],"curies":[{"name":"wp","href":"https:\/\/api.w.org\/{rel}","templated":true}]}}