{"id":2367,"date":"2023-10-09T16:44:42","date_gmt":"2023-10-09T19:44:42","guid":{"rendered":"https:\/\/vaseco.com.br\/?post_type=product&amp;p=2367"},"modified":"2023-10-09T16:44:42","modified_gmt":"2023-10-09T19:44:42","slug":"vaso-de-vidro-ambar-m","status":"publish","type":"product","link":"https:\/\/pulzohost.com.br\/clientes\/vaseco\/produto\/vaso-de-vidro-ambar-m\/","title":{"rendered":"Vaso de Vidro \u00c2mbar M"},"content":{"rendered":"<p>Vaso em vidro \u00e2mbar com detalhes bolhas em relevo, tamanho m\u00e9dio.<\/p>\n","protected":false},"excerpt":{"rendered":"<p><strong>Cor:<\/strong> \u00c2mbar<\/p>\n<p><strong>Material:<\/strong> Vidro<\/p>\n<p><strong>Medidas:<\/strong> Altura 21 cm x Largura 17 cm x Comprimento14 cm<\/p>\n","protected":false},"featured_media":2437,"comment_status":"open","ping_status":"closed","template":"","meta":[],"product_cat":[45,46,47],"product_tag":[],"class_list":["post-2367","product","type-product","status-publish","has-post-thumbnail","hentry","product_cat-promocoes","product_cat-sales","product_cat-vasos"],"_links":{"self":[{"href":"https:\/\/pulzohost.com.br\/clientes\/vaseco\/wp-json\/wp\/v2\/product\/2367","targetHints":{"allow":["GET"]}}],"collection":[{"href":"https:\/\/pulzohost.com.br\/clientes\/vaseco\/wp-json\/wp\/v2\/product"}],"about":[{"href":"https:\/\/pulzohost.com.br\/clientes\/vaseco\/wp-json\/wp\/v2\/types\/product"}],"replies":[{"embeddable":true,"href":"https:\/\/pulzohost.com.br\/clientes\/vaseco\/wp-json\/wp\/v2\/comments?post=2367"}],"wp:featuredmedia":[{"embeddable":true,"href":"https:\/\/pulzohost.com.br\/clientes\/vaseco\/wp-json\/wp\/v2\/media\/2437"}],"wp:attachment":[{"href":"https:\/\/pulzohost.com.br\/clientes\/vaseco\/wp-json\/wp\/v2\/media?parent=2367"}],"wp:term":[{"taxonomy":"product_cat","embeddable":true,"href":"https:\/\/pulzohost.com.br\/clientes\/vaseco\/wp-json\/wp\/v2\/product_cat?post=2367"},{"taxonomy":"product_tag","embeddable":true,"href":"https:\/\/pulzohost.com.br\/clientes\/vaseco\/wp-json\/wp\/v2\/product_tag?post=2367"}],"curies":[{"name":"wp","href":"https:\/\/api.w.org\/{rel}","templated":true}]}}