{"id":2914,"date":"2023-12-12T09:40:54","date_gmt":"2023-12-12T12:40:54","guid":{"rendered":"https:\/\/pulzohost.com.br\/clientes\/vaseco\/?page_id=2914"},"modified":"2023-12-12T09:41:29","modified_gmt":"2023-12-12T12:41:29","slug":"formas-de-pagamento","status":"publish","type":"page","link":"https:\/\/pulzohost.com.br\/clientes\/vaseco\/formas-de-pagamento\/","title":{"rendered":"Formas de pagamento"},"content":{"rendered":"\t\t<div data-elementor-type=\"wp-page\" data-elementor-id=\"2914\" class=\"elementor elementor-2914\" data-elementor-post-type=\"page\">\n\t\t\t\t\t\t\t\t\t<section class=\"elementor-section elementor-top-section elementor-element elementor-element-b319a35 elementor-section-boxed elementor-section-height-default elementor-section-height-default\" data-id=\"b319a35\" data-element_type=\"section\" data-settings=\"{&quot;background_background&quot;:&quot;classic&quot;}\">\n\t\t\t\t\t\t<div class=\"elementor-container elementor-column-gap-default\">\n\t\t\t\t\t<div class=\"elementor-column elementor-col-50 elementor-top-column elementor-element elementor-element-93b2f9b\" data-id=\"93b2f9b\" data-element_type=\"column\">\n\t\t\t<div class=\"elementor-widget-wrap elementor-element-populated\">\n\t\t\t\t\t\t\t\t\t<\/div>\n\t\t<\/div>\n\t\t\t\t<div class=\"elementor-column elementor-col-50 elementor-top-column elementor-element elementor-element-80d16c7\" data-id=\"80d16c7\" data-element_type=\"column\">\n\t\t\t<div class=\"elementor-widget-wrap\">\n\t\t\t\t\t\t\t\t\t<\/div>\n\t\t<\/div>\n\t\t\t\t\t\t\t<\/div>\n\t\t<\/section>\n\t\t\t\t<section class=\"elementor-section elementor-top-section elementor-element elementor-element-ae85f1a elementor-section-boxed elementor-section-height-default elementor-section-height-default\" data-id=\"ae85f1a\" data-element_type=\"section\">\n\t\t\t\t\t\t<div class=\"elementor-container elementor-column-gap-default\">\n\t\t\t\t\t<div class=\"elementor-column elementor-col-100 elementor-top-column elementor-element elementor-element-a7d534f\" data-id=\"a7d534f\" data-element_type=\"column\">\n\t\t\t<div class=\"elementor-widget-wrap elementor-element-populated\">\n\t\t\t\t\t\t\t\t<div class=\"elementor-element elementor-element-8b624eb elementor-widget elementor-widget-text-editor\" data-id=\"8b624eb\" data-element_type=\"widget\" data-widget_type=\"text-editor.default\">\n\t\t\t\t<div class=\"elementor-widget-container\">\n\t\t\t<style>\/*! elementor - v3.18.0 - 08-12-2023 *\/\n.elementor-widget-text-editor.elementor-drop-cap-view-stacked .elementor-drop-cap{background-color:#69727d;color:#fff}.elementor-widget-text-editor.elementor-drop-cap-view-framed .elementor-drop-cap{color:#69727d;border:3px solid;background-color:transparent}.elementor-widget-text-editor:not(.elementor-drop-cap-view-default) .elementor-drop-cap{margin-top:8px}.elementor-widget-text-editor:not(.elementor-drop-cap-view-default) .elementor-drop-cap-letter{width:1em;height:1em}.elementor-widget-text-editor .elementor-drop-cap{float:left;text-align:center;line-height:1;font-size:50px}.elementor-widget-text-editor .elementor-drop-cap-letter{display:inline-block}<\/style>\t\t\t\t<p>Para a sua seguran\u00e7a, em todas as nossas compras utilizamos a plataforma de pagamentos fornecidos por uma institui\u00e7\u00e3o financeira, sendo assim checado por um sistema antifraudes.<br \/>Possu\u00edmos duas formas de pagamento:<\/p><p>Pix<br \/>Pagamentos via Pix ter\u00e1 um desconto de 5%, independentemente do valor total da compra.<\/p><p>Cart\u00e3o de Cr\u00e9dito<br \/>As compras efetuadas pelos cart\u00f5es de cr\u00e9dito poder\u00e3o ser parceladas em at\u00e9 6x (seis vezes) sem juros, com parcela m\u00ednima de R$ 200,00 (duzentos reais).<br \/>Aceitamos as bandeiras Visa, Mastercard, Hipercard e Elo.<\/p><p>A reserva ou encomenda de produto \u00e9 feita assim que o pagamento for confirmado.<\/p><p>Equipe Vase &amp; Co.<\/p>\t\t\t\t\t\t<\/div>\n\t\t\t\t<\/div>\n\t\t\t\t\t<\/div>\n\t\t<\/div>\n\t\t\t\t\t\t\t<\/div>\n\t\t<\/section>\n\t\t\t\t\t\t\t<\/div>\n\t\t","protected":false},"excerpt":{"rendered":"<p>Para a sua seguran\u00e7a, em todas as nossas compras utilizamos a plataforma de pagamentos fornecidos por uma institui\u00e7\u00e3o financeira, sendo assim checado por um sistema antifraudes.Possu\u00edmos duas formas de pagamento: PixPagamentos via Pix ter\u00e1 um desconto de 5%, independentemente do valor total da compra. Cart\u00e3o de Cr\u00e9ditoAs compras efetuadas pelos cart\u00f5es de cr\u00e9dito poder\u00e3o ser [&hellip;]<\/p>\n","protected":false},"author":1,"featured_media":0,"parent":0,"menu_order":0,"comment_status":"closed","ping_status":"closed","template":"","meta":{"footnotes":""},"class_list":["post-2914","page","type-page","status-publish","hentry"],"_links":{"self":[{"href":"https:\/\/pulzohost.com.br\/clientes\/vaseco\/wp-json\/wp\/v2\/pages\/2914","targetHints":{"allow":["GET"]}}],"collection":[{"href":"https:\/\/pulzohost.com.br\/clientes\/vaseco\/wp-json\/wp\/v2\/pages"}],"about":[{"href":"https:\/\/pulzohost.com.br\/clientes\/vaseco\/wp-json\/wp\/v2\/types\/page"}],"author":[{"embeddable":true,"href":"https:\/\/pulzohost.com.br\/clientes\/vaseco\/wp-json\/wp\/v2\/users\/1"}],"replies":[{"embeddable":true,"href":"https:\/\/pulzohost.com.br\/clientes\/vaseco\/wp-json\/wp\/v2\/comments?post=2914"}],"version-history":[{"count":4,"href":"https:\/\/pulzohost.com.br\/clientes\/vaseco\/wp-json\/wp\/v2\/pages\/2914\/revisions"}],"predecessor-version":[{"id":2918,"href":"https:\/\/pulzohost.com.br\/clientes\/vaseco\/wp-json\/wp\/v2\/pages\/2914\/revisions\/2918"}],"wp:attachment":[{"href":"https:\/\/pulzohost.com.br\/clientes\/vaseco\/wp-json\/wp\/v2\/media?parent=2914"}],"curies":[{"name":"wp","href":"https:\/\/api.w.org\/{rel}","templated":true}]}}