{"id":2906,"date":"2023-12-12T09:39:44","date_gmt":"2023-12-12T12:39:44","guid":{"rendered":"https:\/\/pulzohost.com.br\/clientes\/vaseco\/?page_id=2906"},"modified":"2023-12-12T09:40:19","modified_gmt":"2023-12-12T12:40:19","slug":"entregas-e-prazos","status":"publish","type":"page","link":"https:\/\/pulzohost.com.br\/clientes\/vaseco\/entregas-e-prazos\/","title":{"rendered":"Entregas e prazos"},"content":{"rendered":"\t\t<div data-elementor-type=\"wp-page\" data-elementor-id=\"2906\" class=\"elementor elementor-2906\" data-elementor-post-type=\"page\">\n\t\t\t\t\t\t\t\t\t<section class=\"elementor-section elementor-top-section elementor-element elementor-element-b319a35 elementor-section-boxed elementor-section-height-default elementor-section-height-default\" data-id=\"b319a35\" data-element_type=\"section\" data-settings=\"{&quot;background_background&quot;:&quot;classic&quot;}\">\n\t\t\t\t\t\t<div class=\"elementor-container elementor-column-gap-default\">\n\t\t\t\t\t<div class=\"elementor-column elementor-col-50 elementor-top-column elementor-element elementor-element-93b2f9b\" data-id=\"93b2f9b\" data-element_type=\"column\">\n\t\t\t<div class=\"elementor-widget-wrap elementor-element-populated\">\n\t\t\t\t\t\t\t\t\t<\/div>\n\t\t<\/div>\n\t\t\t\t<div class=\"elementor-column elementor-col-50 elementor-top-column elementor-element elementor-element-80d16c7\" data-id=\"80d16c7\" data-element_type=\"column\">\n\t\t\t<div class=\"elementor-widget-wrap\">\n\t\t\t\t\t\t\t\t\t<\/div>\n\t\t<\/div>\n\t\t\t\t\t\t\t<\/div>\n\t\t<\/section>\n\t\t\t\t<section class=\"elementor-section elementor-top-section elementor-element elementor-element-ae85f1a elementor-section-boxed elementor-section-height-default elementor-section-height-default\" data-id=\"ae85f1a\" data-element_type=\"section\">\n\t\t\t\t\t\t<div class=\"elementor-container elementor-column-gap-default\">\n\t\t\t\t\t<div class=\"elementor-column elementor-col-100 elementor-top-column elementor-element elementor-element-a7d534f\" data-id=\"a7d534f\" data-element_type=\"column\">\n\t\t\t<div class=\"elementor-widget-wrap elementor-element-populated\">\n\t\t\t\t\t\t\t\t<div class=\"elementor-element elementor-element-8b624eb elementor-widget elementor-widget-text-editor\" data-id=\"8b624eb\" data-element_type=\"widget\" data-widget_type=\"text-editor.default\">\n\t\t\t\t<div class=\"elementor-widget-container\">\n\t\t\t<style>\/*! elementor - v3.18.0 - 08-12-2023 *\/\n.elementor-widget-text-editor.elementor-drop-cap-view-stacked .elementor-drop-cap{background-color:#69727d;color:#fff}.elementor-widget-text-editor.elementor-drop-cap-view-framed .elementor-drop-cap{color:#69727d;border:3px solid;background-color:transparent}.elementor-widget-text-editor:not(.elementor-drop-cap-view-default) .elementor-drop-cap{margin-top:8px}.elementor-widget-text-editor:not(.elementor-drop-cap-view-default) .elementor-drop-cap-letter{width:1em;height:1em}.elementor-widget-text-editor .elementor-drop-cap{float:left;text-align:center;line-height:1;font-size:50px}.elementor-widget-text-editor .elementor-drop-cap-letter{display:inline-block}<\/style>\t\t\t\t<p>Os prazos come\u00e7am a contar no pr\u00f3ximo dia \u00fatil, assim que a compra for aprovada pela operadora, ou pagamento via Pix.<br \/>Utilizamos parceiros nas entregas (SEDEX, correios entre outros), os prazos variam de regi\u00e3o para regi\u00e3o.<br \/>Para a sua comodidade, fornecemos c\u00f3digo de rastreio dos produtos, sempre que poss\u00edvel e qualquer d\u00favida, nossa equipe estar\u00e1 sempre a disposi\u00e7\u00e3o!<\/p><p><b>Produtos em estoque<br \/><\/b>Produtos em estoque, ser\u00e3o despachados em at\u00e9 2 dias uteis, assim que a compra for aprovada pela operadora do cart\u00e3o, ou pagamento via Pix.<br \/>Os prazos de entrega da operadora de log\u00edstica, variam de regi\u00e3o para regi\u00e3o.<\/p><p><b>Produtos Sob Encomenda e Custom<br \/><\/b>Produtos sob encomenda poder\u00e3o levar at\u00e9 60 dias uteis, estando sempre destacado na descri\u00e7\u00e3o do produto.<br \/>Assim que chegar no centro de distribui\u00e7\u00e3o da Vase &amp; Co, o produto ser\u00e1 enviado em at\u00e9 2 dias uteis.<br \/>Pedidos acima de 2 unidades, do mesmo produto ser\u00e1 considerada sob encomenda, o cliente ser\u00e1 avisado.<\/p><p><b>Produtos \u201cespeciais\u201d<br \/><\/b>Alguns produtos possuem um prazo de entrega maior, devido a alguns fatores log\u00edsticos, esses itens podem levar at\u00e9 20 dias uteis, estando sempre destacado na descri\u00e7\u00e3o do produto.<\/p>\t\t\t\t\t\t<\/div>\n\t\t\t\t<\/div>\n\t\t\t\t\t<\/div>\n\t\t<\/div>\n\t\t\t\t\t\t\t<\/div>\n\t\t<\/section>\n\t\t\t\t\t\t\t<\/div>\n\t\t","protected":false},"excerpt":{"rendered":"<p>Os prazos come\u00e7am a contar no pr\u00f3ximo dia \u00fatil, assim que a compra for aprovada pela operadora, ou pagamento via Pix.Utilizamos parceiros nas entregas (SEDEX, correios entre outros), os prazos variam de regi\u00e3o para regi\u00e3o.Para a sua comodidade, fornecemos c\u00f3digo de rastreio dos produtos, sempre que poss\u00edvel e qualquer d\u00favida, nossa equipe estar\u00e1 sempre a [&hellip;]<\/p>\n","protected":false},"author":1,"featured_media":0,"parent":0,"menu_order":0,"comment_status":"closed","ping_status":"closed","template":"","meta":{"footnotes":""},"class_list":["post-2906","page","type-page","status-publish","hentry"],"_links":{"self":[{"href":"https:\/\/pulzohost.com.br\/clientes\/vaseco\/wp-json\/wp\/v2\/pages\/2906","targetHints":{"allow":["GET"]}}],"collection":[{"href":"https:\/\/pulzohost.com.br\/clientes\/vaseco\/wp-json\/wp\/v2\/pages"}],"about":[{"href":"https:\/\/pulzohost.com.br\/clientes\/vaseco\/wp-json\/wp\/v2\/types\/page"}],"author":[{"embeddable":true,"href":"https:\/\/pulzohost.com.br\/clientes\/vaseco\/wp-json\/wp\/v2\/users\/1"}],"replies":[{"embeddable":true,"href":"https:\/\/pulzohost.com.br\/clientes\/vaseco\/wp-json\/wp\/v2\/comments?post=2906"}],"version-history":[{"count":7,"href":"https:\/\/pulzohost.com.br\/clientes\/vaseco\/wp-json\/wp\/v2\/pages\/2906\/revisions"}],"predecessor-version":[{"id":2913,"href":"https:\/\/pulzohost.com.br\/clientes\/vaseco\/wp-json\/wp\/v2\/pages\/2906\/revisions\/2913"}],"wp:attachment":[{"href":"https:\/\/pulzohost.com.br\/clientes\/vaseco\/wp-json\/wp\/v2\/media?parent=2906"}],"curies":[{"name":"wp","href":"https:\/\/api.w.org\/{rel}","templated":true}]}}