{"id":1436,"date":"2023-10-25T18:06:45","date_gmt":"2023-10-25T21:06:45","guid":{"rendered":"https:\/\/marialaranjeira.com.br\/?page_id=1436"},"modified":"2023-12-11T13:48:05","modified_gmt":"2023-12-11T16:48:05","slug":"quem-somos","status":"publish","type":"page","link":"https:\/\/pulzohost.com.br\/clientes\/vaseco\/quem-somos\/","title":{"rendered":"Quem Somos"},"content":{"rendered":"\t\t<div data-elementor-type=\"wp-page\" data-elementor-id=\"1436\" class=\"elementor elementor-1436\" data-elementor-post-type=\"page\">\n\t\t\t\t\t\t\t\t\t<section class=\"elementor-section elementor-top-section elementor-element elementor-element-b319a35 elementor-section-boxed elementor-section-height-default elementor-section-height-default\" data-id=\"b319a35\" data-element_type=\"section\" data-settings=\"{&quot;background_background&quot;:&quot;classic&quot;}\">\n\t\t\t\t\t\t<div class=\"elementor-container elementor-column-gap-default\">\n\t\t\t\t\t<div class=\"elementor-column elementor-col-50 elementor-top-column elementor-element elementor-element-93b2f9b\" data-id=\"93b2f9b\" data-element_type=\"column\">\n\t\t\t<div class=\"elementor-widget-wrap elementor-element-populated\">\n\t\t\t\t\t\t\t\t\t<\/div>\n\t\t<\/div>\n\t\t\t\t<div class=\"elementor-column elementor-col-50 elementor-top-column elementor-element elementor-element-80d16c7\" data-id=\"80d16c7\" data-element_type=\"column\">\n\t\t\t<div class=\"elementor-widget-wrap\">\n\t\t\t\t\t\t\t\t\t<\/div>\n\t\t<\/div>\n\t\t\t\t\t\t\t<\/div>\n\t\t<\/section>\n\t\t\t\t<section class=\"elementor-section elementor-top-section elementor-element elementor-element-ae85f1a elementor-section-boxed elementor-section-height-default elementor-section-height-default\" data-id=\"ae85f1a\" data-element_type=\"section\">\n\t\t\t\t\t\t<div class=\"elementor-container elementor-column-gap-default\">\n\t\t\t\t\t<div class=\"elementor-column elementor-col-100 elementor-top-column elementor-element elementor-element-a7d534f\" data-id=\"a7d534f\" data-element_type=\"column\">\n\t\t\t<div class=\"elementor-widget-wrap elementor-element-populated\">\n\t\t\t\t\t\t\t\t<div class=\"elementor-element elementor-element-8b624eb elementor-widget elementor-widget-text-editor\" data-id=\"8b624eb\" data-element_type=\"widget\" data-widget_type=\"text-editor.default\">\n\t\t\t\t<div class=\"elementor-widget-container\">\n\t\t\t<style>\/*! elementor - v3.18.0 - 08-12-2023 *\/\n.elementor-widget-text-editor.elementor-drop-cap-view-stacked .elementor-drop-cap{background-color:#69727d;color:#fff}.elementor-widget-text-editor.elementor-drop-cap-view-framed .elementor-drop-cap{color:#69727d;border:3px solid;background-color:transparent}.elementor-widget-text-editor:not(.elementor-drop-cap-view-default) .elementor-drop-cap{margin-top:8px}.elementor-widget-text-editor:not(.elementor-drop-cap-view-default) .elementor-drop-cap-letter{width:1em;height:1em}.elementor-widget-text-editor .elementor-drop-cap{float:left;text-align:center;line-height:1;font-size:50px}.elementor-widget-text-editor .elementor-drop-cap-letter{display:inline-block}<\/style>\t\t\t\t<p>A Vase &amp; Co \u00e9 uma plataforma online, voltada a inspirar e ajudar no universo de Home D\u00e9cor, com conte\u00fados autorais compartilhados em nossas redes sociais.<br \/><br \/>Nossa curadoria busca sempre trazer op\u00e7\u00f5es est\u00e9ticas e de alta qualidade para voc\u00ea encontrar tudo o que precisa para receber, presentear e decorar em um s\u00f3 lugar.<br \/><br \/>Preparamos tudo com carinho e aten\u00e7\u00e3o em todos os detalhes, n\u00e3o utilizamos pl\u00e1stico em nossas embalagens, utilizamos produtos alternativos que n\u00e3o agridem o meio ambiente e possam ser reciclados.<br \/><br \/>Al\u00e9m de tudo estar sempre a um clique, aqui na Vase &amp; Co para tornar sua experi\u00eancia ainda mais completa, voc\u00ea pode entrar em contato com a nossa equipe caso necessite de qualquer ajuda, ou tenha d\u00favidas!<\/p>\t\t\t\t\t\t<\/div>\n\t\t\t\t<\/div>\n\t\t\t\t\t<\/div>\n\t\t<\/div>\n\t\t\t\t\t\t\t<\/div>\n\t\t<\/section>\n\t\t\t\t\t\t\t<\/div>\n\t\t","protected":false},"excerpt":{"rendered":"<p>A Vase &amp; Co \u00e9 uma plataforma online, voltada a inspirar e ajudar no universo de Home D\u00e9cor, com conte\u00fados autorais compartilhados em nossas redes sociais. Nossa curadoria busca sempre trazer op\u00e7\u00f5es est\u00e9ticas e de alta qualidade para voc\u00ea encontrar tudo o que precisa para receber, presentear e decorar em um s\u00f3 lugar. Preparamos tudo [&hellip;]<\/p>\n","protected":false},"author":1,"featured_media":0,"parent":0,"menu_order":0,"comment_status":"closed","ping_status":"closed","template":"","meta":{"footnotes":""},"class_list":["post-1436","page","type-page","status-publish","hentry"],"_links":{"self":[{"href":"https:\/\/pulzohost.com.br\/clientes\/vaseco\/wp-json\/wp\/v2\/pages\/1436","targetHints":{"allow":["GET"]}}],"collection":[{"href":"https:\/\/pulzohost.com.br\/clientes\/vaseco\/wp-json\/wp\/v2\/pages"}],"about":[{"href":"https:\/\/pulzohost.com.br\/clientes\/vaseco\/wp-json\/wp\/v2\/types\/page"}],"author":[{"embeddable":true,"href":"https:\/\/pulzohost.com.br\/clientes\/vaseco\/wp-json\/wp\/v2\/users\/1"}],"replies":[{"embeddable":true,"href":"https:\/\/pulzohost.com.br\/clientes\/vaseco\/wp-json\/wp\/v2\/comments?post=1436"}],"version-history":[{"count":25,"href":"https:\/\/pulzohost.com.br\/clientes\/vaseco\/wp-json\/wp\/v2\/pages\/1436\/revisions"}],"predecessor-version":[{"id":2828,"href":"https:\/\/pulzohost.com.br\/clientes\/vaseco\/wp-json\/wp\/v2\/pages\/1436\/revisions\/2828"}],"wp:attachment":[{"href":"https:\/\/pulzohost.com.br\/clientes\/vaseco\/wp-json\/wp\/v2\/media?parent=1436"}],"curies":[{"name":"wp","href":"https:\/\/api.w.org\/{rel}","templated":true}]}}