{"id":292,"date":"2024-10-15T20:00:44","date_gmt":"2024-10-15T23:30:44","guid":{"rendered":"https:\/\/britaminasfortaleza.com.br\/sistema\/?page_id=292"},"modified":"2024-10-15T21:03:15","modified_gmt":"2024-10-16T00:33:15","slug":"busca","status":"publish","type":"page","link":"https:\/\/pulzohost.com.br\/clientes\/sistema_fortaleza\/","title":{"rendered":"Busca"},"content":{"rendered":"\t\t<div data-elementor-type=\"wp-page\" data-elementor-id=\"292\" class=\"elementor elementor-292\" data-elementor-post-type=\"page\">\n\t\t\t\t\t\t<section class=\"elementor-section elementor-top-section elementor-element elementor-element-b9b2b95 elementor-section-full_width elementor-section-height-default elementor-section-height-default\" data-id=\"b9b2b95\" data-element_type=\"section\">\n\t\t\t\t\t\t<div class=\"elementor-container elementor-column-gap-default\">\n\t\t\t\t\t<div class=\"elementor-column elementor-col-100 elementor-top-column elementor-element elementor-element-0c77158\" data-id=\"0c77158\" data-element_type=\"column\">\n\t\t\t<div class=\"elementor-widget-wrap elementor-element-populated\">\n\t\t\t\t\t\t<section class=\"elementor-section elementor-inner-section elementor-element elementor-element-519b8fa elementor-section-boxed elementor-section-height-default elementor-section-height-default\" data-id=\"519b8fa\" data-element_type=\"section\">\n\t\t\t\t\t\t<div class=\"elementor-container elementor-column-gap-default\">\n\t\t\t\t\t<div class=\"elementor-column elementor-col-33 elementor-inner-column elementor-element elementor-element-5598dd9\" data-id=\"5598dd9\" data-element_type=\"column\">\n\t\t\t<div class=\"elementor-widget-wrap elementor-element-populated\">\n\t\t\t\t\t\t<div class=\"elementor-element elementor-element-bd8823b elementor-widget elementor-widget-heading\" data-id=\"bd8823b\" data-element_type=\"widget\" data-widget_type=\"heading.default\">\n\t\t\t\t<div class=\"elementor-widget-container\">\n\t\t\t<style>\/*! elementor - v3.22.0 - 26-06-2024 *\/\n.elementor-heading-title{padding:0;margin:0;line-height:1}.elementor-widget-heading .elementor-heading-title[class*=elementor-size-]>a{color:inherit;font-size:inherit;line-height:inherit}.elementor-widget-heading .elementor-heading-title.elementor-size-small{font-size:15px}.elementor-widget-heading .elementor-heading-title.elementor-size-medium{font-size:19px}.elementor-widget-heading .elementor-heading-title.elementor-size-large{font-size:29px}.elementor-widget-heading .elementor-heading-title.elementor-size-xl{font-size:39px}.elementor-widget-heading .elementor-heading-title.elementor-size-xxl{font-size:59px}<\/style><h2 class=\"elementor-heading-title elementor-size-default\">Consulta de Patrim\u00f4nios<\/h2>\t\t<\/div>\n\t\t\t\t<\/div>\n\t\t\t\t\t<\/div>\n\t\t<\/div>\n\t\t\t\t<div class=\"elementor-column elementor-col-33 elementor-inner-column elementor-element elementor-element-3de23bd\" data-id=\"3de23bd\" data-element_type=\"column\">\n\t\t\t<div class=\"elementor-widget-wrap elementor-element-populated\">\n\t\t\t\t\t\t<div class=\"elementor-element elementor-element-3a06cb0 jet-smart-filter-content-position-column elementor-widget elementor-widget-jet-smart-filters-search\" data-id=\"3a06cb0\" data-element_type=\"widget\" data-widget_type=\"jet-smart-filters-search.default\">\n\t\t\t\t<div class=\"elementor-widget-container\">\n\t\t\t<div class=\"jet-smart-filters-search jet-filter\"><div class=\"jet-search-filter\" data-query-type=\"meta_query\" data-query-var=\"patrimonio-numero\" data-smart-filter=\"search\" data-filter-id=\"50\" data-apply-type=\"ajax-reload\" data-content-provider=\"jet-engine\" data-additional-providers=\"\" data-query-id=\"patrimonios\" data-active-label=\"\" data-layout-options=\"{&quot;show_label&quot;:&quot;&quot;,&quot;display_options&quot;:[]}\" data-query-var-suffix=\"search\">\n\t<div class=\"jet-search-filter__input-wrapper\">\n\t\t<input\n\t\t\tclass=\"jet-search-filter__input\"\n\t\t\ttype=\"search\"\n\t\t\tautocomplete=\"off\"\n\t\t\tname=\"patrimonio-numero\"\n\t\t\tvalue=\"\"\n\t\t\tplaceholder=\"Buscar...\"\n\t\t\taria-label=\"Busca\"\n\t\t\t\t\t>\n\t\t\t<\/div>\n\t<\/div>\n<\/div>\t\t<\/div>\n\t\t\t\t<\/div>\n\t\t\t\t\t<\/div>\n\t\t<\/div>\n\t\t\t\t<div class=\"elementor-column elementor-col-33 elementor-inner-column elementor-element elementor-element-fe18c9f\" data-id=\"fe18c9f\" data-element_type=\"column\">\n\t\t\t<div class=\"elementor-widget-wrap elementor-element-populated\">\n\t\t\t\t\t\t<div class=\"elementor-element elementor-element-4cedf24 elementor-align-right elementor-widget elementor-widget-button\" data-id=\"4cedf24\" data-element_type=\"widget\" data-widget_type=\"button.default\">\n\t\t\t\t<div class=\"elementor-widget-container\">\n\t\t\t\t\t<div class=\"elementor-button-wrapper\">\n\t\t\t<a class=\"elementor-button elementor-button-link elementor-size-sm\" href=\"#\" id=\"btn-download\">\n\t\t\t\t\t\t<span class=\"elementor-button-content-wrapper\">\n\t\t\t\t\t\t<span class=\"elementor-button-icon\">\n\t\t\t\t<svg aria-hidden=\"true\" class=\"e-font-icon-svg e-far-file-pdf\" viewBox=\"0 0 384 512\" xmlns=\"http:\/\/www.w3.org\/2000\/svg\"><path d=\"M369.9 97.9L286 14C277 5 264.8-.1 252.1-.1H48C21.5 0 0 21.5 0 48v416c0 26.5 21.5 48 48 48h288c26.5 0 48-21.5 48-48V131.9c0-12.7-5.1-25-14.1-34zM332.1 128H256V51.9l76.1 76.1zM48 464V48h160v104c0 13.3 10.7 24 24 24h104v288H48zm250.2-143.7c-12.2-12-47-8.7-64.4-6.5-17.2-10.5-28.7-25-36.8-46.3 3.9-16.1 10.1-40.6 5.4-56-4.2-26.2-37.8-23.6-42.6-5.9-4.4 16.1-.4 38.5 7 67.1-10 23.9-24.9 56-35.4 74.4-20 10.3-47 26.2-51 46.2-3.3 15.8 26 55.2 76.1-31.2 22.4-7.4 46.8-16.5 68.4-20.1 18.9 10.2 41 17 55.8 17 25.5 0 28-28.2 17.5-38.7zm-198.1 77.8c5.1-13.7 24.5-29.5 30.4-35-19 30.3-30.4 35.7-30.4 35zm81.6-190.6c7.4 0 6.7 32.1 1.8 40.8-4.4-13.9-4.3-40.8-1.8-40.8zm-24.4 136.6c9.7-16.9 18-37 24.7-54.7 8.3 15.1 18.9 27.2 30.1 35.5-20.8 4.3-38.9 13.1-54.8 19.2zm131.6-5s-5 6-37.3-7.8c35.1-2.6 40.9 5.4 37.3 7.8z\"><\/path><\/svg>\t\t\t<\/span>\n\t\t\t\t\t\t\t\t\t<span class=\"elementor-button-text\">Gerar PDF dos Resultados<\/span>\n\t\t\t\t\t<\/span>\n\t\t\t\t\t<\/a>\n\t\t<\/div>\n\t\t\t\t<\/div>\n\t\t\t\t<\/div>\n\t\t\t\t\t<\/div>\n\t\t<\/div>\n\t\t\t\t\t<\/div>\n\t\t<\/section>\n\t\t\t\t<div class=\"elementor-element elementor-element-0a46107 elementor-widget elementor-widget-html\" data-id=\"0a46107\" data-element_type=\"widget\" data-widget_type=\"html.default\">\n\t\t\t\t<div class=\"elementor-widget-container\">\n\t\t\t<script src=\"https:\/\/cdnjs.cloudflare.com\/ajax\/libs\/html2canvas\/1.3.2\/html2canvas.min.js\"><\/script>\r\n<script src=\"https:\/\/cdnjs.cloudflare.com\/ajax\/libs\/jspdf\/2.4.0\/jspdf.umd.min.js\"><\/script>\r\n\r\n\r\n\r\n<script>\r\njQuery(\"#btn-download\").on('click', function (e) {\r\n    e.preventDefault();\r\n    html2canvas(document.getElementById(\"print-area\"), {\r\n        scale: 2, \/\/ Ajuste o fator de escala conforme necess\u00e1rio para melhorar a qualidade\r\n        scrollY: -window.scrollY,\r\n        useCORS: true\r\n    }).then(function (canvas) {\r\n        const { jsPDF } = window.jspdf;\r\n        const pdf = new jsPDF({\r\n            orientation: 'l',\r\n            unit: 'mm',\r\n            format: 'a4'\r\n        });\r\n\r\n        const imgData = canvas.toDataURL('image\/jpeg', 1.0);\r\n        const pdfWidth = pdf.internal.pageSize.getWidth(); \/\/ largura da p\u00e1gina A4 em mm\r\n        const pdfHeight = pdf.internal.pageSize.getHeight(); \/\/ altura da p\u00e1gina A4 em mm\r\n\r\n        \/\/ Calculando a nova altura da imagem para manter a propor\u00e7\u00e3o original\r\n        const imgHeight = canvas.height * pdfWidth \/ canvas.width;\r\n\r\n        \/\/ Caso a imagem recalculada seja maior que a altura do PDF, ajustar proporcionalmente\r\n        let newHeight = imgHeight;\r\n        let newWidth = pdfWidth;\r\n\r\n        \/\/ Se a altura da imagem esticada for maior que a do PDF, recalcule a largura para manter a propor\u00e7\u00e3o\r\n        if (imgHeight > pdfHeight) {\r\n            newHeight = pdfHeight; \/\/ Ajustar para a altura do PDF\r\n            newWidth = canvas.width * pdfHeight \/ canvas.height; \/\/ Recalcular a largura para manter propor\u00e7\u00e3o\r\n        }\r\n\r\n        \/\/ Adicionando a imagem ao PDF. Ajustar os par\u00e2metros de posi\u00e7\u00e3o caso deseje centralizar\r\n        pdf.addImage(imgData, 'JPEG', 0, 0, newWidth, newHeight);\r\n\r\n        pdf.save(\"patrimonios.pdf\");\r\n    });\r\n});\r\n<\/script>\t\t<\/div>\n\t\t\t\t<\/div>\n\t\t\t\t\t<\/div>\n\t\t<\/div>\n\t\t\t\t\t<\/div>\n\t\t<\/section>\n\t\t\t\t<section class=\"elementor-section elementor-top-section elementor-element elementor-element-54019d8 elementor-section-full_width elementor-section-height-default elementor-section-height-default\" data-id=\"54019d8\" data-element_type=\"section\" id=\"print-area\">\n\t\t\t\t\t\t<div class=\"elementor-container elementor-column-gap-default\">\n\t\t\t\t\t<div class=\"elementor-column elementor-col-100 elementor-top-column elementor-element elementor-element-445078e\" data-id=\"445078e\" data-element_type=\"column\">\n\t\t\t<div class=\"elementor-widget-wrap elementor-element-populated\">\n\t\t\t\t\t\t<section class=\"elementor-section elementor-inner-section elementor-element elementor-element-8695491 elementor-section-full_width elementor-section-height-default elementor-section-height-default\" data-id=\"8695491\" data-element_type=\"section\">\n\t\t\t\t\t\t<div class=\"elementor-container elementor-column-gap-default\">\n\t\t\t\t\t<div class=\"elementor-column elementor-col-100 elementor-inner-column elementor-element elementor-element-8f7064a\" data-id=\"8f7064a\" data-element_type=\"column\">\n\t\t\t<div class=\"elementor-widget-wrap elementor-element-populated\">\n\t\t\t\t\t\t<div class=\"elementor-element elementor-element-300ec02 elementor-widget elementor-widget-jet-listing-grid\" data-id=\"300ec02\" data-element_type=\"widget\" id=\"patrimonios\" data-settings=\"{&quot;columns&quot;:&quot;1&quot;}\" data-widget_type=\"jet-listing-grid.default\">\n\t\t\t\t<div class=\"elementor-widget-container\">\n\t\t\t<div class=\"jet-listing-grid jet-listing\"><div class=\"jet-listing-grid__items grid-col-desk-1 grid-col-tablet-1 grid-col-mobile-1 jet-listing-grid--34\" data-queried-id=\"292|WP_Post\" data-nav=\"{&quot;enabled&quot;:false,&quot;type&quot;:null,&quot;more_el&quot;:null,&quot;query&quot;:[],&quot;widget_settings&quot;:{&quot;lisitng_id&quot;:34,&quot;posts_num&quot;:12,&quot;columns&quot;:1,&quot;columns_tablet&quot;:1,&quot;columns_mobile&quot;:1,&quot;is_archive_template&quot;:&quot;&quot;,&quot;post_status&quot;:[&quot;publish&quot;],&quot;use_random_posts_num&quot;:&quot;&quot;,&quot;max_posts_num&quot;:9,&quot;not_found_message&quot;:&quot;Nenhum item encontrado.&quot;,&quot;is_masonry&quot;:false,&quot;equal_columns_height&quot;:&quot;&quot;,&quot;use_load_more&quot;:&quot;&quot;,&quot;load_more_id&quot;:&quot;&quot;,&quot;load_more_type&quot;:&quot;click&quot;,&quot;load_more_offset&quot;:{&quot;unit&quot;:&quot;px&quot;,&quot;size&quot;:0,&quot;sizes&quot;:[]},&quot;use_custom_post_types&quot;:&quot;yes&quot;,&quot;custom_post_types&quot;:[&quot;patrimonios&quot;],&quot;hide_widget_if&quot;:&quot;&quot;,&quot;carousel_enabled&quot;:&quot;&quot;,&quot;slides_to_scroll&quot;:&quot;1&quot;,&quot;arrows&quot;:&quot;true&quot;,&quot;arrow_icon&quot;:&quot;fa fa-angle-left&quot;,&quot;dots&quot;:&quot;&quot;,&quot;autoplay&quot;:&quot;true&quot;,&quot;pause_on_hover&quot;:&quot;true&quot;,&quot;autoplay_speed&quot;:5000,&quot;infinite&quot;:&quot;true&quot;,&quot;center_mode&quot;:&quot;&quot;,&quot;effect&quot;:&quot;slide&quot;,&quot;speed&quot;:500,&quot;inject_alternative_items&quot;:&quot;&quot;,&quot;injection_items&quot;:[],&quot;scroll_slider_enabled&quot;:&quot;&quot;,&quot;scroll_slider_on&quot;:[&quot;desktop&quot;,&quot;tablet&quot;,&quot;mobile&quot;],&quot;custom_query&quot;:false,&quot;custom_query_id&quot;:&quot;&quot;,&quot;_element_id&quot;:&quot;patrimonios&quot;}}\" data-page=\"1\" data-pages=\"1\" data-listing-source=\"posts\" data-listing-id=\"34\" data-query-id=\"\"><div class=\"jet-listing-grid__item jet-listing-dynamic-post-287\" data-post-id=\"287\" >\t\t<div data-elementor-type=\"jet-listing-items\" data-elementor-id=\"34\" class=\"elementor elementor-34\" data-elementor-post-type=\"jet-engine\">\n\t\t\t\t\t\t<section class=\"elementor-section elementor-top-section elementor-element elementor-element-2530702 elementor-section-full_width elementor-section-height-default elementor-section-height-default\" data-id=\"2530702\" data-element_type=\"section\">\n\t\t\t\t\t\t<div class=\"elementor-container elementor-column-gap-default\">\n\t\t\t\t\t<div class=\"elementor-column elementor-col-100 elementor-top-column elementor-element elementor-element-0e6816c\" data-id=\"0e6816c\" data-element_type=\"column\">\n\t\t\t<div class=\"elementor-widget-wrap elementor-element-populated\">\n\t\t\t\t\t\t<div class=\"elementor-element elementor-element-0d49399 jedv-enabled--yes elementor-widget elementor-widget-jet-dynamic-table\" data-id=\"0d49399\" data-element_type=\"widget\" data-widget_type=\"jet-dynamic-table.default\">\n\t\t\t\t<div class=\"elementor-widget-container\">\n\t\t\t<style><\/style><div class=\"jet-dynamic-table-wrapper\" style=\"max-width: 100%; overflow: auto;\"><table class=\"jet-dynamic-table\" data-table-id=\"4\" data-query-id=\"2\"><thead class=\"jet-dynamic-table__header\"><tr class=\"jet-dynamic-table__row jet-dynamic-table__row--header\" ><th class=\"jet-dynamic-table__col jet-dynamic-table__col--npatrimonio\" >N\u00ba Patrimonio<\/th><th class=\"jet-dynamic-table__col jet-dynamic-table__col--qtd\" >Qtd.<\/th><th class=\"jet-dynamic-table__col jet-dynamic-table__col--descrio\" >Descri\u00e7\u00e3o<\/th><th class=\"jet-dynamic-table__col jet-dynamic-table__col--modelo\" >Modelo<\/th><th class=\"jet-dynamic-table__col jet-dynamic-table__col--placasrie\" >Placa\/S\u00e9rie<\/th><th class=\"jet-dynamic-table__col jet-dynamic-table__col--marca\" >Marca<\/th><th class=\"jet-dynamic-table__col jet-dynamic-table__col--anofabricao\" >Ano Fabrica\u00e7\u00e3o<\/th><th class=\"jet-dynamic-table__col jet-dynamic-table__col--anomodelo\" >Ano Modelo<\/th><th class=\"jet-dynamic-table__col jet-dynamic-table__col--grupoativofixo\" >Grupo Ativo Fixo<\/th><th class=\"jet-dynamic-table__col jet-dynamic-table__col--entrada\" >Entrada<\/th><th class=\"jet-dynamic-table__col jet-dynamic-table__col--lanamentosistema\" >Lan\u00e7amento Sistema<\/th><th class=\"jet-dynamic-table__col jet-dynamic-table__col--dataaquisio\" >Data Aquisi\u00e7\u00e3o<\/th><th class=\"jet-dynamic-table__col jet-dynamic-table__col--valoraquisio\" >Valor Aquisi\u00e7\u00e3o<\/th><th class=\"jet-dynamic-table__col jet-dynamic-table__col--docaquisio\" >Doc. Aquisi\u00e7\u00e3o<\/th><th class=\"jet-dynamic-table__col jet-dynamic-table__col--situao\" >Situa\u00e7\u00e3o<\/th><th class=\"jet-dynamic-table__col jet-dynamic-table__col--datavendabaixa\" >Data Venda\/Baixa<\/th><th class=\"jet-dynamic-table__col jet-dynamic-table__col--docbaixa\" >Doc. Baixa<\/th><th class=\"jet-dynamic-table__col jet-dynamic-table__col--valorvenda\" >Valor Venda<\/th><th class=\"jet-dynamic-table__col jet-dynamic-table__col--obs\" >Obs<\/th><\/tr><\/thead><tbody class=\"jet-dynamic-table__body\"><tr class=\"jet-dynamic-table__row jet-dynamic-table__row--header\" data-item-object=\"287\"><td class=\"jet-dynamic-table__col jet-dynamic-table__col--npatrimonio\" >FAA-1111<\/td><td class=\"jet-dynamic-table__col jet-dynamic-table__col--qtd\" >1500<\/td><td class=\"jet-dynamic-table__col jet-dynamic-table__col--descrio\" >teste<\/td><td class=\"jet-dynamic-table__col jet-dynamic-table__col--modelo\" >teste<\/td><td class=\"jet-dynamic-table__col jet-dynamic-table__col--placasrie\" >teste<\/td><td class=\"jet-dynamic-table__col jet-dynamic-table__col--marca\" >teste<\/td><td class=\"jet-dynamic-table__col jet-dynamic-table__col--anofabricao\" >1111<\/td><td class=\"jet-dynamic-table__col jet-dynamic-table__col--anomodelo\" >1111<\/td><td class=\"jet-dynamic-table__col jet-dynamic-table__col--grupoativofixo\" >teste<\/td><td class=\"jet-dynamic-table__col jet-dynamic-table__col--entrada\" >Sim<\/td><td class=\"jet-dynamic-table__col jet-dynamic-table__col--lanamentosistema\" >Sim<\/td><td class=\"jet-dynamic-table__col jet-dynamic-table__col--dataaquisio\" >111111-11-11<\/td><td class=\"jet-dynamic-table__col jet-dynamic-table__col--valoraquisio\" >111111111<\/td><td class=\"jet-dynamic-table__col jet-dynamic-table__col--docaquisio\" >11111111<\/td><td class=\"jet-dynamic-table__col jet-dynamic-table__col--situao\" >1111111111111111<\/td><td class=\"jet-dynamic-table__col jet-dynamic-table__col--datavendabaixa\" >111111-11-11<\/td><td class=\"jet-dynamic-table__col jet-dynamic-table__col--docbaixa\" >111111111111111<\/td><td class=\"jet-dynamic-table__col jet-dynamic-table__col--valorvenda\" >1111111111111111111<\/td><td class=\"jet-dynamic-table__col jet-dynamic-table__col--obs\" >11111111111111111111<\/td><\/tr><\/tbody><\/table><\/div>\t\t<\/div>\n\t\t\t\t<\/div>\n\t\t\t\t\t<\/div>\n\t\t<\/div>\n\t\t\t\t\t<\/div>\n\t\t<\/section>\n\t\t\t\t<\/div>\n\t\t<\/div><\/div><\/div>\t\t<\/div>\n\t\t\t\t<\/div>\n\t\t\t\t\t<\/div>\n\t\t<\/div>\n\t\t\t\t\t<\/div>\n\t\t<\/section>\n\t\t\t\t\t<\/div>\n\t\t<\/div>\n\t\t\t\t\t<\/div>\n\t\t<\/section>\n\t\t\t\t<\/div>\n\t\t","protected":false},"excerpt":{"rendered":"<p>Consulta de Patrim\u00f4nios Gerar PDF dos Resultados N\u00ba Patrimonio Qtd. Descri\u00e7\u00e3o Modelo Placa\/S\u00e9rie Marca Ano Fabrica\u00e7\u00e3o Ano Modelo Grupo Ativo Fixo Entrada Lan\u00e7amento Sistema Data Aquisi\u00e7\u00e3o Valor Aquisi\u00e7\u00e3o Doc. Aquisi\u00e7\u00e3o Situa\u00e7\u00e3o Data Venda\/Baixa Doc. Baixa Valor Venda Obs Edi\u00e7\u00e3o FAA-1111 1500 teste teste teste teste 1111 1111 teste Sim Sim 111111-11-11 111111111 11111111 1111111111111111 111111-11-11 [&hellip;]<\/p>\n","protected":false},"author":1,"featured_media":0,"parent":0,"menu_order":0,"comment_status":"closed","ping_status":"closed","template":"","meta":{"footnotes":""},"class_list":["post-292","page","type-page","status-publish","hentry"],"_links":{"self":[{"href":"https:\/\/pulzohost.com.br\/clientes\/sistema_fortaleza\/wp-json\/wp\/v2\/pages\/292","targetHints":{"allow":["GET"]}}],"collection":[{"href":"https:\/\/pulzohost.com.br\/clientes\/sistema_fortaleza\/wp-json\/wp\/v2\/pages"}],"about":[{"href":"https:\/\/pulzohost.com.br\/clientes\/sistema_fortaleza\/wp-json\/wp\/v2\/types\/page"}],"author":[{"embeddable":true,"href":"https:\/\/pulzohost.com.br\/clientes\/sistema_fortaleza\/wp-json\/wp\/v2\/users\/1"}],"replies":[{"embeddable":true,"href":"https:\/\/pulzohost.com.br\/clientes\/sistema_fortaleza\/wp-json\/wp\/v2\/comments?post=292"}],"version-history":[{"count":22,"href":"https:\/\/pulzohost.com.br\/clientes\/sistema_fortaleza\/wp-json\/wp\/v2\/pages\/292\/revisions"}],"predecessor-version":[{"id":341,"href":"https:\/\/pulzohost.com.br\/clientes\/sistema_fortaleza\/wp-json\/wp\/v2\/pages\/292\/revisions\/341"}],"wp:attachment":[{"href":"https:\/\/pulzohost.com.br\/clientes\/sistema_fortaleza\/wp-json\/wp\/v2\/media?parent=292"}],"curies":[{"name":"wp","href":"https:\/\/api.w.org\/{rel}","templated":true}]}}