{"id":980,"date":"2022-12-26T14:47:35","date_gmt":"2022-12-26T14:47:35","guid":{"rendered":"https:\/\/pulzohost.com.br\/clientes\/onoff\/?page_id=980"},"modified":"2023-01-06T10:50:55","modified_gmt":"2023-01-06T10:50:55","slug":"blog","status":"publish","type":"page","link":"https:\/\/pulzohost.com.br\/clientes\/onoff\/blog\/","title":{"rendered":"Blog On Off"},"content":{"rendered":"\t\t<div data-elementor-type=\"wp-page\" data-elementor-id=\"980\" class=\"elementor elementor-980\">\n\t\t\t\t\t\t\t\t\t<section class=\"elementor-section elementor-top-section elementor-element elementor-element-32f1ce44 elementor-section-boxed elementor-section-height-default elementor-section-height-default\" data-id=\"32f1ce44\" data-element_type=\"section\" data-settings=\"{&quot;_ha_eqh_enable&quot;:false}\">\n\t\t\t\t\t\t<div class=\"elementor-container elementor-column-gap-default\">\n\t\t\t\t\t<div class=\"elementor-column elementor-col-100 elementor-top-column elementor-element elementor-element-77fdbabd\" data-id=\"77fdbabd\" data-element_type=\"column\">\n\t\t\t<div class=\"elementor-widget-wrap elementor-element-populated\">\n\t\t\t\t\t\t\t\t<div class=\"elementor-element elementor-element-85fb3b0 elementor-grid-3 elementor-grid-tablet-2 elementor-grid-mobile-1 elementor-posts--thumbnail-top elementor-card-shadow-yes elementor-posts__hover-gradient elementor-widget elementor-widget-posts\" data-id=\"85fb3b0\" data-element_type=\"widget\" data-settings=\"{&quot;cards_masonry&quot;:&quot;yes&quot;,&quot;cards_columns&quot;:&quot;3&quot;,&quot;cards_columns_tablet&quot;:&quot;2&quot;,&quot;cards_columns_mobile&quot;:&quot;1&quot;,&quot;cards_row_gap&quot;:{&quot;unit&quot;:&quot;px&quot;,&quot;size&quot;:35,&quot;sizes&quot;:[]},&quot;cards_row_gap_tablet&quot;:{&quot;unit&quot;:&quot;px&quot;,&quot;size&quot;:&quot;&quot;,&quot;sizes&quot;:[]},&quot;cards_row_gap_mobile&quot;:{&quot;unit&quot;:&quot;px&quot;,&quot;size&quot;:&quot;&quot;,&quot;sizes&quot;:[]}}\" data-widget_type=\"posts.cards\">\n\t\t\t\t<div class=\"elementor-widget-container\">\n\t\t\t<link rel=\"stylesheet\" href=\"https:\/\/pulzohost.com.br\/clientes\/onoff\/wp-content\/plugins\/elementor-pro\/assets\/css\/widget-posts.min.css\">\t\t<div class=\"elementor-posts-container elementor-posts elementor-posts--skin-cards elementor-grid\">\n\t\t\t\t<article class=\"elementor-post elementor-grid-item post-1184 post type-post status-publish format-standard has-post-thumbnail hentry category-blog tag-acoes-promocionais tag-agencia-eventos tag-agencia-eventos-rj tag-agencia-live-marketing tag-agencia-marketing-rio-de-janeiro tag-blog tag-blog-marketing tag-live-marketing tag-press-kits\">\n\t\t\t<div class=\"elementor-post__card\">\n\t\t\t\t<a class=\"elementor-post__thumbnail__link\" href=\"https:\/\/pulzohost.com.br\/clientes\/onoff\/tudo-que-voce-precisa-saber-sobre-live-marketing\/\" ><div class=\"elementor-post__thumbnail\"><img loading=\"lazy\" decoding=\"async\" width=\"800\" height=\"500\" src=\"https:\/\/pulzohost.com.br\/clientes\/onoff\/wp-content\/uploads\/2022\/12\/tudo-que-voce-precisa-saber-sobre-live-marketing.jpg\" class=\"attachment-full size-full\" alt=\"Blog On Off Tudo que voc\u00ea precisa saber sobre Live Marketing\" srcset=\"https:\/\/pulzohost.com.br\/clientes\/onoff\/wp-content\/uploads\/2022\/12\/tudo-que-voce-precisa-saber-sobre-live-marketing.jpg 800w, https:\/\/pulzohost.com.br\/clientes\/onoff\/wp-content\/uploads\/2022\/12\/tudo-que-voce-precisa-saber-sobre-live-marketing-300x188.jpg 300w, https:\/\/pulzohost.com.br\/clientes\/onoff\/wp-content\/uploads\/2022\/12\/tudo-que-voce-precisa-saber-sobre-live-marketing-768x480.jpg 768w\" sizes=\"auto, (max-width: 800px) 100vw, 800px\" \/><\/div><\/a>\n\t\t\t\t<div class=\"elementor-post__text\">\n\t\t\t\t<h3 class=\"elementor-post__title\">\n\t\t\t<a href=\"https:\/\/pulzohost.com.br\/clientes\/onoff\/tudo-que-voce-precisa-saber-sobre-live-marketing\/\" >\n\t\t\t\tTudo que voc\u00ea precisa saber sobre Live Marketing\t\t\t<\/a>\n\t\t<\/h3>\n\t\t\t\t<div class=\"elementor-post__excerpt\">\n\t\t\t<p>No blog On Off de hoje vamos contar para voc\u00eas o que \u00e9, de fato, o Live Marketing e porque essa estrat\u00e9gia deve ser incorporada<\/p>\n\t\t<\/div>\n\t\t\n\t\t<a class=\"elementor-post__read-more\" href=\"https:\/\/pulzohost.com.br\/clientes\/onoff\/tudo-que-voce-precisa-saber-sobre-live-marketing\/\" >\n\t\t\tContinue Lendo \u00bb\t\t<\/a>\n\n\t\t\t\t<\/div>\n\t\t\t\t<div class=\"elementor-post__meta-data\">\n\t\t\t\t\t<span class=\"elementor-post-date\">\n\t\t\tdezembro 27, 2022\t\t<\/span>\n\t\t\t\t<\/div>\n\t\t\t\t\t<\/div>\n\t\t<\/article>\n\t\t\t\t<article class=\"elementor-post elementor-grid-item post-1163 post type-post status-publish format-standard has-post-thumbnail hentry category-blog tag-acao-pdv tag-acao-ponto-de-venda tag-acao-promocional tag-acoes-promocionais tag-agencia-pdv tag-blog tag-blog-marketing tag-live-marketing tag-trial-marketing\">\n\t\t\t<div class=\"elementor-post__card\">\n\t\t\t\t<a class=\"elementor-post__thumbnail__link\" href=\"https:\/\/pulzohost.com.br\/clientes\/onoff\/3-acoes-promocionais-poderosas-no-pdv\/\" ><div class=\"elementor-post__thumbnail\"><img loading=\"lazy\" decoding=\"async\" width=\"800\" height=\"500\" src=\"https:\/\/pulzohost.com.br\/clientes\/onoff\/wp-content\/uploads\/2022\/12\/3-acoes-promocionais-poderosas-pdv.jpg\" class=\"attachment-full size-full\" alt=\"Blog On Off 3 A\u00e7\u00f5es Promocionais Poderosas no PDV\" srcset=\"https:\/\/pulzohost.com.br\/clientes\/onoff\/wp-content\/uploads\/2022\/12\/3-acoes-promocionais-poderosas-pdv.jpg 800w, https:\/\/pulzohost.com.br\/clientes\/onoff\/wp-content\/uploads\/2022\/12\/3-acoes-promocionais-poderosas-pdv-300x188.jpg 300w, https:\/\/pulzohost.com.br\/clientes\/onoff\/wp-content\/uploads\/2022\/12\/3-acoes-promocionais-poderosas-pdv-768x480.jpg 768w\" sizes=\"auto, (max-width: 800px) 100vw, 800px\" \/><\/div><\/a>\n\t\t\t\t<div class=\"elementor-post__text\">\n\t\t\t\t<h3 class=\"elementor-post__title\">\n\t\t\t<a href=\"https:\/\/pulzohost.com.br\/clientes\/onoff\/3-acoes-promocionais-poderosas-no-pdv\/\" >\n\t\t\t\t3 A\u00e7\u00f5es Promocionais Poderosas no PDV\t\t\t<\/a>\n\t\t<\/h3>\n\t\t\t\t<div class=\"elementor-post__excerpt\">\n\t\t\t<p>No artigo de hoje iremos explicar como as a\u00e7\u00f5es promocionais no PDV podem ser uma estrat\u00e9gia importante para conquistar a aten\u00e7\u00e3o do seu p\u00fablico-alvo. Conquistar<\/p>\n\t\t<\/div>\n\t\t\n\t\t<a class=\"elementor-post__read-more\" href=\"https:\/\/pulzohost.com.br\/clientes\/onoff\/3-acoes-promocionais-poderosas-no-pdv\/\" >\n\t\t\tContinue Lendo \u00bb\t\t<\/a>\n\n\t\t\t\t<\/div>\n\t\t\t\t<div class=\"elementor-post__meta-data\">\n\t\t\t\t\t<span class=\"elementor-post-date\">\n\t\t\tdezembro 27, 2022\t\t<\/span>\n\t\t\t\t<\/div>\n\t\t\t\t\t<\/div>\n\t\t<\/article>\n\t\t\t\t<article class=\"elementor-post elementor-grid-item post-1130 post type-post status-publish format-standard has-post-thumbnail hentry category-blog tag-agencia-press-kit tag-blog tag-blog-marketing tag-cases-press-kit tag-cases-press-kits tag-live-marketing tag-marketing tag-press-kit tag-press-kits tag-producao-press-kits\">\n\t\t\t<div class=\"elementor-post__card\">\n\t\t\t\t<a class=\"elementor-post__thumbnail__link\" href=\"https:\/\/pulzohost.com.br\/clientes\/onoff\/porque-incluir-o-press-kit-na-sua-estrategia-de-marketing\/\" ><div class=\"elementor-post__thumbnail\"><img loading=\"lazy\" decoding=\"async\" width=\"800\" height=\"500\" src=\"https:\/\/pulzohost.com.br\/clientes\/onoff\/wp-content\/uploads\/2022\/12\/porque-incluir-press-kits-na-sua-estrategia-de-marketing.jpg\" class=\"attachment-full size-full\" alt=\"Blog On Off Porque incluir o Press Kit na sua Estrat\u00e9gia de Marketing\" srcset=\"https:\/\/pulzohost.com.br\/clientes\/onoff\/wp-content\/uploads\/2022\/12\/porque-incluir-press-kits-na-sua-estrategia-de-marketing.jpg 800w, https:\/\/pulzohost.com.br\/clientes\/onoff\/wp-content\/uploads\/2022\/12\/porque-incluir-press-kits-na-sua-estrategia-de-marketing-300x188.jpg 300w, https:\/\/pulzohost.com.br\/clientes\/onoff\/wp-content\/uploads\/2022\/12\/porque-incluir-press-kits-na-sua-estrategia-de-marketing-768x480.jpg 768w\" sizes=\"auto, (max-width: 800px) 100vw, 800px\" \/><\/div><\/a>\n\t\t\t\t<div class=\"elementor-post__text\">\n\t\t\t\t<h3 class=\"elementor-post__title\">\n\t\t\t<a href=\"https:\/\/pulzohost.com.br\/clientes\/onoff\/porque-incluir-o-press-kit-na-sua-estrategia-de-marketing\/\" >\n\t\t\t\tPorque incluir o Press Kit na sua Estrat\u00e9gia de Marketing\t\t\t<\/a>\n\t\t<\/h3>\n\t\t\t\t<div class=\"elementor-post__excerpt\">\n\t\t\t<p>No blog On Off de hoje vamos listar os principais benef\u00edcios de produzir um press kit para o seu influenciador, e como podemos ajudar nessa<\/p>\n\t\t<\/div>\n\t\t\n\t\t<a class=\"elementor-post__read-more\" href=\"https:\/\/pulzohost.com.br\/clientes\/onoff\/porque-incluir-o-press-kit-na-sua-estrategia-de-marketing\/\" >\n\t\t\tContinue Lendo \u00bb\t\t<\/a>\n\n\t\t\t\t<\/div>\n\t\t\t\t<div class=\"elementor-post__meta-data\">\n\t\t\t\t\t<span class=\"elementor-post-date\">\n\t\t\tdezembro 27, 2022\t\t<\/span>\n\t\t\t\t<\/div>\n\t\t\t\t\t<\/div>\n\t\t<\/article>\n\t\t\t\t<article class=\"elementor-post elementor-grid-item post-1 post type-post status-publish format-standard has-post-thumbnail hentry category-blog tag-blog tag-cases-eventos tag-congressos tag-eventos tag-eventos-corporativos tag-feiras tag-palestras tag-seminarios tag-workshops\">\n\t\t\t<div class=\"elementor-post__card\">\n\t\t\t\t<a class=\"elementor-post__thumbnail__link\" href=\"https:\/\/pulzohost.com.br\/clientes\/onoff\/5-tipos-eventos-corporativos\/\" ><div class=\"elementor-post__thumbnail\"><img loading=\"lazy\" decoding=\"async\" width=\"800\" height=\"500\" src=\"https:\/\/pulzohost.com.br\/clientes\/onoff\/wp-content\/uploads\/2022\/10\/5-tipos-eventos-corporativos.jpg\" class=\"attachment-full size-full\" alt=\"Blog On Off 5 Tipos de Eventos Corporativos\" srcset=\"https:\/\/pulzohost.com.br\/clientes\/onoff\/wp-content\/uploads\/2022\/10\/5-tipos-eventos-corporativos.jpg 800w, https:\/\/pulzohost.com.br\/clientes\/onoff\/wp-content\/uploads\/2022\/10\/5-tipos-eventos-corporativos-300x188.jpg 300w, https:\/\/pulzohost.com.br\/clientes\/onoff\/wp-content\/uploads\/2022\/10\/5-tipos-eventos-corporativos-768x480.jpg 768w\" sizes=\"auto, (max-width: 800px) 100vw, 800px\" \/><\/div><\/a>\n\t\t\t\t<div class=\"elementor-post__text\">\n\t\t\t\t<h3 class=\"elementor-post__title\">\n\t\t\t<a href=\"https:\/\/pulzohost.com.br\/clientes\/onoff\/5-tipos-eventos-corporativos\/\" >\n\t\t\t\t5 Tipos de Eventos Corporativos\t\t\t<\/a>\n\t\t<\/h3>\n\t\t\t\t<div class=\"elementor-post__excerpt\">\n\t\t\t<p>Neste artigo explicamos os 5 tipos de eventos corporativos mais utilizados pela empresas. Confira! 1 &#8211; Semin\u00e1rios S\u00e3o caracterizados por uma sequ\u00eancia de atividades aplicadas<\/p>\n\t\t<\/div>\n\t\t\n\t\t<a class=\"elementor-post__read-more\" href=\"https:\/\/pulzohost.com.br\/clientes\/onoff\/5-tipos-eventos-corporativos\/\" >\n\t\t\tContinue Lendo \u00bb\t\t<\/a>\n\n\t\t\t\t<\/div>\n\t\t\t\t<div class=\"elementor-post__meta-data\">\n\t\t\t\t\t<span class=\"elementor-post-date\">\n\t\t\toutubro 3, 2022\t\t<\/span>\n\t\t\t\t<\/div>\n\t\t\t\t\t<\/div>\n\t\t<\/article>\n\t\t\t\t<\/div>\n\n\n\t\t\n\t\t\t\t<\/div>\n\t\t\t\t<\/div>\n\t\t\t\t\t<\/div>\n\t\t<\/div>\n\t\t\t\t\t\t\t<\/div>\n\t\t<\/section>\n\t\t\t\t\t\t\t<\/div>\n\t\t","protected":false},"excerpt":{"rendered":"","protected":false},"author":1,"featured_media":0,"parent":0,"menu_order":0,"comment_status":"closed","ping_status":"closed","template":"","meta":{"footnotes":""},"class_list":["post-980","page","type-page","status-publish","hentry"],"yoast_head":"<!-- This site is optimized with the Yoast SEO Premium plugin v19.4 (Yoast SEO v19.9) - https:\/\/yoast.com\/wordpress\/plugins\/seo\/ -->\n<title>Blog On Off - Ag\u00eancia ON\/OFF<\/title>\n<meta name=\"description\" content=\"No Blog On Off, compartilhamos tudo o que voc\u00ea precisa saber sobre o mercado de Live Marketing, Eventos e A\u00e7\u00f5es Promocionais.\" \/>\n<meta name=\"robots\" content=\"noindex, follow, max-snippet:-1, max-image-preview:large, max-video-preview:-1\" \/>\n<meta property=\"og:locale\" content=\"pt_BR\" \/>\n<meta property=\"og:type\" content=\"article\" \/>\n<meta property=\"og:title\" content=\"Blog On Off\" \/>\n<meta property=\"og:description\" content=\"No Blog On Off, compartilhamos tudo o que voc\u00ea precisa saber sobre o mercado de Live Marketing, Eventos e A\u00e7\u00f5es Promocionais.\" \/>\n<meta property=\"og:url\" content=\"https:\/\/pulzohost.com.br\/clientes\/onoff\/blog\/\" \/>\n<meta property=\"og:site_name\" content=\"Ag\u00eancia ON\/OFF\" \/>\n<meta property=\"article:modified_time\" content=\"2023-01-06T10:50:55+00:00\" \/>\n<meta name=\"twitter:card\" content=\"summary_large_image\" \/>\n<script type=\"application\/ld+json\" class=\"yoast-schema-graph\">{\"@context\":\"https:\/\/schema.org\",\"@graph\":[{\"@type\":\"WebPage\",\"@id\":\"https:\/\/pulzohost.com.br\/clientes\/onoff\/blog\/\",\"url\":\"https:\/\/pulzohost.com.br\/clientes\/onoff\/blog\/\",\"name\":\"Blog On Off - Ag\u00eancia ON\/OFF\",\"isPartOf\":{\"@id\":\"https:\/\/pulzohost.com.br\/clientes\/onoff\/#website\"},\"datePublished\":\"2022-12-26T14:47:35+00:00\",\"dateModified\":\"2023-01-06T10:50:55+00:00\",\"description\":\"No Blog On Off, compartilhamos tudo o que voc\u00ea precisa saber sobre o mercado de Live Marketing, Eventos e A\u00e7\u00f5es Promocionais.\",\"breadcrumb\":{\"@id\":\"https:\/\/pulzohost.com.br\/clientes\/onoff\/blog\/#breadcrumb\"},\"inLanguage\":\"pt-BR\",\"potentialAction\":[{\"@type\":\"ReadAction\",\"target\":[\"https:\/\/pulzohost.com.br\/clientes\/onoff\/blog\/\"]}]},{\"@type\":\"BreadcrumbList\",\"@id\":\"https:\/\/pulzohost.com.br\/clientes\/onoff\/blog\/#breadcrumb\",\"itemListElement\":[{\"@type\":\"ListItem\",\"position\":1,\"name\":\"In\u00edcio\",\"item\":\"https:\/\/pulzohost.com.br\/clientes\/onoff\/\"},{\"@type\":\"ListItem\",\"position\":2,\"name\":\"Blog On Off\"}]},{\"@type\":\"WebSite\",\"@id\":\"https:\/\/pulzohost.com.br\/clientes\/onoff\/#website\",\"url\":\"https:\/\/pulzohost.com.br\/clientes\/onoff\/\",\"name\":\"Ag\u00eancia ON\/OFF\",\"description\":\"Site\",\"potentialAction\":[{\"@type\":\"SearchAction\",\"target\":{\"@type\":\"EntryPoint\",\"urlTemplate\":\"https:\/\/pulzohost.com.br\/clientes\/onoff\/?s={search_term_string}\"},\"query-input\":\"required name=search_term_string\"}],\"inLanguage\":\"pt-BR\"}]}<\/script>\n<!-- \/ Yoast SEO Premium plugin. -->","yoast_head_json":{"title":"Blog On Off - Ag\u00eancia ON\/OFF","description":"No Blog On Off, compartilhamos tudo o que voc\u00ea precisa saber sobre o mercado de Live Marketing, Eventos e A\u00e7\u00f5es Promocionais.","robots":{"index":"noindex","follow":"follow","max-snippet":"max-snippet:-1","max-image-preview":"max-image-preview:large","max-video-preview":"max-video-preview:-1"},"og_locale":"pt_BR","og_type":"article","og_title":"Blog On Off","og_description":"No Blog On Off, compartilhamos tudo o que voc\u00ea precisa saber sobre o mercado de Live Marketing, Eventos e A\u00e7\u00f5es Promocionais.","og_url":"https:\/\/pulzohost.com.br\/clientes\/onoff\/blog\/","og_site_name":"Ag\u00eancia ON\/OFF","article_modified_time":"2023-01-06T10:50:55+00:00","twitter_card":"summary_large_image","schema":{"@context":"https:\/\/schema.org","@graph":[{"@type":"WebPage","@id":"https:\/\/pulzohost.com.br\/clientes\/onoff\/blog\/","url":"https:\/\/pulzohost.com.br\/clientes\/onoff\/blog\/","name":"Blog On Off - Ag\u00eancia ON\/OFF","isPartOf":{"@id":"https:\/\/pulzohost.com.br\/clientes\/onoff\/#website"},"datePublished":"2022-12-26T14:47:35+00:00","dateModified":"2023-01-06T10:50:55+00:00","description":"No Blog On Off, compartilhamos tudo o que voc\u00ea precisa saber sobre o mercado de Live Marketing, Eventos e A\u00e7\u00f5es Promocionais.","breadcrumb":{"@id":"https:\/\/pulzohost.com.br\/clientes\/onoff\/blog\/#breadcrumb"},"inLanguage":"pt-BR","potentialAction":[{"@type":"ReadAction","target":["https:\/\/pulzohost.com.br\/clientes\/onoff\/blog\/"]}]},{"@type":"BreadcrumbList","@id":"https:\/\/pulzohost.com.br\/clientes\/onoff\/blog\/#breadcrumb","itemListElement":[{"@type":"ListItem","position":1,"name":"In\u00edcio","item":"https:\/\/pulzohost.com.br\/clientes\/onoff\/"},{"@type":"ListItem","position":2,"name":"Blog On Off"}]},{"@type":"WebSite","@id":"https:\/\/pulzohost.com.br\/clientes\/onoff\/#website","url":"https:\/\/pulzohost.com.br\/clientes\/onoff\/","name":"Ag\u00eancia ON\/OFF","description":"Site","potentialAction":[{"@type":"SearchAction","target":{"@type":"EntryPoint","urlTemplate":"https:\/\/pulzohost.com.br\/clientes\/onoff\/?s={search_term_string}"},"query-input":"required name=search_term_string"}],"inLanguage":"pt-BR"}]}},"_links":{"self":[{"href":"https:\/\/pulzohost.com.br\/clientes\/onoff\/wp-json\/wp\/v2\/pages\/980","targetHints":{"allow":["GET"]}}],"collection":[{"href":"https:\/\/pulzohost.com.br\/clientes\/onoff\/wp-json\/wp\/v2\/pages"}],"about":[{"href":"https:\/\/pulzohost.com.br\/clientes\/onoff\/wp-json\/wp\/v2\/types\/page"}],"author":[{"embeddable":true,"href":"https:\/\/pulzohost.com.br\/clientes\/onoff\/wp-json\/wp\/v2\/users\/1"}],"replies":[{"embeddable":true,"href":"https:\/\/pulzohost.com.br\/clientes\/onoff\/wp-json\/wp\/v2\/comments?post=980"}],"version-history":[{"count":1,"href":"https:\/\/pulzohost.com.br\/clientes\/onoff\/wp-json\/wp\/v2\/pages\/980\/revisions"}],"predecessor-version":[{"id":1965,"href":"https:\/\/pulzohost.com.br\/clientes\/onoff\/wp-json\/wp\/v2\/pages\/980\/revisions\/1965"}],"wp:attachment":[{"href":"https:\/\/pulzohost.com.br\/clientes\/onoff\/wp-json\/wp\/v2\/media?parent=980"}],"curies":[{"name":"wp","href":"https:\/\/api.w.org\/{rel}","templated":true}]}}