{"id":167,"date":"2024-01-09T23:45:47","date_gmt":"2024-01-09T23:45:47","guid":{"rendered":"https:\/\/pulzohost.com.br\/clientes\/netfi\/?page_id=167"},"modified":"2024-01-22T15:38:07","modified_gmt":"2024-01-22T15:38:07","slug":"quem-somos","status":"publish","type":"page","link":"https:\/\/pulzohost.com.br\/clientes\/netfi\/quem-somos\/","title":{"rendered":"Quem Somos"},"content":{"rendered":"\t\t<div data-elementor-type=\"wp-page\" data-elementor-id=\"167\" class=\"elementor elementor-167\" data-elementor-post-type=\"page\">\n\t\t\t\t\t\t\t\t\t<section class=\"elementor-section elementor-top-section elementor-element elementor-element-a04f835 elementor-section-boxed elementor-section-height-default elementor-section-height-default\" data-id=\"a04f835\" data-element_type=\"section\" data-settings=\"{&quot;background_background&quot;:&quot;classic&quot;}\">\n\t\t\t\t\t\t<div class=\"elementor-container elementor-column-gap-default\">\n\t\t\t\t\t<div class=\"elementor-column elementor-col-100 elementor-top-column elementor-element elementor-element-3faa11f\" data-id=\"3faa11f\" data-element_type=\"column\">\n\t\t\t<div class=\"elementor-widget-wrap elementor-element-populated\">\n\t\t\t\t\t\t\t\t<div class=\"elementor-element elementor-element-d4b99e9 elementor-widget elementor-widget-heading\" data-id=\"d4b99e9\" data-element_type=\"widget\" data-widget_type=\"heading.default\">\n\t\t\t\t<div class=\"elementor-widget-container\">\n\t\t\t<style>\/*! elementor - v3.18.0 - 20-12-2023 *\/\n.elementor-heading-title{padding:0;margin:0;line-height:1}.elementor-widget-heading .elementor-heading-title[class*=elementor-size-]>a{color:inherit;font-size:inherit;line-height:inherit}.elementor-widget-heading .elementor-heading-title.elementor-size-small{font-size:15px}.elementor-widget-heading .elementor-heading-title.elementor-size-medium{font-size:19px}.elementor-widget-heading .elementor-heading-title.elementor-size-large{font-size:29px}.elementor-widget-heading .elementor-heading-title.elementor-size-xl{font-size:39px}.elementor-widget-heading .elementor-heading-title.elementor-size-xxl{font-size:59px}<\/style><h1 class=\"elementor-heading-title elementor-size-default\">Quem Somos<\/h1>\t\t<\/div>\n\t\t\t\t<\/div>\n\t\t\t\t\t<\/div>\n\t\t<\/div>\n\t\t\t\t\t\t\t<\/div>\n\t\t<\/section>\n\t\t\t\t<section class=\"elementor-section elementor-top-section elementor-element elementor-element-da30e09 elementor-section-boxed elementor-section-height-default elementor-section-height-default\" data-id=\"da30e09\" data-element_type=\"section\" data-settings=\"{&quot;background_background&quot;:&quot;classic&quot;}\">\n\t\t\t\t\t\t<div class=\"elementor-container elementor-column-gap-default\">\n\t\t\t\t\t<div class=\"elementor-column elementor-col-50 elementor-top-column elementor-element elementor-element-37be219\" data-id=\"37be219\" data-element_type=\"column\">\n\t\t\t<div class=\"elementor-widget-wrap elementor-element-populated\">\n\t\t\t\t\t\t\t\t<div class=\"elementor-element elementor-element-6ad0c5d elementor-widget elementor-widget-image\" data-id=\"6ad0c5d\" data-element_type=\"widget\" data-widget_type=\"image.default\">\n\t\t\t\t<div class=\"elementor-widget-container\">\n\t\t\t<style>\/*! elementor - v3.18.0 - 20-12-2023 *\/\n.elementor-widget-image{text-align:center}.elementor-widget-image a{display:inline-block}.elementor-widget-image a img[src$=\".svg\"]{width:48px}.elementor-widget-image img{vertical-align:middle;display:inline-block}<\/style>\t\t\t\t\t\t\t\t\t\t\t\t<img fetchpriority=\"high\" decoding=\"async\" width=\"662\" height=\"1213\" src=\"https:\/\/pulzohost.com.br\/clientes\/netfi\/wp-content\/uploads\/2024\/01\/img-quem-somos.png\" class=\"attachment-full size-full wp-image-597\" alt=\"\" srcset=\"https:\/\/pulzohost.com.br\/clientes\/netfi\/wp-content\/uploads\/2024\/01\/img-quem-somos.png 662w, https:\/\/pulzohost.com.br\/clientes\/netfi\/wp-content\/uploads\/2024\/01\/img-quem-somos-164x300.png 164w, https:\/\/pulzohost.com.br\/clientes\/netfi\/wp-content\/uploads\/2024\/01\/img-quem-somos-559x1024.png 559w\" sizes=\"(max-width: 662px) 100vw, 662px\" \/>\t\t\t\t\t\t\t\t\t\t\t\t\t\t\t<\/div>\n\t\t\t\t<\/div>\n\t\t\t\t\t<\/div>\n\t\t<\/div>\n\t\t\t\t<div class=\"elementor-column elementor-col-50 elementor-top-column elementor-element elementor-element-2d51838\" data-id=\"2d51838\" data-element_type=\"column\">\n\t\t\t<div class=\"elementor-widget-wrap elementor-element-populated\">\n\t\t\t\t\t\t\t\t<div class=\"elementor-element elementor-element-a64e092 elementor-widget elementor-widget-heading\" data-id=\"a64e092\" data-element_type=\"widget\" data-widget_type=\"heading.default\">\n\t\t\t\t<div class=\"elementor-widget-container\">\n\t\t\t<h2 class=\"elementor-heading-title elementor-size-default\">QUEM SOMOS E NOSSA HIST\u00d3RIA<\/h2>\t\t<\/div>\n\t\t\t\t<\/div>\n\t\t\t\t<div class=\"elementor-element elementor-element-d18d677 elementor-widget elementor-widget-text-editor\" data-id=\"d18d677\" data-element_type=\"widget\" data-widget_type=\"text-editor.default\">\n\t\t\t\t<div class=\"elementor-widget-container\">\n\t\t\t<style>\/*! elementor - v3.18.0 - 20-12-2023 *\/\n.elementor-widget-text-editor.elementor-drop-cap-view-stacked .elementor-drop-cap{background-color:#69727d;color:#fff}.elementor-widget-text-editor.elementor-drop-cap-view-framed .elementor-drop-cap{color:#69727d;border:3px solid;background-color:transparent}.elementor-widget-text-editor:not(.elementor-drop-cap-view-default) .elementor-drop-cap{margin-top:8px}.elementor-widget-text-editor:not(.elementor-drop-cap-view-default) .elementor-drop-cap-letter{width:1em;height:1em}.elementor-widget-text-editor .elementor-drop-cap{float:left;text-align:center;line-height:1;font-size:50px}.elementor-widget-text-editor .elementor-drop-cap-letter{display:inline-block}<\/style>\t\t\t\t\u201cFundada em agosto de 2013, a Netfi Servi\u00e7os de Comunica\u00e7\u00f5es LTDA \u00e9 o primeiro provedor local de internet na Vila das Belezas e adjacentes. Criada por membros da regi\u00e3o, nossa equipe \u00e9 formada por talentos locais, de la\u00e7os profundos com a comunidade.\n\nNossa jornada pela conectividade come\u00e7ou com antena, seguida pelo cabo UTP, depois com fibra FTTX at\u00e9 alcan\u00e7armos fibra \u00f3ptica de ponta a ponta em 2017, momento este de muito significado e orgulho para a NETFI.\n\nMais do que uma empresa, somos uma fam\u00edlia comprometida em ser o alicerce para um futuro mais conectado, capacitando clientes a atingirem seus objetivos. Nossa evolu\u00e7\u00e3o reflete n\u00e3o apenas avan\u00e7os tecnol\u00f3gicos, mas nossa determina\u00e7\u00e3o em oferecer o melhor para a comunidade. A Netfi permanece como refer\u00eancia, conectando vidas e abrindo portas para\u00a0oportunidades.&#8221;\t\t\t\t\t\t<\/div>\n\t\t\t\t<\/div>\n\t\t\t\t<div class=\"elementor-element elementor-element-8e71bde elementor-widget elementor-widget-heading\" data-id=\"8e71bde\" data-element_type=\"widget\" data-widget_type=\"heading.default\">\n\t\t\t\t<div class=\"elementor-widget-container\">\n\t\t\t<h2 class=\"elementor-heading-title elementor-size-default\">MISS\u00c3O<\/h2>\t\t<\/div>\n\t\t\t\t<\/div>\n\t\t\t\t<div class=\"elementor-element elementor-element-04b2195 elementor-widget elementor-widget-text-editor\" data-id=\"04b2195\" data-element_type=\"widget\" data-widget_type=\"text-editor.default\">\n\t\t\t\t<div class=\"elementor-widget-container\">\n\t\t\t\t\t\t\t<p>Nossa miss\u00e3o \u00e9 conectar vidas e elevar o padr\u00e3o de conectividade da regi\u00e3o. Por meio da entrega cont\u00ednua de internet de alta performance via fibra \u00f3ptica, proporcionamos acesso r\u00e1pido, confi\u00e1vel e transformador a todos os lares e neg\u00f3cios, impulsionando o potencial de conex\u00e3o e inova\u00e7\u00e3o em nossa comunidade.<\/p>\t\t\t\t\t\t<\/div>\n\t\t\t\t<\/div>\n\t\t\t\t<div class=\"elementor-element elementor-element-c544016 elementor-widget elementor-widget-heading\" data-id=\"c544016\" data-element_type=\"widget\" data-widget_type=\"heading.default\">\n\t\t\t\t<div class=\"elementor-widget-container\">\n\t\t\t<h2 class=\"elementor-heading-title elementor-size-default\">VIS\u00c3O<\/h2>\t\t<\/div>\n\t\t\t\t<\/div>\n\t\t\t\t<div class=\"elementor-element elementor-element-b1acd0e elementor-widget elementor-widget-text-editor\" data-id=\"b1acd0e\" data-element_type=\"widget\" data-widget_type=\"text-editor.default\">\n\t\t\t\t<div class=\"elementor-widget-container\">\n\t\t\t\t\t\t\t<p>Ser o provedor de internet refer\u00eancia em conectividade por fibra \u00f3ptica, mantendo nossa posi\u00e7\u00e3o como l\u00edderes na regi\u00e3o e expandindo nossa influ\u00eancia, transformando o modo como as pessoas se conectam e interagem no mundo digital.<\/p>\t\t\t\t\t\t<\/div>\n\t\t\t\t<\/div>\n\t\t\t\t<div class=\"elementor-element elementor-element-f0c0281 elementor-widget elementor-widget-heading\" data-id=\"f0c0281\" data-element_type=\"widget\" data-widget_type=\"heading.default\">\n\t\t\t\t<div class=\"elementor-widget-container\">\n\t\t\t<h2 class=\"elementor-heading-title elementor-size-default\">VALORES<\/h2>\t\t<\/div>\n\t\t\t\t<\/div>\n\t\t\t\t<div class=\"elementor-element elementor-element-0cd5d2d elementor-widget elementor-widget-text-editor\" data-id=\"0cd5d2d\" data-element_type=\"widget\" data-widget_type=\"text-editor.default\">\n\t\t\t\t<div class=\"elementor-widget-container\">\n\t\t\t\t\t\t\t<p>Inova\u00e7\u00e3o Tecnol\u00f3gica: Comprometemo-nos a investir constantemente em tecnologias de \u00faltima gera\u00e7\u00e3o para oferecer aos nossos clientes o acesso mais avan\u00e7ado \u00e0 internet.<br><br>Confiabilidade: Garantimos a confiabilidade e estabilidade de nossa rede, assegurando que nossos clientes tenham uma conex\u00e3o sempre dispon\u00edvel.<\/p>\n<p>Atendimento ao Cliente Excepcional: Valorizamos cada cliente, buscando sempre superar suas expectativas e oferecer um atendimento personalizado e \u00e1gil.<\/p>\n<p>Compromisso com a Comunidade: Estamos comprometidos em fortalecer as comunidades em que operamos, colaborando em iniciativas locais e promovendo o acesso \u00e0 tecnologia para todos.<\/p>\t\t\t\t\t\t<\/div>\n\t\t\t\t<\/div>\n\t\t\t\t\t<\/div>\n\t\t<\/div>\n\t\t\t\t\t\t\t<\/div>\n\t\t<\/section>\n\t\t\t\t\t\t\t<\/div>\n\t\t","protected":false},"excerpt":{"rendered":"<p>QUEM SOMOS E NOSSA HIST\u00d3RIA \u201cFundada em agosto de 2013, a Netfi Servi\u00e7os de Comunica\u00e7\u00f5es LTDA \u00e9 o primeiro provedor local de internet na Vila das Belezas e adjacentes. Criada por membros da regi\u00e3o, nossa equipe \u00e9 formada por talentos locais, de la\u00e7os profundos com a comunidade. Nossa jornada pela conectividade come\u00e7ou com antena, seguida [&hellip;]<\/p>\n","protected":false},"author":1,"featured_media":0,"parent":0,"menu_order":0,"comment_status":"closed","ping_status":"closed","template":"","meta":{"footnotes":""},"class_list":["post-167","page","type-page","status-publish","hentry"],"_links":{"self":[{"href":"https:\/\/pulzohost.com.br\/clientes\/netfi\/wp-json\/wp\/v2\/pages\/167","targetHints":{"allow":["GET"]}}],"collection":[{"href":"https:\/\/pulzohost.com.br\/clientes\/netfi\/wp-json\/wp\/v2\/pages"}],"about":[{"href":"https:\/\/pulzohost.com.br\/clientes\/netfi\/wp-json\/wp\/v2\/types\/page"}],"author":[{"embeddable":true,"href":"https:\/\/pulzohost.com.br\/clientes\/netfi\/wp-json\/wp\/v2\/users\/1"}],"replies":[{"embeddable":true,"href":"https:\/\/pulzohost.com.br\/clientes\/netfi\/wp-json\/wp\/v2\/comments?post=167"}],"version-history":[{"count":40,"href":"https:\/\/pulzohost.com.br\/clientes\/netfi\/wp-json\/wp\/v2\/pages\/167\/revisions"}],"predecessor-version":[{"id":786,"href":"https:\/\/pulzohost.com.br\/clientes\/netfi\/wp-json\/wp\/v2\/pages\/167\/revisions\/786"}],"wp:attachment":[{"href":"https:\/\/pulzohost.com.br\/clientes\/netfi\/wp-json\/wp\/v2\/media?parent=167"}],"curies":[{"name":"wp","href":"https:\/\/api.w.org\/{rel}","templated":true}]}}