{"id":93,"date":"2024-06-26T21:36:30","date_gmt":"2024-06-26T21:36:30","guid":{"rendered":"https:\/\/pulzohost.com.br\/clientes\/kilbra\/?page_id=93"},"modified":"2024-06-26T21:40:32","modified_gmt":"2024-06-26T21:40:32","slug":"quem-somos","status":"publish","type":"page","link":"https:\/\/pulzohost.com.br\/clientes\/kilbra\/quem-somos\/","title":{"rendered":"Quem Somos"},"content":{"rendered":"\t\t<div data-elementor-type=\"wp-page\" data-elementor-id=\"93\" class=\"elementor elementor-93\" data-elementor-post-type=\"page\">\n\t\t\t\t\t\t<section class=\"elementor-section elementor-top-section elementor-element elementor-element-ac063f0 elementor-section-boxed elementor-section-height-default elementor-section-height-default\" data-id=\"ac063f0\" data-element_type=\"section\">\n\t\t\t\t\t\t<div class=\"elementor-container elementor-column-gap-default\">\n\t\t\t\t\t<div class=\"elementor-column elementor-col-50 elementor-top-column elementor-element elementor-element-6fa3ac1\" data-id=\"6fa3ac1\" data-element_type=\"column\">\n\t\t\t<div class=\"elementor-widget-wrap elementor-element-populated\">\n\t\t\t\t\t\t<section class=\"elementor-section elementor-inner-section elementor-element elementor-element-0c1d81e elementor-section-boxed elementor-section-height-default elementor-section-height-default\" data-id=\"0c1d81e\" data-element_type=\"section\">\n\t\t\t\t\t\t<div class=\"elementor-container elementor-column-gap-default\">\n\t\t\t\t\t<div class=\"elementor-column elementor-col-100 elementor-inner-column elementor-element elementor-element-48a8fac\" data-id=\"48a8fac\" data-element_type=\"column\">\n\t\t\t<div class=\"elementor-widget-wrap elementor-element-populated\">\n\t\t\t\t\t\t<div class=\"elementor-element elementor-element-a944e76 elementor-widget elementor-widget-heading\" data-id=\"a944e76\" data-element_type=\"widget\" data-widget_type=\"heading.default\">\n\t\t\t\t<div class=\"elementor-widget-container\">\n\t\t\t<style>\/*! elementor - v3.22.0 - 26-06-2024 *\/\n.elementor-heading-title{padding:0;margin:0;line-height:1}.elementor-widget-heading .elementor-heading-title[class*=elementor-size-]>a{color:inherit;font-size:inherit;line-height:inherit}.elementor-widget-heading .elementor-heading-title.elementor-size-small{font-size:15px}.elementor-widget-heading .elementor-heading-title.elementor-size-medium{font-size:19px}.elementor-widget-heading .elementor-heading-title.elementor-size-large{font-size:29px}.elementor-widget-heading .elementor-heading-title.elementor-size-xl{font-size:39px}.elementor-widget-heading .elementor-heading-title.elementor-size-xxl{font-size:59px}<\/style><h2 class=\"elementor-heading-title elementor-size-default\">QUEM SOMOS<\/h2>\t\t<\/div>\n\t\t\t\t<\/div>\n\t\t\t\t<div class=\"elementor-element elementor-element-e76a078 elementor-widget elementor-widget-heading\" data-id=\"e76a078\" data-element_type=\"widget\" data-widget_type=\"heading.default\">\n\t\t\t\t<div class=\"elementor-widget-container\">\n\t\t\t<h2 class=\"elementor-heading-title elementor-size-default\">H\u00e1 mais de 50 anos sendo <br>refer\u00eancia no ramo da avicultura<\/h2>\t\t<\/div>\n\t\t\t\t<\/div>\n\t\t\t\t\t<\/div>\n\t\t<\/div>\n\t\t\t\t\t<\/div>\n\t\t<\/section>\n\t\t\t\t<div class=\"elementor-element elementor-element-c985345 elementor-widget elementor-widget-text-editor\" data-id=\"c985345\" data-element_type=\"widget\" data-widget_type=\"text-editor.default\">\n\t\t\t\t<div class=\"elementor-widget-container\">\n\t\t\t<style>\/*! elementor - v3.22.0 - 26-06-2024 *\/\n.elementor-widget-text-editor.elementor-drop-cap-view-stacked .elementor-drop-cap{background-color:#69727d;color:#fff}.elementor-widget-text-editor.elementor-drop-cap-view-framed .elementor-drop-cap{color:#69727d;border:3px solid;background-color:transparent}.elementor-widget-text-editor:not(.elementor-drop-cap-view-default) .elementor-drop-cap{margin-top:8px}.elementor-widget-text-editor:not(.elementor-drop-cap-view-default) .elementor-drop-cap-letter{width:1em;height:1em}.elementor-widget-text-editor .elementor-drop-cap{float:left;text-align:center;line-height:1;font-size:50px}.elementor-widget-text-editor .elementor-drop-cap-letter{display:inline-block}<\/style>\t\t\t\t<p>Com mais de 50 anos, a Kilbra mant\u00e9m a refer\u00eancia em seu fundador, Osvaldo Moterani.<\/p><p>Uma hist\u00f3ria que come\u00e7ou em 1970 como um mecanismo de subsist\u00eancia atualmente \u00e9 considerada um par\u00e2metro para o segmento av\u00edcola.<\/p><p>O prestimoso Osvaldo deixou o legado aos filhos: uma empresa com muitos objetivos a serem alcan\u00e7ados.<\/p><p>Logo os 4 irm\u00e3os, com perseveran\u00e7a e uni\u00e3o, investiram e transformaram a Kilbra. Paulo, Jos\u00e9, Roberto e Fl\u00e1vio foram, e ainda s\u00e3o, respons\u00e1veis pelo caminho glorioso que a empresa vem seguindo.<\/p>\t\t\t\t\t\t<\/div>\n\t\t\t\t<\/div>\n\t\t\t\t\t<\/div>\n\t\t<\/div>\n\t\t\t\t<div class=\"elementor-column elementor-col-50 elementor-top-column elementor-element elementor-element-04c679a\" data-id=\"04c679a\" data-element_type=\"column\">\n\t\t\t<div class=\"elementor-widget-wrap elementor-element-populated\">\n\t\t\t\t\t\t<div class=\"elementor-element elementor-element-c9ce87d elementor-widget elementor-widget-image\" data-id=\"c9ce87d\" data-element_type=\"widget\" data-widget_type=\"image.default\">\n\t\t\t\t<div class=\"elementor-widget-container\">\n\t\t\t<style>\/*! elementor - v3.22.0 - 26-06-2024 *\/\n.elementor-widget-image{text-align:center}.elementor-widget-image a{display:inline-block}.elementor-widget-image a img[src$=\".svg\"]{width:48px}.elementor-widget-image img{vertical-align:middle;display:inline-block}<\/style>\t\t\t\t\t\t\t\t\t\t<img fetchpriority=\"high\" decoding=\"async\" width=\"475\" height=\"437\" src=\"https:\/\/pulzohost.com.br\/clientes\/kilbra\/wp-content\/uploads\/2024\/06\/kilbra-quemsomos.png\" class=\"attachment-large size-large wp-image-95\" alt=\"\" srcset=\"https:\/\/pulzohost.com.br\/clientes\/kilbra\/wp-content\/uploads\/2024\/06\/kilbra-quemsomos.png 475w, https:\/\/pulzohost.com.br\/clientes\/kilbra\/wp-content\/uploads\/2024\/06\/kilbra-quemsomos-300x276.png 300w\" sizes=\"(max-width: 475px) 100vw, 475px\" \/>\t\t\t\t\t\t\t\t\t\t\t\t\t<\/div>\n\t\t\t\t<\/div>\n\t\t\t\t\t<\/div>\n\t\t<\/div>\n\t\t\t\t\t<\/div>\n\t\t<\/section>\n\t\t\t\t<section class=\"elementor-section elementor-top-section elementor-element elementor-element-670ce7a elementor-section-boxed elementor-section-height-default elementor-section-height-default\" data-id=\"670ce7a\" data-element_type=\"section\">\n\t\t\t\t\t\t<div class=\"elementor-container elementor-column-gap-default\">\n\t\t\t\t\t<div class=\"elementor-column elementor-col-100 elementor-top-column elementor-element elementor-element-aed9588\" data-id=\"aed9588\" data-element_type=\"column\">\n\t\t\t<div class=\"elementor-widget-wrap elementor-element-populated\">\n\t\t\t\t\t\t<div class=\"elementor-element elementor-element-c4fc183 elementor-widget elementor-widget-text-editor\" data-id=\"c4fc183\" data-element_type=\"widget\" data-widget_type=\"text-editor.default\">\n\t\t\t\t<div class=\"elementor-widget-container\">\n\t\t\t\t\t\t\t<p>O desejo de inova\u00e7\u00e3o e o esp\u00edrito de lideran\u00e7a s\u00e3o pilares da institui\u00e7\u00e3o. O apoio recebido por uma equipe unificada e sin\u00e9rgica possibilita o desenvolvimento de uma vasta linha de produtos e conquista cada vez mais espa\u00e7o no mercado internacional.<\/p><p>Al\u00e9m de lapidar estrat\u00e9gias a fim de cumprir a miss\u00e3o deixada por Osvaldo.<\/p>\t\t\t\t\t\t<\/div>\n\t\t\t\t<\/div>\n\t\t\t\t\t<\/div>\n\t\t<\/div>\n\t\t\t\t\t<\/div>\n\t\t<\/section>\n\t\t\t\t<section class=\"elementor-section elementor-top-section elementor-element elementor-element-ba86267 elementor-section-boxed elementor-section-height-default elementor-section-height-default\" data-id=\"ba86267\" data-element_type=\"section\">\n\t\t\t\t\t\t<div class=\"elementor-container elementor-column-gap-default\">\n\t\t\t\t\t<div class=\"elementor-column elementor-col-100 elementor-top-column elementor-element elementor-element-7840042\" data-id=\"7840042\" data-element_type=\"column\">\n\t\t\t<div class=\"elementor-widget-wrap elementor-element-populated\">\n\t\t\t\t\t\t<div class=\"elementor-element elementor-element-f8b4705 elementor-widget elementor-widget-image\" data-id=\"f8b4705\" data-element_type=\"widget\" data-widget_type=\"image.default\">\n\t\t\t\t<div class=\"elementor-widget-container\">\n\t\t\t\t\t\t\t\t\t\t\t\t\t<img decoding=\"async\" width=\"800\" height=\"288\" src=\"https:\/\/pulzohost.com.br\/clientes\/kilbra\/wp-content\/uploads\/2024\/06\/kilbra-quemsomos2-1024x369.png\" class=\"attachment-large size-large wp-image-96\" alt=\"\" srcset=\"https:\/\/pulzohost.com.br\/clientes\/kilbra\/wp-content\/uploads\/2024\/06\/kilbra-quemsomos2-1024x369.png 1024w, https:\/\/pulzohost.com.br\/clientes\/kilbra\/wp-content\/uploads\/2024\/06\/kilbra-quemsomos2-300x108.png 300w, https:\/\/pulzohost.com.br\/clientes\/kilbra\/wp-content\/uploads\/2024\/06\/kilbra-quemsomos2-768x277.png 768w, https:\/\/pulzohost.com.br\/clientes\/kilbra\/wp-content\/uploads\/2024\/06\/kilbra-quemsomos2.png 1110w\" sizes=\"(max-width: 800px) 100vw, 800px\" \/>\t\t\t\t\t\t\t\t\t\t\t\t\t<\/div>\n\t\t\t\t<\/div>\n\t\t\t\t\t<\/div>\n\t\t<\/div>\n\t\t\t\t\t<\/div>\n\t\t<\/section>\n\t\t\t\t<\/div>\n\t\t","protected":false},"excerpt":{"rendered":"<p>QUEM SOMOS H\u00e1 mais de 50 anos sendo refer\u00eancia no ramo da avicultura Com mais de 50 anos, a Kilbra mant\u00e9m a refer\u00eancia em seu fundador, Osvaldo Moterani. Uma hist\u00f3ria que come\u00e7ou em 1970 como um mecanismo de subsist\u00eancia atualmente \u00e9 considerada um par\u00e2metro para o segmento av\u00edcola. O prestimoso Osvaldo deixou o legado aos [&hellip;]<\/p>\n","protected":false},"author":1,"featured_media":0,"parent":0,"menu_order":0,"comment_status":"closed","ping_status":"closed","template":"","meta":{"footnotes":""},"class_list":["post-93","page","type-page","status-publish","hentry"],"_links":{"self":[{"href":"https:\/\/pulzohost.com.br\/clientes\/kilbra\/wp-json\/wp\/v2\/pages\/93","targetHints":{"allow":["GET"]}}],"collection":[{"href":"https:\/\/pulzohost.com.br\/clientes\/kilbra\/wp-json\/wp\/v2\/pages"}],"about":[{"href":"https:\/\/pulzohost.com.br\/clientes\/kilbra\/wp-json\/wp\/v2\/types\/page"}],"author":[{"embeddable":true,"href":"https:\/\/pulzohost.com.br\/clientes\/kilbra\/wp-json\/wp\/v2\/users\/1"}],"replies":[{"embeddable":true,"href":"https:\/\/pulzohost.com.br\/clientes\/kilbra\/wp-json\/wp\/v2\/comments?post=93"}],"version-history":[{"count":4,"href":"https:\/\/pulzohost.com.br\/clientes\/kilbra\/wp-json\/wp\/v2\/pages\/93\/revisions"}],"predecessor-version":[{"id":99,"href":"https:\/\/pulzohost.com.br\/clientes\/kilbra\/wp-json\/wp\/v2\/pages\/93\/revisions\/99"}],"wp:attachment":[{"href":"https:\/\/pulzohost.com.br\/clientes\/kilbra\/wp-json\/wp\/v2\/media?parent=93"}],"curies":[{"name":"wp","href":"https:\/\/api.w.org\/{rel}","templated":true}]}}