{"id":170,"date":"2024-07-01T20:02:19","date_gmt":"2024-07-01T20:02:19","guid":{"rendered":"https:\/\/pulzohost.com.br\/clientes\/kilbra\/?page_id=170"},"modified":"2024-07-01T20:27:28","modified_gmt":"2024-07-01T20:27:28","slug":"produtos_","status":"publish","type":"page","link":"https:\/\/pulzohost.com.br\/clientes\/kilbra\/produtos_\/","title":{"rendered":"Produtos"},"content":{"rendered":"\t\t<div data-elementor-type=\"wp-page\" data-elementor-id=\"170\" class=\"elementor elementor-170\" data-elementor-post-type=\"page\">\n\t\t\t\t\t\t<section class=\"elementor-section elementor-top-section elementor-element elementor-element-17bd17c elementor-section-boxed elementor-section-height-default elementor-section-height-default\" data-id=\"17bd17c\" data-element_type=\"section\">\n\t\t\t\t\t\t<div class=\"elementor-container elementor-column-gap-default\">\n\t\t\t\t\t<div class=\"elementor-column elementor-col-50 elementor-top-column elementor-element elementor-element-4a2f5d2\" data-id=\"4a2f5d2\" data-element_type=\"column\">\n\t\t\t<div class=\"elementor-widget-wrap elementor-element-populated\">\n\t\t\t\t\t\t<section class=\"elementor-section elementor-inner-section elementor-element elementor-element-33ef9ed elementor-section-boxed elementor-section-height-default elementor-section-height-default\" data-id=\"33ef9ed\" data-element_type=\"section\">\n\t\t\t\t\t\t<div class=\"elementor-container elementor-column-gap-default\">\n\t\t\t\t\t<div class=\"elementor-column elementor-col-100 elementor-inner-column elementor-element elementor-element-f909fd0\" data-id=\"f909fd0\" data-element_type=\"column\">\n\t\t\t<div class=\"elementor-widget-wrap elementor-element-populated\">\n\t\t\t\t\t\t<div class=\"elementor-element elementor-element-2a4b65c elementor-widget elementor-widget-heading\" data-id=\"2a4b65c\" data-element_type=\"widget\" data-widget_type=\"heading.default\">\n\t\t\t\t<div class=\"elementor-widget-container\">\n\t\t\t<style>\/*! elementor - v3.22.0 - 26-06-2024 *\/\n.elementor-heading-title{padding:0;margin:0;line-height:1}.elementor-widget-heading .elementor-heading-title[class*=elementor-size-]>a{color:inherit;font-size:inherit;line-height:inherit}.elementor-widget-heading .elementor-heading-title.elementor-size-small{font-size:15px}.elementor-widget-heading .elementor-heading-title.elementor-size-medium{font-size:19px}.elementor-widget-heading .elementor-heading-title.elementor-size-large{font-size:29px}.elementor-widget-heading .elementor-heading-title.elementor-size-xl{font-size:39px}.elementor-widget-heading .elementor-heading-title.elementor-size-xxl{font-size:59px}<\/style><h2 class=\"elementor-heading-title elementor-size-default\">PRODUTOS<\/h2>\t\t<\/div>\n\t\t\t\t<\/div>\n\t\t\t\t<div class=\"elementor-element elementor-element-fe67265 elementor-widget elementor-widget-heading\" data-id=\"fe67265\" data-element_type=\"widget\" data-widget_type=\"heading.default\">\n\t\t\t\t<div class=\"elementor-widget-container\">\n\t\t\t<h2 class=\"elementor-heading-title elementor-size-default\">Conhe\u00e7a a qualidade dos <br> nossos produtos<\/h2>\t\t<\/div>\n\t\t\t\t<\/div>\n\t\t\t\t\t<\/div>\n\t\t<\/div>\n\t\t\t\t\t<\/div>\n\t\t<\/section>\n\t\t\t\t\t<\/div>\n\t\t<\/div>\n\t\t\t\t<div class=\"elementor-column elementor-col-50 elementor-top-column elementor-element elementor-element-7666fd0\" data-id=\"7666fd0\" data-element_type=\"column\">\n\t\t\t<div class=\"elementor-widget-wrap\">\n\t\t\t\t\t\t\t<\/div>\n\t\t<\/div>\n\t\t\t\t\t<\/div>\n\t\t<\/section>\n\t\t\t\t<section class=\"elementor-section elementor-top-section elementor-element elementor-element-a4df19e elementor-section-boxed elementor-section-height-default elementor-section-height-default\" data-id=\"a4df19e\" data-element_type=\"section\">\n\t\t\t\t\t\t<div class=\"elementor-container elementor-column-gap-default\">\n\t\t\t\t\t<div class=\"elementor-column elementor-col-25 elementor-top-column elementor-element elementor-element-856e698\" data-id=\"856e698\" data-element_type=\"column\">\n\t\t\t<div class=\"elementor-widget-wrap elementor-element-populated\">\n\t\t\t\t\t\t<section class=\"elementor-section elementor-inner-section elementor-element elementor-element-9e7b37b elementor-section-boxed elementor-section-height-default elementor-section-height-default\" data-id=\"9e7b37b\" data-element_type=\"section\">\n\t\t\t\t\t\t<div class=\"elementor-container elementor-column-gap-default\">\n\t\t\t\t\t<div class=\"elementor-column elementor-col-100 elementor-inner-column elementor-element elementor-element-53b277a\" data-id=\"53b277a\" data-element_type=\"column\" data-settings=\"{&quot;background_background&quot;:&quot;classic&quot;}\">\n\t\t\t<div class=\"elementor-widget-wrap elementor-element-populated\">\n\t\t\t\t\t\t<div class=\"elementor-element elementor-element-0ea3280 elementor-widget elementor-widget-heading\" data-id=\"0ea3280\" data-element_type=\"widget\" data-widget_type=\"heading.default\">\n\t\t\t\t<div class=\"elementor-widget-container\">\n\t\t\t<h2 class=\"elementor-heading-title elementor-size-default\">Postura Comercial e Recria<\/h2>\t\t<\/div>\n\t\t\t\t<\/div>\n\t\t\t\t\t<\/div>\n\t\t<\/div>\n\t\t\t\t\t<\/div>\n\t\t<\/section>\n\t\t\t\t<div class=\"elementor-element elementor-element-9a8e960 elementor-widget elementor-widget-image\" data-id=\"9a8e960\" data-element_type=\"widget\" data-widget_type=\"image.default\">\n\t\t\t\t<div class=\"elementor-widget-container\">\n\t\t\t<style>\/*! elementor - v3.22.0 - 26-06-2024 *\/\n.elementor-widget-image{text-align:center}.elementor-widget-image a{display:inline-block}.elementor-widget-image a img[src$=\".svg\"]{width:48px}.elementor-widget-image img{vertical-align:middle;display:inline-block}<\/style>\t\t\t\t\t\t\t\t\t\t<img fetchpriority=\"high\" decoding=\"async\" width=\"255\" height=\"400\" src=\"https:\/\/pulzohost.com.br\/clientes\/kilbra\/wp-content\/uploads\/2024\/07\/01.png\" class=\"attachment-large size-large wp-image-175\" alt=\"\" srcset=\"https:\/\/pulzohost.com.br\/clientes\/kilbra\/wp-content\/uploads\/2024\/07\/01.png 255w, https:\/\/pulzohost.com.br\/clientes\/kilbra\/wp-content\/uploads\/2024\/07\/01-191x300.png 191w\" sizes=\"(max-width: 255px) 100vw, 255px\" \/>\t\t\t\t\t\t\t\t\t\t\t\t\t<\/div>\n\t\t\t\t<\/div>\n\t\t\t\t\t<\/div>\n\t\t<\/div>\n\t\t\t\t<div class=\"elementor-column elementor-col-25 elementor-top-column elementor-element elementor-element-8a6e6e1\" data-id=\"8a6e6e1\" data-element_type=\"column\">\n\t\t\t<div class=\"elementor-widget-wrap elementor-element-populated\">\n\t\t\t\t\t\t<section class=\"elementor-section elementor-inner-section elementor-element elementor-element-06e3654 elementor-section-boxed elementor-section-height-default elementor-section-height-default\" data-id=\"06e3654\" data-element_type=\"section\">\n\t\t\t\t\t\t<div class=\"elementor-container elementor-column-gap-default\">\n\t\t\t\t\t<div class=\"elementor-column elementor-col-100 elementor-inner-column elementor-element elementor-element-920b183\" data-id=\"920b183\" data-element_type=\"column\" data-settings=\"{&quot;background_background&quot;:&quot;classic&quot;}\">\n\t\t\t<div class=\"elementor-widget-wrap elementor-element-populated\">\n\t\t\t\t\t\t<div class=\"elementor-element elementor-element-012d192 elementor-widget elementor-widget-heading\" data-id=\"012d192\" data-element_type=\"widget\" data-widget_type=\"heading.default\">\n\t\t\t\t<div class=\"elementor-widget-container\">\n\t\t\t<h2 class=\"elementor-heading-title elementor-size-default\">Ninhos <br>Autom\u00e1ticos<\/h2>\t\t<\/div>\n\t\t\t\t<\/div>\n\t\t\t\t\t<\/div>\n\t\t<\/div>\n\t\t\t\t\t<\/div>\n\t\t<\/section>\n\t\t\t\t<div class=\"elementor-element elementor-element-325adb0 elementor-widget elementor-widget-image\" data-id=\"325adb0\" data-element_type=\"widget\" data-widget_type=\"image.default\">\n\t\t\t\t<div class=\"elementor-widget-container\">\n\t\t\t\t\t\t\t\t\t\t\t\t\t<img decoding=\"async\" width=\"255\" height=\"400\" src=\"https:\/\/pulzohost.com.br\/clientes\/kilbra\/wp-content\/uploads\/2024\/07\/002.png\" class=\"attachment-large size-large wp-image-206\" alt=\"\" srcset=\"https:\/\/pulzohost.com.br\/clientes\/kilbra\/wp-content\/uploads\/2024\/07\/002.png 255w, https:\/\/pulzohost.com.br\/clientes\/kilbra\/wp-content\/uploads\/2024\/07\/002-191x300.png 191w\" sizes=\"(max-width: 255px) 100vw, 255px\" \/>\t\t\t\t\t\t\t\t\t\t\t\t\t<\/div>\n\t\t\t\t<\/div>\n\t\t\t\t\t<\/div>\n\t\t<\/div>\n\t\t\t\t<div class=\"elementor-column elementor-col-25 elementor-top-column elementor-element elementor-element-2ae7697\" data-id=\"2ae7697\" data-element_type=\"column\">\n\t\t\t<div class=\"elementor-widget-wrap elementor-element-populated\">\n\t\t\t\t\t\t<section class=\"elementor-section elementor-inner-section elementor-element elementor-element-5b7fa2c elementor-section-boxed elementor-section-height-default elementor-section-height-default\" data-id=\"5b7fa2c\" data-element_type=\"section\">\n\t\t\t\t\t\t<div class=\"elementor-container elementor-column-gap-default\">\n\t\t\t\t\t<div class=\"elementor-column elementor-col-100 elementor-inner-column elementor-element elementor-element-e2f4cd2\" data-id=\"e2f4cd2\" data-element_type=\"column\" data-settings=\"{&quot;background_background&quot;:&quot;classic&quot;}\">\n\t\t\t<div class=\"elementor-widget-wrap elementor-element-populated\">\n\t\t\t\t\t\t<div class=\"elementor-element elementor-element-2a563f2 elementor-widget elementor-widget-heading\" data-id=\"2a563f2\" data-element_type=\"widget\" data-widget_type=\"heading.default\">\n\t\t\t\t<div class=\"elementor-widget-container\">\n\t\t\t<h2 class=\"elementor-heading-title elementor-size-default\">M\u00e1quinas de secagem de esterco<\/h2>\t\t<\/div>\n\t\t\t\t<\/div>\n\t\t\t\t\t<\/div>\n\t\t<\/div>\n\t\t\t\t\t<\/div>\n\t\t<\/section>\n\t\t\t\t<div class=\"elementor-element elementor-element-c927d65 elementor-widget elementor-widget-image\" data-id=\"c927d65\" data-element_type=\"widget\" data-widget_type=\"image.default\">\n\t\t\t\t<div class=\"elementor-widget-container\">\n\t\t\t\t\t\t\t\t\t\t\t\t\t<img decoding=\"async\" width=\"255\" height=\"400\" src=\"https:\/\/pulzohost.com.br\/clientes\/kilbra\/wp-content\/uploads\/2024\/07\/003.png\" class=\"attachment-large size-large wp-image-210\" alt=\"\" srcset=\"https:\/\/pulzohost.com.br\/clientes\/kilbra\/wp-content\/uploads\/2024\/07\/003.png 255w, https:\/\/pulzohost.com.br\/clientes\/kilbra\/wp-content\/uploads\/2024\/07\/003-191x300.png 191w\" sizes=\"(max-width: 255px) 100vw, 255px\" \/>\t\t\t\t\t\t\t\t\t\t\t\t\t<\/div>\n\t\t\t\t<\/div>\n\t\t\t\t\t<\/div>\n\t\t<\/div>\n\t\t\t\t<div class=\"elementor-column elementor-col-25 elementor-top-column elementor-element elementor-element-970b432\" data-id=\"970b432\" data-element_type=\"column\">\n\t\t\t<div class=\"elementor-widget-wrap elementor-element-populated\">\n\t\t\t\t\t\t<section class=\"elementor-section elementor-inner-section elementor-element elementor-element-4b7598b elementor-section-boxed elementor-section-height-default elementor-section-height-default\" data-id=\"4b7598b\" data-element_type=\"section\">\n\t\t\t\t\t\t<div class=\"elementor-container elementor-column-gap-default\">\n\t\t\t\t\t<div class=\"elementor-column elementor-col-100 elementor-inner-column elementor-element elementor-element-96cd5e9\" data-id=\"96cd5e9\" data-element_type=\"column\" data-settings=\"{&quot;background_background&quot;:&quot;classic&quot;}\">\n\t\t\t<div class=\"elementor-widget-wrap elementor-element-populated\">\n\t\t\t\t\t\t<div class=\"elementor-element elementor-element-06f2b46 elementor-widget elementor-widget-heading\" data-id=\"06f2b46\" data-element_type=\"widget\" data-widget_type=\"heading.default\">\n\t\t\t\t<div class=\"elementor-widget-container\">\n\t\t\t<h2 class=\"elementor-heading-title elementor-size-default\">Pe\u00e7as e<br>Reposi\u00e7\u00e3o<\/h2>\t\t<\/div>\n\t\t\t\t<\/div>\n\t\t\t\t\t<\/div>\n\t\t<\/div>\n\t\t\t\t\t<\/div>\n\t\t<\/section>\n\t\t\t\t<div class=\"elementor-element elementor-element-b04e2fe elementor-widget elementor-widget-image\" data-id=\"b04e2fe\" data-element_type=\"widget\" data-widget_type=\"image.default\">\n\t\t\t\t<div class=\"elementor-widget-container\">\n\t\t\t\t\t\t\t\t\t\t\t\t\t<img loading=\"lazy\" decoding=\"async\" width=\"255\" height=\"400\" src=\"https:\/\/pulzohost.com.br\/clientes\/kilbra\/wp-content\/uploads\/2024\/07\/004.png\" class=\"attachment-large size-large wp-image-211\" alt=\"\" srcset=\"https:\/\/pulzohost.com.br\/clientes\/kilbra\/wp-content\/uploads\/2024\/07\/004.png 255w, https:\/\/pulzohost.com.br\/clientes\/kilbra\/wp-content\/uploads\/2024\/07\/004-191x300.png 191w\" sizes=\"(max-width: 255px) 100vw, 255px\" \/>\t\t\t\t\t\t\t\t\t\t\t\t\t<\/div>\n\t\t\t\t<\/div>\n\t\t\t\t\t<\/div>\n\t\t<\/div>\n\t\t\t\t\t<\/div>\n\t\t<\/section>\n\t\t\t\t<\/div>\n\t\t","protected":false},"excerpt":{"rendered":"<p>PRODUTOS Conhe\u00e7a a qualidade dos nossos produtos Postura Comercial e Recria Ninhos Autom\u00e1ticos M\u00e1quinas de secagem de esterco Pe\u00e7as eReposi\u00e7\u00e3o<\/p>\n","protected":false},"author":1,"featured_media":0,"parent":0,"menu_order":0,"comment_status":"closed","ping_status":"closed","template":"","meta":{"footnotes":""},"class_list":["post-170","page","type-page","status-publish","hentry"],"_links":{"self":[{"href":"https:\/\/pulzohost.com.br\/clientes\/kilbra\/wp-json\/wp\/v2\/pages\/170","targetHints":{"allow":["GET"]}}],"collection":[{"href":"https:\/\/pulzohost.com.br\/clientes\/kilbra\/wp-json\/wp\/v2\/pages"}],"about":[{"href":"https:\/\/pulzohost.com.br\/clientes\/kilbra\/wp-json\/wp\/v2\/types\/page"}],"author":[{"embeddable":true,"href":"https:\/\/pulzohost.com.br\/clientes\/kilbra\/wp-json\/wp\/v2\/users\/1"}],"replies":[{"embeddable":true,"href":"https:\/\/pulzohost.com.br\/clientes\/kilbra\/wp-json\/wp\/v2\/comments?post=170"}],"version-history":[{"count":25,"href":"https:\/\/pulzohost.com.br\/clientes\/kilbra\/wp-json\/wp\/v2\/pages\/170\/revisions"}],"predecessor-version":[{"id":214,"href":"https:\/\/pulzohost.com.br\/clientes\/kilbra\/wp-json\/wp\/v2\/pages\/170\/revisions\/214"}],"wp:attachment":[{"href":"https:\/\/pulzohost.com.br\/clientes\/kilbra\/wp-json\/wp\/v2\/media?parent=170"}],"curies":[{"name":"wp","href":"https:\/\/api.w.org\/{rel}","templated":true}]}}