{"id":596,"date":"2020-05-05T14:46:47","date_gmt":"2020-05-05T14:46:47","guid":{"rendered":"https:\/\/pulzohost.com.br\/clientes\/kgm\/?page_id=596"},"modified":"2020-09-19T17:23:51","modified_gmt":"2020-09-19T17:23:51","slug":"produtos","status":"publish","type":"page","link":"https:\/\/pulzohost.com.br\/clientes\/kgm\/produtos\/","title":{"rendered":"Produtos"},"content":{"rendered":"\t\t<div data-elementor-type=\"wp-page\" data-elementor-id=\"596\" class=\"elementor elementor-596\">\n\t\t\t\t\t\t<div class=\"elementor-inner\">\n\t\t\t\t<div class=\"elementor-section-wrap\">\n\t\t\t\t\t\t\t\t\t<section class=\"elementor-section elementor-top-section elementor-element elementor-element-5c7dbf57 elementor-section-boxed elementor-section-height-default elementor-section-height-default\" data-id=\"5c7dbf57\" data-element_type=\"section\">\n\t\t\t\t\t\t<div class=\"elementor-container elementor-column-gap-default\">\n\t\t\t\t\t\t\t<div class=\"elementor-row\">\n\t\t\t\t\t<div class=\"elementor-column elementor-col-100 elementor-top-column elementor-element elementor-element-54fabd5c\" data-id=\"54fabd5c\" data-element_type=\"column\">\n\t\t\t<div class=\"elementor-column-wrap elementor-element-populated\">\n\t\t\t\t\t\t\t<div class=\"elementor-widget-wrap\">\n\t\t\t\t\t\t<div class=\"elementor-element elementor-element-28f6af41 elementor-widget elementor-widget-text-editor\" data-id=\"28f6af41\" data-element_type=\"widget\" data-widget_type=\"text-editor.default\">\n\t\t\t\t<div class=\"elementor-widget-container\">\n\t\t\t\t\t\t\t\t<div class=\"elementor-text-editor elementor-clearfix\">\n\t\t\t\t<!-- wp:themeisle-blocks\/advanced-columns {\"id\":\"wp-block-themeisle-blocks-advanced-columns-29c8caf3\"} -->\n<div class=\"wp-block-themeisle-blocks-advanced-columns has-undefined-columns has-desktop-undefined-layout has-tablet-equal-layout has-mobile-equal-layout has-default-gap has-vertical-unset\" id=\"wp-block-themeisle-blocks-advanced-columns-29c8caf3\"><div class=\"wp-block-themeisle-blocks-advanced-columns-overlay\"><\/div><div class=\"innerblocks-wrap\"><\/div><\/div>\n<!-- \/wp:themeisle-blocks\/advanced-columns -->\t\t\t\t\t<\/div>\n\t\t\t\t\t\t<\/div>\n\t\t\t\t<\/div>\n\t\t\t\t\t\t<\/div>\n\t\t\t\t\t<\/div>\n\t\t<\/div>\n\t\t\t\t\t\t\t\t<\/div>\n\t\t\t\t\t<\/div>\n\t\t<\/section>\n\t\t\t\t<section class=\"elementor-section elementor-top-section elementor-element elementor-element-e207d9f elementor-section-boxed elementor-section-height-default elementor-section-height-default\" data-id=\"e207d9f\" data-element_type=\"section\" data-settings=\"{&quot;background_background&quot;:&quot;classic&quot;}\">\n\t\t\t\t\t\t<div class=\"elementor-container elementor-column-gap-default\">\n\t\t\t\t\t\t\t<div class=\"elementor-row\">\n\t\t\t\t\t<div class=\"elementor-column elementor-col-50 elementor-top-column elementor-element elementor-element-8e43538\" data-id=\"8e43538\" data-element_type=\"column\">\n\t\t\t<div class=\"elementor-column-wrap elementor-element-populated\">\n\t\t\t\t\t\t\t<div class=\"elementor-widget-wrap\">\n\t\t\t\t\t\t<div class=\"elementor-element elementor-element-8808b9c elementor-widget elementor-widget-heading\" data-id=\"8808b9c\" data-element_type=\"widget\" data-widget_type=\"heading.default\">\n\t\t\t\t<div class=\"elementor-widget-container\">\n\t\t\t<h1 class=\"elementor-heading-title elementor-size-default\">Produtos<\/h1>\t\t<\/div>\n\t\t\t\t<\/div>\n\t\t\t\t\t\t<\/div>\n\t\t\t\t\t<\/div>\n\t\t<\/div>\n\t\t\t\t<div class=\"elementor-column elementor-col-50 elementor-top-column elementor-element elementor-element-bbec917\" data-id=\"bbec917\" data-element_type=\"column\">\n\t\t\t<div class=\"elementor-column-wrap\">\n\t\t\t\t\t\t\t<div class=\"elementor-widget-wrap\">\n\t\t\t\t\t\t\t\t<\/div>\n\t\t\t\t\t<\/div>\n\t\t<\/div>\n\t\t\t\t\t\t\t\t<\/div>\n\t\t\t\t\t<\/div>\n\t\t<\/section>\n\t\t\t\t<section class=\"elementor-section elementor-top-section elementor-element elementor-element-c85422b elementor-section-boxed elementor-section-height-default elementor-section-height-default\" data-id=\"c85422b\" data-element_type=\"section\" data-settings=\"{&quot;background_background&quot;:&quot;gradient&quot;}\">\n\t\t\t\t\t\t\t<div class=\"elementor-background-overlay\"><\/div>\n\t\t\t\t\t\t\t<div class=\"elementor-container elementor-column-gap-default\">\n\t\t\t\t\t\t\t<div class=\"elementor-row\">\n\t\t\t\t\t<div class=\"elementor-column elementor-col-100 elementor-top-column elementor-element elementor-element-364c8c2\" data-id=\"364c8c2\" data-element_type=\"column\">\n\t\t\t<div class=\"elementor-column-wrap elementor-element-populated\">\n\t\t\t\t\t\t\t<div class=\"elementor-widget-wrap\">\n\t\t\t\t\t\t<section class=\"elementor-section elementor-inner-section elementor-element elementor-element-f6022f7 elementor-section-boxed elementor-section-height-default elementor-section-height-default\" data-id=\"f6022f7\" data-element_type=\"section\">\n\t\t\t\t\t\t<div class=\"elementor-container elementor-column-gap-default\">\n\t\t\t\t\t\t\t<div class=\"elementor-row\">\n\t\t\t\t\t<div class=\"elementor-column elementor-col-50 elementor-inner-column elementor-element elementor-element-1d8d4f9\" data-id=\"1d8d4f9\" data-element_type=\"column\">\n\t\t\t<div class=\"elementor-column-wrap elementor-element-populated\">\n\t\t\t\t\t\t\t<div class=\"elementor-widget-wrap\">\n\t\t\t\t\t\t<div class=\"elementor-element elementor-element-9a311ca elementor-invisible elementor-widget elementor-widget-image\" data-id=\"9a311ca\" data-element_type=\"widget\" data-settings=\"{&quot;_animation&quot;:&quot;bounceInLeft&quot;}\" data-widget_type=\"image.default\">\n\t\t\t\t<div class=\"elementor-widget-container\">\n\t\t\t\t\t\t\t\t<div class=\"elementor-image\">\n\t\t\t\t\t\t\t\t\t\t\t\t<img decoding=\"async\" src=\"https:\/\/pulzohost.com.br\/clientes\/kgm\/wp-content\/uploads\/elementor\/thumbs\/Foto_Produto-qhv77x0rtndm69t64niz7vmbrx4thjkwpx7hgwakj4.png\" title=\"Foto_Produto\" alt=\"Foto_Produto\" loading=\"lazy\" \/>\t\t\t\t\t\t\t\t\t\t\t\t\t\t<\/div>\n\t\t\t\t\t\t<\/div>\n\t\t\t\t<\/div>\n\t\t\t\t\t\t<\/div>\n\t\t\t\t\t<\/div>\n\t\t<\/div>\n\t\t\t\t<div class=\"elementor-column elementor-col-50 elementor-inner-column elementor-element elementor-element-d771cc7\" data-id=\"d771cc7\" data-element_type=\"column\">\n\t\t\t<div class=\"elementor-column-wrap elementor-element-populated\">\n\t\t\t\t\t\t\t<div class=\"elementor-widget-wrap\">\n\t\t\t\t\t\t<div class=\"elementor-element elementor-element-a5cae84 elementor-widget elementor-widget-text-editor\" data-id=\"a5cae84\" data-element_type=\"widget\" data-widget_type=\"text-editor.default\">\n\t\t\t\t<div class=\"elementor-widget-container\">\n\t\t\t\t\t\t\t\t<div class=\"elementor-text-editor elementor-clearfix\">\n\t\t\t\t<p>Produzimos compressores de ar para freios automotivos, oferecendo ao mercado de reposi\u00e7\u00e3o itens de alta qualidade e performance para \u00f4nibus, caminh\u00f5es e implementos agr\u00edcolas das principais montadoras: Ford, Mercedes-Benz, Volkswagen, Volvo, Scania entre outras.<\/p>\n<p>Nossa linha de produtos \u00e9 constantemente atualizada conforme as necessidades e as inova\u00e7\u00f5es tecnol\u00f3gicas que o mercado atual exige.<\/p>\n<p>A fabrica\u00e7\u00e3o de seus componentes \u00e9 100% nacional e a usinagem \u00e9 pr\u00f3pria. Todo produto \u00e9 testado seguindo r\u00edgidos padr\u00f5es de qualidade, conferindo aos produtos da KGM confiabilidade, garantia a pre\u00e7os justos.<\/p>\n<p>Para conhecer nossa linha de produtos baixe nosso cat\u00e1logo eletr\u00f4nico<span style=\"color: #339966;\"><strong> <a style=\"color: #339966;\" href=\"http:\/\/www.ideia2001.com.br\/CatExp\/ALAAO\/InstalarCatalogoKGM.exe\">clicando aqui<\/a>.<\/strong><\/span><\/p>\t\t\t\t\t<\/div>\n\t\t\t\t\t\t<\/div>\n\t\t\t\t<\/div>\n\t\t\t\t\t\t<\/div>\n\t\t\t\t\t<\/div>\n\t\t<\/div>\n\t\t\t\t\t\t\t\t<\/div>\n\t\t\t\t\t<\/div>\n\t\t<\/section>\n\t\t\t\t\t\t<\/div>\n\t\t\t\t\t<\/div>\n\t\t<\/div>\n\t\t\t\t\t\t\t\t<\/div>\n\t\t\t\t\t<\/div>\n\t\t<\/section>\n\t\t\t\t\t\t\t\t\t<\/div>\n\t\t\t<\/div>\n\t\t\t\t\t<\/div>\n\t\t","protected":false},"excerpt":{"rendered":"<p>Produtos Produzimos compressores de ar para freios automotivos, oferecendo ao mercado de reposi\u00e7\u00e3o itens de alta qualidade e performance para \u00f4nibus, caminh\u00f5es e implementos agr\u00edcolas das principais montadoras: Ford, Mercedes-Benz, Volkswagen, Volvo, Scania entre outras. Nossa linha de produtos \u00e9 constantemente atualizada conforme as necessidades e as inova\u00e7\u00f5es tecnol\u00f3gicas que o mercado atual exige. A&hellip;&nbsp;<a href=\"https:\/\/pulzohost.com.br\/clientes\/kgm\/produtos\/\" class=\"\" rel=\"bookmark\">Continue a ler &raquo;<span class=\"screen-reader-text\">Produtos<\/span><\/a><\/p>\n","protected":false},"author":1,"featured_media":0,"parent":0,"menu_order":0,"comment_status":"closed","ping_status":"closed","template":"page-templates\/template-pagebuilder-full-width.php","meta":{"neve_meta_sidebar":"full-width","neve_meta_container":"","neve_meta_enable_content_width":"on","neve_meta_content_width":100,"neve_meta_title_alignment":"","neve_meta_author_avatar":"","neve_post_elements_order":"","neve_meta_disable_header":"","neve_meta_disable_footer":"","neve_meta_disable_title":"","_themeisle_gutenberg_block_has_review":false,"footnotes":""},"_links":{"self":[{"href":"https:\/\/pulzohost.com.br\/clientes\/kgm\/wp-json\/wp\/v2\/pages\/596"}],"collection":[{"href":"https:\/\/pulzohost.com.br\/clientes\/kgm\/wp-json\/wp\/v2\/pages"}],"about":[{"href":"https:\/\/pulzohost.com.br\/clientes\/kgm\/wp-json\/wp\/v2\/types\/page"}],"author":[{"embeddable":true,"href":"https:\/\/pulzohost.com.br\/clientes\/kgm\/wp-json\/wp\/v2\/users\/1"}],"replies":[{"embeddable":true,"href":"https:\/\/pulzohost.com.br\/clientes\/kgm\/wp-json\/wp\/v2\/comments?post=596"}],"version-history":[{"count":28,"href":"https:\/\/pulzohost.com.br\/clientes\/kgm\/wp-json\/wp\/v2\/pages\/596\/revisions"}],"predecessor-version":[{"id":972,"href":"https:\/\/pulzohost.com.br\/clientes\/kgm\/wp-json\/wp\/v2\/pages\/596\/revisions\/972"}],"wp:attachment":[{"href":"https:\/\/pulzohost.com.br\/clientes\/kgm\/wp-json\/wp\/v2\/media?parent=596"}],"curies":[{"name":"wp","href":"https:\/\/api.w.org\/{rel}","templated":true}]}}