{"id":157,"date":"2016-10-05T12:33:38","date_gmt":"2016-10-05T12:33:38","guid":{"rendered":"http:\/\/demo.themegrill.com\/flash-food\/?page_id=157"},"modified":"2023-06-05T19:40:19","modified_gmt":"2023-06-05T19:40:19","slug":"blog","status":"publish","type":"page","link":"https:\/\/pulzohost.com.br\/clientes\/kgm\/blog\/","title":{"rendered":"Blog"},"content":{"rendered":"\t\t<div data-elementor-type=\"wp-page\" data-elementor-id=\"157\" class=\"elementor elementor-157\">\n\t\t\t\t\t\t<div class=\"elementor-inner\">\n\t\t\t\t<div class=\"elementor-section-wrap\">\n\t\t\t\t\t\t\t\t\t<section class=\"elementor-section elementor-top-section elementor-element elementor-element-3ce1645 elementor-section-height-min-height elementor-section-boxed elementor-section-height-default elementor-section-items-middle\" data-id=\"3ce1645\" data-element_type=\"section\">\n\t\t\t\t\t\t<div class=\"elementor-container elementor-column-gap-default\">\n\t\t\t\t\t\t\t<div class=\"elementor-row\">\n\t\t\t\t\t<div class=\"elementor-column elementor-col-100 elementor-top-column elementor-element elementor-element-97f8d41\" data-id=\"97f8d41\" data-element_type=\"column\">\n\t\t\t<div class=\"elementor-column-wrap\">\n\t\t\t\t\t\t\t<div class=\"elementor-widget-wrap\">\n\t\t\t\t\t\t\t\t<\/div>\n\t\t\t\t\t<\/div>\n\t\t<\/div>\n\t\t\t\t\t\t\t\t<\/div>\n\t\t\t\t\t<\/div>\n\t\t<\/section>\n\t\t\t\t<section class=\"elementor-section elementor-top-section elementor-element elementor-element-eb89f23 elementor-section-boxed elementor-section-height-default elementor-section-height-default\" data-id=\"eb89f23\" data-element_type=\"section\" data-settings=\"{&quot;background_background&quot;:&quot;classic&quot;}\">\n\t\t\t\t\t\t<div class=\"elementor-container elementor-column-gap-default\">\n\t\t\t\t\t\t\t<div class=\"elementor-row\">\n\t\t\t\t\t<div class=\"elementor-column elementor-col-50 elementor-top-column elementor-element elementor-element-55304c5\" data-id=\"55304c5\" data-element_type=\"column\">\n\t\t\t<div class=\"elementor-column-wrap elementor-element-populated\">\n\t\t\t\t\t\t\t<div class=\"elementor-widget-wrap\">\n\t\t\t\t\t\t<div class=\"elementor-element elementor-element-233b093 elementor-widget elementor-widget-heading\" data-id=\"233b093\" data-element_type=\"widget\" data-widget_type=\"heading.default\">\n\t\t\t\t<div class=\"elementor-widget-container\">\n\t\t\t<h1 class=\"elementor-heading-title elementor-size-default\">Blog<\/h1>\t\t<\/div>\n\t\t\t\t<\/div>\n\t\t\t\t\t\t<\/div>\n\t\t\t\t\t<\/div>\n\t\t<\/div>\n\t\t\t\t<div class=\"elementor-column elementor-col-50 elementor-top-column elementor-element elementor-element-5723fa4\" data-id=\"5723fa4\" data-element_type=\"column\">\n\t\t\t<div class=\"elementor-column-wrap\">\n\t\t\t\t\t\t\t<div class=\"elementor-widget-wrap\">\n\t\t\t\t\t\t\t\t<\/div>\n\t\t\t\t\t<\/div>\n\t\t<\/div>\n\t\t\t\t\t\t\t\t<\/div>\n\t\t\t\t\t<\/div>\n\t\t<\/section>\n\t\t\t\t<section class=\"elementor-section elementor-top-section elementor-element elementor-element-0ebadf3 elementor-section-boxed elementor-section-height-default elementor-section-height-default\" data-id=\"0ebadf3\" data-element_type=\"section\">\n\t\t\t\t\t\t<div class=\"elementor-container elementor-column-gap-default\">\n\t\t\t\t\t\t\t<div class=\"elementor-row\">\n\t\t\t\t\t<div class=\"elementor-column elementor-col-100 elementor-top-column elementor-element elementor-element-be099da\" data-id=\"be099da\" data-element_type=\"column\">\n\t\t\t<div class=\"elementor-column-wrap elementor-element-populated\">\n\t\t\t\t\t\t\t<div class=\"elementor-widget-wrap\">\n\t\t\t\t\t\t<div class=\"elementor-element elementor-element-5d4532c elementor-widget elementor-widget-obfx-posts-grid\" data-id=\"5d4532c\" data-element_type=\"widget\" data-widget_type=\"obfx-posts-grid.default\">\n\t\t\t\t<div class=\"elementor-widget-container\">\n\t\t\t<div class=\"obfx-grid\"><div class=\"obfx-grid-container obfx-grid-desktop-3\"><div class=\"obfx-grid-wrapper\"><article class=\"obfx-grid-col\"><div class=\"obfx-grid-col-image\" ><a href=\"https:\/\/pulzohost.com.br\/clientes\/kgm\/melhores-praticas-para-reduzir-custos-com-pedagio-da-sua-frota\/\" title=\"MELHORES PR\u00c1TICAS PARA REDUZIR CUSTOS COM PED\u00c1GIO DA SUA FROTA\"><img loading=\"lazy\" decoding=\"async\" width=\"943\" height=\"468\" src=\"https:\/\/pulzohost.com.br\/clientes\/kgm\/wp-content\/uploads\/kgm.png\" class=\"img-responsive wp-post-image\" alt=\"kgm\" srcset=\"https:\/\/pulzohost.com.br\/clientes\/kgm\/wp-content\/uploads\/kgm.png 943w, https:\/\/pulzohost.com.br\/clientes\/kgm\/wp-content\/uploads\/kgm-300x149.png 300w, https:\/\/pulzohost.com.br\/clientes\/kgm\/wp-content\/uploads\/kgm-768x381.png 768w\" sizes=\"(max-width: 943px) 100vw, 943px\" \/><\/a><\/div><div class=\"obfx-grid-col-content\">\t\t\t<h2 class=\"entry-title obfx-grid-title\">\n\t\t\t\t\t\t\t<a href=\"https:\/\/pulzohost.com.br\/clientes\/kgm\/melhores-praticas-para-reduzir-custos-com-pedagio-da-sua-frota\/\" title=\"MELHORES PR\u00c1TICAS PARA REDUZIR CUSTOS COM PED\u00c1GIO DA SUA FROTA\">\n\t\t\t\t\tMELHORES PR\u00c1TICAS PARA REDUZIR CUSTOS COM PED\u00c1GIO DA SUA FROTA\t\t\t\t<\/a>\n\t\t\t\t\t\t\t<\/h2>\n\t\t\t\t\t\t\t<div class=\"entry-meta obfx-grid-meta\">\n\n\t\t\t\t\t\t\t\t\t\t\t\t\t<span class=\"obfx-grid-author\">\n\t\t\t\t\t\t\t\t\t<i class=\"fas fa-user\"><\/i>kgm_compressores\t\t\t\t\t\t\t\t<\/span>\n\t\t\t\t\t\t\t\t\t\t\t\t\t\t\t\t<span class=\"obfx-grid-date\">\n\t\t\t\t\t\t\t\t\t<i class=\"fas fa-calendar\"><\/i>dezembro 22, 2023\t\t\t\t\t\t\t\t<\/span>\n\t\t\t\t\t\t\t\t\n\t\t\t\t<\/div>\n\t\t\t\t\t\t\t<div class=\"entry-content obfx-grid-content\">\n\t\t\t\tA gest\u00e3o de frota envolve, entre outras coisas, a administra\u00e7\u00e3o das finan\u00e7as. Nesse sentido, o gestor deve computar os gastos com ped\u00e1gios. Antes, a cobran\u00e7a dessa taxa n\u00e3o era comum,&hellip;\t\t\t<\/div>\n\t\t\t<\/div><\/article><\/div><div class=\"obfx-grid-wrapper\"><article class=\"obfx-grid-col\"><div class=\"obfx-grid-col-image\" ><a href=\"https:\/\/pulzohost.com.br\/clientes\/kgm\/caminhoes-eletricos-sao-o-futuro\/\" title=\"CAMINH\u00d5ES EL\u00c9TRICOS S\u00c3O O FUTURO?\"><img loading=\"lazy\" decoding=\"async\" width=\"943\" height=\"468\" src=\"https:\/\/pulzohost.com.br\/clientes\/kgm\/wp-content\/uploads\/CAMINHOES-ELETRICOS-SAO-O-FUTURO.jpg\" class=\"img-responsive wp-post-image\" alt=\"CAMINH\u00d5ES EL\u00c9TRICOS S\u00c3O O FUTURO\" srcset=\"https:\/\/pulzohost.com.br\/clientes\/kgm\/wp-content\/uploads\/CAMINHOES-ELETRICOS-SAO-O-FUTURO.jpg 943w, https:\/\/pulzohost.com.br\/clientes\/kgm\/wp-content\/uploads\/CAMINHOES-ELETRICOS-SAO-O-FUTURO-300x149.jpg 300w, https:\/\/pulzohost.com.br\/clientes\/kgm\/wp-content\/uploads\/CAMINHOES-ELETRICOS-SAO-O-FUTURO-768x381.jpg 768w\" sizes=\"(max-width: 943px) 100vw, 943px\" \/><\/a><\/div><div class=\"obfx-grid-col-content\">\t\t\t<h2 class=\"entry-title obfx-grid-title\">\n\t\t\t\t\t\t\t<a href=\"https:\/\/pulzohost.com.br\/clientes\/kgm\/caminhoes-eletricos-sao-o-futuro\/\" title=\"CAMINH\u00d5ES EL\u00c9TRICOS S\u00c3O O FUTURO?\">\n\t\t\t\t\tCAMINH\u00d5ES EL\u00c9TRICOS S\u00c3O O FUTURO?\t\t\t\t<\/a>\n\t\t\t\t\t\t\t<\/h2>\n\t\t\t\t\t\t\t<div class=\"entry-meta obfx-grid-meta\">\n\n\t\t\t\t\t\t\t\t\t\t\t\t\t<span class=\"obfx-grid-author\">\n\t\t\t\t\t\t\t\t\t<i class=\"fas fa-user\"><\/i>kgm_compressores\t\t\t\t\t\t\t\t<\/span>\n\t\t\t\t\t\t\t\t\t\t\t\t\t\t\t\t<span class=\"obfx-grid-date\">\n\t\t\t\t\t\t\t\t\t<i class=\"fas fa-calendar\"><\/i>outubro 30, 2023\t\t\t\t\t\t\t\t<\/span>\n\t\t\t\t\t\t\t\t\n\t\t\t\t<\/div>\n\t\t\t\t\t\t\t<div class=\"entry-content obfx-grid-content\">\n\t\t\t\tMultinacionais j\u00e1 est\u00e3o adotando frotas compostas de ve\u00edculos h\u00edbridos e el\u00e9tricos &nbsp; Com o avan\u00e7o da tecnologia e com uma preocupa\u00e7\u00e3o crescente sobre o mundo que entregaremos para as futuras&hellip;\t\t\t<\/div>\n\t\t\t<\/div><\/article><\/div><div class=\"obfx-grid-wrapper\"><article class=\"obfx-grid-col\"><div class=\"obfx-grid-col-image\" ><a href=\"https:\/\/pulzohost.com.br\/clientes\/kgm\/quais-as-necessidades-do-cliente-no-setor-de-veiculos-pesados\/\" title=\"QUAIS AS NECESSIDADES DO CLIENTE NO SETOR DE VE\u00cdCULOS PESADOS?\"><img loading=\"lazy\" decoding=\"async\" width=\"943\" height=\"468\" src=\"https:\/\/pulzohost.com.br\/clientes\/kgm\/wp-content\/uploads\/QUAIS-AS-NECESSIDADES-DO-CLIENTE-NO-SETOR-DE-VEICULOS-PESADOS.jpg\" class=\"img-responsive wp-post-image\" alt=\"QUAIS AS NECESSIDADES DO CLIENTE NO SETOR DE VE\u00cdCULOS PESADOS\" srcset=\"https:\/\/pulzohost.com.br\/clientes\/kgm\/wp-content\/uploads\/QUAIS-AS-NECESSIDADES-DO-CLIENTE-NO-SETOR-DE-VEICULOS-PESADOS.jpg 943w, https:\/\/pulzohost.com.br\/clientes\/kgm\/wp-content\/uploads\/QUAIS-AS-NECESSIDADES-DO-CLIENTE-NO-SETOR-DE-VEICULOS-PESADOS-300x149.jpg 300w, https:\/\/pulzohost.com.br\/clientes\/kgm\/wp-content\/uploads\/QUAIS-AS-NECESSIDADES-DO-CLIENTE-NO-SETOR-DE-VEICULOS-PESADOS-768x381.jpg 768w\" sizes=\"(max-width: 943px) 100vw, 943px\" \/><\/a><\/div><div class=\"obfx-grid-col-content\">\t\t\t<h2 class=\"entry-title obfx-grid-title\">\n\t\t\t\t\t\t\t<a href=\"https:\/\/pulzohost.com.br\/clientes\/kgm\/quais-as-necessidades-do-cliente-no-setor-de-veiculos-pesados\/\" title=\"QUAIS AS NECESSIDADES DO CLIENTE NO SETOR DE VE\u00cdCULOS PESADOS?\">\n\t\t\t\t\tQUAIS AS NECESSIDADES DO CLIENTE NO SETOR DE VE\u00cdCULOS PESADOS?\t\t\t\t<\/a>\n\t\t\t\t\t\t\t<\/h2>\n\t\t\t\t\t\t\t<div class=\"entry-meta obfx-grid-meta\">\n\n\t\t\t\t\t\t\t\t\t\t\t\t\t<span class=\"obfx-grid-author\">\n\t\t\t\t\t\t\t\t\t<i class=\"fas fa-user\"><\/i>kgm_compressores\t\t\t\t\t\t\t\t<\/span>\n\t\t\t\t\t\t\t\t\t\t\t\t\t\t\t\t<span class=\"obfx-grid-date\">\n\t\t\t\t\t\t\t\t\t<i class=\"fas fa-calendar\"><\/i>setembro 29, 2023\t\t\t\t\t\t\t\t<\/span>\n\t\t\t\t\t\t\t\t\n\t\t\t\t<\/div>\n\t\t\t\t\t\t\t<div class=\"entry-content obfx-grid-content\">\n\t\t\t\tAssim como em outros setores do mercado, nem todos os clientes s\u00e3o iguais no setor de ve\u00edculos automotores, principalmente quando estamos falando de ve\u00edculos pesados, que podem englobar de \u00f4nibus&hellip;\t\t\t<\/div>\n\t\t\t<\/div><\/article><\/div><div class=\"obfx-grid-wrapper\"><article class=\"obfx-grid-col\"><div class=\"obfx-grid-col-image\" ><a href=\"https:\/\/pulzohost.com.br\/clientes\/kgm\/caminhoes-eletricos-reciclaveis-ja-e-realidade\/\" title=\"CAMINH\u00d5ES EL\u00c9TRICOS RECICL\u00c1VEIS J\u00c1 \u00c9 REALIDADE!\"><img loading=\"lazy\" decoding=\"async\" width=\"943\" height=\"468\" src=\"https:\/\/pulzohost.com.br\/clientes\/kgm\/wp-content\/uploads\/CAMINHOES-ELETRICOS-RECICLAVEIS-JA-E-REALIDADE.jpeg\" class=\"img-responsive wp-post-image\" alt=\"CAMINH\u00d5ES EL\u00c9TRICOS RECICL\u00c1VEIS J\u00c1 \u00c9 REALIDADE!\" srcset=\"https:\/\/pulzohost.com.br\/clientes\/kgm\/wp-content\/uploads\/CAMINHOES-ELETRICOS-RECICLAVEIS-JA-E-REALIDADE.jpeg 943w, https:\/\/pulzohost.com.br\/clientes\/kgm\/wp-content\/uploads\/CAMINHOES-ELETRICOS-RECICLAVEIS-JA-E-REALIDADE-300x149.jpeg 300w, https:\/\/pulzohost.com.br\/clientes\/kgm\/wp-content\/uploads\/CAMINHOES-ELETRICOS-RECICLAVEIS-JA-E-REALIDADE-768x381.jpeg 768w\" sizes=\"(max-width: 943px) 100vw, 943px\" \/><\/a><\/div><div class=\"obfx-grid-col-content\">\t\t\t<h2 class=\"entry-title obfx-grid-title\">\n\t\t\t\t\t\t\t<a href=\"https:\/\/pulzohost.com.br\/clientes\/kgm\/caminhoes-eletricos-reciclaveis-ja-e-realidade\/\" title=\"CAMINH\u00d5ES EL\u00c9TRICOS RECICL\u00c1VEIS J\u00c1 \u00c9 REALIDADE!\">\n\t\t\t\t\tCAMINH\u00d5ES EL\u00c9TRICOS RECICL\u00c1VEIS J\u00c1 \u00c9 REALIDADE!\t\t\t\t<\/a>\n\t\t\t\t\t\t\t<\/h2>\n\t\t\t\t\t\t\t<div class=\"entry-meta obfx-grid-meta\">\n\n\t\t\t\t\t\t\t\t\t\t\t\t\t<span class=\"obfx-grid-author\">\n\t\t\t\t\t\t\t\t\t<i class=\"fas fa-user\"><\/i>kgm_compressores\t\t\t\t\t\t\t\t<\/span>\n\t\t\t\t\t\t\t\t\t\t\t\t\t\t\t\t<span class=\"obfx-grid-date\">\n\t\t\t\t\t\t\t\t\t<i class=\"fas fa-calendar\"><\/i>agosto 31, 2023\t\t\t\t\t\t\t\t<\/span>\n\t\t\t\t\t\t\t\t\n\t\t\t\t<\/div>\n\t\t\t\t\t\t\t<div class=\"entry-content obfx-grid-content\">\n\t\t\t\tA Ambev, gigante no ramo de bebidas, firmou uma parceria com a FNM (F\u00e1brica Nacional de Mobilidades), startup brasileira, para a aquisi\u00e7\u00e3o de 1.000 caminh\u00f5es e vans el\u00e9tricas para a&hellip;\t\t\t<\/div>\n\t\t\t<\/div><\/article><\/div><div class=\"obfx-grid-wrapper\"><article class=\"obfx-grid-col\"><div class=\"obfx-grid-col-image\" ><a href=\"https:\/\/pulzohost.com.br\/clientes\/kgm\/legislacao-do-transporte-de-cargas-como-funciona\/\" title=\"Legisla\u00e7\u00e3o do transporte de cargas: como funciona?\"><img loading=\"lazy\" decoding=\"async\" width=\"943\" height=\"468\" src=\"https:\/\/pulzohost.com.br\/clientes\/kgm\/wp-content\/uploads\/IMG-20230728-WA0007.jpg\" class=\"img-responsive wp-post-image\" alt=\"IMG-20230728-WA0007\" srcset=\"https:\/\/pulzohost.com.br\/clientes\/kgm\/wp-content\/uploads\/IMG-20230728-WA0007.jpg 943w, https:\/\/pulzohost.com.br\/clientes\/kgm\/wp-content\/uploads\/IMG-20230728-WA0007-300x149.jpg 300w, https:\/\/pulzohost.com.br\/clientes\/kgm\/wp-content\/uploads\/IMG-20230728-WA0007-768x381.jpg 768w\" sizes=\"(max-width: 943px) 100vw, 943px\" \/><\/a><\/div><div class=\"obfx-grid-col-content\">\t\t\t<h2 class=\"entry-title obfx-grid-title\">\n\t\t\t\t\t\t\t<a href=\"https:\/\/pulzohost.com.br\/clientes\/kgm\/legislacao-do-transporte-de-cargas-como-funciona\/\" title=\"Legisla\u00e7\u00e3o do transporte de cargas: como funciona?\">\n\t\t\t\t\tLegisla\u00e7\u00e3o do transporte de cargas: como funciona?\t\t\t\t<\/a>\n\t\t\t\t\t\t\t<\/h2>\n\t\t\t\t\t\t\t<div class=\"entry-meta obfx-grid-meta\">\n\n\t\t\t\t\t\t\t\t\t\t\t\t\t<span class=\"obfx-grid-author\">\n\t\t\t\t\t\t\t\t\t<i class=\"fas fa-user\"><\/i>kgm_compressores\t\t\t\t\t\t\t\t<\/span>\n\t\t\t\t\t\t\t\t\t\t\t\t\t\t\t\t<span class=\"obfx-grid-date\">\n\t\t\t\t\t\t\t\t\t<i class=\"fas fa-calendar\"><\/i>julho 28, 2023\t\t\t\t\t\t\t\t<\/span>\n\t\t\t\t\t\t\t\t\n\t\t\t\t<\/div>\n\t\t\t\t\t\t\t<div class=\"entry-content obfx-grid-content\">\n\t\t\t\tConhecer a legisla\u00e7\u00e3o do transporte de cargas \u00e9 essencial para qualquer empresa que atua no setor, pois ela \u00e9 respons\u00e1vel por definir as normas e regulamenta\u00e7\u00f5es que devem ser seguidas&hellip;\t\t\t<\/div>\n\t\t\t<\/div><\/article><\/div><div class=\"obfx-grid-wrapper\"><article class=\"obfx-grid-col\"><div class=\"obfx-grid-col-image\" ><a href=\"https:\/\/pulzohost.com.br\/clientes\/kgm\/perspectivas-do-mercado-de-pesados-para-o-segundo-semestre\/\" title=\"Perspectivas do mercado de pesados para o segundo semestre\"><img loading=\"lazy\" decoding=\"async\" width=\"943\" height=\"468\" src=\"https:\/\/pulzohost.com.br\/clientes\/kgm\/wp-content\/uploads\/Perspectivas-do-mercado-de-pesados-para-o-segundo-semestre.jpeg\" class=\"img-responsive wp-post-image\" alt=\"Perspectivas do mercado de pesados para o segundo semestre\" srcset=\"https:\/\/pulzohost.com.br\/clientes\/kgm\/wp-content\/uploads\/Perspectivas-do-mercado-de-pesados-para-o-segundo-semestre.jpeg 943w, https:\/\/pulzohost.com.br\/clientes\/kgm\/wp-content\/uploads\/Perspectivas-do-mercado-de-pesados-para-o-segundo-semestre-300x149.jpeg 300w, https:\/\/pulzohost.com.br\/clientes\/kgm\/wp-content\/uploads\/Perspectivas-do-mercado-de-pesados-para-o-segundo-semestre-768x381.jpeg 768w\" sizes=\"(max-width: 943px) 100vw, 943px\" \/><\/a><\/div><div class=\"obfx-grid-col-content\">\t\t\t<h2 class=\"entry-title obfx-grid-title\">\n\t\t\t\t\t\t\t<a href=\"https:\/\/pulzohost.com.br\/clientes\/kgm\/perspectivas-do-mercado-de-pesados-para-o-segundo-semestre\/\" title=\"Perspectivas do mercado de pesados para o segundo semestre\">\n\t\t\t\t\tPerspectivas do mercado de pesados para o segundo semestre\t\t\t\t<\/a>\n\t\t\t\t\t\t\t<\/h2>\n\t\t\t\t\t\t\t<div class=\"entry-meta obfx-grid-meta\">\n\n\t\t\t\t\t\t\t\t\t\t\t\t\t<span class=\"obfx-grid-author\">\n\t\t\t\t\t\t\t\t\t<i class=\"fas fa-user\"><\/i>kgm_compressores\t\t\t\t\t\t\t\t<\/span>\n\t\t\t\t\t\t\t\t\t\t\t\t\t\t\t\t<span class=\"obfx-grid-date\">\n\t\t\t\t\t\t\t\t\t<i class=\"fas fa-calendar\"><\/i>junho 30, 2023\t\t\t\t\t\t\t\t<\/span>\n\t\t\t\t\t\t\t\t\n\t\t\t\t<\/div>\n\t\t\t\t\t\t\t<div class=\"entry-content obfx-grid-content\">\n\t\t\t\tO ano come\u00e7ou como frequentemente ocorre nos segmentos de ve\u00edculos pesados, com demandas menores em rela\u00e7\u00e3o ao \u00faltimo m\u00eas do per\u00edodo anterior. No caso de caminh\u00f5es, as vendas de janeiro&hellip;\t\t\t<\/div>\n\t\t\t<\/div><\/article><\/div><\/div><!-- .obfx-grid-container --><\/div><!-- .obfx-grid -->\t\t<\/div>\n\t\t\t\t<\/div>\n\t\t\t\t\t\t<\/div>\n\t\t\t\t\t<\/div>\n\t\t<\/div>\n\t\t\t\t\t\t\t\t<\/div>\n\t\t\t\t\t<\/div>\n\t\t<\/section>\n\t\t\t\t\t\t\t\t\t<\/div>\n\t\t\t<\/div>\n\t\t\t\t\t<\/div>\n\t\t","protected":false},"excerpt":{"rendered":"<p>Blog<\/p>\n","protected":false},"author":1,"featured_media":0,"parent":0,"menu_order":0,"comment_status":"closed","ping_status":"closed","template":"page-templates\/template-pagebuilder-full-width.php","meta":{"neve_meta_sidebar":"","neve_meta_container":"","neve_meta_enable_content_width":"","neve_meta_content_width":0,"neve_meta_title_alignment":"","neve_meta_author_avatar":"","neve_post_elements_order":"","neve_meta_disable_header":"","neve_meta_disable_footer":"","neve_meta_disable_title":"","_themeisle_gutenberg_block_has_review":false,"footnotes":""},"_links":{"self":[{"href":"https:\/\/pulzohost.com.br\/clientes\/kgm\/wp-json\/wp\/v2\/pages\/157"}],"collection":[{"href":"https:\/\/pulzohost.com.br\/clientes\/kgm\/wp-json\/wp\/v2\/pages"}],"about":[{"href":"https:\/\/pulzohost.com.br\/clientes\/kgm\/wp-json\/wp\/v2\/types\/page"}],"author":[{"embeddable":true,"href":"https:\/\/pulzohost.com.br\/clientes\/kgm\/wp-json\/wp\/v2\/users\/1"}],"replies":[{"embeddable":true,"href":"https:\/\/pulzohost.com.br\/clientes\/kgm\/wp-json\/wp\/v2\/comments?post=157"}],"version-history":[{"count":20,"href":"https:\/\/pulzohost.com.br\/clientes\/kgm\/wp-json\/wp\/v2\/pages\/157\/revisions"}],"predecessor-version":[{"id":1322,"href":"https:\/\/pulzohost.com.br\/clientes\/kgm\/wp-json\/wp\/v2\/pages\/157\/revisions\/1322"}],"wp:attachment":[{"href":"https:\/\/pulzohost.com.br\/clientes\/kgm\/wp-json\/wp\/v2\/media?parent=157"}],"curies":[{"name":"wp","href":"https:\/\/api.w.org\/{rel}","templated":true}]}}