{"id":197,"date":"2023-08-22T16:45:10","date_gmt":"2023-08-22T19:45:10","guid":{"rendered":"https:\/\/pulzohost.com.br\/clientes\/hondacical\/?page_id=197"},"modified":"2023-08-23T20:22:31","modified_gmt":"2023-08-23T23:22:31","slug":"cical","status":"publish","type":"page","link":"https:\/\/pulzohost.com.br\/clientes\/hondacical\/cical\/","title":{"rendered":"Cical"},"content":{"rendered":"\t\t<div data-elementor-type=\"wp-page\" data-elementor-id=\"197\" class=\"elementor elementor-197\" data-elementor-post-type=\"page\">\n\t\t\t\t\t\t\t\t\t<section class=\"elementor-section elementor-top-section elementor-element elementor-element-66a3240 elementor-section-full_width elementor-section-height-default elementor-section-height-default\" data-id=\"66a3240\" data-element_type=\"section\">\n\t\t\t\t\t\t<div class=\"elementor-container elementor-column-gap-default\">\n\t\t\t\t\t<div class=\"elementor-column elementor-col-100 elementor-top-column elementor-element elementor-element-4af8e7d\" data-id=\"4af8e7d\" data-element_type=\"column\">\n\t\t\t<div class=\"elementor-widget-wrap elementor-element-populated\">\n\t\t\t\t\t\t\t\t<div class=\"elementor-element elementor-element-bedd377 elementor-widget elementor-widget-image\" data-id=\"bedd377\" data-element_type=\"widget\" data-widget_type=\"image.default\">\n\t\t\t\t<div class=\"elementor-widget-container\">\n\t\t\t<style>\/*! elementor - v3.15.0 - 09-08-2023 *\/\n.elementor-widget-image{text-align:center}.elementor-widget-image a{display:inline-block}.elementor-widget-image a img[src$=\".svg\"]{width:48px}.elementor-widget-image img{vertical-align:middle;display:inline-block}<\/style>\t\t\t\t\t\t\t\t\t\t\t\t<img loading=\"lazy\" decoding=\"async\" width=\"1920\" height=\"950\" src=\"https:\/\/pulzohost.com.br\/clientes\/hondacical\/wp-content\/uploads\/2023\/08\/banner-quem-somos.png\" class=\"attachment-full size-full wp-image-771\" alt=\"\" srcset=\"https:\/\/pulzohost.com.br\/clientes\/hondacical\/wp-content\/uploads\/2023\/08\/banner-quem-somos.png 1920w, https:\/\/pulzohost.com.br\/clientes\/hondacical\/wp-content\/uploads\/2023\/08\/banner-quem-somos-300x148.png 300w, https:\/\/pulzohost.com.br\/clientes\/hondacical\/wp-content\/uploads\/2023\/08\/banner-quem-somos-1024x507.png 1024w, https:\/\/pulzohost.com.br\/clientes\/hondacical\/wp-content\/uploads\/2023\/08\/banner-quem-somos-768x380.png 768w, https:\/\/pulzohost.com.br\/clientes\/hondacical\/wp-content\/uploads\/2023\/08\/banner-quem-somos-1536x760.png 1536w\" sizes=\"auto, (max-width: 1920px) 100vw, 1920px\" \/>\t\t\t\t\t\t\t\t\t\t\t\t\t\t\t<\/div>\n\t\t\t\t<\/div>\n\t\t\t\t\t<\/div>\n\t\t<\/div>\n\t\t\t\t\t\t\t<\/div>\n\t\t<\/section>\n\t\t\t\t<section class=\"elementor-section elementor-top-section elementor-element elementor-element-72f3dbe elementor-section-boxed elementor-section-height-default elementor-section-height-default\" data-id=\"72f3dbe\" data-element_type=\"section\">\n\t\t\t\t\t\t<div class=\"elementor-container elementor-column-gap-default\">\n\t\t\t\t\t<div class=\"elementor-column elementor-col-100 elementor-top-column elementor-element elementor-element-293a1c8\" data-id=\"293a1c8\" data-element_type=\"column\">\n\t\t\t<div class=\"elementor-widget-wrap elementor-element-populated\">\n\t\t\t\t\t\t\t\t<div class=\"elementor-element elementor-element-8bb753a elementor-widget elementor-widget-heading\" data-id=\"8bb753a\" data-element_type=\"widget\" data-widget_type=\"heading.default\">\n\t\t\t\t<div class=\"elementor-widget-container\">\n\t\t\t<style>\/*! elementor - v3.15.0 - 09-08-2023 *\/\n.elementor-heading-title{padding:0;margin:0;line-height:1}.elementor-widget-heading .elementor-heading-title[class*=elementor-size-]>a{color:inherit;font-size:inherit;line-height:inherit}.elementor-widget-heading .elementor-heading-title.elementor-size-small{font-size:15px}.elementor-widget-heading .elementor-heading-title.elementor-size-medium{font-size:19px}.elementor-widget-heading .elementor-heading-title.elementor-size-large{font-size:29px}.elementor-widget-heading .elementor-heading-title.elementor-size-xl{font-size:39px}.elementor-widget-heading .elementor-heading-title.elementor-size-xxl{font-size:59px}<\/style><h1 class=\"elementor-heading-title elementor-size-default\">CICAL<\/h1>\t\t<\/div>\n\t\t\t\t<\/div>\n\t\t\t\t<div class=\"elementor-element elementor-element-71d9afa elementor-widget elementor-widget-heading\" data-id=\"71d9afa\" data-element_type=\"widget\" data-widget_type=\"heading.default\">\n\t\t\t\t<div class=\"elementor-widget-container\">\n\t\t\t<h2 class=\"elementor-heading-title elementor-size-default\">Conhe\u00e7a nossa hist\u00f3ria s\u00f3lida e de <br> longa <strong> experiencia<\/strong> e <strong> tradi\u00e7\u00e3o<\/strong><\/h2>\t\t<\/div>\n\t\t\t\t<\/div>\n\t\t\t\t\t<\/div>\n\t\t<\/div>\n\t\t\t\t\t\t\t<\/div>\n\t\t<\/section>\n\t\t\t\t<section class=\"elementor-section elementor-top-section elementor-element elementor-element-6add7a9 elementor-section-boxed elementor-section-height-default elementor-section-height-default\" data-id=\"6add7a9\" data-element_type=\"section\">\n\t\t\t\t\t\t<div class=\"elementor-container elementor-column-gap-default\">\n\t\t\t\t\t<div class=\"elementor-column elementor-col-50 elementor-top-column elementor-element elementor-element-9801bf2\" data-id=\"9801bf2\" data-element_type=\"column\">\n\t\t\t<div class=\"elementor-widget-wrap elementor-element-populated\">\n\t\t\t\t\t\t\t\t<div class=\"elementor-element elementor-element-271de57 elementor-widget elementor-widget-image\" data-id=\"271de57\" data-element_type=\"widget\" data-widget_type=\"image.default\">\n\t\t\t\t<div class=\"elementor-widget-container\">\n\t\t\t\t\t\t\t\t\t\t\t\t\t\t\t<img decoding=\"async\" src=\"https:\/\/pulzohost.com.br\/clientes\/hondacical\/wp-content\/plugins\/elementor\/assets\/images\/placeholder.png\" title=\"\" alt=\"\" loading=\"lazy\" \/>\t\t\t\t\t\t\t\t\t\t\t\t\t\t\t<\/div>\n\t\t\t\t<\/div>\n\t\t\t\t\t<\/div>\n\t\t<\/div>\n\t\t\t\t<div class=\"elementor-column elementor-col-50 elementor-top-column elementor-element elementor-element-0be5d73\" data-id=\"0be5d73\" data-element_type=\"column\">\n\t\t\t<div class=\"elementor-widget-wrap elementor-element-populated\">\n\t\t\t\t\t\t\t\t<div class=\"elementor-element elementor-element-634adac elementor-widget elementor-widget-text-editor\" data-id=\"634adac\" data-element_type=\"widget\" data-widget_type=\"text-editor.default\">\n\t\t\t\t<div class=\"elementor-widget-container\">\n\t\t\t<style>\/*! elementor - v3.15.0 - 09-08-2023 *\/\n.elementor-widget-text-editor.elementor-drop-cap-view-stacked .elementor-drop-cap{background-color:#69727d;color:#fff}.elementor-widget-text-editor.elementor-drop-cap-view-framed .elementor-drop-cap{color:#69727d;border:3px solid;background-color:transparent}.elementor-widget-text-editor:not(.elementor-drop-cap-view-default) .elementor-drop-cap{margin-top:8px}.elementor-widget-text-editor:not(.elementor-drop-cap-view-default) .elementor-drop-cap-letter{width:1em;height:1em}.elementor-widget-text-editor .elementor-drop-cap{float:left;text-align:center;line-height:1;font-size:50px}.elementor-widget-text-editor .elementor-drop-cap-letter{display:inline-block}<\/style>\t\t\t\t<p>A <strong>Honda CICAL<\/strong> \u00e9 uma empresa revendedora da marca Honda (autos) e integrante\u00a0 da Cec\u00edlio Importadora de Automov\u00e9is Ltda &#8211; CICAL , Grupo familiar s\u00f3lido e de longa experi\u00eancia e tradi\u00e7\u00e3o empresarial presentes nos Estados de\u00a0 Goi\u00e1s, S\u00e3o Paulo e Minas Gerais. Fundada em 2008 e com sede na Avenida Bras\u00edlia , n\u00b01010, Jardim Bandeira &#8211; Ara\u00e7atuba, S\u00e3o Paulo, sua estrutura de servi\u00e7os conta com oficinas completas, showroom climatizado, internet com Wi-Fi e atendimento personalizado para superar as expectativas do cliente.<\/p><p>\u00a0<\/p>\t\t\t\t\t\t<\/div>\n\t\t\t\t<\/div>\n\t\t\t\t\t<\/div>\n\t\t<\/div>\n\t\t\t\t\t\t\t<\/div>\n\t\t<\/section>\n\t\t\t\t<section class=\"elementor-section elementor-top-section elementor-element elementor-element-6d87f9d elementor-section-boxed elementor-section-height-default elementor-section-height-default\" data-id=\"6d87f9d\" data-element_type=\"section\">\n\t\t\t\t\t\t<div class=\"elementor-container elementor-column-gap-default\">\n\t\t\t\t\t<div class=\"elementor-column elementor-col-50 elementor-top-column elementor-element elementor-element-e3378bc\" data-id=\"e3378bc\" data-element_type=\"column\">\n\t\t\t<div class=\"elementor-widget-wrap elementor-element-populated\">\n\t\t\t\t\t\t\t\t<div class=\"elementor-element elementor-element-c65f969 elementor-widget elementor-widget-text-editor\" data-id=\"c65f969\" data-element_type=\"widget\" data-widget_type=\"text-editor.default\">\n\t\t\t\t<div class=\"elementor-widget-container\">\n\t\t\t\t\t\t\t<p><\/p>\n<p>O Grupo CICAL surgiu e 1961, na cidade Inhumas , h\u00e1 35 quil\u00f4metros de Goi\u00e2nia-GO, gra\u00e7as \u00e0 vis\u00e3o empreendedora do comerciante Wady Cec\u00edlio e dos filhos Jamel Cec\u00edlio e Jair Cec\u00edlio, que antes se dedicavam ao com\u00e9rcio&nbsp; de gr\u00e3os em Goi\u00e2nia e S\u00e3o Paulo. Tr\u00eas anos depois,&nbsp; a loja&nbsp; se transferiu&nbsp; para Goi\u00e2nia e passou a&nbsp; ocupar o endere\u00e7o que at\u00e9 hoje \u00e9 o centro&nbsp; de decis\u00f5es do Grupo na Avenida Anhanguera , Setor Leste Universit\u00e1rio. A marca seguiu forte acompanhada de perto por seus fundadores.&nbsp;<\/p><p><br><\/p>\n<p><\/p>\n<h1>Diretor&nbsp;Corporativo<\/h1>\n<h3>Wady Cec\u00edlio Neto<\/h3>\n<p>Diretor Corporativo das concession\u00e1rias Cical Goi\u00e2nia,&nbsp;Cical Ribeir\u00e3o Preto;&nbsp;e Honda Ara\u00e7atuba.<\/p>\t\t\t\t\t\t<\/div>\n\t\t\t\t<\/div>\n\t\t\t\t\t<\/div>\n\t\t<\/div>\n\t\t\t\t<div class=\"elementor-column elementor-col-50 elementor-top-column elementor-element elementor-element-e7f82f8\" data-id=\"e7f82f8\" data-element_type=\"column\">\n\t\t\t<div class=\"elementor-widget-wrap elementor-element-populated\">\n\t\t\t\t\t\t\t\t<div class=\"elementor-element elementor-element-ec69cc9 elementor-widget elementor-widget-image\" data-id=\"ec69cc9\" data-element_type=\"widget\" data-widget_type=\"image.default\">\n\t\t\t\t<div class=\"elementor-widget-container\">\n\t\t\t\t\t\t\t\t\t\t\t\t\t\t\t<img decoding=\"async\" src=\"https:\/\/pulzohost.com.br\/clientes\/hondacical\/wp-content\/plugins\/elementor\/assets\/images\/placeholder.png\" title=\"\" alt=\"\" loading=\"lazy\" \/>\t\t\t\t\t\t\t\t\t\t\t\t\t\t\t<\/div>\n\t\t\t\t<\/div>\n\t\t\t\t\t<\/div>\n\t\t<\/div>\n\t\t\t\t\t\t\t<\/div>\n\t\t<\/section>\n\t\t\t\t\t\t\t<\/div>\n\t\t","protected":false},"excerpt":{"rendered":"<p>CICAL Conhe\u00e7a nossa hist\u00f3ria s\u00f3lida e de longa experiencia e tradi\u00e7\u00e3o A Honda CICAL \u00e9 uma empresa revendedora da marca Honda (autos) e integrante\u00a0 da Cec\u00edlio Importadora de Automov\u00e9is Ltda &#8211; CICAL , Grupo familiar s\u00f3lido e de longa experi\u00eancia e tradi\u00e7\u00e3o empresarial presentes nos Estados de\u00a0 Goi\u00e1s, S\u00e3o Paulo e Minas Gerais. Fundada em [&hellip;]<\/p>\n","protected":false},"author":1,"featured_media":0,"parent":0,"menu_order":0,"comment_status":"closed","ping_status":"closed","template":"","meta":{"footnotes":""},"class_list":["post-197","page","type-page","status-publish","hentry"],"_links":{"self":[{"href":"https:\/\/pulzohost.com.br\/clientes\/hondacical\/wp-json\/wp\/v2\/pages\/197","targetHints":{"allow":["GET"]}}],"collection":[{"href":"https:\/\/pulzohost.com.br\/clientes\/hondacical\/wp-json\/wp\/v2\/pages"}],"about":[{"href":"https:\/\/pulzohost.com.br\/clientes\/hondacical\/wp-json\/wp\/v2\/types\/page"}],"author":[{"embeddable":true,"href":"https:\/\/pulzohost.com.br\/clientes\/hondacical\/wp-json\/wp\/v2\/users\/1"}],"replies":[{"embeddable":true,"href":"https:\/\/pulzohost.com.br\/clientes\/hondacical\/wp-json\/wp\/v2\/comments?post=197"}],"version-history":[{"count":4,"href":"https:\/\/pulzohost.com.br\/clientes\/hondacical\/wp-json\/wp\/v2\/pages\/197\/revisions"}],"predecessor-version":[{"id":775,"href":"https:\/\/pulzohost.com.br\/clientes\/hondacical\/wp-json\/wp\/v2\/pages\/197\/revisions\/775"}],"wp:attachment":[{"href":"https:\/\/pulzohost.com.br\/clientes\/hondacical\/wp-json\/wp\/v2\/media?parent=197"}],"curies":[{"name":"wp","href":"https:\/\/api.w.org\/{rel}","templated":true}]}}