{"id":191,"date":"2023-08-22T16:38:27","date_gmt":"2023-08-22T19:38:27","guid":{"rendered":"https:\/\/pulzohost.com.br\/clientes\/hondacical\/?page_id=191"},"modified":"2023-08-23T21:52:04","modified_gmt":"2023-08-24T00:52:04","slug":"pecas_","status":"publish","type":"page","link":"https:\/\/pulzohost.com.br\/clientes\/hondacical\/pecas_\/","title":{"rendered":"Pe\u00e7as"},"content":{"rendered":"\t\t<div data-elementor-type=\"wp-page\" data-elementor-id=\"191\" class=\"elementor elementor-191\" data-elementor-post-type=\"page\">\n\t\t\t\t\t\t\t\t\t<section class=\"elementor-section elementor-top-section elementor-element elementor-element-3149def elementor-section-boxed elementor-section-height-default elementor-section-height-default\" data-id=\"3149def\" data-element_type=\"section\">\n\t\t\t\t\t\t<div class=\"elementor-container elementor-column-gap-default\">\n\t\t\t\t\t<div class=\"elementor-column elementor-col-100 elementor-top-column elementor-element elementor-element-6c41182\" data-id=\"6c41182\" data-element_type=\"column\">\n\t\t\t<div class=\"elementor-widget-wrap elementor-element-populated\">\n\t\t\t\t\t\t\t\t<div class=\"elementor-element elementor-element-c3ca7f3 elementor-widget elementor-widget-heading\" data-id=\"c3ca7f3\" data-element_type=\"widget\" data-widget_type=\"heading.default\">\n\t\t\t\t<div class=\"elementor-widget-container\">\n\t\t\t<style>\/*! elementor - v3.15.0 - 09-08-2023 *\/\n.elementor-heading-title{padding:0;margin:0;line-height:1}.elementor-widget-heading .elementor-heading-title[class*=elementor-size-]>a{color:inherit;font-size:inherit;line-height:inherit}.elementor-widget-heading .elementor-heading-title.elementor-size-small{font-size:15px}.elementor-widget-heading .elementor-heading-title.elementor-size-medium{font-size:19px}.elementor-widget-heading .elementor-heading-title.elementor-size-large{font-size:29px}.elementor-widget-heading .elementor-heading-title.elementor-size-xl{font-size:39px}.elementor-widget-heading .elementor-heading-title.elementor-size-xxl{font-size:59px}<\/style><h1 class=\"elementor-heading-title elementor-size-default\">PE\u00c7AS<\/h1>\t\t<\/div>\n\t\t\t\t<\/div>\n\t\t\t\t<div class=\"elementor-element elementor-element-335ea33 elementor-widget elementor-widget-heading\" data-id=\"335ea33\" data-element_type=\"widget\" data-widget_type=\"heading.default\">\n\t\t\t\t<div class=\"elementor-widget-container\">\n\t\t\t<h2 class=\"elementor-heading-title elementor-size-default\">Pe\u00e7as Genu\u00ednas Honda <\/h2>\t\t<\/div>\n\t\t\t\t<\/div>\n\t\t\t\t<div class=\"elementor-element elementor-element-e667242 elementor-widget elementor-widget-text-editor\" data-id=\"e667242\" data-element_type=\"widget\" data-widget_type=\"text-editor.default\">\n\t\t\t\t<div class=\"elementor-widget-container\">\n\t\t\t<style>\/*! elementor - v3.15.0 - 09-08-2023 *\/\n.elementor-widget-text-editor.elementor-drop-cap-view-stacked .elementor-drop-cap{background-color:#69727d;color:#fff}.elementor-widget-text-editor.elementor-drop-cap-view-framed .elementor-drop-cap{color:#69727d;border:3px solid;background-color:transparent}.elementor-widget-text-editor:not(.elementor-drop-cap-view-default) .elementor-drop-cap{margin-top:8px}.elementor-widget-text-editor:not(.elementor-drop-cap-view-default) .elementor-drop-cap-letter{width:1em;height:1em}.elementor-widget-text-editor .elementor-drop-cap{float:left;text-align:center;line-height:1;font-size:50px}.elementor-widget-text-editor .elementor-drop-cap-letter{display:inline-block}<\/style>\t\t\t\t<p>Ao usar pe\u00e7as genu\u00ednas Honda, voc\u00ea garante que seu ve\u00edculo se mantenha da mesma maneira em que saiu da f\u00e1brica. Atrav\u00e9s desse canal, voc\u00ea encontrar\u00e1 as pe\u00e7as que deseja e poder\u00e1 solicit\u00e1-las para a concession\u00e1ria de sua prefer\u00eancia.<\/p>\t\t\t\t\t\t<\/div>\n\t\t\t\t<\/div>\n\t\t\t\t\t<\/div>\n\t\t<\/div>\n\t\t\t\t\t\t\t<\/div>\n\t\t<\/section>\n\t\t\t\t<section class=\"elementor-section elementor-top-section elementor-element elementor-element-af326ed elementor-section-boxed elementor-section-height-default elementor-section-height-default\" data-id=\"af326ed\" data-element_type=\"section\">\n\t\t\t\t\t\t<div class=\"elementor-container elementor-column-gap-default\">\n\t\t\t\t\t<div class=\"elementor-column elementor-col-33 elementor-top-column elementor-element elementor-element-da3402e\" data-id=\"da3402e\" data-element_type=\"column\">\n\t\t\t<div class=\"elementor-widget-wrap elementor-element-populated\">\n\t\t\t\t\t\t\t\t<div class=\"elementor-element elementor-element-b9146d9 elementor-widget elementor-widget-image\" data-id=\"b9146d9\" data-element_type=\"widget\" data-widget_type=\"image.default\">\n\t\t\t\t<div class=\"elementor-widget-container\">\n\t\t\t<style>\/*! elementor - v3.15.0 - 09-08-2023 *\/\n.elementor-widget-image{text-align:center}.elementor-widget-image a{display:inline-block}.elementor-widget-image a img[src$=\".svg\"]{width:48px}.elementor-widget-image img{vertical-align:middle;display:inline-block}<\/style>\t\t\t\t\t\t\t\t\t\t\t\t<img loading=\"lazy\" decoding=\"async\" width=\"50\" height=\"50\" src=\"https:\/\/pulzohost.com.br\/clientes\/hondacical\/wp-content\/uploads\/2023\/08\/icone-pecas.png\" class=\"attachment-full size-full wp-image-840\" alt=\"\" \/>\t\t\t\t\t\t\t\t\t\t\t\t\t\t\t<\/div>\n\t\t\t\t<\/div>\n\t\t\t\t<div class=\"elementor-element elementor-element-2071988 elementor-widget elementor-widget-heading\" data-id=\"2071988\" data-element_type=\"widget\" data-widget_type=\"heading.default\">\n\t\t\t\t<div class=\"elementor-widget-container\">\n\t\t\t<h2 class=\"elementor-heading-title elementor-size-default\">Selecione as pe\u00e7as<\/h2>\t\t<\/div>\n\t\t\t\t<\/div>\n\t\t\t\t<div class=\"elementor-element elementor-element-e0471ef elementor-widget elementor-widget-text-editor\" data-id=\"e0471ef\" data-element_type=\"widget\" data-widget_type=\"text-editor.default\">\n\t\t\t\t<div class=\"elementor-widget-container\">\n\t\t\t\t\t\t\t<p>Primeiro selecione as pe\u00e7as de interesse<\/p>\t\t\t\t\t\t<\/div>\n\t\t\t\t<\/div>\n\t\t\t\t\t<\/div>\n\t\t<\/div>\n\t\t\t\t<div class=\"elementor-column elementor-col-33 elementor-top-column elementor-element elementor-element-7ec7f17\" data-id=\"7ec7f17\" data-element_type=\"column\">\n\t\t\t<div class=\"elementor-widget-wrap elementor-element-populated\">\n\t\t\t\t\t\t\t\t<div class=\"elementor-element elementor-element-d7915a9 elementor-widget elementor-widget-image\" data-id=\"d7915a9\" data-element_type=\"widget\" data-widget_type=\"image.default\">\n\t\t\t\t<div class=\"elementor-widget-container\">\n\t\t\t\t\t\t\t\t\t\t\t\t\t\t\t<img loading=\"lazy\" decoding=\"async\" width=\"50\" height=\"50\" src=\"https:\/\/pulzohost.com.br\/clientes\/hondacical\/wp-content\/uploads\/2023\/08\/icone2-pecas.png\" class=\"attachment-full size-full wp-image-841\" alt=\"\" \/>\t\t\t\t\t\t\t\t\t\t\t\t\t\t\t<\/div>\n\t\t\t\t<\/div>\n\t\t\t\t<div class=\"elementor-element elementor-element-279ee51 elementor-widget elementor-widget-heading\" data-id=\"279ee51\" data-element_type=\"widget\" data-widget_type=\"heading.default\">\n\t\t\t\t<div class=\"elementor-widget-container\">\n\t\t\t<h2 class=\"elementor-heading-title elementor-size-default\">Escolha a concession\u00e1ria<\/h2>\t\t<\/div>\n\t\t\t\t<\/div>\n\t\t\t\t<div class=\"elementor-element elementor-element-40ad9b6 elementor-widget elementor-widget-text-editor\" data-id=\"40ad9b6\" data-element_type=\"widget\" data-widget_type=\"text-editor.default\">\n\t\t\t\t<div class=\"elementor-widget-container\">\n\t\t\t\t\t\t\t<p>Selecione a concession\u00e1ria de prefer\u00eancia<\/p>\t\t\t\t\t\t<\/div>\n\t\t\t\t<\/div>\n\t\t\t\t\t<\/div>\n\t\t<\/div>\n\t\t\t\t<div class=\"elementor-column elementor-col-33 elementor-top-column elementor-element elementor-element-c6b5054\" data-id=\"c6b5054\" data-element_type=\"column\">\n\t\t\t<div class=\"elementor-widget-wrap elementor-element-populated\">\n\t\t\t\t\t\t\t\t<div class=\"elementor-element elementor-element-87c26e0 elementor-widget elementor-widget-image\" data-id=\"87c26e0\" data-element_type=\"widget\" data-widget_type=\"image.default\">\n\t\t\t\t<div class=\"elementor-widget-container\">\n\t\t\t\t\t\t\t\t\t\t\t\t\t\t\t<img loading=\"lazy\" decoding=\"async\" width=\"50\" height=\"50\" src=\"https:\/\/pulzohost.com.br\/clientes\/hondacical\/wp-content\/uploads\/2023\/08\/icone3-pecas.png\" class=\"attachment-full size-full wp-image-842\" alt=\"\" \/>\t\t\t\t\t\t\t\t\t\t\t\t\t\t\t<\/div>\n\t\t\t\t<\/div>\n\t\t\t\t<div class=\"elementor-element elementor-element-c49fcb0 elementor-widget elementor-widget-heading\" data-id=\"c49fcb0\" data-element_type=\"widget\" data-widget_type=\"heading.default\">\n\t\t\t\t<div class=\"elementor-widget-container\">\n\t\t\t<h2 class=\"elementor-heading-title elementor-size-default\">Confirme seus dados<\/h2>\t\t<\/div>\n\t\t\t\t<\/div>\n\t\t\t\t<div class=\"elementor-element elementor-element-ae9a2bd elementor-widget elementor-widget-text-editor\" data-id=\"ae9a2bd\" data-element_type=\"widget\" data-widget_type=\"text-editor.default\">\n\t\t\t\t<div class=\"elementor-widget-container\">\n\t\t\t\t\t\t\t<p>Insira seus dados e envie sua solicita\u00e7\u00e3o<\/p>\t\t\t\t\t\t<\/div>\n\t\t\t\t<\/div>\n\t\t\t\t\t<\/div>\n\t\t<\/div>\n\t\t\t\t\t\t\t<\/div>\n\t\t<\/section>\n\t\t\t\t<section class=\"elementor-section elementor-top-section elementor-element elementor-element-faa82ec elementor-section-boxed elementor-section-height-default elementor-section-height-default\" data-id=\"faa82ec\" data-element_type=\"section\">\n\t\t\t\t\t\t<div class=\"elementor-container elementor-column-gap-default\">\n\t\t\t\t\t<div class=\"elementor-column elementor-col-100 elementor-top-column elementor-element elementor-element-c0a93aa\" data-id=\"c0a93aa\" data-element_type=\"column\">\n\t\t\t<div class=\"elementor-widget-wrap elementor-element-populated\">\n\t\t\t\t\t\t\t\t<div class=\"elementor-element elementor-element-22f30cc elementor-widget elementor-widget-jet-listing-grid\" data-id=\"22f30cc\" data-element_type=\"widget\" data-settings=\"{&quot;columns&quot;:&quot;4&quot;,&quot;columns_mobile&quot;:&quot;1&quot;}\" data-widget_type=\"jet-listing-grid.default\">\n\t\t\t\t<div class=\"elementor-widget-container\">\n\t\t\t<div class=\"jet-listing-grid jet-listing\"><div class=\"jet-listing-grid__items grid-col-desk-4 grid-col-tablet-4 grid-col-mobile-1 jet-listing-grid--849 jet-equal-columns__wrapper\"  data-nav=\"{&quot;enabled&quot;:true,&quot;type&quot;:&quot;scroll&quot;,&quot;more_el&quot;:null,&quot;query&quot;:{&quot;post_status&quot;:[&quot;publish&quot;],&quot;post_type&quot;:&quot;pecas&quot;,&quot;posts_per_page&quot;:&quot;3&quot;,&quot;paged&quot;:&quot;1&quot;,&quot;ignore_sticky_posts&quot;:&quot;1&quot;},&quot;widget_settings&quot;:{&quot;lisitng_id&quot;:849,&quot;posts_num&quot;:3,&quot;columns&quot;:4,&quot;columns_tablet&quot;:4,&quot;columns_mobile&quot;:1,&quot;is_archive_template&quot;:&quot;&quot;,&quot;post_status&quot;:[&quot;publish&quot;],&quot;use_random_posts_num&quot;:&quot;&quot;,&quot;max_posts_num&quot;:9,&quot;not_found_message&quot;:&quot;Nenhum dado cadastrado&quot;,&quot;is_masonry&quot;:false,&quot;equal_columns_height&quot;:&quot;yes&quot;,&quot;use_load_more&quot;:&quot;yes&quot;,&quot;load_more_id&quot;:&quot;&quot;,&quot;load_more_type&quot;:&quot;scroll&quot;,&quot;load_more_offset&quot;:{&quot;unit&quot;:&quot;px&quot;,&quot;size&quot;:0,&quot;sizes&quot;:[]},&quot;use_custom_post_types&quot;:&quot;&quot;,&quot;custom_post_types&quot;:[],&quot;hide_widget_if&quot;:&quot;&quot;,&quot;carousel_enabled&quot;:&quot;&quot;,&quot;slides_to_scroll&quot;:&quot;1&quot;,&quot;arrows&quot;:&quot;true&quot;,&quot;arrow_icon&quot;:&quot;fa fa-angle-left&quot;,&quot;dots&quot;:&quot;&quot;,&quot;autoplay&quot;:&quot;true&quot;,&quot;autoplay_speed&quot;:5000,&quot;infinite&quot;:&quot;true&quot;,&quot;center_mode&quot;:&quot;&quot;,&quot;effect&quot;:&quot;slide&quot;,&quot;speed&quot;:500,&quot;inject_alternative_items&quot;:&quot;&quot;,&quot;injection_items&quot;:[],&quot;scroll_slider_enabled&quot;:&quot;&quot;,&quot;scroll_slider_on&quot;:[&quot;desktop&quot;,&quot;tablet&quot;,&quot;mobile&quot;],&quot;custom_query&quot;:false,&quot;custom_query_id&quot;:&quot;&quot;,&quot;_element_id&quot;:&quot;&quot;}}\" data-page=\"1\" data-pages=\"1\" data-listing-source=\"posts\" data-listing-id=\"849\" data-query-id=\"\"><style>.elementor-849 .elementor-element.elementor-element-ed7c7d0{text-align:center;}.elementor-849 .elementor-element.elementor-element-a10bee4{color:#7A7A7A;font-family:\"Roboto\", Sans-serif;font-size:11px;font-weight:400;width:auto;max-width:auto;}.elementor-849 .elementor-element.elementor-element-a10bee4 > .elementor-widget-container{padding:5px 10px 5px 10px;background-color:#F5F5F5;border-style:solid;border-width:1px 1px 1px 1px;border-color:#AAAAAA;border-radius:10px 10px 10px 10px;}.elementor-849 .elementor-element.elementor-element-1ac51d4{text-align:left;}.elementor-849 .elementor-element.elementor-element-1ac51d4 .elementor-heading-title{color:#000000;font-family:\"Roboto\", Sans-serif;font-size:18px;font-weight:500;line-height:29px;}.elementor-849 .elementor-element.elementor-element-1ac51d4 > .elementor-widget-container{margin:5px 0px 0px 0px;padding:0px 0px 0px 0px;}.elementor-849 .elementor-element.elementor-element-d1d7d2b .elementor-icon-list-items:not(.elementor-inline-items) .elementor-icon-list-item:not(:last-child){padding-bottom:calc(5px\/2);}.elementor-849 .elementor-element.elementor-element-d1d7d2b .elementor-icon-list-items:not(.elementor-inline-items) .elementor-icon-list-item:not(:first-child){margin-top:calc(5px\/2);}.elementor-849 .elementor-element.elementor-element-d1d7d2b .elementor-icon-list-items.elementor-inline-items .elementor-icon-list-item{margin-right:calc(5px\/2);margin-left:calc(5px\/2);}.elementor-849 .elementor-element.elementor-element-d1d7d2b .elementor-icon-list-items.elementor-inline-items{margin-right:calc(-5px\/2);margin-left:calc(-5px\/2);}body.rtl .elementor-849 .elementor-element.elementor-element-d1d7d2b .elementor-icon-list-items.elementor-inline-items .elementor-icon-list-item:after{left:calc(-5px\/2);}body:not(.rtl) .elementor-849 .elementor-element.elementor-element-d1d7d2b .elementor-icon-list-items.elementor-inline-items .elementor-icon-list-item:after{right:calc(-5px\/2);}.elementor-849 .elementor-element.elementor-element-d1d7d2b .elementor-icon-list-icon i{color:#DF0032;transition:color 0.3s;}.elementor-849 .elementor-element.elementor-element-d1d7d2b .elementor-icon-list-icon svg{fill:#DF0032;transition:fill 0.3s;}.elementor-849 .elementor-element.elementor-element-d1d7d2b{--e-icon-list-icon-size:16px;--e-icon-list-icon-align:right;--e-icon-list-icon-margin:0 0 0 calc(var(--e-icon-list-icon-size, 1em) * 0.25);--icon-vertical-align:center;--icon-vertical-offset:-1px;}.elementor-849 .elementor-element.elementor-element-d1d7d2b .elementor-icon-list-icon{padding-right:0px;}.elementor-849 .elementor-element.elementor-element-d1d7d2b .elementor-icon-list-item > .elementor-icon-list-text, .elementor-849 .elementor-element.elementor-element-d1d7d2b .elementor-icon-list-item > a{font-family:\"Roboto\", Sans-serif;font-size:12px;font-weight:500;}.elementor-849 .elementor-element.elementor-element-d1d7d2b .elementor-icon-list-text{color:#000000;transition:color 0.3s;}.elementor-849 .elementor-element.elementor-element-d1d7d2b > .elementor-widget-container{margin:-5px 0px 10px -12px;}.elementor-849 .elementor-element.elementor-element-7d5a768 .elementor-button .elementor-align-icon-right{margin-left:33px;}.elementor-849 .elementor-element.elementor-element-7d5a768 .elementor-button .elementor-align-icon-left{margin-right:33px;}.elementor-849 .elementor-element.elementor-element-7d5a768 .elementor-button{font-family:\"Roboto\", Sans-serif;font-weight:500;background-color:#DF0032;border-radius:0px 0px 0px 0px;}.elementor-849 .elementor-element.elementor-element-7d5a768 .elementor-button:hover, .elementor-849 .elementor-element.elementor-element-7d5a768 .elementor-button:focus{color:#FFFFFF;background-color:#000000;}.elementor-849 .elementor-element.elementor-element-7d5a768 .elementor-button:hover svg, .elementor-849 .elementor-element.elementor-element-7d5a768 .elementor-button:focus svg{fill:#FFFFFF;}.elementor-849 .elementor-element.elementor-element-7d5a768 > .elementor-widget-container{margin:-15px 0px 0px 0px;}@media(max-width:1024px){.elementor-849 .elementor-element.elementor-element-1ac51d4{text-align:center;}}<\/style><div class=\"jet-listing-grid__item jet-listing-dynamic-post-869 jet-equal-columns\" data-post-id=\"869\" >\t\t<div data-elementor-type=\"jet-listing-items\" data-elementor-id=\"849\" class=\"elementor elementor-849\" data-elementor-post-type=\"jet-engine\">\n\t\t\t\t\t\t\t\t\t<section class=\"elementor-section elementor-top-section elementor-element elementor-element-a127034 elementor-section-boxed elementor-section-height-default elementor-section-height-default\" data-id=\"a127034\" data-element_type=\"section\">\n\t\t\t\t\t\t<div class=\"elementor-container elementor-column-gap-default\">\n\t\t\t\t\t<div class=\"elementor-column elementor-col-100 elementor-top-column elementor-element elementor-element-01b0739\" data-id=\"01b0739\" data-element_type=\"column\">\n\t\t\t<div class=\"elementor-widget-wrap elementor-element-populated\">\n\t\t\t\t\t\t\t\t<div class=\"elementor-element elementor-element-ed7c7d0 elementor-widget elementor-widget-image\" data-id=\"ed7c7d0\" data-element_type=\"widget\" data-widget_type=\"image.default\">\n\t\t\t\t<div class=\"elementor-widget-container\">\n\t\t\t\t\t\t\t\t\t\t\t\t\t\t\t<img loading=\"lazy\" decoding=\"async\" width=\"150\" height=\"150\" src=\"https:\/\/pulzohost.com.br\/clientes\/hondacical\/wp-content\/uploads\/2023\/08\/Site-honda-3.png\" class=\"attachment-full size-full wp-image-870\" alt=\"\" \/>\t\t\t\t\t\t\t\t\t\t\t\t\t\t\t<\/div>\n\t\t\t\t<\/div>\n\t\t\t\t<div class=\"elementor-element elementor-element-a10bee4 elementor-widget__width-auto elementor-widget elementor-widget-text-editor\" data-id=\"a10bee4\" data-element_type=\"widget\" data-widget_type=\"text-editor.default\">\n\t\t\t\t<div class=\"elementor-widget-container\">\n\t\t\t\t\t\t\tC\u00f3d.: 42751SNJ4050\t\t\t\t\t\t<\/div>\n\t\t\t\t<\/div>\n\t\t\t\t<div class=\"elementor-element elementor-element-1ac51d4 elementor-widget elementor-widget-heading\" data-id=\"1ac51d4\" data-element_type=\"widget\" data-widget_type=\"heading.default\">\n\t\t\t\t<div class=\"elementor-widget-container\">\n\t\t\t<h2 class=\"elementor-heading-title elementor-size-default\">Pneu 205\/55R16 91V Cinturato P1<\/h2>\t\t<\/div>\n\t\t\t\t<\/div>\n\t\t\t\t<div class=\"elementor-element elementor-element-d1d7d2b elementor-icon-list--layout-inline elementor-align-left elementor-list-item-link-full_width elementor-widget elementor-widget-icon-list\" data-id=\"d1d7d2b\" data-element_type=\"widget\" data-widget_type=\"icon-list.default\">\n\t\t\t\t<div class=\"elementor-widget-container\">\n\t\t\t<link rel=\"stylesheet\" href=\"https:\/\/pulzohost.com.br\/clientes\/hondacical\/wp-content\/plugins\/elementor\/assets\/css\/widget-icon-list.min.css\">\t\t<ul class=\"elementor-icon-list-items elementor-inline-items\">\n\t\t\t\t\t\t\t<li class=\"elementor-icon-list-item elementor-inline-item\">\n\t\t\t\t\t\t\t\t\t\t\t<span class=\"elementor-icon-list-icon\">\n\t\t\t\t\t\t\t<i aria-hidden=\"true\" class=\"fas fa-caret-right\"><\/i>\t\t\t\t\t\t<\/span>\n\t\t\t\t\t\t\t\t\t\t<span class=\"elementor-icon-list-text\">Ano: Civic<\/span>\n\t\t\t\t\t\t\t\t\t<\/li>\n\t\t\t\t\t\t\t\t<li class=\"elementor-icon-list-item elementor-inline-item\">\n\t\t\t\t\t\t\t\t\t\t\t<span class=\"elementor-icon-list-icon\">\n\t\t\t\t\t\t\t<i aria-hidden=\"true\" class=\"fas fa-caret-right\"><\/i>\t\t\t\t\t\t<\/span>\n\t\t\t\t\t\t\t\t\t\t<span class=\"elementor-icon-list-text\">KM: 2007 a 2016<\/span>\n\t\t\t\t\t\t\t\t\t<\/li>\n\t\t\t\t\t\t<\/ul>\n\t\t\t\t<\/div>\n\t\t\t\t<\/div>\n\t\t\t\t<div class=\"elementor-element elementor-element-7d5a768 elementor-widget elementor-widget-button\" data-id=\"7d5a768\" data-element_type=\"widget\" data-widget_type=\"button.default\">\n\t\t\t\t<div class=\"elementor-widget-container\">\n\t\t\t\t\t<div class=\"elementor-button-wrapper\">\n\t\t\t<a class=\"elementor-button elementor-button-link elementor-size-sm\" href=\"https:\/\/wa.me\/5518981172268\" target=\"_blank\">\n\t\t\t\t\t\t<span class=\"elementor-button-content-wrapper\">\n\t\t\t\t\t\t<span class=\"elementor-button-icon elementor-align-icon-right\">\n\t\t\t\t<i aria-hidden=\"true\" class=\"fas fa-long-arrow-alt-right\"><\/i>\t\t\t<\/span>\n\t\t\t\t\t\t<span class=\"elementor-button-text\">Pre\u00e7o sob consulta<\/span>\n\t\t<\/span>\n\t\t\t\t\t<\/a>\n\t\t<\/div>\n\t\t\t\t<\/div>\n\t\t\t\t<\/div>\n\t\t\t\t\t<\/div>\n\t\t<\/div>\n\t\t\t\t\t\t\t<\/div>\n\t\t<\/section>\n\t\t\t\t\t\t\t<\/div>\n\t\t<\/div><div class=\"jet-listing-grid__item jet-listing-dynamic-post-862 jet-equal-columns\" data-post-id=\"862\" >\t\t<div data-elementor-type=\"jet-listing-items\" data-elementor-id=\"849\" class=\"elementor elementor-849\" data-elementor-post-type=\"jet-engine\">\n\t\t\t\t\t\t\t\t\t<section class=\"elementor-section elementor-top-section elementor-element elementor-element-a127034 elementor-section-boxed elementor-section-height-default elementor-section-height-default\" data-id=\"a127034\" data-element_type=\"section\">\n\t\t\t\t\t\t<div class=\"elementor-container elementor-column-gap-default\">\n\t\t\t\t\t<div class=\"elementor-column elementor-col-100 elementor-top-column elementor-element elementor-element-01b0739\" data-id=\"01b0739\" data-element_type=\"column\">\n\t\t\t<div class=\"elementor-widget-wrap elementor-element-populated\">\n\t\t\t\t\t\t\t\t<div class=\"elementor-element elementor-element-ed7c7d0 elementor-widget elementor-widget-image\" data-id=\"ed7c7d0\" data-element_type=\"widget\" data-widget_type=\"image.default\">\n\t\t\t\t<div class=\"elementor-widget-container\">\n\t\t\t\t\t\t\t\t\t\t\t\t\t\t\t<img loading=\"lazy\" decoding=\"async\" width=\"150\" height=\"150\" src=\"https:\/\/pulzohost.com.br\/clientes\/hondacical\/wp-content\/uploads\/2023\/08\/Site-honda-.png\" class=\"attachment-full size-full wp-image-863\" alt=\"\" \/>\t\t\t\t\t\t\t\t\t\t\t\t\t\t\t<\/div>\n\t\t\t\t<\/div>\n\t\t\t\t<div class=\"elementor-element elementor-element-a10bee4 elementor-widget__width-auto elementor-widget elementor-widget-text-editor\" data-id=\"a10bee4\" data-element_type=\"widget\" data-widget_type=\"text-editor.default\">\n\t\t\t\t<div class=\"elementor-widget-container\">\n\t\t\t\t\t\t\tC\u00f3d.: 122905WXM01\t\t\t\t\t\t<\/div>\n\t\t\t\t<\/div>\n\t\t\t\t<div class=\"elementor-element elementor-element-1ac51d4 elementor-widget elementor-widget-heading\" data-id=\"1ac51d4\" data-element_type=\"widget\" data-widget_type=\"heading.default\">\n\t\t\t\t<div class=\"elementor-widget-container\">\n\t\t\t<h2 class=\"elementor-heading-title elementor-size-default\">Vela de Igni\u00e7\u00e3o FR6F-11DK<\/h2>\t\t<\/div>\n\t\t\t\t<\/div>\n\t\t\t\t<div class=\"elementor-element elementor-element-d1d7d2b elementor-icon-list--layout-inline elementor-align-left elementor-list-item-link-full_width elementor-widget elementor-widget-icon-list\" data-id=\"d1d7d2b\" data-element_type=\"widget\" data-widget_type=\"icon-list.default\">\n\t\t\t\t<div class=\"elementor-widget-container\">\n\t\t\t\t\t<ul class=\"elementor-icon-list-items elementor-inline-items\">\n\t\t\t\t\t\t\t<li class=\"elementor-icon-list-item elementor-inline-item\">\n\t\t\t\t\t\t\t\t\t\t\t<span class=\"elementor-icon-list-icon\">\n\t\t\t\t\t\t\t<i aria-hidden=\"true\" class=\"fas fa-caret-right\"><\/i>\t\t\t\t\t\t<\/span>\n\t\t\t\t\t\t\t\t\t\t<span class=\"elementor-icon-list-text\">Ano: WR-V<\/span>\n\t\t\t\t\t\t\t\t\t<\/li>\n\t\t\t\t\t\t\t\t<li class=\"elementor-icon-list-item elementor-inline-item\">\n\t\t\t\t\t\t\t\t\t\t\t<span class=\"elementor-icon-list-icon\">\n\t\t\t\t\t\t\t<i aria-hidden=\"true\" class=\"fas fa-caret-right\"><\/i>\t\t\t\t\t\t<\/span>\n\t\t\t\t\t\t\t\t\t\t<span class=\"elementor-icon-list-text\">KM: 2018 e 2019<\/span>\n\t\t\t\t\t\t\t\t\t<\/li>\n\t\t\t\t\t\t<\/ul>\n\t\t\t\t<\/div>\n\t\t\t\t<\/div>\n\t\t\t\t<div class=\"elementor-element elementor-element-7d5a768 elementor-widget elementor-widget-button\" data-id=\"7d5a768\" data-element_type=\"widget\" data-widget_type=\"button.default\">\n\t\t\t\t<div class=\"elementor-widget-container\">\n\t\t\t\t\t<div class=\"elementor-button-wrapper\">\n\t\t\t<a class=\"elementor-button elementor-button-link elementor-size-sm\" href=\"https:\/\/wa.me\/5518981172268\" target=\"_blank\">\n\t\t\t\t\t\t<span class=\"elementor-button-content-wrapper\">\n\t\t\t\t\t\t<span class=\"elementor-button-icon elementor-align-icon-right\">\n\t\t\t\t<i aria-hidden=\"true\" class=\"fas fa-long-arrow-alt-right\"><\/i>\t\t\t<\/span>\n\t\t\t\t\t\t<span class=\"elementor-button-text\">Pre\u00e7o sob consulta<\/span>\n\t\t<\/span>\n\t\t\t\t\t<\/a>\n\t\t<\/div>\n\t\t\t\t<\/div>\n\t\t\t\t<\/div>\n\t\t\t\t\t<\/div>\n\t\t<\/div>\n\t\t\t\t\t\t\t<\/div>\n\t\t<\/section>\n\t\t\t\t\t\t\t<\/div>\n\t\t<\/div><\/div><div class=\"jet-listing-grid__loader\"><div class=\"jet-listing-grid__loader-text\">Carregando<\/div><\/div><\/div>\t\t<\/div>\n\t\t\t\t<\/div>\n\t\t\t\t\t<\/div>\n\t\t<\/div>\n\t\t\t\t\t\t\t<\/div>\n\t\t<\/section>\n\t\t\t\t\t\t\t<\/div>\n\t\t","protected":false},"excerpt":{"rendered":"<p>PE\u00c7AS Pe\u00e7as Genu\u00ednas Honda Ao usar pe\u00e7as genu\u00ednas Honda, voc\u00ea garante que seu ve\u00edculo se mantenha da mesma maneira em que saiu da f\u00e1brica. Atrav\u00e9s desse canal, voc\u00ea encontrar\u00e1 as pe\u00e7as que deseja e poder\u00e1 solicit\u00e1-las para a concession\u00e1ria de sua prefer\u00eancia. Selecione as pe\u00e7as Primeiro selecione as pe\u00e7as de interesse Escolha a concession\u00e1ria Selecione [&hellip;]<\/p>\n","protected":false},"author":1,"featured_media":0,"parent":0,"menu_order":0,"comment_status":"closed","ping_status":"closed","template":"","meta":{"footnotes":""},"class_list":["post-191","page","type-page","status-publish","hentry"],"_links":{"self":[{"href":"https:\/\/pulzohost.com.br\/clientes\/hondacical\/wp-json\/wp\/v2\/pages\/191","targetHints":{"allow":["GET"]}}],"collection":[{"href":"https:\/\/pulzohost.com.br\/clientes\/hondacical\/wp-json\/wp\/v2\/pages"}],"about":[{"href":"https:\/\/pulzohost.com.br\/clientes\/hondacical\/wp-json\/wp\/v2\/types\/page"}],"author":[{"embeddable":true,"href":"https:\/\/pulzohost.com.br\/clientes\/hondacical\/wp-json\/wp\/v2\/users\/1"}],"replies":[{"embeddable":true,"href":"https:\/\/pulzohost.com.br\/clientes\/hondacical\/wp-json\/wp\/v2\/comments?post=191"}],"version-history":[{"count":19,"href":"https:\/\/pulzohost.com.br\/clientes\/hondacical\/wp-json\/wp\/v2\/pages\/191\/revisions"}],"predecessor-version":[{"id":874,"href":"https:\/\/pulzohost.com.br\/clientes\/hondacical\/wp-json\/wp\/v2\/pages\/191\/revisions\/874"}],"wp:attachment":[{"href":"https:\/\/pulzohost.com.br\/clientes\/hondacical\/wp-json\/wp\/v2\/media?parent=191"}],"curies":[{"name":"wp","href":"https:\/\/api.w.org\/{rel}","templated":true}]}}