{"id":167,"date":"2023-08-22T16:33:55","date_gmt":"2023-08-22T19:33:55","guid":{"rendered":"https:\/\/pulzohost.com.br\/clientes\/hondacical\/?page_id=167"},"modified":"2023-08-23T18:58:15","modified_gmt":"2023-08-23T21:58:15","slug":"taxista","status":"publish","type":"page","link":"https:\/\/pulzohost.com.br\/clientes\/hondacical\/taxista\/","title":{"rendered":"Taxista"},"content":{"rendered":"\t\t<div data-elementor-type=\"wp-page\" data-elementor-id=\"167\" class=\"elementor elementor-167\" data-elementor-post-type=\"page\">\n\t\t\t\t\t\t\t\t\t<section class=\"elementor-section elementor-top-section elementor-element elementor-element-63370b7 elementor-section-boxed elementor-section-height-default elementor-section-height-default\" data-id=\"63370b7\" data-element_type=\"section\">\n\t\t\t\t\t\t<div class=\"elementor-container elementor-column-gap-default\">\n\t\t\t\t\t<div class=\"elementor-column elementor-col-50 elementor-top-column elementor-element elementor-element-0bbe056\" data-id=\"0bbe056\" data-element_type=\"column\">\n\t\t\t<div class=\"elementor-widget-wrap elementor-element-populated\">\n\t\t\t\t\t\t\t\t<div class=\"elementor-element elementor-element-d354bf7 elementor-widget elementor-widget-image\" data-id=\"d354bf7\" data-element_type=\"widget\" data-widget_type=\"image.default\">\n\t\t\t\t<div class=\"elementor-widget-container\">\n\t\t\t<style>\/*! elementor - v3.15.0 - 09-08-2023 *\/\n.elementor-widget-image{text-align:center}.elementor-widget-image a{display:inline-block}.elementor-widget-image a img[src$=\".svg\"]{width:48px}.elementor-widget-image img{vertical-align:middle;display:inline-block}<\/style>\t\t\t\t\t\t\t\t\t\t\t\t<img loading=\"lazy\" decoding=\"async\" width=\"540\" height=\"540\" src=\"https:\/\/pulzohost.com.br\/clientes\/hondacical\/wp-content\/uploads\/2023\/08\/TAXISTA-BANNER.png\" class=\"attachment-full size-full wp-image-667\" alt=\"\" srcset=\"https:\/\/pulzohost.com.br\/clientes\/hondacical\/wp-content\/uploads\/2023\/08\/TAXISTA-BANNER.png 540w, https:\/\/pulzohost.com.br\/clientes\/hondacical\/wp-content\/uploads\/2023\/08\/TAXISTA-BANNER-300x300.png 300w, https:\/\/pulzohost.com.br\/clientes\/hondacical\/wp-content\/uploads\/2023\/08\/TAXISTA-BANNER-150x150.png 150w\" sizes=\"auto, (max-width: 540px) 100vw, 540px\" \/>\t\t\t\t\t\t\t\t\t\t\t\t\t\t\t<\/div>\n\t\t\t\t<\/div>\n\t\t\t\t\t<\/div>\n\t\t<\/div>\n\t\t\t\t<div class=\"elementor-column elementor-col-50 elementor-top-column elementor-element elementor-element-a8e834e\" data-id=\"a8e834e\" data-element_type=\"column\">\n\t\t\t<div class=\"elementor-widget-wrap elementor-element-populated\">\n\t\t\t\t\t\t\t\t<div class=\"elementor-element elementor-element-4770134 elementor-widget elementor-widget-heading\" data-id=\"4770134\" data-element_type=\"widget\" data-widget_type=\"heading.default\">\n\t\t\t\t<div class=\"elementor-widget-container\">\n\t\t\t<style>\/*! elementor - v3.15.0 - 09-08-2023 *\/\n.elementor-heading-title{padding:0;margin:0;line-height:1}.elementor-widget-heading .elementor-heading-title[class*=elementor-size-]>a{color:inherit;font-size:inherit;line-height:inherit}.elementor-widget-heading .elementor-heading-title.elementor-size-small{font-size:15px}.elementor-widget-heading .elementor-heading-title.elementor-size-medium{font-size:19px}.elementor-widget-heading .elementor-heading-title.elementor-size-large{font-size:29px}.elementor-widget-heading .elementor-heading-title.elementor-size-xl{font-size:39px}.elementor-widget-heading .elementor-heading-title.elementor-size-xxl{font-size:59px}<\/style><h2 class=\"elementor-heading-title elementor-size-default\">TAXISTA<\/h2>\t\t<\/div>\n\t\t\t\t<\/div>\n\t\t\t\t<div class=\"elementor-element elementor-element-0272743 elementor-widget elementor-widget-heading\" data-id=\"0272743\" data-element_type=\"widget\" data-widget_type=\"heading.default\">\n\t\t\t\t<div class=\"elementor-widget-container\">\n\t\t\t<h2 class=\"elementor-heading-title elementor-size-default\">Isen\u00e7\u00f5es para taxistas e condi\u00e7\u00f5es especiais.<\/h2>\t\t<\/div>\n\t\t\t\t<\/div>\n\t\t\t\t<div class=\"elementor-element elementor-element-9bafb25 elementor-widget elementor-widget-text-editor\" data-id=\"9bafb25\" data-element_type=\"widget\" data-widget_type=\"text-editor.default\">\n\t\t\t\t<div class=\"elementor-widget-container\">\n\t\t\t<style>\/*! elementor - v3.15.0 - 09-08-2023 *\/\n.elementor-widget-text-editor.elementor-drop-cap-view-stacked .elementor-drop-cap{background-color:#69727d;color:#fff}.elementor-widget-text-editor.elementor-drop-cap-view-framed .elementor-drop-cap{color:#69727d;border:3px solid;background-color:transparent}.elementor-widget-text-editor:not(.elementor-drop-cap-view-default) .elementor-drop-cap{margin-top:8px}.elementor-widget-text-editor:not(.elementor-drop-cap-view-default) .elementor-drop-cap-letter{width:1em;height:1em}.elementor-widget-text-editor .elementor-drop-cap{float:left;text-align:center;line-height:1;font-size:50px}.elementor-widget-text-editor .elementor-drop-cap-letter{display:inline-block}<\/style>\t\t\t\t<p>A Honda, atrav\u00e9s do\u00a0<strong>Programa Pro-driver<\/strong>, atende aos taxistas oferecendo os ve\u00edculos da marca com isen\u00e7\u00e3o de IPI e ICMS. Saiba mais sobre como adquirir o seu taxi de alto padr\u00e3o, com as melhores condi\u00e7\u00f5es.<\/p><p>\u00a0<\/p><p><strong>Isen\u00e7\u00f5es fiscais\u00a0<\/strong><\/p><p>O taxista pode usufruir de\u00a0<strong>isen\u00e7\u00e3o de IPI e ICMS<\/strong>, de acordo com as condi\u00e7\u00f5es previstas na Lei:<\/p><p><strong>IPI:<\/strong>\u00a0Lei 8.989, de 24\/2\/1995, renovada atualmente pela Lei 13.146, de 06\/7\/2015, cuja validade vai at\u00e9 31\/12\/2021.<\/p><p><strong>ICMS:<\/strong>\u00a0Atualmente esta isen\u00e7\u00e3o \u00e9 regida pelo Conv\u00eanio ICMS 38\/01 de 6\/7\/2001, prorrogado at\u00e9 31\/10\/2017 (montadoras) atrav\u00e9s do Conv\u00eanio ICMS 49\/2017.<\/p><p>Obs: Para ve\u00edculos destinados \u00e0 Taxi, a garantia \u00e9 de 1 ano, sem limite de quilometragem.<\/p><p><strong>Como participar do programa?<\/strong><\/p><ol><li>Isen\u00e7\u00e3o IPI<\/li><li>IPI autenticado<\/li><li>Isen\u00e7\u00e3o ICMS<\/li><li>Comprovante de endere\u00e7o<\/li><li>CNH<\/li><li>Alvar\u00e1 de estacionamento\u00a0<\/li><\/ol>\t\t\t\t\t\t<\/div>\n\t\t\t\t<\/div>\n\t\t\t\t\t<\/div>\n\t\t<\/div>\n\t\t\t\t\t\t\t<\/div>\n\t\t<\/section>\n\t\t\t\t\t\t\t<\/div>\n\t\t","protected":false},"excerpt":{"rendered":"<p>TAXISTA Isen\u00e7\u00f5es para taxistas e condi\u00e7\u00f5es especiais. A Honda, atrav\u00e9s do\u00a0Programa Pro-driver, atende aos taxistas oferecendo os ve\u00edculos da marca com isen\u00e7\u00e3o de IPI e ICMS. Saiba mais sobre como adquirir o seu taxi de alto padr\u00e3o, com as melhores condi\u00e7\u00f5es. \u00a0 Isen\u00e7\u00f5es fiscais\u00a0 O taxista pode usufruir de\u00a0isen\u00e7\u00e3o de IPI e ICMS, de acordo [&hellip;]<\/p>\n","protected":false},"author":1,"featured_media":0,"parent":0,"menu_order":0,"comment_status":"closed","ping_status":"closed","template":"","meta":{"footnotes":""},"class_list":["post-167","page","type-page","status-publish","hentry"],"_links":{"self":[{"href":"https:\/\/pulzohost.com.br\/clientes\/hondacical\/wp-json\/wp\/v2\/pages\/167","targetHints":{"allow":["GET"]}}],"collection":[{"href":"https:\/\/pulzohost.com.br\/clientes\/hondacical\/wp-json\/wp\/v2\/pages"}],"about":[{"href":"https:\/\/pulzohost.com.br\/clientes\/hondacical\/wp-json\/wp\/v2\/types\/page"}],"author":[{"embeddable":true,"href":"https:\/\/pulzohost.com.br\/clientes\/hondacical\/wp-json\/wp\/v2\/users\/1"}],"replies":[{"embeddable":true,"href":"https:\/\/pulzohost.com.br\/clientes\/hondacical\/wp-json\/wp\/v2\/comments?post=167"}],"version-history":[{"count":7,"href":"https:\/\/pulzohost.com.br\/clientes\/hondacical\/wp-json\/wp\/v2\/pages\/167\/revisions"}],"predecessor-version":[{"id":670,"href":"https:\/\/pulzohost.com.br\/clientes\/hondacical\/wp-json\/wp\/v2\/pages\/167\/revisions\/670"}],"wp:attachment":[{"href":"https:\/\/pulzohost.com.br\/clientes\/hondacical\/wp-json\/wp\/v2\/media?parent=167"}],"curies":[{"name":"wp","href":"https:\/\/api.w.org\/{rel}","templated":true}]}}