{"id":165,"date":"2023-08-22T16:33:41","date_gmt":"2023-08-22T19:33:41","guid":{"rendered":"https:\/\/pulzohost.com.br\/clientes\/hondacical\/?page_id=165"},"modified":"2023-08-23T18:54:43","modified_gmt":"2023-08-23T21:54:43","slug":"produtor-rural","status":"publish","type":"page","link":"https:\/\/pulzohost.com.br\/clientes\/hondacical\/produtor-rural\/","title":{"rendered":"Produtor Rural"},"content":{"rendered":"\t\t<div data-elementor-type=\"wp-page\" data-elementor-id=\"165\" class=\"elementor elementor-165\" data-elementor-post-type=\"page\">\n\t\t\t\t\t\t\t\t\t<section class=\"elementor-section elementor-top-section elementor-element elementor-element-803d374 elementor-section-boxed elementor-section-height-default elementor-section-height-default\" data-id=\"803d374\" data-element_type=\"section\">\n\t\t\t\t\t\t<div class=\"elementor-container elementor-column-gap-default\">\n\t\t\t\t\t<div class=\"elementor-column elementor-col-50 elementor-top-column elementor-element elementor-element-1854960\" data-id=\"1854960\" data-element_type=\"column\">\n\t\t\t<div class=\"elementor-widget-wrap elementor-element-populated\">\n\t\t\t\t\t\t\t\t<div class=\"elementor-element elementor-element-e0de12f elementor-widget elementor-widget-image\" data-id=\"e0de12f\" data-element_type=\"widget\" data-widget_type=\"image.default\">\n\t\t\t\t<div class=\"elementor-widget-container\">\n\t\t\t<style>\/*! elementor - v3.15.0 - 09-08-2023 *\/\n.elementor-widget-image{text-align:center}.elementor-widget-image a{display:inline-block}.elementor-widget-image a img[src$=\".svg\"]{width:48px}.elementor-widget-image img{vertical-align:middle;display:inline-block}<\/style>\t\t\t\t\t\t\t\t\t\t\t\t<img loading=\"lazy\" decoding=\"async\" width=\"540\" height=\"540\" src=\"https:\/\/pulzohost.com.br\/clientes\/hondacical\/wp-content\/uploads\/2023\/08\/PRODUTOR-RURAL-BANNER.png\" class=\"attachment-full size-full wp-image-660\" alt=\"\" srcset=\"https:\/\/pulzohost.com.br\/clientes\/hondacical\/wp-content\/uploads\/2023\/08\/PRODUTOR-RURAL-BANNER.png 540w, https:\/\/pulzohost.com.br\/clientes\/hondacical\/wp-content\/uploads\/2023\/08\/PRODUTOR-RURAL-BANNER-300x300.png 300w, https:\/\/pulzohost.com.br\/clientes\/hondacical\/wp-content\/uploads\/2023\/08\/PRODUTOR-RURAL-BANNER-150x150.png 150w\" sizes=\"auto, (max-width: 540px) 100vw, 540px\" \/>\t\t\t\t\t\t\t\t\t\t\t\t\t\t\t<\/div>\n\t\t\t\t<\/div>\n\t\t\t\t\t<\/div>\n\t\t<\/div>\n\t\t\t\t<div class=\"elementor-column elementor-col-50 elementor-top-column elementor-element elementor-element-292ae9a\" data-id=\"292ae9a\" data-element_type=\"column\">\n\t\t\t<div class=\"elementor-widget-wrap elementor-element-populated\">\n\t\t\t\t\t\t\t\t<div class=\"elementor-element elementor-element-b4bd7ad elementor-widget elementor-widget-heading\" data-id=\"b4bd7ad\" data-element_type=\"widget\" data-widget_type=\"heading.default\">\n\t\t\t\t<div class=\"elementor-widget-container\">\n\t\t\t<style>\/*! elementor - v3.15.0 - 09-08-2023 *\/\n.elementor-heading-title{padding:0;margin:0;line-height:1}.elementor-widget-heading .elementor-heading-title[class*=elementor-size-]>a{color:inherit;font-size:inherit;line-height:inherit}.elementor-widget-heading .elementor-heading-title.elementor-size-small{font-size:15px}.elementor-widget-heading .elementor-heading-title.elementor-size-medium{font-size:19px}.elementor-widget-heading .elementor-heading-title.elementor-size-large{font-size:29px}.elementor-widget-heading .elementor-heading-title.elementor-size-xl{font-size:39px}.elementor-widget-heading .elementor-heading-title.elementor-size-xxl{font-size:59px}<\/style><h2 class=\"elementor-heading-title elementor-size-default\">PRODUTOR RURAL<\/h2>\t\t<\/div>\n\t\t\t\t<\/div>\n\t\t\t\t<div class=\"elementor-element elementor-element-c27612f elementor-widget elementor-widget-heading\" data-id=\"c27612f\" data-element_type=\"widget\" data-widget_type=\"heading.default\">\n\t\t\t\t<div class=\"elementor-widget-container\">\n\t\t\t<h2 class=\"elementor-heading-title elementor-size-default\">Condi\u00e7\u00f5es Especiais para Produtor Rural <\/h2>\t\t<\/div>\n\t\t\t\t<\/div>\n\t\t\t\t<div class=\"elementor-element elementor-element-ff656f5 elementor-widget elementor-widget-text-editor\" data-id=\"ff656f5\" data-element_type=\"widget\" data-widget_type=\"text-editor.default\">\n\t\t\t\t<div class=\"elementor-widget-container\">\n\t\t\t<style>\/*! elementor - v3.15.0 - 09-08-2023 *\/\n.elementor-widget-text-editor.elementor-drop-cap-view-stacked .elementor-drop-cap{background-color:#69727d;color:#fff}.elementor-widget-text-editor.elementor-drop-cap-view-framed .elementor-drop-cap{color:#69727d;border:3px solid;background-color:transparent}.elementor-widget-text-editor:not(.elementor-drop-cap-view-default) .elementor-drop-cap{margin-top:8px}.elementor-widget-text-editor:not(.elementor-drop-cap-view-default) .elementor-drop-cap-letter{width:1em;height:1em}.elementor-widget-text-editor .elementor-drop-cap{float:left;text-align:center;line-height:1;font-size:50px}.elementor-widget-text-editor .elementor-drop-cap-letter{display:inline-block}<\/style>\t\t\t\t<p>O programa de venda para <b>Produtor Rural<\/b> tem como objetivo facilitar a compra de ve\u00edculos por Pessoa f\u00edsica que comprove ser Produtor Rural e tamb\u00e9m para Produtor Agropecu\u00e1rio com CNPJ ativo<\/p><p><strong>H\u00e1 um prazo para permanecer com o ve\u00edculo?<\/strong><\/p><p>N\u00e3o. Contudo, de acordo com o Conv\u00eanio ICMS 64\/06, de 07 de julho de 2006, ve\u00edculos adquiridos diretamente da montadora nesta modalidade e que forem vendidos com menos de 12 (doze) meses, precisar\u00e3o recolher o ICMS em favor do Estado de domic\u00edlio do adquirente.<\/p><p><strong>Qual a documenta\u00e7\u00e3o necess\u00e1ria para adquirir o desconto exclusivo para CNPJ?<\/strong><\/p><p>Para adquirir carros com desconto \u00e9 preciso comprovar a atividade de produtor rural apresentando c\u00f3pia simples de um dos documentos para an\u00e1lise e valida\u00e7\u00e3o:<\/p><ul><li><strong>Pessoa F\u00edsica<\/strong><\/li><\/ul><p>Declara\u00e7\u00e3o Cadastral de Produtor (DECAP); Certid\u00e3o negativa ou positiva (com efeito, de negativa) de d\u00e9bitos de im\u00f3vel rural do Minist\u00e9rio da Fazenda; Certificado de cadastro de im\u00f3vel rural (CCIR); Cart\u00e3o de identifica\u00e7\u00e3o do produtor rural com validade regular; Declara\u00e7\u00e3o Cadastral (DECA inicial); Ficha de inscri\u00e7\u00e3o cadastral emitida pela Secretaria do Estado; Declara\u00e7\u00e3o do ITR-DIAC\/DIAT; Cadastro geral do produtor emitido pela Prefeitura; Declara\u00e7\u00e3o para Cadastro de Im\u00f3veis Rurais com nome e CPF do produtor e Declara\u00e7\u00e3o do INCRA informando que o CCIR \u00e9 v\u00e1lido.<\/p><ul><li><strong>Pessoa Jur\u00eddica<\/strong><\/li><\/ul><p>Cart\u00e3o CNPJ ativo.<\/p><p><strong>Qual o valor do desconto para Produtor Rural?<\/strong><\/p><p>O desconto pode variar de acordo com modelos, lan\u00e7amentos e outras atividades. Consulte a concession\u00e1ria mais pr\u00f3xima e conhe\u00e7a a nossa tabela de pre\u00e7os.<\/p><p><strong>Quem pode comprar?<\/strong>Podem participar todos os produtores rurais e agropecu\u00e1rios desde que comprove ser Produtor Rural e para Produtor Agropecu\u00e1rio desde que o CNPJ esteja ativo.<\/p><p>\u00a0<\/p>\t\t\t\t\t\t<\/div>\n\t\t\t\t<\/div>\n\t\t\t\t\t<\/div>\n\t\t<\/div>\n\t\t\t\t\t\t\t<\/div>\n\t\t<\/section>\n\t\t\t\t\t\t\t<\/div>\n\t\t","protected":false},"excerpt":{"rendered":"<p>PRODUTOR RURAL Condi\u00e7\u00f5es Especiais para Produtor Rural O programa de venda para Produtor Rural tem como objetivo facilitar a compra de ve\u00edculos por Pessoa f\u00edsica que comprove ser Produtor Rural e tamb\u00e9m para Produtor Agropecu\u00e1rio com CNPJ ativo H\u00e1 um prazo para permanecer com o ve\u00edculo? N\u00e3o. Contudo, de acordo com o Conv\u00eanio ICMS 64\/06, [&hellip;]<\/p>\n","protected":false},"author":1,"featured_media":0,"parent":0,"menu_order":0,"comment_status":"closed","ping_status":"closed","template":"","meta":{"footnotes":""},"class_list":["post-165","page","type-page","status-publish","hentry"],"_links":{"self":[{"href":"https:\/\/pulzohost.com.br\/clientes\/hondacical\/wp-json\/wp\/v2\/pages\/165","targetHints":{"allow":["GET"]}}],"collection":[{"href":"https:\/\/pulzohost.com.br\/clientes\/hondacical\/wp-json\/wp\/v2\/pages"}],"about":[{"href":"https:\/\/pulzohost.com.br\/clientes\/hondacical\/wp-json\/wp\/v2\/types\/page"}],"author":[{"embeddable":true,"href":"https:\/\/pulzohost.com.br\/clientes\/hondacical\/wp-json\/wp\/v2\/users\/1"}],"replies":[{"embeddable":true,"href":"https:\/\/pulzohost.com.br\/clientes\/hondacical\/wp-json\/wp\/v2\/comments?post=165"}],"version-history":[{"count":4,"href":"https:\/\/pulzohost.com.br\/clientes\/hondacical\/wp-json\/wp\/v2\/pages\/165\/revisions"}],"predecessor-version":[{"id":663,"href":"https:\/\/pulzohost.com.br\/clientes\/hondacical\/wp-json\/wp\/v2\/pages\/165\/revisions\/663"}],"wp:attachment":[{"href":"https:\/\/pulzohost.com.br\/clientes\/hondacical\/wp-json\/wp\/v2\/media?parent=165"}],"curies":[{"name":"wp","href":"https:\/\/api.w.org\/{rel}","templated":true}]}}