{"id":163,"date":"2023-08-22T16:33:29","date_gmt":"2023-08-22T19:33:29","guid":{"rendered":"https:\/\/pulzohost.com.br\/clientes\/hondacical\/?page_id=163"},"modified":"2023-08-23T18:53:47","modified_gmt":"2023-08-23T21:53:47","slug":"pessoa-juridica","status":"publish","type":"page","link":"https:\/\/pulzohost.com.br\/clientes\/hondacical\/pessoa-juridica\/","title":{"rendered":"Pessoa Jur\u00eddica"},"content":{"rendered":"\t\t<div data-elementor-type=\"wp-page\" data-elementor-id=\"163\" class=\"elementor elementor-163\" data-elementor-post-type=\"page\">\n\t\t\t\t\t\t\t\t\t<section class=\"elementor-section elementor-top-section elementor-element elementor-element-9b3f384 elementor-section-boxed elementor-section-height-default elementor-section-height-default\" data-id=\"9b3f384\" data-element_type=\"section\">\n\t\t\t\t\t\t<div class=\"elementor-container elementor-column-gap-default\">\n\t\t\t\t\t<div class=\"elementor-column elementor-col-50 elementor-top-column elementor-element elementor-element-958b0b3\" data-id=\"958b0b3\" data-element_type=\"column\">\n\t\t\t<div class=\"elementor-widget-wrap elementor-element-populated\">\n\t\t\t\t\t\t\t\t<div class=\"elementor-element elementor-element-41a90e9 elementor-widget elementor-widget-image\" data-id=\"41a90e9\" data-element_type=\"widget\" data-widget_type=\"image.default\">\n\t\t\t\t<div class=\"elementor-widget-container\">\n\t\t\t<style>\/*! elementor - v3.15.0 - 09-08-2023 *\/\n.elementor-widget-image{text-align:center}.elementor-widget-image a{display:inline-block}.elementor-widget-image a img[src$=\".svg\"]{width:48px}.elementor-widget-image img{vertical-align:middle;display:inline-block}<\/style>\t\t\t\t\t\t\t\t\t\t\t\t<img loading=\"lazy\" decoding=\"async\" width=\"540\" height=\"540\" src=\"https:\/\/pulzohost.com.br\/clientes\/hondacical\/wp-content\/uploads\/2023\/08\/PJ-BANNER-1.png\" class=\"attachment-full size-full wp-image-650\" alt=\"\" srcset=\"https:\/\/pulzohost.com.br\/clientes\/hondacical\/wp-content\/uploads\/2023\/08\/PJ-BANNER-1.png 540w, https:\/\/pulzohost.com.br\/clientes\/hondacical\/wp-content\/uploads\/2023\/08\/PJ-BANNER-1-300x300.png 300w, https:\/\/pulzohost.com.br\/clientes\/hondacical\/wp-content\/uploads\/2023\/08\/PJ-BANNER-1-150x150.png 150w\" sizes=\"auto, (max-width: 540px) 100vw, 540px\" \/>\t\t\t\t\t\t\t\t\t\t\t\t\t\t\t<\/div>\n\t\t\t\t<\/div>\n\t\t\t\t\t<\/div>\n\t\t<\/div>\n\t\t\t\t<div class=\"elementor-column elementor-col-50 elementor-top-column elementor-element elementor-element-18eca99\" data-id=\"18eca99\" data-element_type=\"column\">\n\t\t\t<div class=\"elementor-widget-wrap elementor-element-populated\">\n\t\t\t\t\t\t\t\t<div class=\"elementor-element elementor-element-c288c6f elementor-widget elementor-widget-heading\" data-id=\"c288c6f\" data-element_type=\"widget\" data-widget_type=\"heading.default\">\n\t\t\t\t<div class=\"elementor-widget-container\">\n\t\t\t<style>\/*! elementor - v3.15.0 - 09-08-2023 *\/\n.elementor-heading-title{padding:0;margin:0;line-height:1}.elementor-widget-heading .elementor-heading-title[class*=elementor-size-]>a{color:inherit;font-size:inherit;line-height:inherit}.elementor-widget-heading .elementor-heading-title.elementor-size-small{font-size:15px}.elementor-widget-heading .elementor-heading-title.elementor-size-medium{font-size:19px}.elementor-widget-heading .elementor-heading-title.elementor-size-large{font-size:29px}.elementor-widget-heading .elementor-heading-title.elementor-size-xl{font-size:39px}.elementor-widget-heading .elementor-heading-title.elementor-size-xxl{font-size:59px}<\/style><h2 class=\"elementor-heading-title elementor-size-default\">PESSOA JUR\u00cdDICA<\/h2>\t\t<\/div>\n\t\t\t\t<\/div>\n\t\t\t\t<div class=\"elementor-element elementor-element-b8b0891 elementor-widget elementor-widget-heading\" data-id=\"b8b0891\" data-element_type=\"widget\" data-widget_type=\"heading.default\">\n\t\t\t\t<div class=\"elementor-widget-container\">\n\t\t\t<h2 class=\"elementor-heading-title elementor-size-default\">Carros com descontos especiais para CNPJ<\/h2>\t\t<\/div>\n\t\t\t\t<\/div>\n\t\t\t\t<div class=\"elementor-element elementor-element-2fffed7 elementor-widget elementor-widget-text-editor\" data-id=\"2fffed7\" data-element_type=\"widget\" data-widget_type=\"text-editor.default\">\n\t\t\t\t<div class=\"elementor-widget-container\">\n\t\t\t<style>\/*! elementor - v3.15.0 - 09-08-2023 *\/\n.elementor-widget-text-editor.elementor-drop-cap-view-stacked .elementor-drop-cap{background-color:#69727d;color:#fff}.elementor-widget-text-editor.elementor-drop-cap-view-framed .elementor-drop-cap{color:#69727d;border:3px solid;background-color:transparent}.elementor-widget-text-editor:not(.elementor-drop-cap-view-default) .elementor-drop-cap{margin-top:8px}.elementor-widget-text-editor:not(.elementor-drop-cap-view-default) .elementor-drop-cap-letter{width:1em;height:1em}.elementor-widget-text-editor .elementor-drop-cap{float:left;text-align:center;line-height:1;font-size:50px}.elementor-widget-text-editor .elementor-drop-cap-letter{display:inline-block}<\/style>\t\t\t\t<p>Conhe\u00e7a as condi\u00e7\u00f5es especiais de aquisi\u00e7\u00e3o de ve\u00edculos com desconto para empresas.<\/p><p>O\u00a0<strong>Executive Program Honda<\/strong>\u00a0tem como objetivo facilitar a compra de ve\u00edculos para que empresas possam renovar sua frota. S\u00e3o eleg\u00edveis para o programa, as organiza\u00e7\u00f5es que possu\u00edrem um CNPJ. Tamb\u00e9m se enquadram as empresas de loca\u00e7\u00e3o de ve\u00edculos para terceiriza\u00e7\u00e3o de frotas.<\/p><p>\u00a0<\/p><p><strong>Quem pode participar do Executive Program Honda? <\/strong>Podem participar todas as organiza\u00e7\u00f5es com CNPJ ativo.<\/p><p><strong>Qual a documenta\u00e7\u00e3o necess\u00e1ria para adquirir o desconto exclusivo para CNPJ?<\/strong> Para adquirir carros com desconto \u00e9 preciso apenas ter um CNPJ ativo.<\/p><p><strong>MEI pode comprar ve\u00edculos com desconto?<\/strong><\/p><p>Sim, microempres\u00e1rios com MEI podem comprar ve\u00edculos com desconto de vendas diretas, mas n\u00e3o possuem a isen\u00e7\u00e3o de impostos.<\/p><p><strong>H\u00e1 isen\u00e7\u00e3o de algum imposto para CNPJ?<\/strong><\/p><p>N\u00e3o. Compras via CNPJ n\u00e3o se beneficiam de isen\u00e7\u00f5es fiscais. O desconto \u00e9 oferecido integralmente pela Honda Autom\u00f3veis do Brasil Ltda.<\/p><p><strong>Qual o valor do desconto para CNPJ?<\/strong><\/p><p>O desconto pode variar de acordo com modelos, lan\u00e7amentos e outras atividades. Consulte a concession\u00e1ria mais pr\u00f3xima e conhe\u00e7a a nossa tabela de pre\u00e7os para CNPJ.<\/p><p><strong>H\u00e1 um prazo para permanecer com o ve\u00edculo?<\/strong><\/p><p>N\u00e3o. Contudo, de acordo com o Conv\u00eanio ICMS 64\/06, de 07 de julho de 2006, ve\u00edculos adquiridos diretamente da montadora nesta modalidade e que forem vendidos com menos de 12 (doze) meses, precisar\u00e3o recolher o ICMS em favor do Estado de domic\u00edlio do adquirente.<\/p>\t\t\t\t\t\t<\/div>\n\t\t\t\t<\/div>\n\t\t\t\t\t<\/div>\n\t\t<\/div>\n\t\t\t\t\t\t\t<\/div>\n\t\t<\/section>\n\t\t\t\t\t\t\t<\/div>\n\t\t","protected":false},"excerpt":{"rendered":"<p>PESSOA JUR\u00cdDICA Carros com descontos especiais para CNPJ Conhe\u00e7a as condi\u00e7\u00f5es especiais de aquisi\u00e7\u00e3o de ve\u00edculos com desconto para empresas. O\u00a0Executive Program Honda\u00a0tem como objetivo facilitar a compra de ve\u00edculos para que empresas possam renovar sua frota. S\u00e3o eleg\u00edveis para o programa, as organiza\u00e7\u00f5es que possu\u00edrem um CNPJ. Tamb\u00e9m se enquadram as empresas de loca\u00e7\u00e3o [&hellip;]<\/p>\n","protected":false},"author":1,"featured_media":0,"parent":0,"menu_order":0,"comment_status":"closed","ping_status":"closed","template":"","meta":{"footnotes":""},"class_list":["post-163","page","type-page","status-publish","hentry"],"_links":{"self":[{"href":"https:\/\/pulzohost.com.br\/clientes\/hondacical\/wp-json\/wp\/v2\/pages\/163","targetHints":{"allow":["GET"]}}],"collection":[{"href":"https:\/\/pulzohost.com.br\/clientes\/hondacical\/wp-json\/wp\/v2\/pages"}],"about":[{"href":"https:\/\/pulzohost.com.br\/clientes\/hondacical\/wp-json\/wp\/v2\/types\/page"}],"author":[{"embeddable":true,"href":"https:\/\/pulzohost.com.br\/clientes\/hondacical\/wp-json\/wp\/v2\/users\/1"}],"replies":[{"embeddable":true,"href":"https:\/\/pulzohost.com.br\/clientes\/hondacical\/wp-json\/wp\/v2\/comments?post=163"}],"version-history":[{"count":10,"href":"https:\/\/pulzohost.com.br\/clientes\/hondacical\/wp-json\/wp\/v2\/pages\/163\/revisions"}],"predecessor-version":[{"id":659,"href":"https:\/\/pulzohost.com.br\/clientes\/hondacical\/wp-json\/wp\/v2\/pages\/163\/revisions\/659"}],"wp:attachment":[{"href":"https:\/\/pulzohost.com.br\/clientes\/hondacical\/wp-json\/wp\/v2\/media?parent=163"}],"curies":[{"name":"wp","href":"https:\/\/api.w.org\/{rel}","templated":true}]}}