{"id":161,"date":"2023-08-22T16:33:09","date_gmt":"2023-08-22T19:33:09","guid":{"rendered":"https:\/\/pulzohost.com.br\/clientes\/hondacical\/?page_id=161"},"modified":"2023-08-23T18:47:07","modified_gmt":"2023-08-23T21:47:07","slug":"pcd","status":"publish","type":"page","link":"https:\/\/pulzohost.com.br\/clientes\/hondacical\/pcd\/","title":{"rendered":"PCD"},"content":{"rendered":"\t\t<div data-elementor-type=\"wp-page\" data-elementor-id=\"161\" class=\"elementor elementor-161\" data-elementor-post-type=\"page\">\n\t\t\t\t\t\t\t\t\t<section class=\"elementor-section elementor-top-section elementor-element elementor-element-a15e365 elementor-section-boxed elementor-section-height-default elementor-section-height-default\" data-id=\"a15e365\" data-element_type=\"section\">\n\t\t\t\t\t\t<div class=\"elementor-container elementor-column-gap-default\">\n\t\t\t\t\t<div class=\"elementor-column elementor-col-50 elementor-top-column elementor-element elementor-element-2b8d353\" data-id=\"2b8d353\" data-element_type=\"column\">\n\t\t\t<div class=\"elementor-widget-wrap elementor-element-populated\">\n\t\t\t\t\t\t\t\t<div class=\"elementor-element elementor-element-228d2f5 elementor-widget elementor-widget-image\" data-id=\"228d2f5\" data-element_type=\"widget\" data-widget_type=\"image.default\">\n\t\t\t\t<div class=\"elementor-widget-container\">\n\t\t\t<style>\/*! elementor - v3.15.0 - 09-08-2023 *\/\n.elementor-widget-image{text-align:center}.elementor-widget-image a{display:inline-block}.elementor-widget-image a img[src$=\".svg\"]{width:48px}.elementor-widget-image img{vertical-align:middle;display:inline-block}<\/style>\t\t\t\t\t\t\t\t\t\t\t\t<img loading=\"lazy\" decoding=\"async\" width=\"540\" height=\"540\" src=\"https:\/\/pulzohost.com.br\/clientes\/hondacical\/wp-content\/uploads\/2023\/08\/PCD-BANNER.png\" class=\"attachment-full size-full wp-image-639\" alt=\"\" srcset=\"https:\/\/pulzohost.com.br\/clientes\/hondacical\/wp-content\/uploads\/2023\/08\/PCD-BANNER.png 540w, https:\/\/pulzohost.com.br\/clientes\/hondacical\/wp-content\/uploads\/2023\/08\/PCD-BANNER-300x300.png 300w, https:\/\/pulzohost.com.br\/clientes\/hondacical\/wp-content\/uploads\/2023\/08\/PCD-BANNER-150x150.png 150w\" sizes=\"auto, (max-width: 540px) 100vw, 540px\" \/>\t\t\t\t\t\t\t\t\t\t\t\t\t\t\t<\/div>\n\t\t\t\t<\/div>\n\t\t\t\t\t<\/div>\n\t\t<\/div>\n\t\t\t\t<div class=\"elementor-column elementor-col-50 elementor-top-column elementor-element elementor-element-958bb73\" data-id=\"958bb73\" data-element_type=\"column\">\n\t\t\t<div class=\"elementor-widget-wrap elementor-element-populated\">\n\t\t\t\t\t\t\t\t<div class=\"elementor-element elementor-element-e74489c elementor-widget elementor-widget-heading\" data-id=\"e74489c\" data-element_type=\"widget\" data-widget_type=\"heading.default\">\n\t\t\t\t<div class=\"elementor-widget-container\">\n\t\t\t<style>\/*! elementor - v3.15.0 - 09-08-2023 *\/\n.elementor-heading-title{padding:0;margin:0;line-height:1}.elementor-widget-heading .elementor-heading-title[class*=elementor-size-]>a{color:inherit;font-size:inherit;line-height:inherit}.elementor-widget-heading .elementor-heading-title.elementor-size-small{font-size:15px}.elementor-widget-heading .elementor-heading-title.elementor-size-medium{font-size:19px}.elementor-widget-heading .elementor-heading-title.elementor-size-large{font-size:29px}.elementor-widget-heading .elementor-heading-title.elementor-size-xl{font-size:39px}.elementor-widget-heading .elementor-heading-title.elementor-size-xxl{font-size:59px}<\/style><h2 class=\"elementor-heading-title elementor-size-default\">PCD<\/h2>\t\t<\/div>\n\t\t\t\t<\/div>\n\t\t\t\t<div class=\"elementor-element elementor-element-a20e5b4 elementor-widget elementor-widget-heading\" data-id=\"a20e5b4\" data-element_type=\"widget\" data-widget_type=\"heading.default\">\n\t\t\t\t<div class=\"elementor-widget-container\">\n\t\t\t<h2 class=\"elementor-heading-title elementor-size-default\">Programa Honda Conduz<\/h2>\t\t<\/div>\n\t\t\t\t<\/div>\n\t\t\t\t<div class=\"elementor-element elementor-element-2958083 elementor-widget elementor-widget-text-editor\" data-id=\"2958083\" data-element_type=\"widget\" data-widget_type=\"text-editor.default\">\n\t\t\t\t<div class=\"elementor-widget-container\">\n\t\t\t<style>\/*! elementor - v3.15.0 - 09-08-2023 *\/\n.elementor-widget-text-editor.elementor-drop-cap-view-stacked .elementor-drop-cap{background-color:#69727d;color:#fff}.elementor-widget-text-editor.elementor-drop-cap-view-framed .elementor-drop-cap{color:#69727d;border:3px solid;background-color:transparent}.elementor-widget-text-editor:not(.elementor-drop-cap-view-default) .elementor-drop-cap{margin-top:8px}.elementor-widget-text-editor:not(.elementor-drop-cap-view-default) .elementor-drop-cap-letter{width:1em;height:1em}.elementor-widget-text-editor .elementor-drop-cap{float:left;text-align:center;line-height:1;font-size:50px}.elementor-widget-text-editor .elementor-drop-cap-letter{display:inline-block}<\/style>\t\t\t\t<p>O Programa Honda Conduz foi criado em 1997 e \u00e9 baseado em um atendimento exclusivo voltado \u00e0s pessoas com defici\u00eancia (PcD). Sua finalidade \u00e9 oferecer ve\u00edculos 0km com isen\u00e7\u00e3o parcial de impostos, como rege a Lei 8.989, de 24 de fevereiro de 1995. A iniciativa inclui o treinamento das equipes de vendas, orienta\u00e7\u00f5es com rela\u00e7\u00e3o \u00e0s isen\u00e7\u00f5es e informa\u00e7\u00f5es detalhadas sobre a preserva\u00e7\u00e3o da garantia oferecida.<\/p><p>\u00a0<\/p><h3 class=\"vendas-diretas__title\">Como participar do programa?<\/h3><p><span class=\"how-to-join-content__title-number\"><br \/><\/span>1. DIAGN\u00d3STICO E RELAT\u00d3RIO M\u00c9DICO<\/p><p><span class=\"how-to-join-content__title-number\">2. <\/span>LAUDO M\u00c9DICO<\/p><div><span class=\"how-to-join-content__title-number\">3. <\/span>CNH ESPECIAL<\/div><div><div>\u00a0<\/div><div><span class=\"how-to-join-content__title-number\">4. <\/span>ISEN\u00c7\u00c3O DO IPI<\/div><div><div>\u00a0<\/div><div><span class=\"how-to-join-content__title-number\">5. <\/span>ESCOLHA O SEU VE\u00cdCULO<\/div><div><div>\u00a0<\/div><div><span class=\"how-to-join-content__title-number\">6. <\/span>ISEN\u00c7\u00c3O IPVA<\/div><div><div>\u00a0<\/div><div><span class=\"how-to-join-content__title-number\">7.<\/span>ISEN\u00c7\u00c3O DE ROD\u00cdZIO (APENAS SP)<\/div><\/div><\/div><\/div><\/div>\t\t\t\t\t\t<\/div>\n\t\t\t\t<\/div>\n\t\t\t\t\t<\/div>\n\t\t<\/div>\n\t\t\t\t\t\t\t<\/div>\n\t\t<\/section>\n\t\t\t\t\t\t\t<\/div>\n\t\t","protected":false},"excerpt":{"rendered":"<p>PCD Programa Honda Conduz O Programa Honda Conduz foi criado em 1997 e \u00e9 baseado em um atendimento exclusivo voltado \u00e0s pessoas com defici\u00eancia (PcD). Sua finalidade \u00e9 oferecer ve\u00edculos 0km com isen\u00e7\u00e3o parcial de impostos, como rege a Lei 8.989, de 24 de fevereiro de 1995. A iniciativa inclui o treinamento das equipes de [&hellip;]<\/p>\n","protected":false},"author":1,"featured_media":0,"parent":0,"menu_order":0,"comment_status":"closed","ping_status":"closed","template":"","meta":{"footnotes":""},"class_list":["post-161","page","type-page","status-publish","hentry"],"_links":{"self":[{"href":"https:\/\/pulzohost.com.br\/clientes\/hondacical\/wp-json\/wp\/v2\/pages\/161","targetHints":{"allow":["GET"]}}],"collection":[{"href":"https:\/\/pulzohost.com.br\/clientes\/hondacical\/wp-json\/wp\/v2\/pages"}],"about":[{"href":"https:\/\/pulzohost.com.br\/clientes\/hondacical\/wp-json\/wp\/v2\/types\/page"}],"author":[{"embeddable":true,"href":"https:\/\/pulzohost.com.br\/clientes\/hondacical\/wp-json\/wp\/v2\/users\/1"}],"replies":[{"embeddable":true,"href":"https:\/\/pulzohost.com.br\/clientes\/hondacical\/wp-json\/wp\/v2\/comments?post=161"}],"version-history":[{"count":10,"href":"https:\/\/pulzohost.com.br\/clientes\/hondacical\/wp-json\/wp\/v2\/pages\/161\/revisions"}],"predecessor-version":[{"id":648,"href":"https:\/\/pulzohost.com.br\/clientes\/hondacical\/wp-json\/wp\/v2\/pages\/161\/revisions\/648"}],"wp:attachment":[{"href":"https:\/\/pulzohost.com.br\/clientes\/hondacical\/wp-json\/wp\/v2\/media?parent=161"}],"curies":[{"name":"wp","href":"https:\/\/api.w.org\/{rel}","templated":true}]}}