{"id":1014,"date":"2024-04-08T20:55:40","date_gmt":"2024-04-08T20:55:40","guid":{"rendered":"https:\/\/pulzohost.com.br\/clientes\/grupoeventos\/?page_id=1014"},"modified":"2024-04-08T20:57:41","modified_gmt":"2024-04-08T20:57:41","slug":"politicas-de-privacidade","status":"publish","type":"page","link":"https:\/\/pulzohost.com.br\/clientes\/grupoeventos\/politicas-de-privacidade\/","title":{"rendered":"Pol\u00edticas de Privacidade"},"content":{"rendered":"\t\t<div data-elementor-type=\"wp-page\" data-elementor-id=\"1014\" class=\"elementor elementor-1014\" data-elementor-post-type=\"page\">\n\t\t\t\t\t\t<section class=\"elementor-section elementor-top-section elementor-element elementor-element-17d37a2 elementor-section-boxed elementor-section-height-default elementor-section-height-default\" data-id=\"17d37a2\" data-element_type=\"section\" data-settings=\"{&quot;background_background&quot;:&quot;classic&quot;,&quot;shape_divider_bottom&quot;:&quot;curve&quot;,&quot;shape_divider_bottom_negative&quot;:&quot;yes&quot;}\">\n\t\t\t\t\t<div class=\"elementor-shape elementor-shape-bottom\" data-negative=\"true\">\n\t\t\t<svg xmlns=\"http:\/\/www.w3.org\/2000\/svg\" viewBox=\"0 0 1000 100\" preserveAspectRatio=\"none\">\n\t<path class=\"elementor-shape-fill\" d=\"M500,97C126.7,96.3,0.8,19.8,0,0v100l1000,0V1C1000,19.4,873.3,97.8,500,97z\"\/>\n<\/svg>\t\t<\/div>\n\t\t\t\t\t<div class=\"elementor-container elementor-column-gap-default\">\n\t\t\t\t\t<div class=\"elementor-column elementor-col-100 elementor-top-column elementor-element elementor-element-eafa138\" data-id=\"eafa138\" data-element_type=\"column\">\n\t\t\t<div class=\"elementor-widget-wrap elementor-element-populated\">\n\t\t\t\t\t\t<div class=\"elementor-element elementor-element-d5b7225 elementor-widget-divider--view-line elementor-widget elementor-widget-divider\" data-id=\"d5b7225\" data-element_type=\"widget\" data-widget_type=\"divider.default\">\n\t\t\t\t<div class=\"elementor-widget-container\">\n\t\t\t<style>\/*! elementor - v3.20.0 - 20-03-2024 *\/\n.elementor-widget-divider{--divider-border-style:none;--divider-border-width:1px;--divider-color:#0c0d0e;--divider-icon-size:20px;--divider-element-spacing:10px;--divider-pattern-height:24px;--divider-pattern-size:20px;--divider-pattern-url:none;--divider-pattern-repeat:repeat-x}.elementor-widget-divider .elementor-divider{display:flex}.elementor-widget-divider .elementor-divider__text{font-size:15px;line-height:1;max-width:95%}.elementor-widget-divider .elementor-divider__element{margin:0 var(--divider-element-spacing);flex-shrink:0}.elementor-widget-divider .elementor-icon{font-size:var(--divider-icon-size)}.elementor-widget-divider .elementor-divider-separator{display:flex;margin:0;direction:ltr}.elementor-widget-divider--view-line_icon .elementor-divider-separator,.elementor-widget-divider--view-line_text .elementor-divider-separator{align-items:center}.elementor-widget-divider--view-line_icon .elementor-divider-separator:after,.elementor-widget-divider--view-line_icon .elementor-divider-separator:before,.elementor-widget-divider--view-line_text .elementor-divider-separator:after,.elementor-widget-divider--view-line_text .elementor-divider-separator:before{display:block;content:\"\";border-block-end:0;flex-grow:1;border-block-start:var(--divider-border-width) var(--divider-border-style) var(--divider-color)}.elementor-widget-divider--element-align-left .elementor-divider .elementor-divider-separator>.elementor-divider__svg:first-of-type{flex-grow:0;flex-shrink:100}.elementor-widget-divider--element-align-left .elementor-divider-separator:before{content:none}.elementor-widget-divider--element-align-left .elementor-divider__element{margin-left:0}.elementor-widget-divider--element-align-right .elementor-divider .elementor-divider-separator>.elementor-divider__svg:last-of-type{flex-grow:0;flex-shrink:100}.elementor-widget-divider--element-align-right .elementor-divider-separator:after{content:none}.elementor-widget-divider--element-align-right .elementor-divider__element{margin-right:0}.elementor-widget-divider--element-align-start .elementor-divider .elementor-divider-separator>.elementor-divider__svg:first-of-type{flex-grow:0;flex-shrink:100}.elementor-widget-divider--element-align-start .elementor-divider-separator:before{content:none}.elementor-widget-divider--element-align-start .elementor-divider__element{margin-inline-start:0}.elementor-widget-divider--element-align-end .elementor-divider .elementor-divider-separator>.elementor-divider__svg:last-of-type{flex-grow:0;flex-shrink:100}.elementor-widget-divider--element-align-end .elementor-divider-separator:after{content:none}.elementor-widget-divider--element-align-end .elementor-divider__element{margin-inline-end:0}.elementor-widget-divider:not(.elementor-widget-divider--view-line_text):not(.elementor-widget-divider--view-line_icon) .elementor-divider-separator{border-block-start:var(--divider-border-width) var(--divider-border-style) var(--divider-color)}.elementor-widget-divider--separator-type-pattern{--divider-border-style:none}.elementor-widget-divider--separator-type-pattern.elementor-widget-divider--view-line .elementor-divider-separator,.elementor-widget-divider--separator-type-pattern:not(.elementor-widget-divider--view-line) .elementor-divider-separator:after,.elementor-widget-divider--separator-type-pattern:not(.elementor-widget-divider--view-line) .elementor-divider-separator:before,.elementor-widget-divider--separator-type-pattern:not([class*=elementor-widget-divider--view]) .elementor-divider-separator{width:100%;min-height:var(--divider-pattern-height);-webkit-mask-size:var(--divider-pattern-size) 100%;mask-size:var(--divider-pattern-size) 100%;-webkit-mask-repeat:var(--divider-pattern-repeat);mask-repeat:var(--divider-pattern-repeat);background-color:var(--divider-color);-webkit-mask-image:var(--divider-pattern-url);mask-image:var(--divider-pattern-url)}.elementor-widget-divider--no-spacing{--divider-pattern-size:auto}.elementor-widget-divider--bg-round{--divider-pattern-repeat:round}.rtl .elementor-widget-divider .elementor-divider__text{direction:rtl}.e-con-inner>.elementor-widget-divider,.e-con>.elementor-widget-divider{width:var(--container-widget-width,100%);--flex-grow:var(--container-widget-flex-grow)}<\/style>\t\t<div class=\"elementor-divider\">\n\t\t\t<span class=\"elementor-divider-separator\">\n\t\t\t\t\t\t<\/span>\n\t\t<\/div>\n\t\t\t\t<\/div>\n\t\t\t\t<\/div>\n\t\t\t\t<div class=\"elementor-element elementor-element-29dfe22 elementor-widget elementor-widget-heading\" data-id=\"29dfe22\" data-element_type=\"widget\" data-widget_type=\"heading.default\">\n\t\t\t\t<div class=\"elementor-widget-container\">\n\t\t\t<style>\/*! elementor - v3.20.0 - 20-03-2024 *\/\n.elementor-heading-title{padding:0;margin:0;line-height:1}.elementor-widget-heading .elementor-heading-title[class*=elementor-size-]>a{color:inherit;font-size:inherit;line-height:inherit}.elementor-widget-heading .elementor-heading-title.elementor-size-small{font-size:15px}.elementor-widget-heading .elementor-heading-title.elementor-size-medium{font-size:19px}.elementor-widget-heading .elementor-heading-title.elementor-size-large{font-size:29px}.elementor-widget-heading .elementor-heading-title.elementor-size-xl{font-size:39px}.elementor-widget-heading .elementor-heading-title.elementor-size-xxl{font-size:59px}<\/style><h1 class=\"elementor-heading-title elementor-size-default\">POL\u00cdTICAS DE PRIVACIDADE<\/h1>\t\t<\/div>\n\t\t\t\t<\/div>\n\t\t\t\t\t<\/div>\n\t\t<\/div>\n\t\t\t\t\t<\/div>\n\t\t<\/section>\n\t\t\t\t<section class=\"elementor-section elementor-top-section elementor-element elementor-element-45a5051 elementor-section-boxed elementor-section-height-default elementor-section-height-default\" data-id=\"45a5051\" data-element_type=\"section\" data-settings=\"{&quot;background_background&quot;:&quot;classic&quot;}\">\n\t\t\t\t\t\t<div class=\"elementor-container elementor-column-gap-default\">\n\t\t\t\t\t<div class=\"elementor-column elementor-col-100 elementor-top-column elementor-element elementor-element-09d5495\" data-id=\"09d5495\" data-element_type=\"column\">\n\t\t\t<div class=\"elementor-widget-wrap elementor-element-populated\">\n\t\t\t\t\t\t<div class=\"elementor-element elementor-element-e1aa161 elementor-widget elementor-widget-text-editor\" data-id=\"e1aa161\" data-element_type=\"widget\" data-widget_type=\"text-editor.default\">\n\t\t\t\t<div class=\"elementor-widget-container\">\n\t\t\t<style>\/*! elementor - v3.20.0 - 20-03-2024 *\/\n.elementor-widget-text-editor.elementor-drop-cap-view-stacked .elementor-drop-cap{background-color:#69727d;color:#fff}.elementor-widget-text-editor.elementor-drop-cap-view-framed .elementor-drop-cap{color:#69727d;border:3px solid;background-color:transparent}.elementor-widget-text-editor:not(.elementor-drop-cap-view-default) .elementor-drop-cap{margin-top:8px}.elementor-widget-text-editor:not(.elementor-drop-cap-view-default) .elementor-drop-cap-letter{width:1em;height:1em}.elementor-widget-text-editor .elementor-drop-cap{float:left;text-align:center;line-height:1;font-size:50px}.elementor-widget-text-editor .elementor-drop-cap-letter{display:inline-block}<\/style>\t\t\t\t<p>Obrigado por visitar nosso site! Nossa pol\u00edtica de privacidade foi elaborada para explicar como coletamos, usamos, armazenamos e protegemos suas informa\u00e7\u00f5es pessoais. N\u00f3s valorizamos muito sua privacidade e nos esfor\u00e7amos para garantir que suas informa\u00e7\u00f5es estejam seguras e protegidas.<\/p><p><b>Coleta e Uso de Informa\u00e7\u00f5es Pessoais<\/b><\/p><p>Quando voc\u00ea navega em nosso site, podemos coletar informa\u00e7\u00f5es pessoais, como nome, endere\u00e7o de e-mail, n\u00famero de telefone e outras informa\u00e7\u00f5es que voc\u00ea voluntariamente nos fornece. Essas informa\u00e7\u00f5es s\u00e3o coletadas somente com o seu consentimento e s\u00e3o utilizadas para os seguintes fins:<\/p><p>Comunica\u00e7\u00e3o: Utilizamos suas informa\u00e7\u00f5es de contato para responder a quaisquer perguntas ou solicita\u00e7\u00f5es que voc\u00ea possa ter enviado por meio de nossos formul\u00e1rios de contato ou outros canais de comunica\u00e7\u00e3o.<\/p><p>Melhoria do site: Analisamos dados de uso do site para melhorar nossa oferta de conte\u00fado e garantir que o site atenda \u00e0s suas necessidades da melhor maneira poss\u00edvel.<\/p><p>Marketing e promo\u00e7\u00f5es: Com sua permiss\u00e3o, podemos enviar informa\u00e7\u00f5es sobre nossos produtos, servi\u00e7os ou promo\u00e7\u00f5es que possam ser do seu interesse.<\/p><p>Cumprimento legal: Em algumas situa\u00e7\u00f5es, podemos ser obrigados a divulgar informa\u00e7\u00f5es pessoais para cumprir com requisitos legais, como ordens judiciais ou regulamentos governamentais.<\/p><p><b>Cookies e Tecnologias de Rastreamento<\/b><\/p><p>Como mencionado em nossa pol\u00edtica de cookies, utilizamos cookies e tecnologias similares para melhorar sua experi\u00eancia no site. Essas tecnologias podem coletar informa\u00e7\u00f5es como endere\u00e7o IP, tipo de navegador, dispositivo utilizado, p\u00e1ginas visitadas e outros dados de rastreamento.<\/p><p><b>Compartilhamento de Informa\u00e7\u00f5es<\/b><\/p><p>N\u00f3s n\u00e3o vendemos, alugamos ou compartilhamos suas informa\u00e7\u00f5es pessoais com terceiros para fins comerciais. No entanto, podemos compartilhar suas informa\u00e7\u00f5es com prestadores de servi\u00e7os confi\u00e1veis que nos auxiliam na opera\u00e7\u00e3o do site e na presta\u00e7\u00e3o de servi\u00e7os para voc\u00ea. Esses prestadores de servi\u00e7os s\u00f3 podem usar suas informa\u00e7\u00f5es pessoais conforme estritamente necess\u00e1rio para cumprir suas fun\u00e7\u00f5es e devem proteger suas informa\u00e7\u00f5es com as mesmas salvaguardas que aplicamos.<\/p><p><b>Seguran\u00e7a das Informa\u00e7\u00f5es<\/b><\/p><p>Adotamos medidas de seguran\u00e7a adequadas para proteger suas informa\u00e7\u00f5es pessoais contra acesso n\u00e3o autorizado, divulga\u00e7\u00e3o, altera\u00e7\u00e3o ou destrui\u00e7\u00e3o. No entanto, \u00e9 importante lembrar que nenhum m\u00e9todo de transmiss\u00e3o pela internet ou armazenamento eletr\u00f4nico \u00e9 100% seguro. Enquanto nos esfor\u00e7amos para proteger suas informa\u00e7\u00f5es pessoais, n\u00e3o podemos garantir sua seguran\u00e7a absoluta.<\/p><p><b>Seus Direitos<\/b><\/p><p>Voc\u00ea tem o direito de acessar, corrigir, atualizar ou excluir suas informa\u00e7\u00f5es pessoais que mantemos. Se desejar exercer esses direitos ou tiver alguma d\u00favida sobre nossas pr\u00e1ticas de privacidade, entre em contato conosco usando as informa\u00e7\u00f5es fornecidas no site.<\/p><p><b>Altera\u00e7\u00f5es na Pol\u00edtica de Privacidade<\/b><\/p><p>Nossa pol\u00edtica de privacidade pode ser atualizada ocasionalmente para refletir altera\u00e7\u00f5es nas nossas pr\u00e1ticas ou em conformidade com as leis e regulamentos aplic\u00e1veis. Quaisquer altera\u00e7\u00f5es significativas ser\u00e3o comunicadas a voc\u00ea por meio do nosso site.<\/p><p>Ao continuar a utilizar nosso site ap\u00f3s a publica\u00e7\u00e3o das altera\u00e7\u00f5es na pol\u00edtica de privacidade, voc\u00ea estar\u00e1 concordando com as revis\u00f5es feitas.<\/p><p>Esperamos que esta pol\u00edtica de privacidade tenha sido esclarecedora. Se voc\u00ea tiver alguma d\u00favida ou preocupa\u00e7\u00e3o sobre nossas pr\u00e1ticas de privacidade, n\u00e3o hesite em nos contatar. Agradecemos sua confian\u00e7a em nossa empresa e nos esfor\u00e7amos para proteger sua privacidade em todas as intera\u00e7\u00f5es com nosso site.<\/p>\t\t\t\t\t\t<\/div>\n\t\t\t\t<\/div>\n\t\t\t\t\t<\/div>\n\t\t<\/div>\n\t\t\t\t\t<\/div>\n\t\t<\/section>\n\t\t\t\t<\/div>\n\t\t","protected":false},"excerpt":{"rendered":"<p>POL\u00cdTICAS DE PRIVACIDADE Obrigado por visitar nosso site! Nossa pol\u00edtica de privacidade foi elaborada para explicar como coletamos, usamos, armazenamos e protegemos suas informa\u00e7\u00f5es pessoais. N\u00f3s valorizamos muito sua privacidade e nos esfor\u00e7amos para garantir que suas informa\u00e7\u00f5es estejam seguras e protegidas. Coleta e Uso de Informa\u00e7\u00f5es Pessoais Quando voc\u00ea navega em nosso site, podemos [&hellip;]<\/p>\n","protected":false},"author":1,"featured_media":0,"parent":0,"menu_order":0,"comment_status":"closed","ping_status":"closed","template":"","meta":{"footnotes":""},"class_list":["post-1014","page","type-page","status-publish","hentry"],"_links":{"self":[{"href":"https:\/\/pulzohost.com.br\/clientes\/grupoeventos\/wp-json\/wp\/v2\/pages\/1014","targetHints":{"allow":["GET"]}}],"collection":[{"href":"https:\/\/pulzohost.com.br\/clientes\/grupoeventos\/wp-json\/wp\/v2\/pages"}],"about":[{"href":"https:\/\/pulzohost.com.br\/clientes\/grupoeventos\/wp-json\/wp\/v2\/types\/page"}],"author":[{"embeddable":true,"href":"https:\/\/pulzohost.com.br\/clientes\/grupoeventos\/wp-json\/wp\/v2\/users\/1"}],"replies":[{"embeddable":true,"href":"https:\/\/pulzohost.com.br\/clientes\/grupoeventos\/wp-json\/wp\/v2\/comments?post=1014"}],"version-history":[{"count":10,"href":"https:\/\/pulzohost.com.br\/clientes\/grupoeventos\/wp-json\/wp\/v2\/pages\/1014\/revisions"}],"predecessor-version":[{"id":1025,"href":"https:\/\/pulzohost.com.br\/clientes\/grupoeventos\/wp-json\/wp\/v2\/pages\/1014\/revisions\/1025"}],"wp:attachment":[{"href":"https:\/\/pulzohost.com.br\/clientes\/grupoeventos\/wp-json\/wp\/v2\/media?parent=1014"}],"curies":[{"name":"wp","href":"https:\/\/api.w.org\/{rel}","templated":true}]}}