{"id":3607,"date":"2024-04-10T18:18:13","date_gmt":"2024-04-10T21:18:13","guid":{"rendered":"https:\/\/pulzohost.com.br\/clientes\/fitocann\/?page_id=3607"},"modified":"2024-05-11T17:01:59","modified_gmt":"2024-05-11T20:01:59","slug":"agende-uma-consulta","status":"publish","type":"page","link":"https:\/\/pulzohost.com.br\/clientes\/fitocann\/agende-uma-consulta\/","title":{"rendered":"Agende uma consulta"},"content":{"rendered":"\t\t<div data-elementor-type=\"wp-page\" data-elementor-id=\"3607\" class=\"elementor elementor-3607\" data-elementor-post-type=\"page\">\n\t\t\t\t\t\t\t\t\t<section class=\"elementor-section elementor-top-section elementor-element elementor-element-fc066de elementor-section-boxed elementor-section-height-default elementor-section-height-default\" data-id=\"fc066de\" data-element_type=\"section\">\n\t\t\t\t\t\t<div class=\"elementor-container elementor-column-gap-default\">\n\t\t\t\t\t<div class=\"elementor-column elementor-col-100 elementor-top-column elementor-element elementor-element-4f54805\" data-id=\"4f54805\" data-element_type=\"column\">\n\t\t\t<div class=\"elementor-widget-wrap elementor-element-populated\">\n\t\t\t\t\t\t\t\t<div class=\"elementor-element elementor-element-4ac3bbf elementor-widget elementor-widget-heading\" data-id=\"4ac3bbf\" data-element_type=\"widget\" data-widget_type=\"heading.default\">\n\t\t\t\t<div class=\"elementor-widget-container\">\n\t\t\t<style>\/*! elementor - v3.18.0 - 08-12-2023 *\/\n.elementor-heading-title{padding:0;margin:0;line-height:1}.elementor-widget-heading .elementor-heading-title[class*=elementor-size-]>a{color:inherit;font-size:inherit;line-height:inherit}.elementor-widget-heading .elementor-heading-title.elementor-size-small{font-size:15px}.elementor-widget-heading .elementor-heading-title.elementor-size-medium{font-size:19px}.elementor-widget-heading .elementor-heading-title.elementor-size-large{font-size:29px}.elementor-widget-heading .elementor-heading-title.elementor-size-xl{font-size:39px}.elementor-widget-heading .elementor-heading-title.elementor-size-xxl{font-size:59px}<\/style><h2 class=\"elementor-heading-title elementor-size-default\">Agende uma consulta<\/h2>\t\t<\/div>\n\t\t\t\t<\/div>\n\t\t\t\t\t<\/div>\n\t\t<\/div>\n\t\t\t\t\t\t\t<\/div>\n\t\t<\/section>\n\t\t\t\t<section class=\"elementor-section elementor-top-section elementor-element elementor-element-72401f5 jedv-enabled--yes elementor-section-boxed elementor-section-height-default elementor-section-height-default\" data-id=\"72401f5\" data-element_type=\"section\">\n\t\t\t\t\t\t<div class=\"elementor-container elementor-column-gap-default\">\n\t\t\t\t\t<div class=\"elementor-column elementor-col-100 elementor-top-column elementor-element elementor-element-1b6723a\" data-id=\"1b6723a\" data-element_type=\"column\">\n\t\t\t<div class=\"elementor-widget-wrap elementor-element-populated\">\n\t\t\t\t\t\t\t\t<div class=\"elementor-element elementor-element-2d90a1f elementor-widget elementor-widget-heading\" data-id=\"2d90a1f\" data-element_type=\"widget\" data-widget_type=\"heading.default\">\n\t\t\t\t<div class=\"elementor-widget-container\">\n\t\t\t<h5 class=\"elementor-heading-title elementor-size-default\">Voc\u00ea precisa estar logado para visualizar essa p\u00e1gina.<\/h5>\t\t<\/div>\n\t\t\t\t<\/div>\n\t\t\t\t<div class=\"elementor-element elementor-element-3daf220 elementor-align-center elementor-widget elementor-widget-button\" data-id=\"3daf220\" data-element_type=\"widget\" data-widget_type=\"button.default\">\n\t\t\t\t<div class=\"elementor-widget-container\">\n\t\t\t\t\t<div class=\"elementor-button-wrapper\">\n\t\t\t<a class=\"elementor-button elementor-button-link elementor-size-md\" href=\"https:\/\/pulzohost.com.br\/clientes\/fitocann\/login-ou-cadastro\/\">\n\t\t\t\t\t\t<span class=\"elementor-button-content-wrapper\">\n\t\t\t\t\t\t<span class=\"elementor-button-icon elementor-align-icon-right\">\n\t\t\t\t<i aria-hidden=\"true\" class=\"fas fa-long-arrow-alt-right\"><\/i>\t\t\t<\/span>\n\t\t\t\t\t\t<span class=\"elementor-button-text\">Fa\u00e7a login ou cadastre-se<\/span>\n\t\t<\/span>\n\t\t\t\t\t<\/a>\n\t\t<\/div>\n\t\t\t\t<\/div>\n\t\t\t\t<\/div>\n\t\t\t\t\t<\/div>\n\t\t<\/div>\n\t\t\t\t\t\t\t<\/div>\n\t\t<\/section>\n\t\t\t\t<section class=\"elementor-section elementor-top-section elementor-element elementor-element-036ff95 elementor-section-boxed elementor-section-height-default elementor-section-height-default\" data-id=\"036ff95\" data-element_type=\"section\">\n\t\t\t\t\t\t<div class=\"elementor-container elementor-column-gap-default\">\n\t\t\t\t\t<div class=\"elementor-column elementor-col-100 elementor-top-column elementor-element elementor-element-76f4a29\" data-id=\"76f4a29\" data-element_type=\"column\">\n\t\t\t<div class=\"elementor-widget-wrap elementor-element-populated\">\n\t\t\t\t\t\t\t\t\t<\/div>\n\t\t<\/div>\n\t\t\t\t\t\t\t<\/div>\n\t\t<\/section>\n\t\t\t\t\t\t\t<\/div>\n\t\t","protected":false},"excerpt":{"rendered":"<p>Voc\u00ea precisa estar logado para visualizar essa p\u00e1gina. Fa\u00e7a login ou cadastre-se Agendar Consulta<\/p>\n","protected":false},"author":1,"featured_media":0,"parent":0,"menu_order":0,"comment_status":"closed","ping_status":"closed","template":"","meta":{"footnotes":""},"class_list":["post-3607","page","type-page","status-publish","hentry"],"_links":{"self":[{"href":"https:\/\/pulzohost.com.br\/clientes\/fitocann\/wp-json\/wp\/v2\/pages\/3607","targetHints":{"allow":["GET"]}}],"collection":[{"href":"https:\/\/pulzohost.com.br\/clientes\/fitocann\/wp-json\/wp\/v2\/pages"}],"about":[{"href":"https:\/\/pulzohost.com.br\/clientes\/fitocann\/wp-json\/wp\/v2\/types\/page"}],"author":[{"embeddable":true,"href":"https:\/\/pulzohost.com.br\/clientes\/fitocann\/wp-json\/wp\/v2\/users\/1"}],"replies":[{"embeddable":true,"href":"https:\/\/pulzohost.com.br\/clientes\/fitocann\/wp-json\/wp\/v2\/comments?post=3607"}],"version-history":[{"count":28,"href":"https:\/\/pulzohost.com.br\/clientes\/fitocann\/wp-json\/wp\/v2\/pages\/3607\/revisions"}],"predecessor-version":[{"id":4055,"href":"https:\/\/pulzohost.com.br\/clientes\/fitocann\/wp-json\/wp\/v2\/pages\/3607\/revisions\/4055"}],"wp:attachment":[{"href":"https:\/\/pulzohost.com.br\/clientes\/fitocann\/wp-json\/wp\/v2\/media?parent=3607"}],"curies":[{"name":"wp","href":"https:\/\/api.w.org\/{rel}","templated":true}]}}