{"id":1436,"date":"2023-10-25T18:06:45","date_gmt":"2023-10-25T21:06:45","guid":{"rendered":"https:\/\/marialaranjeira.com.br\/?page_id=1436"},"modified":"2024-04-10T11:56:07","modified_gmt":"2024-04-10T14:56:07","slug":"quem-somos","status":"publish","type":"page","link":"https:\/\/pulzohost.com.br\/clientes\/fitocann\/quem-somos\/","title":{"rendered":"Quem Somos"},"content":{"rendered":"\t\t<div data-elementor-type=\"wp-page\" data-elementor-id=\"1436\" class=\"elementor elementor-1436\" data-elementor-post-type=\"page\">\n\t\t\t\t\t\t\t\t\t<section class=\"elementor-section elementor-top-section elementor-element elementor-element-a8c3248 elementor-section-boxed elementor-section-height-default elementor-section-height-default\" data-id=\"a8c3248\" data-element_type=\"section\">\n\t\t\t\t\t\t<div class=\"elementor-container elementor-column-gap-default\">\n\t\t\t\t\t<div class=\"elementor-column elementor-col-100 elementor-top-column elementor-element elementor-element-9e7d6fc\" data-id=\"9e7d6fc\" data-element_type=\"column\">\n\t\t\t<div class=\"elementor-widget-wrap elementor-element-populated\">\n\t\t\t\t\t\t\t\t<div class=\"elementor-element elementor-element-ae9731d elementor-widget elementor-widget-heading\" data-id=\"ae9731d\" data-element_type=\"widget\" data-widget_type=\"heading.default\">\n\t\t\t\t<div class=\"elementor-widget-container\">\n\t\t\t<style>\/*! elementor - v3.18.0 - 08-12-2023 *\/\n.elementor-heading-title{padding:0;margin:0;line-height:1}.elementor-widget-heading .elementor-heading-title[class*=elementor-size-]>a{color:inherit;font-size:inherit;line-height:inherit}.elementor-widget-heading .elementor-heading-title.elementor-size-small{font-size:15px}.elementor-widget-heading .elementor-heading-title.elementor-size-medium{font-size:19px}.elementor-widget-heading .elementor-heading-title.elementor-size-large{font-size:29px}.elementor-widget-heading .elementor-heading-title.elementor-size-xl{font-size:39px}.elementor-widget-heading .elementor-heading-title.elementor-size-xxl{font-size:59px}<\/style><h2 class=\"elementor-heading-title elementor-size-default\">Quem Somos<\/h2>\t\t<\/div>\n\t\t\t\t<\/div>\n\t\t\t\t\t<\/div>\n\t\t<\/div>\n\t\t\t\t\t\t\t<\/div>\n\t\t<\/section>\n\t\t\t\t<section class=\"elementor-section elementor-top-section elementor-element elementor-element-ae85f1a elementor-section-boxed elementor-section-height-default elementor-section-height-default\" data-id=\"ae85f1a\" data-element_type=\"section\">\n\t\t\t\t\t\t<div class=\"elementor-container elementor-column-gap-default\">\n\t\t\t\t\t<div class=\"elementor-column elementor-col-50 elementor-top-column elementor-element elementor-element-a7d534f\" data-id=\"a7d534f\" data-element_type=\"column\">\n\t\t\t<div class=\"elementor-widget-wrap elementor-element-populated\">\n\t\t\t\t\t\t\t\t<div class=\"elementor-element elementor-element-8b624eb elementor-widget elementor-widget-text-editor\" data-id=\"8b624eb\" data-element_type=\"widget\" data-widget_type=\"text-editor.default\">\n\t\t\t\t<div class=\"elementor-widget-container\">\n\t\t\t<style>\/*! elementor - v3.18.0 - 08-12-2023 *\/\n.elementor-widget-text-editor.elementor-drop-cap-view-stacked .elementor-drop-cap{background-color:#69727d;color:#fff}.elementor-widget-text-editor.elementor-drop-cap-view-framed .elementor-drop-cap{color:#69727d;border:3px solid;background-color:transparent}.elementor-widget-text-editor:not(.elementor-drop-cap-view-default) .elementor-drop-cap{margin-top:8px}.elementor-widget-text-editor:not(.elementor-drop-cap-view-default) .elementor-drop-cap-letter{width:1em;height:1em}.elementor-widget-text-editor .elementor-drop-cap{float:left;text-align:center;line-height:1;font-size:50px}.elementor-widget-text-editor .elementor-drop-cap-letter{display:inline-block}<\/style>\t\t\t\t<p>Bem-vindo \u00e0 nossa loja dedicada ao seu bem-estar integral! Aqui na FITOCANN ,estamos comprometidos em oferecer as melhores marcas de produtos de alta qualidade que promovem uma vida saud\u00e1vel e equilibrada. Aqui voc\u00ea encontrar\u00e1 vitaminas, suplementos ou cosm\u00e9ticos fitoter\u00e1picos, em uma ampla variedade de op\u00e7\u00f5es cuidadosamente selecionadas para atender \u00e0s suas necessidades. <br><br>Vamos oferecer uma experi\u00eancia \u00fanica de compras, onde a qualidade e a efic\u00e1cia dos produtos s\u00e3o prioridades, garantimos que cada produto atenda aos mais altos padr\u00f5es de qualidade e pureza. Oferecemos uma extensa gama de vitaminas essenciais e suplementos nutricionais para promover a sa\u00fade do corpo, fortalecer o sistema imunol\u00f3gico e manter a vitalidade di\u00e1ria. <br><br>A FITOCANN acredita que a sa\u00fade \u00e9 um compromisso cont\u00ednuo e que cada escolha faz a diferen\u00e7a. Somos o parceiro que dar\u00e1 ajuda ao seu prescritor e a voc\u00ea na jornada em dire\u00e7\u00e3o a uma vida mais saud\u00e1vel e equilibrada. <br><br>Somos uma plataforma digital para gerar conex\u00f5es entre, prescritores, pacientes e empresas, interessados em contratar nossos Servi\u00e7os, trazemos os melhores profissionais para atender voc\u00ea ou seu ente querido. Oferecemos a esses prescritores os melhores produtos do mercado em Fitoter\u00e1picos e Cannabis Medicinal. Oferecemos atendimento por tele consulta ou presencial em clinicas credenciadas e acolhimento a todos envolvidos na fitoterapia e terap\u00eautica cann\u00e1bica. Todos os produtos e servi\u00e7os s\u00e3o oferecidos na plataforma. Os atendimentos com os especialistas poder\u00e3o ser agendados no site para uma tele consulta ou presencial em uma de nossas unidades.<\/p>\t\t\t\t\t\t<\/div>\n\t\t\t\t<\/div>\n\t\t\t\t\t<\/div>\n\t\t<\/div>\n\t\t\t\t<div class=\"elementor-column elementor-col-50 elementor-top-column elementor-element elementor-element-7f82462\" data-id=\"7f82462\" data-element_type=\"column\">\n\t\t\t<div class=\"elementor-widget-wrap elementor-element-populated\">\n\t\t\t\t\t\t\t\t<div class=\"elementor-element elementor-element-1db9f5e elementor-widget elementor-widget-image\" data-id=\"1db9f5e\" data-element_type=\"widget\" data-widget_type=\"image.default\">\n\t\t\t\t<div class=\"elementor-widget-container\">\n\t\t\t<style>\/*! elementor - v3.18.0 - 08-12-2023 *\/\n.elementor-widget-image{text-align:center}.elementor-widget-image a{display:inline-block}.elementor-widget-image a img[src$=\".svg\"]{width:48px}.elementor-widget-image img{vertical-align:middle;display:inline-block}<\/style>\t\t\t\t\t\t\t\t\t\t\t\t<img decoding=\"async\" src=\"https:\/\/pulzohost.com.br\/clientes\/fitocann\/wp-content\/plugins\/elementor\/assets\/images\/placeholder.png\" title=\"\" alt=\"\" loading=\"lazy\" \/>\t\t\t\t\t\t\t\t\t\t\t\t\t\t\t<\/div>\n\t\t\t\t<\/div>\n\t\t\t\t\t<\/div>\n\t\t<\/div>\n\t\t\t\t\t\t\t<\/div>\n\t\t<\/section>\n\t\t\t\t<section class=\"elementor-section elementor-top-section elementor-element elementor-element-c7a1a5a elementor-section-boxed elementor-section-height-default elementor-section-height-default\" data-id=\"c7a1a5a\" data-element_type=\"section\" data-settings=\"{&quot;background_background&quot;:&quot;classic&quot;}\">\n\t\t\t\t\t\t<div class=\"elementor-container elementor-column-gap-default\">\n\t\t\t\t\t<div class=\"elementor-column elementor-col-33 elementor-top-column elementor-element elementor-element-fc8f6ed\" data-id=\"fc8f6ed\" data-element_type=\"column\">\n\t\t\t<div class=\"elementor-widget-wrap elementor-element-populated\">\n\t\t\t\t\t\t\t\t<section class=\"elementor-section elementor-inner-section elementor-element elementor-element-1773118 elementor-section-boxed elementor-section-height-default elementor-section-height-default\" data-id=\"1773118\" data-element_type=\"section\" data-settings=\"{&quot;background_background&quot;:&quot;classic&quot;}\">\n\t\t\t\t\t\t<div class=\"elementor-container elementor-column-gap-default\">\n\t\t\t\t\t<div class=\"elementor-column elementor-col-100 elementor-inner-column elementor-element elementor-element-9bbf90f\" data-id=\"9bbf90f\" data-element_type=\"column\">\n\t\t\t<div class=\"elementor-widget-wrap elementor-element-populated\">\n\t\t\t\t\t\t\t\t<div class=\"elementor-element elementor-element-1dcf957 elementor-widget elementor-widget-image\" data-id=\"1dcf957\" data-element_type=\"widget\" data-widget_type=\"image.default\">\n\t\t\t\t<div class=\"elementor-widget-container\">\n\t\t\t\t\t\t\t\t\t\t\t\t\t\t\t<img decoding=\"async\" width=\"60\" height=\"49\" src=\"https:\/\/pulzohost.com.br\/clientes\/fitocann\/wp-content\/uploads\/2024\/02\/missao.png\" class=\"attachment-full size-full wp-image-3133\" alt=\"\" \/>\t\t\t\t\t\t\t\t\t\t\t\t\t\t\t<\/div>\n\t\t\t\t<\/div>\n\t\t\t\t<div class=\"elementor-element elementor-element-49e7ecd elementor-widget elementor-widget-heading\" data-id=\"49e7ecd\" data-element_type=\"widget\" data-widget_type=\"heading.default\">\n\t\t\t\t<div class=\"elementor-widget-container\">\n\t\t\t<h5 class=\"elementor-heading-title elementor-size-default\">Nossa Miss\u00e3o<\/h5>\t\t<\/div>\n\t\t\t\t<\/div>\n\t\t\t\t\t<\/div>\n\t\t<\/div>\n\t\t\t\t\t\t\t<\/div>\n\t\t<\/section>\n\t\t\t\t<div class=\"elementor-element elementor-element-1c29af4 elementor-widget elementor-widget-text-editor\" data-id=\"1c29af4\" data-element_type=\"widget\" data-widget_type=\"text-editor.default\">\n\t\t\t\t<div class=\"elementor-widget-container\">\n\t\t\t\t\t\t\t<p>Lorem ipsum dolor sit amet, consectetur adipiscing elit. Nullam egestas aliquam sem at blandit. Nam et tortor at urna luctus porta sed sed diam. Integer dictum vehicula nisi eget finibus. Nam commodo consectetur arcu sagittis pharetra.<\/p>\t\t\t\t\t\t<\/div>\n\t\t\t\t<\/div>\n\t\t\t\t\t<\/div>\n\t\t<\/div>\n\t\t\t\t<div class=\"elementor-column elementor-col-33 elementor-top-column elementor-element elementor-element-3bb7dd4\" data-id=\"3bb7dd4\" data-element_type=\"column\">\n\t\t\t<div class=\"elementor-widget-wrap elementor-element-populated\">\n\t\t\t\t\t\t\t\t<section class=\"elementor-section elementor-inner-section elementor-element elementor-element-a91e4c2 elementor-section-boxed elementor-section-height-default elementor-section-height-default\" data-id=\"a91e4c2\" data-element_type=\"section\" data-settings=\"{&quot;background_background&quot;:&quot;classic&quot;}\">\n\t\t\t\t\t\t<div class=\"elementor-container elementor-column-gap-default\">\n\t\t\t\t\t<div class=\"elementor-column elementor-col-100 elementor-inner-column elementor-element elementor-element-6fad0a5\" data-id=\"6fad0a5\" data-element_type=\"column\">\n\t\t\t<div class=\"elementor-widget-wrap elementor-element-populated\">\n\t\t\t\t\t\t\t\t<div class=\"elementor-element elementor-element-0adb1c5 elementor-widget elementor-widget-image\" data-id=\"0adb1c5\" data-element_type=\"widget\" data-widget_type=\"image.default\">\n\t\t\t\t<div class=\"elementor-widget-container\">\n\t\t\t\t\t\t\t\t\t\t\t\t\t\t\t<img decoding=\"async\" width=\"59\" height=\"40\" src=\"https:\/\/pulzohost.com.br\/clientes\/fitocann\/wp-content\/uploads\/2024\/02\/visao.png\" class=\"attachment-full size-full wp-image-3134\" alt=\"\" \/>\t\t\t\t\t\t\t\t\t\t\t\t\t\t\t<\/div>\n\t\t\t\t<\/div>\n\t\t\t\t<div class=\"elementor-element elementor-element-58eb69e elementor-widget elementor-widget-heading\" data-id=\"58eb69e\" data-element_type=\"widget\" data-widget_type=\"heading.default\">\n\t\t\t\t<div class=\"elementor-widget-container\">\n\t\t\t<h5 class=\"elementor-heading-title elementor-size-default\">Nossa vis\u00e3o<\/h5>\t\t<\/div>\n\t\t\t\t<\/div>\n\t\t\t\t\t<\/div>\n\t\t<\/div>\n\t\t\t\t\t\t\t<\/div>\n\t\t<\/section>\n\t\t\t\t<div class=\"elementor-element elementor-element-a073312 elementor-widget elementor-widget-text-editor\" data-id=\"a073312\" data-element_type=\"widget\" data-widget_type=\"text-editor.default\">\n\t\t\t\t<div class=\"elementor-widget-container\">\n\t\t\t\t\t\t\t<p>Lorem ipsum dolor sit amet, consectetur adipiscing elit. Nullam egestas aliquam sem at blandit. Nam et tortor at urna luctus porta sed sed diam. Integer dictum vehicula nisi eget finibus. Nam commodo consectetur arcu sagittis pharetra.<\/p>\t\t\t\t\t\t<\/div>\n\t\t\t\t<\/div>\n\t\t\t\t\t<\/div>\n\t\t<\/div>\n\t\t\t\t<div class=\"elementor-column elementor-col-33 elementor-top-column elementor-element elementor-element-8e34651\" data-id=\"8e34651\" data-element_type=\"column\">\n\t\t\t<div class=\"elementor-widget-wrap elementor-element-populated\">\n\t\t\t\t\t\t\t\t<section class=\"elementor-section elementor-inner-section elementor-element elementor-element-bec3e54 elementor-section-boxed elementor-section-height-default elementor-section-height-default\" data-id=\"bec3e54\" data-element_type=\"section\" data-settings=\"{&quot;background_background&quot;:&quot;classic&quot;}\">\n\t\t\t\t\t\t<div class=\"elementor-container elementor-column-gap-default\">\n\t\t\t\t\t<div class=\"elementor-column elementor-col-100 elementor-inner-column elementor-element elementor-element-f5f1bc8\" data-id=\"f5f1bc8\" data-element_type=\"column\">\n\t\t\t<div class=\"elementor-widget-wrap elementor-element-populated\">\n\t\t\t\t\t\t\t\t<div class=\"elementor-element elementor-element-b8b7bd1 elementor-widget elementor-widget-image\" data-id=\"b8b7bd1\" data-element_type=\"widget\" data-widget_type=\"image.default\">\n\t\t\t\t<div class=\"elementor-widget-container\">\n\t\t\t\t\t\t\t\t\t\t\t\t\t\t\t<img decoding=\"async\" width=\"51\" height=\"49\" src=\"https:\/\/pulzohost.com.br\/clientes\/fitocann\/wp-content\/uploads\/2024\/02\/valores.png\" class=\"attachment-full size-full wp-image-3135\" alt=\"\" \/>\t\t\t\t\t\t\t\t\t\t\t\t\t\t\t<\/div>\n\t\t\t\t<\/div>\n\t\t\t\t<div class=\"elementor-element elementor-element-c4684e6 elementor-widget elementor-widget-heading\" data-id=\"c4684e6\" data-element_type=\"widget\" data-widget_type=\"heading.default\">\n\t\t\t\t<div class=\"elementor-widget-container\">\n\t\t\t<h5 class=\"elementor-heading-title elementor-size-default\">Nossos valores<\/h5>\t\t<\/div>\n\t\t\t\t<\/div>\n\t\t\t\t\t<\/div>\n\t\t<\/div>\n\t\t\t\t\t\t\t<\/div>\n\t\t<\/section>\n\t\t\t\t<div class=\"elementor-element elementor-element-e4176ca elementor-widget elementor-widget-text-editor\" data-id=\"e4176ca\" data-element_type=\"widget\" data-widget_type=\"text-editor.default\">\n\t\t\t\t<div class=\"elementor-widget-container\">\n\t\t\t\t\t\t\t<p>Lorem ipsum dolor sit amet, consectetur adipiscing elit. Nullam egestas aliquam sem at blandit. Nam et tortor at urna luctus porta sed sed diam. Integer dictum vehicula nisi eget finibus. Nam commodo consectetur arcu sagittis pharetra.<\/p>\t\t\t\t\t\t<\/div>\n\t\t\t\t<\/div>\n\t\t\t\t\t<\/div>\n\t\t<\/div>\n\t\t\t\t\t\t\t<\/div>\n\t\t<\/section>\n\t\t\t\t<section class=\"elementor-section elementor-top-section elementor-element elementor-element-51742f4 elementor-section-boxed elementor-section-height-default elementor-section-height-default\" data-id=\"51742f4\" data-element_type=\"section\">\n\t\t\t\t\t\t<div class=\"elementor-container elementor-column-gap-default\">\n\t\t\t\t\t<div class=\"elementor-column elementor-col-50 elementor-top-column elementor-element elementor-element-a9dd2c5\" data-id=\"a9dd2c5\" data-element_type=\"column\">\n\t\t\t<div class=\"elementor-widget-wrap elementor-element-populated\">\n\t\t\t\t\t\t\t\t<div class=\"elementor-element elementor-element-99d0be2 elementor-widget elementor-widget-image\" data-id=\"99d0be2\" data-element_type=\"widget\" data-widget_type=\"image.default\">\n\t\t\t\t<div class=\"elementor-widget-container\">\n\t\t\t\t\t\t\t\t\t\t\t\t\t\t\t<img loading=\"lazy\" decoding=\"async\" width=\"475\" height=\"524\" src=\"https:\/\/pulzohost.com.br\/clientes\/fitocann\/wp-content\/uploads\/2024\/04\/mascote.png\" class=\"attachment-full size-full wp-image-3458\" alt=\"\" srcset=\"https:\/\/pulzohost.com.br\/clientes\/fitocann\/wp-content\/uploads\/2024\/04\/mascote.png 475w, https:\/\/pulzohost.com.br\/clientes\/fitocann\/wp-content\/uploads\/2024\/04\/mascote-272x300.png 272w\" sizes=\"(max-width: 475px) 100vw, 475px\" \/>\t\t\t\t\t\t\t\t\t\t\t\t\t\t\t<\/div>\n\t\t\t\t<\/div>\n\t\t\t\t\t<\/div>\n\t\t<\/div>\n\t\t\t\t<div class=\"elementor-column elementor-col-50 elementor-top-column elementor-element elementor-element-50e3875\" data-id=\"50e3875\" data-element_type=\"column\">\n\t\t\t<div class=\"elementor-widget-wrap elementor-element-populated\">\n\t\t\t\t\t\t\t\t<div class=\"elementor-element elementor-element-fa69d67 elementor-widget elementor-widget-heading\" data-id=\"fa69d67\" data-element_type=\"widget\" data-widget_type=\"heading.default\">\n\t\t\t\t<div class=\"elementor-widget-container\">\n\t\t\t<h2 class=\"elementor-heading-title elementor-size-default\">\u201cFito\u201d \u00e9 o nosso mascote virtual\num gentil \u201clouva a Deus\u201d que vai\nintegrar nossa solu\u00e7\u00e3o com\nsuas necessidades.<\/h2>\t\t<\/div>\n\t\t\t\t<\/div>\n\t\t\t\t<div class=\"elementor-element elementor-element-97f85dc elementor-widget elementor-widget-text-editor\" data-id=\"97f85dc\" data-element_type=\"widget\" data-widget_type=\"text-editor.default\">\n\t\t\t\t<div class=\"elementor-widget-container\">\n\t\t\t\t\t\t\t<p>Lorem ipsum dolor sit amet, consectetur adipiscing elit. Nullam egestas aliquam sem at blandit. Nam et tortor at urna luctus porta sed sed diam. Integer dictum vehicula nisi eget finibus. Nam commodo consectetur arcu sagittis pharetra.<\/p>\t\t\t\t\t\t<\/div>\n\t\t\t\t<\/div>\n\t\t\t\t\t<\/div>\n\t\t<\/div>\n\t\t\t\t\t\t\t<\/div>\n\t\t<\/section>\n\t\t\t\t\t\t\t<\/div>\n\t\t","protected":false},"excerpt":{"rendered":"<p>Bem-vindo \u00e0 nossa loja dedicada ao seu bem-estar integral! Aqui na FITOCANN ,estamos comprometidos em oferecer as melhores marcas de produtos de alta qualidade que promovem uma vida saud\u00e1vel e equilibrada. Aqui voc\u00ea encontrar\u00e1 vitaminas, suplementos ou cosm\u00e9ticos fitoter\u00e1picos, em uma ampla variedade de op\u00e7\u00f5es cuidadosamente selecionadas para atender \u00e0s suas necessidades. Vamos oferecer uma [&hellip;]<\/p>\n","protected":false},"author":1,"featured_media":0,"parent":0,"menu_order":0,"comment_status":"closed","ping_status":"closed","template":"","meta":{"footnotes":""},"class_list":["post-1436","page","type-page","status-publish","hentry"],"_links":{"self":[{"href":"https:\/\/pulzohost.com.br\/clientes\/fitocann\/wp-json\/wp\/v2\/pages\/1436","targetHints":{"allow":["GET"]}}],"collection":[{"href":"https:\/\/pulzohost.com.br\/clientes\/fitocann\/wp-json\/wp\/v2\/pages"}],"about":[{"href":"https:\/\/pulzohost.com.br\/clientes\/fitocann\/wp-json\/wp\/v2\/types\/page"}],"author":[{"embeddable":true,"href":"https:\/\/pulzohost.com.br\/clientes\/fitocann\/wp-json\/wp\/v2\/users\/1"}],"replies":[{"embeddable":true,"href":"https:\/\/pulzohost.com.br\/clientes\/fitocann\/wp-json\/wp\/v2\/comments?post=1436"}],"version-history":[{"count":49,"href":"https:\/\/pulzohost.com.br\/clientes\/fitocann\/wp-json\/wp\/v2\/pages\/1436\/revisions"}],"predecessor-version":[{"id":3464,"href":"https:\/\/pulzohost.com.br\/clientes\/fitocann\/wp-json\/wp\/v2\/pages\/1436\/revisions\/3464"}],"wp:attachment":[{"href":"https:\/\/pulzohost.com.br\/clientes\/fitocann\/wp-json\/wp\/v2\/media?parent=1436"}],"curies":[{"name":"wp","href":"https:\/\/api.w.org\/{rel}","templated":true}]}}