{"id":14,"date":"2023-03-20T11:26:07","date_gmt":"2023-03-20T14:26:07","guid":{"rendered":"https:\/\/ninjaflix.salaninja.com\/finalizar-compra\/"},"modified":"2024-07-19T10:47:11","modified_gmt":"2024-07-19T13:47:11","slug":"finalizar-compra","status":"publish","type":"page","link":"https:\/\/pulzohost.com.br\/clientes\/dreamart\/finalizar-compra\/","title":{"rendered":"Finaliza\u00e7\u00e3o de compra"},"content":{"rendered":"\t\t<div data-elementor-type=\"wp-page\" data-elementor-id=\"14\" class=\"elementor elementor-14\" data-elementor-post-type=\"page\">\n\t\t\t\t<div class=\"elementor-element elementor-element-5b20974 e-flex e-con-boxed e-con e-parent\" data-id=\"5b20974\" data-element_type=\"container\">\n\t\t\t\t\t<div class=\"e-con-inner\">\n\t\t\t\t<div class=\"elementor-element elementor-element-c282e72 elementor-widget elementor-widget-heading\" data-id=\"c282e72\" data-element_type=\"widget\" data-widget_type=\"heading.default\">\n\t\t\t\t<div class=\"elementor-widget-container\">\n\t\t\t<style>\/*! elementor - v3.22.0 - 17-06-2024 *\/\n.elementor-heading-title{padding:0;margin:0;line-height:1}.elementor-widget-heading .elementor-heading-title[class*=elementor-size-]>a{color:inherit;font-size:inherit;line-height:inherit}.elementor-widget-heading .elementor-heading-title.elementor-size-small{font-size:15px}.elementor-widget-heading .elementor-heading-title.elementor-size-medium{font-size:19px}.elementor-widget-heading .elementor-heading-title.elementor-size-large{font-size:29px}.elementor-widget-heading .elementor-heading-title.elementor-size-xl{font-size:39px}.elementor-widget-heading .elementor-heading-title.elementor-size-xxl{font-size:59px}<\/style><h1 class=\"elementor-heading-title elementor-size-default\">Finalize sua assinatura<\/h1>\t\t<\/div>\n\t\t\t\t<\/div>\n\t\t\t\t<div class=\"elementor-element elementor-element-1e042a3 e-checkout-layout-two-column elementor-widget elementor-widget-woocommerce-checkout-page\" data-id=\"1e042a3\" data-element_type=\"widget\" data-widget_type=\"woocommerce-checkout-page.default\">\n\t\t\t\t<div class=\"elementor-widget-container\">\n\t\t\t<link rel=\"stylesheet\" href=\"https:\/\/pulzohost.com.br\/clientes\/dreamart\/wp-content\/plugins\/elementor-pro\/assets\/css\/widget-woocommerce.min.css\"><div class=\"woocommerce\"><\/div>\t\t<\/div>\n\t\t\t\t<\/div>\n\t\t\t\t\t<\/div>\n\t\t\t\t<\/div>\n\t\t\t\t<\/div>\n\t\t","protected":false},"excerpt":{"rendered":"<p>Finalize sua assinatura Detalhes de Cobran\u00e7a Nome&nbsp;* Sobrenome&nbsp;* Tipo de Pessoa&nbsp;(opcional)Pessoa F\u00edsicaPessoa Jur\u00eddica CPF&nbsp;(opcional) CNPJ&nbsp;(opcional) Pa\u00eds&nbsp;*Selecione um pa\u00eds&hellip;Afeganist\u00e3o\u00c1frica do SulAlb\u00e2niaAlemanhaAndorraAngolaAnguillaAnt\u00e1rticaAnt\u00edgua e BarbudaAr\u00e1bia SauditaArg\u00e9liaArgentinaArm\u00eaniaArubaAustr\u00e1lia\u00c1ustriaAzerbaij\u00e3oBahamasBangladeshBarbadosBar\u00e9mBelauB\u00e9lgicaBelizeBenimBermudasBielorr\u00fassiaBol\u00edviaB\u00f3snia e HerzegovinaBotsuanaBrasilBruneiBulg\u00e1riaBurquina FassoBur\u00fandiBut\u00e3oCabo VerdeCamar\u00f5esCambojaCanad\u00e1CatarCazaquist\u00e3oChadeChileChinaChipreCingapuraCol\u00f4mbiaComoresComunidade das Ilhas Marianas SetentrionaisCongo (Brazzaville)Congo (Kinshasa)Cor\u00e9ia do NorteCor\u00e9ia do SulCosta do MarfimCosta RicaCro\u00e1ciaCubaCura&ccedil;aoDinamarcaDjiboutiDominicaEgitoEl SalvadorEmirados \u00c1rabes UnidosEquadorEritreiaEslov\u00e1quiaEsloveniaEspanhaEstados UnidosEst\u00f4niaEswatiniEti\u00f3piaFijiFilipinasFinl\u00e2ndiaFran\u00e7aGab\u00e3oG\u00e2mbiaGanaGe\u00f3rgiaGibraltarGranadaGr\u00e9ciaGroenl\u00e2ndiaGuadalupeGuamGuatemalaGuernseyGuianaGuiana FrancesaGuin\u00e9Guin\u00e9 EquatorialGuin\u00e9-BissauHaitiHolandaHondurasHong KongHungriaI\u00e9menIlha BouvetIlha ChristmasIlha de ManIlha de S\u00e3o Martinho (Rep\u00fablica [&hellip;]<\/p>\n","protected":false},"author":3,"featured_media":0,"parent":0,"menu_order":0,"comment_status":"closed","ping_status":"closed","template":"elementor_header_footer","meta":{"pmpro_default_level":0,"footnotes":""},"class_list":["post-14","page","type-page","status-publish","hentry","pmpro-has-access"],"_links":{"self":[{"href":"https:\/\/pulzohost.com.br\/clientes\/dreamart\/wp-json\/wp\/v2\/pages\/14","targetHints":{"allow":["GET"]}}],"collection":[{"href":"https:\/\/pulzohost.com.br\/clientes\/dreamart\/wp-json\/wp\/v2\/pages"}],"about":[{"href":"https:\/\/pulzohost.com.br\/clientes\/dreamart\/wp-json\/wp\/v2\/types\/page"}],"author":[{"embeddable":true,"href":"https:\/\/pulzohost.com.br\/clientes\/dreamart\/wp-json\/wp\/v2\/users\/3"}],"replies":[{"embeddable":true,"href":"https:\/\/pulzohost.com.br\/clientes\/dreamart\/wp-json\/wp\/v2\/comments?post=14"}],"version-history":[{"count":12,"href":"https:\/\/pulzohost.com.br\/clientes\/dreamart\/wp-json\/wp\/v2\/pages\/14\/revisions"}],"predecessor-version":[{"id":766,"href":"https:\/\/pulzohost.com.br\/clientes\/dreamart\/wp-json\/wp\/v2\/pages\/14\/revisions\/766"}],"wp:attachment":[{"href":"https:\/\/pulzohost.com.br\/clientes\/dreamart\/wp-json\/wp\/v2\/media?parent=14"}],"curies":[{"name":"wp","href":"https:\/\/api.w.org\/{rel}","templated":true}]}}