{"id":526,"date":"2023-10-17T09:44:34","date_gmt":"2023-10-17T12:44:34","guid":{"rendered":"https:\/\/pulzohost.com.br\/clientes\/asterclinica\/?page_id=526"},"modified":"2023-10-17T09:46:30","modified_gmt":"2023-10-17T12:46:30","slug":"blog","status":"publish","type":"page","link":"https:\/\/pulzohost.com.br\/clientes\/asterclinica\/blog\/","title":{"rendered":"Blog"},"content":{"rendered":"\t\t<div data-elementor-type=\"wp-page\" data-elementor-id=\"526\" class=\"elementor elementor-526\" data-elementor-post-type=\"page\">\n\t\t\t\t\t\t\t\t\t<section class=\"elementor-section elementor-top-section elementor-element elementor-element-a265f4a elementor-section-boxed elementor-section-height-default elementor-section-height-default\" data-id=\"a265f4a\" data-element_type=\"section\" data-settings=\"{&quot;background_background&quot;:&quot;classic&quot;}\">\n\t\t\t\t\t\t<div class=\"elementor-container elementor-column-gap-default\">\n\t\t\t\t\t<div class=\"elementor-column elementor-col-100 elementor-top-column elementor-element elementor-element-53f4d72\" data-id=\"53f4d72\" data-element_type=\"column\">\n\t\t\t<div class=\"elementor-widget-wrap elementor-element-populated\">\n\t\t\t\t\t\t\t\t<div class=\"elementor-element elementor-element-2b1fa75 elementor-widget elementor-widget-heading\" data-id=\"2b1fa75\" data-element_type=\"widget\" data-widget_type=\"heading.default\">\n\t\t\t\t<div class=\"elementor-widget-container\">\n\t\t\t<style>\/*! elementor - v3.16.0 - 20-09-2023 *\/\n.elementor-heading-title{padding:0;margin:0;line-height:1}.elementor-widget-heading .elementor-heading-title[class*=elementor-size-]>a{color:inherit;font-size:inherit;line-height:inherit}.elementor-widget-heading .elementor-heading-title.elementor-size-small{font-size:15px}.elementor-widget-heading .elementor-heading-title.elementor-size-medium{font-size:19px}.elementor-widget-heading .elementor-heading-title.elementor-size-large{font-size:29px}.elementor-widget-heading .elementor-heading-title.elementor-size-xl{font-size:39px}.elementor-widget-heading .elementor-heading-title.elementor-size-xxl{font-size:59px}<\/style><h1 class=\"elementor-heading-title elementor-size-default\">Blog<\/h1>\t\t<\/div>\n\t\t\t\t<\/div>\n\t\t\t\t\t<\/div>\n\t\t<\/div>\n\t\t\t\t\t\t\t<\/div>\n\t\t<\/section>\n\t\t\t\t<section class=\"elementor-section elementor-top-section elementor-element elementor-element-9443647 elementor-section-boxed elementor-section-height-default elementor-section-height-default\" data-id=\"9443647\" data-element_type=\"section\">\n\t\t\t\t\t\t<div class=\"elementor-container elementor-column-gap-default\">\n\t\t\t\t\t<div class=\"elementor-column elementor-col-100 elementor-top-column elementor-element elementor-element-500f6f2\" data-id=\"500f6f2\" data-element_type=\"column\">\n\t\t\t<div class=\"elementor-widget-wrap elementor-element-populated\">\n\t\t\t\t\t\t\t\t<div class=\"elementor-element elementor-element-e036ec7 elementor-grid-3 elementor-grid-tablet-2 elementor-grid-mobile-1 elementor-posts--thumbnail-top elementor-card-shadow-yes elementor-posts__hover-gradient elementor-widget elementor-widget-posts\" data-id=\"e036ec7\" data-element_type=\"widget\" data-settings=\"{&quot;pagination_type&quot;:&quot;load_more_infinite_scroll&quot;,&quot;cards_columns&quot;:&quot;3&quot;,&quot;cards_columns_tablet&quot;:&quot;2&quot;,&quot;cards_columns_mobile&quot;:&quot;1&quot;,&quot;cards_row_gap&quot;:{&quot;unit&quot;:&quot;px&quot;,&quot;size&quot;:35,&quot;sizes&quot;:[]},&quot;cards_row_gap_tablet&quot;:{&quot;unit&quot;:&quot;px&quot;,&quot;size&quot;:&quot;&quot;,&quot;sizes&quot;:[]},&quot;cards_row_gap_mobile&quot;:{&quot;unit&quot;:&quot;px&quot;,&quot;size&quot;:&quot;&quot;,&quot;sizes&quot;:[]},&quot;load_more_spinner&quot;:{&quot;value&quot;:&quot;fas fa-spinner&quot;,&quot;library&quot;:&quot;fa-solid&quot;}}\" data-widget_type=\"posts.cards\">\n\t\t\t\t<div class=\"elementor-widget-container\">\n\t\t\t<link rel=\"stylesheet\" href=\"https:\/\/pulzohost.com.br\/clientes\/asterclinica\/wp-content\/plugins\/elementor-pro\/assets\/css\/widget-posts.min.css\">\t\t<div class=\"elementor-posts-container elementor-posts elementor-posts--skin-cards elementor-grid\">\n\t\t\t\t<article class=\"elementor-post elementor-grid-item post-347 post type-post status-publish format-standard has-post-thumbnail hentry category-blog\">\n\t\t\t<div class=\"elementor-post__card\">\n\t\t\t\t<a class=\"elementor-post__thumbnail__link\" href=\"https:\/\/pulzohost.com.br\/clientes\/asterclinica\/a-ansiedade-atinge-cerca-de-20-das-criancas\/\" tabindex=\"-1\"><div class=\"elementor-post__thumbnail\"><img loading=\"lazy\" decoding=\"async\" width=\"740\" height=\"493\" src=\"https:\/\/pulzohost.com.br\/clientes\/asterclinica\/wp-content\/uploads\/2023\/10\/A-ansiedade-atinge-cerca-de-20-porcento-das-criancas.webp\" class=\"attachment-full size-full wp-image-348\" alt=\"\" srcset=\"https:\/\/pulzohost.com.br\/clientes\/asterclinica\/wp-content\/uploads\/2023\/10\/A-ansiedade-atinge-cerca-de-20-porcento-das-criancas.webp 740w, https:\/\/pulzohost.com.br\/clientes\/asterclinica\/wp-content\/uploads\/2023\/10\/A-ansiedade-atinge-cerca-de-20-porcento-das-criancas-300x200.webp 300w\" sizes=\"auto, (max-width: 740px) 100vw, 740px\" \/><\/div><\/a>\n\t\t\t\t<div class=\"elementor-post__text\">\n\t\t\t\t<h3 class=\"elementor-post__title\">\n\t\t\t<a href=\"https:\/\/pulzohost.com.br\/clientes\/asterclinica\/a-ansiedade-atinge-cerca-de-20-das-criancas\/\">\n\t\t\t\tA ansiedade atinge cerca de 20% das crian\u00e7as\t\t\t<\/a>\n\t\t<\/h3>\n\t\t\t\t<div class=\"elementor-post__excerpt\">\n\t\t\t<p>Ansiedade n\u00e3o \u00e9 s\u00f3 coisa de adulto A ansiedade atinge cerca de 20% das crian\u00e7as.<\/p>\n\t\t<\/div>\n\t\t\n\t\t<a class=\"elementor-post__read-more\" href=\"https:\/\/pulzohost.com.br\/clientes\/asterclinica\/a-ansiedade-atinge-cerca-de-20-das-criancas\/\" aria-label=\"Read more about A ansiedade atinge cerca de 20% das crian\u00e7as\" tabindex=\"-1\">\n\t\t\tContinue Lendo \u00bb\t\t<\/a>\n\n\t\t\t\t<\/div>\n\t\t\t\t\t<\/div>\n\t\t<\/article>\n\t\t\t\t<article class=\"elementor-post elementor-grid-item post-444 post type-post status-publish format-standard has-post-thumbnail hentry category-blog\">\n\t\t\t<div class=\"elementor-post__card\">\n\t\t\t\t<a class=\"elementor-post__thumbnail__link\" href=\"https:\/\/pulzohost.com.br\/clientes\/asterclinica\/assedio-e-importunacao-voce-pode-ser-uma-vitima\/\" tabindex=\"-1\"><div class=\"elementor-post__thumbnail\"><img loading=\"lazy\" decoding=\"async\" width=\"740\" height=\"740\" src=\"https:\/\/pulzohost.com.br\/clientes\/asterclinica\/wp-content\/uploads\/2023\/10\/Assedio-e-Importunacao-voce-pode-ser-uma-vitima.webp\" class=\"attachment-full size-full wp-image-445\" alt=\"\" srcset=\"https:\/\/pulzohost.com.br\/clientes\/asterclinica\/wp-content\/uploads\/2023\/10\/Assedio-e-Importunacao-voce-pode-ser-uma-vitima.webp 740w, https:\/\/pulzohost.com.br\/clientes\/asterclinica\/wp-content\/uploads\/2023\/10\/Assedio-e-Importunacao-voce-pode-ser-uma-vitima-300x300.webp 300w, https:\/\/pulzohost.com.br\/clientes\/asterclinica\/wp-content\/uploads\/2023\/10\/Assedio-e-Importunacao-voce-pode-ser-uma-vitima-150x150.webp 150w\" sizes=\"auto, (max-width: 740px) 100vw, 740px\" \/><\/div><\/a>\n\t\t\t\t<div class=\"elementor-post__text\">\n\t\t\t\t<h3 class=\"elementor-post__title\">\n\t\t\t<a href=\"https:\/\/pulzohost.com.br\/clientes\/asterclinica\/assedio-e-importunacao-voce-pode-ser-uma-vitima\/\">\n\t\t\t\tAss\u00e9dio e Importuna\u00e7\u00e3o, voc\u00ea pode ser uma v\u00edtima!\t\t\t<\/a>\n\t\t<\/h3>\n\t\t\t\t<div class=\"elementor-post__excerpt\">\n\t\t\t<p>A importuna\u00e7\u00e3o sexual como consequ\u00eancia da objetifica\u00e7\u00e3o da mulher Na \u00faltima semana, dia 16 de<\/p>\n\t\t<\/div>\n\t\t\n\t\t<a class=\"elementor-post__read-more\" href=\"https:\/\/pulzohost.com.br\/clientes\/asterclinica\/assedio-e-importunacao-voce-pode-ser-uma-vitima\/\" aria-label=\"Read more about Ass\u00e9dio e Importuna\u00e7\u00e3o, voc\u00ea pode ser uma v\u00edtima!\" tabindex=\"-1\">\n\t\t\tContinue Lendo \u00bb\t\t<\/a>\n\n\t\t\t\t<\/div>\n\t\t\t\t\t<\/div>\n\t\t<\/article>\n\t\t\t\t<article class=\"elementor-post elementor-grid-item post-441 post type-post status-publish format-standard has-post-thumbnail hentry category-blog\">\n\t\t\t<div class=\"elementor-post__card\">\n\t\t\t\t<a class=\"elementor-post__thumbnail__link\" href=\"https:\/\/pulzohost.com.br\/clientes\/asterclinica\/no-edredon-do-bbb-23\/\" tabindex=\"-1\"><div class=\"elementor-post__thumbnail\"><img loading=\"lazy\" decoding=\"async\" width=\"740\" height=\"584\" src=\"https:\/\/pulzohost.com.br\/clientes\/asterclinica\/wp-content\/uploads\/2023\/10\/No-Edredon-do-BBB-23.webp\" class=\"attachment-full size-full wp-image-442\" alt=\"\" srcset=\"https:\/\/pulzohost.com.br\/clientes\/asterclinica\/wp-content\/uploads\/2023\/10\/No-Edredon-do-BBB-23.webp 740w, https:\/\/pulzohost.com.br\/clientes\/asterclinica\/wp-content\/uploads\/2023\/10\/No-Edredon-do-BBB-23-300x237.webp 300w\" sizes=\"auto, (max-width: 740px) 100vw, 740px\" \/><\/div><\/a>\n\t\t\t\t<div class=\"elementor-post__text\">\n\t\t\t\t<h3 class=\"elementor-post__title\">\n\t\t\t<a href=\"https:\/\/pulzohost.com.br\/clientes\/asterclinica\/no-edredon-do-bbb-23\/\">\n\t\t\t\tNo Edredon do BBB 23\t\t\t<\/a>\n\t\t<\/h3>\n\t\t\t\t<div class=\"elementor-post__excerpt\">\n\t\t\t<p>Essa vers\u00e3o do Big Brother Brasil parece um pouco mais liberal que as vers\u00f5es exibidas<\/p>\n\t\t<\/div>\n\t\t\n\t\t<a class=\"elementor-post__read-more\" href=\"https:\/\/pulzohost.com.br\/clientes\/asterclinica\/no-edredon-do-bbb-23\/\" aria-label=\"Read more about No Edredon do BBB 23\" tabindex=\"-1\">\n\t\t\tContinue Lendo \u00bb\t\t<\/a>\n\n\t\t\t\t<\/div>\n\t\t\t\t\t<\/div>\n\t\t<\/article>\n\t\t\t\t<article class=\"elementor-post elementor-grid-item post-438 post type-post status-publish format-standard has-post-thumbnail hentry category-blog\">\n\t\t\t<div class=\"elementor-post__card\">\n\t\t\t\t<a class=\"elementor-post__thumbnail__link\" href=\"https:\/\/pulzohost.com.br\/clientes\/asterclinica\/quando-o-celular-e-um-problema-pra-voce\/\" tabindex=\"-1\"><div class=\"elementor-post__thumbnail\"><img loading=\"lazy\" decoding=\"async\" width=\"740\" height=\"740\" src=\"https:\/\/pulzohost.com.br\/clientes\/asterclinica\/wp-content\/uploads\/2023\/10\/Quando-o-Celular-e-um-Problema-pra-Voce.webp\" class=\"attachment-full size-full wp-image-439\" alt=\"\" srcset=\"https:\/\/pulzohost.com.br\/clientes\/asterclinica\/wp-content\/uploads\/2023\/10\/Quando-o-Celular-e-um-Problema-pra-Voce.webp 740w, https:\/\/pulzohost.com.br\/clientes\/asterclinica\/wp-content\/uploads\/2023\/10\/Quando-o-Celular-e-um-Problema-pra-Voce-300x300.webp 300w, https:\/\/pulzohost.com.br\/clientes\/asterclinica\/wp-content\/uploads\/2023\/10\/Quando-o-Celular-e-um-Problema-pra-Voce-150x150.webp 150w\" sizes=\"auto, (max-width: 740px) 100vw, 740px\" \/><\/div><\/a>\n\t\t\t\t<div class=\"elementor-post__text\">\n\t\t\t\t<h3 class=\"elementor-post__title\">\n\t\t\t<a href=\"https:\/\/pulzohost.com.br\/clientes\/asterclinica\/quando-o-celular-e-um-problema-pra-voce\/\">\n\t\t\t\tQuando o Celular \u00e9 um Problema pra Voc\u00ea\t\t\t<\/a>\n\t\t<\/h3>\n\t\t\t\t<div class=\"elementor-post__excerpt\">\n\t\t\t<p>Atualmente, para nos comunicarmos e estamos informados com not\u00edcias e acontecimentos da vida das pessoas<\/p>\n\t\t<\/div>\n\t\t\n\t\t<a class=\"elementor-post__read-more\" href=\"https:\/\/pulzohost.com.br\/clientes\/asterclinica\/quando-o-celular-e-um-problema-pra-voce\/\" aria-label=\"Read more about Quando o Celular \u00e9 um Problema pra Voc\u00ea\" tabindex=\"-1\">\n\t\t\tContinue Lendo \u00bb\t\t<\/a>\n\n\t\t\t\t<\/div>\n\t\t\t\t\t<\/div>\n\t\t<\/article>\n\t\t\t\t<article class=\"elementor-post elementor-grid-item post-435 post type-post status-publish format-standard has-post-thumbnail hentry category-blog\">\n\t\t\t<div class=\"elementor-post__card\">\n\t\t\t\t<a class=\"elementor-post__thumbnail__link\" href=\"https:\/\/pulzohost.com.br\/clientes\/asterclinica\/tricotilomania-seria-voce-portadora-desse-transtorno\/\" tabindex=\"-1\"><div class=\"elementor-post__thumbnail\"><img loading=\"lazy\" decoding=\"async\" width=\"560\" height=\"420\" src=\"https:\/\/pulzohost.com.br\/clientes\/asterclinica\/wp-content\/uploads\/2023\/10\/Seria-voce-portadora-desse-transtorno.webp\" class=\"attachment-full size-full wp-image-436\" alt=\"\" srcset=\"https:\/\/pulzohost.com.br\/clientes\/asterclinica\/wp-content\/uploads\/2023\/10\/Seria-voce-portadora-desse-transtorno.webp 560w, https:\/\/pulzohost.com.br\/clientes\/asterclinica\/wp-content\/uploads\/2023\/10\/Seria-voce-portadora-desse-transtorno-300x225.webp 300w\" sizes=\"auto, (max-width: 560px) 100vw, 560px\" \/><\/div><\/a>\n\t\t\t\t<div class=\"elementor-post__text\">\n\t\t\t\t<h3 class=\"elementor-post__title\">\n\t\t\t<a href=\"https:\/\/pulzohost.com.br\/clientes\/asterclinica\/tricotilomania-seria-voce-portadora-desse-transtorno\/\">\n\t\t\t\tTricotilomania &#8211; Seria voc\u00ea portadora desse transtorno?\t\t\t<\/a>\n\t\t<\/h3>\n\t\t\t\t<div class=\"elementor-post__excerpt\">\n\t\t\t<p>A maneira como n\u00f3s aparentamos \u00e9 um fator determinante para a impress\u00e3o de que as<\/p>\n\t\t<\/div>\n\t\t\n\t\t<a class=\"elementor-post__read-more\" href=\"https:\/\/pulzohost.com.br\/clientes\/asterclinica\/tricotilomania-seria-voce-portadora-desse-transtorno\/\" aria-label=\"Read more about Tricotilomania &#8211; Seria voc\u00ea portadora desse transtorno?\" tabindex=\"-1\">\n\t\t\tContinue Lendo \u00bb\t\t<\/a>\n\n\t\t\t\t<\/div>\n\t\t\t\t\t<\/div>\n\t\t<\/article>\n\t\t\t\t<article class=\"elementor-post elementor-grid-item post-432 post type-post status-publish format-standard has-post-thumbnail hentry category-blog\">\n\t\t\t<div class=\"elementor-post__card\">\n\t\t\t\t<a class=\"elementor-post__thumbnail__link\" href=\"https:\/\/pulzohost.com.br\/clientes\/asterclinica\/vacina-e-imunizacao-nao-fique-de-fora\/\" tabindex=\"-1\"><div class=\"elementor-post__thumbnail\"><img loading=\"lazy\" decoding=\"async\" width=\"740\" height=\"740\" src=\"https:\/\/pulzohost.com.br\/clientes\/asterclinica\/wp-content\/uploads\/2023\/10\/Vacina-e-Imunizacao.-Nao-fique-de-fora.webp\" class=\"attachment-full size-full wp-image-433\" alt=\"\" srcset=\"https:\/\/pulzohost.com.br\/clientes\/asterclinica\/wp-content\/uploads\/2023\/10\/Vacina-e-Imunizacao.-Nao-fique-de-fora.webp 740w, https:\/\/pulzohost.com.br\/clientes\/asterclinica\/wp-content\/uploads\/2023\/10\/Vacina-e-Imunizacao.-Nao-fique-de-fora-300x300.webp 300w, https:\/\/pulzohost.com.br\/clientes\/asterclinica\/wp-content\/uploads\/2023\/10\/Vacina-e-Imunizacao.-Nao-fique-de-fora-150x150.webp 150w\" sizes=\"auto, (max-width: 740px) 100vw, 740px\" \/><\/div><\/a>\n\t\t\t\t<div class=\"elementor-post__text\">\n\t\t\t\t<h3 class=\"elementor-post__title\">\n\t\t\t<a href=\"https:\/\/pulzohost.com.br\/clientes\/asterclinica\/vacina-e-imunizacao-nao-fique-de-fora\/\">\n\t\t\t\tVacina e Imuniza\u00e7\u00e3o. N\u00e3o fique de fora!\t\t\t<\/a>\n\t\t<\/h3>\n\t\t\t\t<div class=\"elementor-post__excerpt\">\n\t\t\t<p>Vamos nos imunizar? Tome a Vacina! O dia 9 de junho \u00e9 um dia designado<\/p>\n\t\t<\/div>\n\t\t\n\t\t<a class=\"elementor-post__read-more\" href=\"https:\/\/pulzohost.com.br\/clientes\/asterclinica\/vacina-e-imunizacao-nao-fique-de-fora\/\" aria-label=\"Read more about Vacina e Imuniza\u00e7\u00e3o. N\u00e3o fique de fora!\" tabindex=\"-1\">\n\t\t\tContinue Lendo \u00bb\t\t<\/a>\n\n\t\t\t\t<\/div>\n\t\t\t\t\t<\/div>\n\t\t<\/article>\n\t\t\t\t<article class=\"elementor-post elementor-grid-item post-429 post type-post status-publish format-standard has-post-thumbnail hentry category-blog\">\n\t\t\t<div class=\"elementor-post__card\">\n\t\t\t\t<a class=\"elementor-post__thumbnail__link\" href=\"https:\/\/pulzohost.com.br\/clientes\/asterclinica\/voce-tambem-pode-precisar-doe-sangue\/\" tabindex=\"-1\"><div class=\"elementor-post__thumbnail\"><img loading=\"lazy\" decoding=\"async\" width=\"740\" height=\"493\" src=\"https:\/\/pulzohost.com.br\/clientes\/asterclinica\/wp-content\/uploads\/2023\/10\/Voce-tambem-pode-precisar-Doe-Sangue.webp\" class=\"attachment-full size-full wp-image-430\" alt=\"\" srcset=\"https:\/\/pulzohost.com.br\/clientes\/asterclinica\/wp-content\/uploads\/2023\/10\/Voce-tambem-pode-precisar-Doe-Sangue.webp 740w, https:\/\/pulzohost.com.br\/clientes\/asterclinica\/wp-content\/uploads\/2023\/10\/Voce-tambem-pode-precisar-Doe-Sangue-300x200.webp 300w\" sizes=\"auto, (max-width: 740px) 100vw, 740px\" \/><\/div><\/a>\n\t\t\t\t<div class=\"elementor-post__text\">\n\t\t\t\t<h3 class=\"elementor-post__title\">\n\t\t\t<a href=\"https:\/\/pulzohost.com.br\/clientes\/asterclinica\/voce-tambem-pode-precisar-doe-sangue\/\">\n\t\t\t\tVoc\u00ea tamb\u00e9m pode precisar! Doe Sangue!\t\t\t<\/a>\n\t\t<\/h3>\n\t\t\t\t<div class=\"elementor-post__excerpt\">\n\t\t\t<p>Doe Sangue No m\u00eas de junho, ocorre a conscientiza\u00e7\u00e3o da doa\u00e7\u00e3o de sangue, por conta<\/p>\n\t\t<\/div>\n\t\t\n\t\t<a class=\"elementor-post__read-more\" href=\"https:\/\/pulzohost.com.br\/clientes\/asterclinica\/voce-tambem-pode-precisar-doe-sangue\/\" aria-label=\"Read more about Voc\u00ea tamb\u00e9m pode precisar! Doe Sangue!\" tabindex=\"-1\">\n\t\t\tContinue Lendo \u00bb\t\t<\/a>\n\n\t\t\t\t<\/div>\n\t\t\t\t\t<\/div>\n\t\t<\/article>\n\t\t\t\t<article class=\"elementor-post elementor-grid-item post-426 post type-post status-publish format-standard has-post-thumbnail hentry category-blog\">\n\t\t\t<div class=\"elementor-post__card\">\n\t\t\t\t<a class=\"elementor-post__thumbnail__link\" href=\"https:\/\/pulzohost.com.br\/clientes\/asterclinica\/a-carencia-emocional-da-jovem-maisa\/\" tabindex=\"-1\"><div class=\"elementor-post__thumbnail\"><img loading=\"lazy\" decoding=\"async\" width=\"560\" height=\"473\" src=\"https:\/\/pulzohost.com.br\/clientes\/asterclinica\/wp-content\/uploads\/2023\/10\/A-Carencia-Emocional-da-Jovem-Maisa.webp\" class=\"attachment-full size-full wp-image-427\" alt=\"\" srcset=\"https:\/\/pulzohost.com.br\/clientes\/asterclinica\/wp-content\/uploads\/2023\/10\/A-Carencia-Emocional-da-Jovem-Maisa.webp 560w, https:\/\/pulzohost.com.br\/clientes\/asterclinica\/wp-content\/uploads\/2023\/10\/A-Carencia-Emocional-da-Jovem-Maisa-300x253.webp 300w\" sizes=\"auto, (max-width: 560px) 100vw, 560px\" \/><\/div><\/a>\n\t\t\t\t<div class=\"elementor-post__text\">\n\t\t\t\t<h3 class=\"elementor-post__title\">\n\t\t\t<a href=\"https:\/\/pulzohost.com.br\/clientes\/asterclinica\/a-carencia-emocional-da-jovem-maisa\/\">\n\t\t\t\tA Car\u00eancia Emocional da Jovem Maisa\t\t\t<\/a>\n\t\t<\/h3>\n\t\t\t\t<div class=\"elementor-post__excerpt\">\n\t\t\t<p>No in\u00edcio de abril desse ano, a jovem apresentadora do SBT Ma\u00edsa, foi as redes<\/p>\n\t\t<\/div>\n\t\t\n\t\t<a class=\"elementor-post__read-more\" href=\"https:\/\/pulzohost.com.br\/clientes\/asterclinica\/a-carencia-emocional-da-jovem-maisa\/\" aria-label=\"Read more about A Car\u00eancia Emocional da Jovem Maisa\" tabindex=\"-1\">\n\t\t\tContinue Lendo \u00bb\t\t<\/a>\n\n\t\t\t\t<\/div>\n\t\t\t\t\t<\/div>\n\t\t<\/article>\n\t\t\t\t<article class=\"elementor-post elementor-grid-item post-423 post type-post status-publish format-standard has-post-thumbnail hentry category-blog\">\n\t\t\t<div class=\"elementor-post__card\">\n\t\t\t\t<a class=\"elementor-post__thumbnail__link\" href=\"https:\/\/pulzohost.com.br\/clientes\/asterclinica\/revivendo-as-crises-de-panico\/\" tabindex=\"-1\"><div class=\"elementor-post__thumbnail\"><img loading=\"lazy\" decoding=\"async\" width=\"740\" height=\"566\" src=\"https:\/\/pulzohost.com.br\/clientes\/asterclinica\/wp-content\/uploads\/2023\/10\/Revivendo-as-crises-de-panico.webp\" class=\"attachment-full size-full wp-image-424\" alt=\"\" srcset=\"https:\/\/pulzohost.com.br\/clientes\/asterclinica\/wp-content\/uploads\/2023\/10\/Revivendo-as-crises-de-panico.webp 740w, https:\/\/pulzohost.com.br\/clientes\/asterclinica\/wp-content\/uploads\/2023\/10\/Revivendo-as-crises-de-panico-300x229.webp 300w\" sizes=\"auto, (max-width: 740px) 100vw, 740px\" \/><\/div><\/a>\n\t\t\t\t<div class=\"elementor-post__text\">\n\t\t\t\t<h3 class=\"elementor-post__title\">\n\t\t\t<a href=\"https:\/\/pulzohost.com.br\/clientes\/asterclinica\/revivendo-as-crises-de-panico\/\">\n\t\t\t\tRevivendo as crises de p\u00e2nico\t\t\t<\/a>\n\t\t<\/h3>\n\t\t\t\t<div class=\"elementor-post__excerpt\">\n\t\t\t<p>Nos \u00faltimos dias vimos um relato da consagrada Atriz Lilia Cabral onde dizia ter sentido<\/p>\n\t\t<\/div>\n\t\t\n\t\t<a class=\"elementor-post__read-more\" href=\"https:\/\/pulzohost.com.br\/clientes\/asterclinica\/revivendo-as-crises-de-panico\/\" aria-label=\"Read more about Revivendo as crises de p\u00e2nico\" tabindex=\"-1\">\n\t\t\tContinue Lendo \u00bb\t\t<\/a>\n\n\t\t\t\t<\/div>\n\t\t\t\t\t<\/div>\n\t\t<\/article>\n\t\t\t\t<\/div>\n\t\t\t\t\t<span class=\"e-load-more-spinner\">\n\t\t\t\t<i aria-hidden=\"true\" class=\"fas fa-spinner\"><\/i>\t\t\t<\/span>\n\t\t\n\t\t\t\t<div class=\"e-load-more-anchor\" data-page=\"1\" data-max-page=\"3\" data-next-page=\"https:\/\/pulzohost.com.br\/clientes\/asterclinica\/wp-json\/wp\/v2\/pages\/526\/page\/2\/\"><\/div>\n\t\t\t\t<div class=\"e-load-more-message\"><\/div>\n\t\t\t\t<\/div>\n\t\t\t\t<\/div>\n\t\t\t\t\t<\/div>\n\t\t<\/div>\n\t\t\t\t\t\t\t<\/div>\n\t\t<\/section>\n\t\t\t\t\t\t\t<\/div>\n\t\t","protected":false},"excerpt":{"rendered":"","protected":false},"author":1,"featured_media":0,"parent":0,"menu_order":0,"comment_status":"closed","ping_status":"closed","template":"","meta":{"footnotes":""},"class_list":["post-526","page","type-page","status-publish","hentry"],"_links":{"self":[{"href":"https:\/\/pulzohost.com.br\/clientes\/asterclinica\/wp-json\/wp\/v2\/pages\/526","targetHints":{"allow":["GET"]}}],"collection":[{"href":"https:\/\/pulzohost.com.br\/clientes\/asterclinica\/wp-json\/wp\/v2\/pages"}],"about":[{"href":"https:\/\/pulzohost.com.br\/clientes\/asterclinica\/wp-json\/wp\/v2\/types\/page"}],"author":[{"embeddable":true,"href":"https:\/\/pulzohost.com.br\/clientes\/asterclinica\/wp-json\/wp\/v2\/users\/1"}],"replies":[{"embeddable":true,"href":"https:\/\/pulzohost.com.br\/clientes\/asterclinica\/wp-json\/wp\/v2\/comments?post=526"}],"version-history":[{"count":7,"href":"https:\/\/pulzohost.com.br\/clientes\/asterclinica\/wp-json\/wp\/v2\/pages\/526\/revisions"}],"predecessor-version":[{"id":533,"href":"https:\/\/pulzohost.com.br\/clientes\/asterclinica\/wp-json\/wp\/v2\/pages\/526\/revisions\/533"}],"wp:attachment":[{"href":"https:\/\/pulzohost.com.br\/clientes\/asterclinica\/wp-json\/wp\/v2\/media?parent=526"}],"curies":[{"name":"wp","href":"https:\/\/api.w.org\/{rel}","templated":true}]}}