{"id":2199,"date":"2022-04-20T13:58:54","date_gmt":"2022-04-20T16:58:54","guid":{"rendered":"https:\/\/hillco.com.br\/?page_id=2199"},"modified":"2022-04-20T14:25:11","modified_gmt":"2022-04-20T17:25:11","slug":"manutencao","status":"publish","type":"page","link":"https:\/\/pulzohost.com.br\/cliente\/hillco-old\/manutencao\/","title":{"rendered":"Manuten\u00e7\u00e3o"},"content":{"rendered":"\t\t<div data-elementor-type=\"wp-page\" data-elementor-id=\"2199\" class=\"elementor elementor-2199\" data-elementor-settings=\"[]\">\r\n\t\t\t\t\t\t\t<div class=\"elementor-section-wrap\">\r\n\t\t\t\t\t\t\t<section class=\"elementor-section elementor-top-section elementor-element elementor-element-07e04fa elementor-section-full_width elementor-section-height-default elementor-section-height-default\" data-id=\"07e04fa\" data-element_type=\"section\">\r\n\t\t\t\t\t\t<div class=\"elementor-container elementor-column-gap-default\">\r\n\t\t\t\t\t<div class=\"elementor-column elementor-col-50 elementor-top-column elementor-element elementor-element-ef932c3\" data-id=\"ef932c3\" data-element_type=\"column\" data-settings=\"{&quot;background_background&quot;:&quot;classic&quot;}\">\r\n\t\t\t<div class=\"elementor-widget-wrap elementor-element-populated\">\r\n\t\t\t\t\t\t\t\t<div class=\"elementor-element elementor-element-a449d57 elementor-widget elementor-widget-heading\" data-id=\"a449d57\" data-element_type=\"widget\" data-widget_type=\"heading.default\">\r\n\t\t\t\t<div class=\"elementor-widget-container\">\r\n\t\t\t<h2 class=\"elementor-heading-title elementor-size-default\">Manuten\u00e7\u00e3o de Campo<\/h2>\t\t<\/div>\r\n\t\t\t\t<\/div>\r\n\t\t\t\t<div class=\"elementor-element elementor-element-d937b59 elementor-widget elementor-widget-text-editor\" data-id=\"d937b59\" data-element_type=\"widget\" data-widget_type=\"text-editor.default\">\r\n\t\t\t\t<div class=\"elementor-widget-container\">\r\n\t\t\t\t\t\t\t\t<p>Sabemos da urg\u00eancia em reparar um equipamento por isto temos um time de campo para atender as emerg\u00eancias, diagnosticar e reparar os equipamento<\/p>\t\t\t\t\t\t<\/div>\r\n\t\t\t\t<\/div>\r\n\t\t\t\t<div class=\"elementor-element elementor-element-bd54ab3 elementor-widget elementor-widget-image\" data-id=\"bd54ab3\" data-element_type=\"widget\" data-widget_type=\"image.default\">\r\n\t\t\t\t<div class=\"elementor-widget-container\">\r\n\t\t\t\t\t\t\t\t\t\t\t\t\t\t\t<img loading=\"lazy\" decoding=\"async\" width=\"543\" height=\"365\" src=\"https:\/\/pulzohost.com.br\/cliente\/hillco-old\/wp-content\/uploads\/2022\/04\/2022-04-20_140622.png\" class=\"attachment-large size-large\" alt=\"\" srcset=\"https:\/\/pulzohost.com.br\/cliente\/hillco-old\/wp-content\/uploads\/2022\/04\/2022-04-20_140622.png 543w, https:\/\/pulzohost.com.br\/cliente\/hillco-old\/wp-content\/uploads\/2022\/04\/2022-04-20_140622-300x202.png 300w\" sizes=\"auto, (max-width: 543px) 100vw, 543px\" \/>\t\t\t\t\t\t\t\t\t\t\t\t\t\t\t<\/div>\r\n\t\t\t\t<\/div>\r\n\t\t\t\t\t<\/div>\r\n\t\t<\/div>\r\n\t\t\t\t<div class=\"elementor-column elementor-col-50 elementor-top-column elementor-element elementor-element-8a4c9d4\" data-id=\"8a4c9d4\" data-element_type=\"column\" data-settings=\"{&quot;background_background&quot;:&quot;classic&quot;}\">\r\n\t\t\t<div class=\"elementor-widget-wrap elementor-element-populated\">\r\n\t\t\t\t\t\t\t\t<div class=\"elementor-element elementor-element-9b19214 elementor-widget elementor-widget-heading\" data-id=\"9b19214\" data-element_type=\"widget\" data-widget_type=\"heading.default\">\r\n\t\t\t\t<div class=\"elementor-widget-container\">\r\n\t\t\t<h2 class=\"elementor-heading-title elementor-size-default\">T\u00e9cnico Residente<\/h2>\t\t<\/div>\r\n\t\t\t\t<\/div>\r\n\t\t\t\t<div class=\"elementor-element elementor-element-33dfba4 elementor-widget elementor-widget-text-editor\" data-id=\"33dfba4\" data-element_type=\"widget\" data-widget_type=\"text-editor.default\">\r\n\t\t\t\t<div class=\"elementor-widget-container\">\r\n\t\t\t\t\t\t\t\t<p>Neste servi\u00e7o a HIILCO toma conta da sua frota. Colocamos t\u00e9cnicos com todas a infraestrutura para atender a sua frota no seu local de trabalho.<\/p>\t\t\t\t\t\t<\/div>\r\n\t\t\t\t<\/div>\r\n\t\t\t\t<div class=\"elementor-element elementor-element-56d371f elementor-widget elementor-widget-image\" data-id=\"56d371f\" data-element_type=\"widget\" data-widget_type=\"image.default\">\r\n\t\t\t\t<div class=\"elementor-widget-container\">\r\n\t\t\t\t\t\t\t\t\t\t\t\t\t\t\t<img loading=\"lazy\" decoding=\"async\" width=\"519\" height=\"349\" src=\"https:\/\/pulzohost.com.br\/cliente\/hillco-old\/wp-content\/uploads\/2022\/04\/2022-04-20_141022.png\" class=\"attachment-large size-large\" alt=\"\" srcset=\"https:\/\/pulzohost.com.br\/cliente\/hillco-old\/wp-content\/uploads\/2022\/04\/2022-04-20_141022.png 519w, https:\/\/pulzohost.com.br\/cliente\/hillco-old\/wp-content\/uploads\/2022\/04\/2022-04-20_141022-300x202.png 300w\" sizes=\"auto, (max-width: 519px) 100vw, 519px\" \/>\t\t\t\t\t\t\t\t\t\t\t\t\t\t\t<\/div>\r\n\t\t\t\t<\/div>\r\n\t\t\t\t\t<\/div>\r\n\t\t<\/div>\r\n\t\t\t\t\t\t\t<\/div>\r\n\t\t<\/section>\r\n\t\t\t\t<section class=\"elementor-section elementor-top-section elementor-element elementor-element-4cba468 elementor-section-full_width elementor-section-height-default elementor-section-height-default\" data-id=\"4cba468\" data-element_type=\"section\">\r\n\t\t\t\t\t\t<div class=\"elementor-container elementor-column-gap-default\">\r\n\t\t\t\t\t<div class=\"elementor-column elementor-col-50 elementor-top-column elementor-element elementor-element-a6e92e3\" data-id=\"a6e92e3\" data-element_type=\"column\" data-settings=\"{&quot;background_background&quot;:&quot;classic&quot;}\">\r\n\t\t\t<div class=\"elementor-widget-wrap elementor-element-populated\">\r\n\t\t\t\t\t\t\t\t<div class=\"elementor-element elementor-element-0b1e0dc elementor-widget elementor-widget-heading\" data-id=\"0b1e0dc\" data-element_type=\"widget\" data-widget_type=\"heading.default\">\r\n\t\t\t\t<div class=\"elementor-widget-container\">\r\n\t\t\t<h2 class=\"elementor-heading-title elementor-size-default\">Plano e Contrato de Manuten\u00e7\u00e3o<\/h2>\t\t<\/div>\r\n\t\t\t\t<\/div>\r\n\t\t\t\t<div class=\"elementor-element elementor-element-5f087fe elementor-widget elementor-widget-text-editor\" data-id=\"5f087fe\" data-element_type=\"widget\" data-widget_type=\"text-editor.default\">\r\n\t\t\t\t<div class=\"elementor-widget-container\">\r\n\t\t\t\t\t\t\t\t<p>Nosso plano de manuten\u00e7\u00e3o preventiva permite um acompanhamento do seu equipamento e a seguran\u00e7a que ele est\u00e1 seguindo o plano de manuten\u00e7\u00e3o recomendado pelo fabricante em cada uma das nossas visitas peri\u00f3dicas<\/p>\t\t\t\t\t\t<\/div>\r\n\t\t\t\t<\/div>\r\n\t\t\t\t<div class=\"elementor-element elementor-element-8af003b elementor-widget elementor-widget-image\" data-id=\"8af003b\" data-element_type=\"widget\" data-widget_type=\"image.default\">\r\n\t\t\t\t<div class=\"elementor-widget-container\">\r\n\t\t\t\t\t\t\t\t\t\t\t\t\t\t\t<img loading=\"lazy\" decoding=\"async\" width=\"273\" height=\"376\" src=\"https:\/\/pulzohost.com.br\/cliente\/hillco-old\/wp-content\/uploads\/2022\/04\/2022-04-20_141218.png\" class=\"attachment-large size-large\" alt=\"\" srcset=\"https:\/\/pulzohost.com.br\/cliente\/hillco-old\/wp-content\/uploads\/2022\/04\/2022-04-20_141218.png 273w, https:\/\/pulzohost.com.br\/cliente\/hillco-old\/wp-content\/uploads\/2022\/04\/2022-04-20_141218-218x300.png 218w\" sizes=\"auto, (max-width: 273px) 100vw, 273px\" \/>\t\t\t\t\t\t\t\t\t\t\t\t\t\t\t<\/div>\r\n\t\t\t\t<\/div>\r\n\t\t\t\t\t<\/div>\r\n\t\t<\/div>\r\n\t\t\t\t<div class=\"elementor-column elementor-col-50 elementor-top-column elementor-element elementor-element-c815e63\" data-id=\"c815e63\" data-element_type=\"column\" data-settings=\"{&quot;background_background&quot;:&quot;classic&quot;}\">\r\n\t\t\t<div class=\"elementor-widget-wrap elementor-element-populated\">\r\n\t\t\t\t\t\t\t\t<div class=\"elementor-element elementor-element-01a5a28 elementor-widget elementor-widget-heading\" data-id=\"01a5a28\" data-element_type=\"widget\" data-widget_type=\"heading.default\">\r\n\t\t\t\t<div class=\"elementor-widget-container\">\r\n\t\t\t<h2 class=\"elementor-heading-title elementor-size-default\">Inspe\u00e7\u00e3o Anual<\/h2>\t\t<\/div>\r\n\t\t\t\t<\/div>\r\n\t\t\t\t<div class=\"elementor-element elementor-element-09909b8 elementor-widget elementor-widget-text-editor\" data-id=\"09909b8\" data-element_type=\"widget\" data-widget_type=\"text-editor.default\">\r\n\t\t\t\t<div class=\"elementor-widget-container\">\r\n\t\t\t\t\t\t\t\t<p>Ao ser publicada no di\u00e1rio oficial em 04\/07\/07, a portaria 15 da NR18 ganhou for\u00e7a de lei e veio tornar obrigat\u00f3rio no Brasil um inspe\u00e7\u00e3o mandat\u00f3ria do fabricante. A inspe\u00e7\u00e3o anual. com ela voc\u00ea fica assegurado que os itens mais cr\u00edticos\/importantes do seu equipamento foram testados e aprovados para mais um ano de trabalho seguro.<\/p>\t\t\t\t\t\t<\/div>\r\n\t\t\t\t<\/div>\r\n\t\t\t\t<div class=\"elementor-element elementor-element-2ac7344 elementor-widget elementor-widget-image\" data-id=\"2ac7344\" data-element_type=\"widget\" data-widget_type=\"image.default\">\r\n\t\t\t\t<div class=\"elementor-widget-container\">\r\n\t\t\t\t\t\t\t\t\t\t\t\t\t\t\t<img loading=\"lazy\" decoding=\"async\" width=\"455\" height=\"344\" src=\"https:\/\/pulzohost.com.br\/cliente\/hillco-old\/wp-content\/uploads\/2022\/04\/2022-04-20_141203.png\" class=\"attachment-large size-large\" alt=\"\" srcset=\"https:\/\/pulzohost.com.br\/cliente\/hillco-old\/wp-content\/uploads\/2022\/04\/2022-04-20_141203.png 455w, https:\/\/pulzohost.com.br\/cliente\/hillco-old\/wp-content\/uploads\/2022\/04\/2022-04-20_141203-300x227.png 300w\" sizes=\"auto, (max-width: 455px) 100vw, 455px\" \/>\t\t\t\t\t\t\t\t\t\t\t\t\t\t\t<\/div>\r\n\t\t\t\t<\/div>\r\n\t\t\t\t\t<\/div>\r\n\t\t<\/div>\r\n\t\t\t\t\t\t\t<\/div>\r\n\t\t<\/section>\r\n\t\t\t\t\t\t<\/div>\r\n\t\t\t\t\t<\/div>\r\n\t\t","protected":false},"excerpt":{"rendered":"<p>Manuten\u00e7\u00e3o de Campo Sabemos da urg\u00eancia em reparar um equipamento por isto temos um time de campo para atender as emerg\u00eancias, diagnosticar e reparar os equipamento T\u00e9cnico Residente Neste servi\u00e7o a HIILCO toma conta da sua frota. Colocamos t\u00e9cnicos com todas a infraestrutura para atender a sua frota no seu local de trabalho. Plano e [&hellip;]<\/p>\n","protected":false},"author":1,"featured_media":0,"parent":0,"menu_order":0,"comment_status":"closed","ping_status":"closed","template":"","meta":{"footnotes":""},"class_list":["post-2199","page","type-page","status-publish","hentry"],"_links":{"self":[{"href":"https:\/\/pulzohost.com.br\/cliente\/hillco-old\/wp-json\/wp\/v2\/pages\/2199","targetHints":{"allow":["GET"]}}],"collection":[{"href":"https:\/\/pulzohost.com.br\/cliente\/hillco-old\/wp-json\/wp\/v2\/pages"}],"about":[{"href":"https:\/\/pulzohost.com.br\/cliente\/hillco-old\/wp-json\/wp\/v2\/types\/page"}],"author":[{"embeddable":true,"href":"https:\/\/pulzohost.com.br\/cliente\/hillco-old\/wp-json\/wp\/v2\/users\/1"}],"replies":[{"embeddable":true,"href":"https:\/\/pulzohost.com.br\/cliente\/hillco-old\/wp-json\/wp\/v2\/comments?post=2199"}],"version-history":[{"count":7,"href":"https:\/\/pulzohost.com.br\/cliente\/hillco-old\/wp-json\/wp\/v2\/pages\/2199\/revisions"}],"predecessor-version":[{"id":2223,"href":"https:\/\/pulzohost.com.br\/cliente\/hillco-old\/wp-json\/wp\/v2\/pages\/2199\/revisions\/2223"}],"wp:attachment":[{"href":"https:\/\/pulzohost.com.br\/cliente\/hillco-old\/wp-json\/wp\/v2\/media?parent=2199"}],"curies":[{"name":"wp","href":"https:\/\/api.w.org\/{rel}","templated":true}]}}