{"id":1060,"date":"2023-12-08T09:03:12","date_gmt":"2023-12-08T12:03:12","guid":{"rendered":"https:\/\/brasilerotic.com.br\/?post_type=product&amp;p=1060"},"modified":"2023-12-08T09:03:12","modified_gmt":"2023-12-08T12:03:12","slug":"protese-p76-eb","status":"publish","type":"product","link":"https:\/\/pulzohost.com.br\/brasilerotic\/produto\/protese-p76-eb\/","title":{"rendered":"Pr\u00f3tese P76-EB"},"content":{"rendered":"<p><strong>Descri\u00e7\u00e3o:<\/strong><\/p>\n<p>As Pr\u00f3teses real\u00edsticas peniana da\u00a0<a href=\"https:\/\/brasilerotic.com.br\/categoria-produto\/proteses\/\"><strong>Brasil Er\u00f3tic<\/strong><\/a> s\u00e3o produzias exclusivamente pensando na satisfa\u00e7\u00e3o dos seus clientes. Por esse motivo s\u00e3o utilizadas as melhores mat\u00e9rias primas at\u00f3xicas em sua produ\u00e7\u00e3o, garantido assim a melhor qualidade.<\/p>\n<p>S\u00e3o ideais para proporcionar o m\u00e1ximo de prazer tornando assim todas as fantasias mais intimas em realidade.<\/p>\n<p>&nbsp;<\/p>\n<p><strong>Composi\u00e7\u00e3o:<\/strong><\/p>\n<ul>\n<li>PVC at\u00f3xico (<u>Livre de Ftalatos<\/u>), Pigmento e Fragr\u00e2ncia<\/li>\n<\/ul>\n<p>&nbsp;<\/p>\n<p><strong>Prazo de validade:\u00a0<\/strong><\/p>\n<ul>\n<li>Indeterminado<\/li>\n<\/ul>\n<p>&nbsp;<\/p>\n<p><strong>Tamanho aproximado:\u00a0<\/strong><\/p>\n<ul>\n<li>22\u00a0x 5,5 cm<\/li>\n<\/ul>\n<p>&nbsp;<\/p>\n<p><strong>Varia\u00e7\u00f5es:<\/strong><\/p>\n<ul>\n<li><strong>Pr\u00f3teses Maci\u00e7a <\/strong>&#8211; Com base que pode ser usada com\u00a0<strong><u>Cintas Penianas<\/u><\/strong>.<\/li>\n<\/ul>\n<p>&nbsp;<\/p>\n<ul>\n<li><strong>Pr\u00f3teses com Ventosa (VT) <\/strong>\u2013 Possui ventosa que pode ser fixada em superf\u00edcies lisas.<\/li>\n<\/ul>\n<p>&nbsp;<\/p>\n<ul>\n<li><strong>Pr\u00f3teses com Vibro (V)<\/strong> \u2013 Com vibro e regulagem vari\u00e1vel da vibra\u00e7\u00e3o (Utiliza 2 pilhas AA <u>n\u00e3o inclusas<\/u>)<\/li>\n<\/ul>\n<p>&nbsp;<\/p>\n<ul>\n<li><strong>Pr\u00f3teses com Vibro Bullet (VB)<\/strong> \u2013 Com vibro estilo bullet e regulagem vari\u00e1vel de vibra\u00e7\u00e3o (Utiliza 2 pilhas AA <u>n\u00e3o inclusas<\/u>)<\/li>\n<\/ul>\n<p>&nbsp;<\/p>\n<ul>\n<li><strong>Pr\u00f3teses com Ventosa e Vibro (VV)<\/strong> \u2013 Com ventosa que pode ser fixada em superf\u00edcies lisa e vibro tipo bullet (Utiliza 2 pilhas AA <u>n\u00e3o inclusas<\/u>) e velocidade vari\u00e1vel da vibra\u00e7\u00e3o<\/li>\n<\/ul>\n<p>&nbsp;<\/p>\n<p>&nbsp;<\/p>\n<p><strong>Precau\u00e7\u00f5es e preven\u00e7\u00f5es:<\/strong><\/p>\n<p>\u2022 Lave antes e ap\u00f3s o uso com \u00e1gua e sab\u00e3o neutro ou\u00a0<strong>Higienizador<\/strong>\u00a0de produtos er\u00f3ticos. Seque com um papel toalha ou deixe secar naturalmente<br \/>\n\u2022 Em caso de irrita\u00e7\u00e3o ou inc\u00f4modo,\u00a0<strong><u>SUSPENDA<\/u><\/strong>\u00a0o uso\u00a0<strong><u>IMEDIATAMENTE<\/u><\/strong>\u00a0e procure um m\u00e9dico respons\u00e1vel.<br \/>\n\u2022 Produto vendido somente para est\u00edmulo sensual<br \/>\n\u2022 N\u00e3o usar em \u00e1reas inflamadas, irritadas ou inchadas<br \/>\n\u2022 Recomend\u00e1vel: Utilize\u00a0<strong>Lubrificantes a Base de \u00c1gua<\/strong>\u00a0e\u00a0<strong>Preservativo<\/strong><br \/>\n\u2022 O uso deste produto n\u00e3o sup\u00f5e nenhuma garantia, nenhum direito \u00e0 reclama\u00e7\u00e3o por motivos m\u00e9dicos.<br \/>\n\u2022 Produto destinado a maiores de 18 anos.<\/p>\n<p>&nbsp;<\/p>\n<p><strong>Observa\u00e7\u00f5es:<\/strong><\/p>\n<p>\u2022 Imagens meramente ilustrativas.<br \/>\n\u2022 Algumas das embalagens podem sofrer altera\u00e7\u00f5es pelo fornecedor, sem haver tempo h\u00e1bil para ser atualizado em nosso site, por\u00e9m, garantimos que as caracter\u00edsticas do produto (qualidade, mat\u00e9ria prima, fun\u00e7\u00f5es e peso) n\u00e3o ser\u00e3o alteradas.<\/p>\n","protected":false},"excerpt":{"rendered":"<p>Descri\u00e7\u00e3o: As Pr\u00f3teses real\u00edsticas peniana da\u00a0Brasil Er\u00f3tic s\u00e3o produzias exclusivamente pensando na satisfa\u00e7\u00e3o dos seus clientes. Por esse motivo s\u00e3o utilizadas as melhores mat\u00e9rias primas at\u00f3xicas em sua produ\u00e7\u00e3o, garantido assim a melhor qualidade. S\u00e3o ideais para proporcionar o m\u00e1ximo de prazer tornando assim todas as fantasias mais intimas em realidade. &nbsp; Composi\u00e7\u00e3o: PVC at\u00f3xico [&hellip;]<\/p>\n","protected":false},"featured_media":3805,"comment_status":"open","ping_status":"closed","template":"","meta":[],"product_cat":[66,60],"product_tag":[],"class_list":{"0":"post-1060","1":"product","2":"type-product","3":"status-publish","4":"has-post-thumbnail","6":"product_cat-com-escroto","7":"product_cat-proteses","9":"first","10":"instock","11":"shipping-taxable","12":"purchasable","13":"product-type-variable"},"_links":{"self":[{"href":"https:\/\/pulzohost.com.br\/brasilerotic\/wp-json\/wp\/v2\/product\/1060","targetHints":{"allow":["GET"]}}],"collection":[{"href":"https:\/\/pulzohost.com.br\/brasilerotic\/wp-json\/wp\/v2\/product"}],"about":[{"href":"https:\/\/pulzohost.com.br\/brasilerotic\/wp-json\/wp\/v2\/types\/product"}],"replies":[{"embeddable":true,"href":"https:\/\/pulzohost.com.br\/brasilerotic\/wp-json\/wp\/v2\/comments?post=1060"}],"wp:featuredmedia":[{"embeddable":true,"href":"https:\/\/pulzohost.com.br\/brasilerotic\/wp-json\/wp\/v2\/media\/3805"}],"wp:attachment":[{"href":"https:\/\/pulzohost.com.br\/brasilerotic\/wp-json\/wp\/v2\/media?parent=1060"}],"wp:term":[{"taxonomy":"product_cat","embeddable":true,"href":"https:\/\/pulzohost.com.br\/brasilerotic\/wp-json\/wp\/v2\/product_cat?post=1060"},{"taxonomy":"product_tag","embeddable":true,"href":"https:\/\/pulzohost.com.br\/brasilerotic\/wp-json\/wp\/v2\/product_tag?post=1060"}],"curies":[{"name":"wp","href":"https:\/\/api.w.org\/{rel}","templated":true}]}}