{"id":21,"date":"2023-10-24T10:39:18","date_gmt":"2023-10-24T13:39:18","guid":{"rendered":"https:\/\/marialaranjeira.com.br\/carrinho\/"},"modified":"2024-05-13T21:49:57","modified_gmt":"2024-05-14T00:49:57","slug":"carrinho","status":"publish","type":"page","link":"https:\/\/pulzohost.com.br\/brasilerotic\/carrinho\/","title":{"rendered":"Carrinho de Compras"},"content":{"rendered":"\t\t<div data-elementor-type=\"wp-page\" data-elementor-id=\"21\" class=\"elementor elementor-21\" data-elementor-post-type=\"page\">\n\t\t\t\t\t\t\t\t\t<section class=\"elementor-section elementor-top-section elementor-element elementor-element-0a17e9d elementor-section-boxed elementor-section-height-default elementor-section-height-default\" data-id=\"0a17e9d\" data-element_type=\"section\" data-settings=\"{&quot;background_background&quot;:&quot;classic&quot;}\">\n\t\t\t\t\t\t<div class=\"elementor-container elementor-column-gap-default\">\n\t\t\t\t\t<div class=\"elementor-column elementor-col-100 elementor-top-column elementor-element elementor-element-98e05dc\" data-id=\"98e05dc\" data-element_type=\"column\">\n\t\t\t<div class=\"elementor-widget-wrap elementor-element-populated\">\n\t\t\t\t\t\t\t\t\t<\/div>\n\t\t<\/div>\n\t\t\t\t\t\t\t<\/div>\n\t\t<\/section>\n\t\t\t\t<section class=\"elementor-section elementor-top-section elementor-element elementor-element-63a964f1 elementor-section-boxed elementor-section-height-default elementor-section-height-default\" data-id=\"63a964f1\" data-element_type=\"section\" data-settings=\"{&quot;background_background&quot;:&quot;classic&quot;}\">\n\t\t\t\t\t\t<div class=\"elementor-container elementor-column-gap-default\">\n\t\t\t\t\t<div class=\"elementor-column elementor-col-100 elementor-top-column elementor-element elementor-element-b13387a\" data-id=\"b13387a\" data-element_type=\"column\">\n\t\t\t<div class=\"elementor-widget-wrap elementor-element-populated\">\n\t\t\t\t\t\t\t\t\t<\/div>\n\t\t<\/div>\n\t\t\t\t\t\t\t<\/div>\n\t\t<\/section>\n\t\t\t\t\t\t\t<\/div>\n\t\t","protected":false},"excerpt":{"rendered":"<p>O Pedido deve ter o valor m\u00ednimo de &#082;&#036;&nbsp;300,00 O Valor total do seu pedido agora \u00e9 de &#082;&#036;&nbsp;32,98 Voc\u00ea precisa comprar mais &#082;&#036;&nbsp;267,02 para atingir o valor m\u00ednimo da loja Remover item Imagem de miniatura Produto Pre\u00e7o Quantidade Subtotal &times; Pr\u00f3tese AC14-P &#8211; Maci\u00e7o &#82;&#36;&nbsp;16,49 Pr\u00f3tese AC14-P &#8211; Maci\u00e7o quantidade &#82;&#36;&nbsp;32,98 Aplicar Cupom Total [&hellip;]<\/p>\n","protected":false},"author":1,"featured_media":0,"parent":0,"menu_order":0,"comment_status":"closed","ping_status":"closed","template":"","meta":{"footnotes":""},"class_list":["post-21","page","type-page","status-publish","hentry"],"_links":{"self":[{"href":"https:\/\/pulzohost.com.br\/brasilerotic\/wp-json\/wp\/v2\/pages\/21","targetHints":{"allow":["GET"]}}],"collection":[{"href":"https:\/\/pulzohost.com.br\/brasilerotic\/wp-json\/wp\/v2\/pages"}],"about":[{"href":"https:\/\/pulzohost.com.br\/brasilerotic\/wp-json\/wp\/v2\/types\/page"}],"author":[{"embeddable":true,"href":"https:\/\/pulzohost.com.br\/brasilerotic\/wp-json\/wp\/v2\/users\/1"}],"replies":[{"embeddable":true,"href":"https:\/\/pulzohost.com.br\/brasilerotic\/wp-json\/wp\/v2\/comments?post=21"}],"version-history":[{"count":32,"href":"https:\/\/pulzohost.com.br\/brasilerotic\/wp-json\/wp\/v2\/pages\/21\/revisions"}],"predecessor-version":[{"id":3963,"href":"https:\/\/pulzohost.com.br\/brasilerotic\/wp-json\/wp\/v2\/pages\/21\/revisions\/3963"}],"wp:attachment":[{"href":"https:\/\/pulzohost.com.br\/brasilerotic\/wp-json\/wp\/v2\/media?parent=21"}],"curies":[{"name":"wp","href":"https:\/\/api.w.org\/{rel}","templated":true}]}}