{"id":335,"date":"2022-11-18T04:17:08","date_gmt":"2022-11-18T04:17:08","guid":{"rendered":"https:\/\/pulzohost.com.br\/bolao\/?page_id=335"},"modified":"2022-11-18T13:32:27","modified_gmt":"2022-11-18T13:32:27","slug":"registrar-usuario","status":"publish","type":"page","link":"https:\/\/pulzohost.com.br\/bolao\/index.php\/registrar-usuario\/","title":{"rendered":"Registrar Usu\u00e1rio"},"content":{"rendered":"\t\t<div data-elementor-type=\"wp-page\" data-elementor-id=\"335\" class=\"elementor elementor-335\">\n\t\t\t\t\t\t\t\t\t<section class=\"elementor-section elementor-top-section elementor-element elementor-element-5956cdd2 elementor-section-boxed elementor-section-height-default elementor-section-height-default\" data-id=\"5956cdd2\" data-element_type=\"section\">\n\t\t\t\t\t\t<div class=\"elementor-container elementor-column-gap-default\">\n\t\t\t\t\t<div class=\"elementor-column elementor-col-100 elementor-top-column elementor-element elementor-element-1b1e16d7\" data-id=\"1b1e16d7\" data-element_type=\"column\">\n\t\t\t<div class=\"elementor-widget-wrap elementor-element-populated\">\n\t\t\t\t\t\t\t\t<div class=\"elementor-element elementor-element-7988f39 elementor-widget elementor-widget-text-editor\" data-id=\"7988f39\" data-element_type=\"widget\" data-widget_type=\"text-editor.default\">\n\t\t\t\t<div class=\"elementor-widget-container\">\n\t\t\t<style>\/*! elementor - v3.8.0 - 30-10-2022 *\/\n.elementor-widget-text-editor.elementor-drop-cap-view-stacked .elementor-drop-cap{background-color:#818a91;color:#fff}.elementor-widget-text-editor.elementor-drop-cap-view-framed .elementor-drop-cap{color:#818a91;border:3px solid;background-color:transparent}.elementor-widget-text-editor:not(.elementor-drop-cap-view-default) .elementor-drop-cap{margin-top:8px}.elementor-widget-text-editor:not(.elementor-drop-cap-view-default) .elementor-drop-cap-letter{width:1em;height:1em}.elementor-widget-text-editor .elementor-drop-cap{float:left;text-align:center;line-height:1;font-size:50px}.elementor-widget-text-editor .elementor-drop-cap-letter{display:inline-block}<\/style>\t\t\t\t<p>Para dar palpites nas partidas, voc\u00ea deve se registrar.<\/p>\t\t\t\t\t\t<\/div>\n\t\t\t\t<\/div>\n\t\t\t\t<div class=\"elementor-element elementor-element-7e74f5e elementor-widget elementor-widget-wppb-register\" data-id=\"7e74f5e\" data-element_type=\"widget\" data-widget_type=\"wppb-register.default\">\n\t\t\t\t<div class=\"elementor-widget-container\">\n\t\t\t        <form enctype=\"multipart\/form-data\" method=\"post\" id=\"wppb-register-user\" class=\"wppb-user-forms wppb-register-user wppb-user-logged-out\" action=\"https:\/\/pulzohost.com.br\/bolao\/index.php\/wp-json\/wp\/v2\/pages\/335\">\n\t\t\t<ul><li class=\"wppb-form-field wppb-default-username\" id=\"wppb-form-element-2\">\n\t\t\t<label for=\"username\">Nome de Usu\u00e1rio<span class=\"wppb-required\" title=\"This field is required\">*<\/span><\/label>\n\t\t\t<input class=\"text-input default_field_username \" name=\"username\" maxlength=\"70\" type=\"text\" id=\"username\" value=\"\"   required \/><span class=\"wppb-description-delimiter\">Informe um nome de usu\u00e1rio, que tamb\u00e9m poder\u00e1 ser usado para logar no site. Esse tamb\u00e9m ser\u00e1 o nome exibido no ranking do bol\u00e3o.<\/span><\/li><li class=\"wppb-form-field wppb-default-e-mail\" id=\"wppb-form-element-8\">\n\t\t\t<label for=\"email\">E-mail<span class=\"wppb-required\" title=\"This field is required\">*<\/span><\/label>\n\t\t\t<input class=\"text-input default_field_email \" name=\"email\" maxlength=\"70\" type=\"email\" id=\"email\" value=\"\"  required   \/><span class=\"wppb-description-delimiter\">Informe um e-mail v\u00e1lido. Ele poder\u00e1 ser usado para logar no site e tamb\u00e9m para recupera\u00e7\u00e3o da senha de acesso.<\/span><\/li><li class=\"wppb-form-field wppb-default-password\" id=\"wppb-form-element-12\">\n\t\t\t<label for=\"passw1\">Senha<span class=\"wppb-required\" title=\"This field is required\">*<\/span><\/label>\n\t\t\t<input class=\"text-input \" name=\"passw1\" maxlength=\"70\" type=\"password\" id=\"passw1\" value=\"\" autocomplete=\"off\"  required \/><span class=\"wppb-description-delimiter\">Informe uma senha de acesso.   <\/span><\/li><li class=\"wppb-form-field wppb-default-repeat-password\" id=\"wppb-form-element-13\">\n\t\t\t<label for=\"passw2\">Repetir Senha<span class=\"wppb-required\" title=\"This field is required\">*<\/span><\/label>\n\t\t\t<input class=\"text-input \" name=\"passw2\" maxlength=\"70\" type=\"password\" id=\"passw2\" value=\"\" autocomplete=\"off\"  required \/><span class=\"wppb-description-delimiter\">Digite a senha exatamente igual a informada no campo Senha<\/span><\/li><li class=\"wppb-form-field wppb-checkbox\" id=\"wppb-form-element-15\">\n\t\t\t\t<label for=\"termos\">Aceita os termos de uso do site?<span class=\"wppb-required\" title=\"This field is required\">*<\/span><\/label><ul class=\"wppb-checkboxes\"><li class=\"wppb-hidden\"><input type=\"hidden\" value=\"\" name=\"termos\"><\/li><li><input value=\"Aceito\" class=\"custom_field_checkbox\" name=\"termos[]\" id=\"aceito_15\" type=\"checkbox\"   \/><label for=\"aceito_15\" class=\"wppb-rc-value\">Aceito<\/label><\/li><\/ul><\/li><\/ul><ul><input id=\"send_credentials_via_email\" type=\"hidden\" name=\"send_credentials_via_email\" value=\"sending\"\/><\/ul>\t\t\t<p class=\"form-submit\"  >\n\t\t\t\t                \t\t\t\t<input name=\"register\" type=\"submit\" id=\"register\" class=\"submit button\" value=\"Cadastrar\" \/>\n                <input name=\"redirect_to\" type=\"hidden\" value=\"https:\/\/pulzohost.com.br\/bolao\/index.php\/registrar-usuario\/\" \/>\n                \t\t\t\t<input name=\"action\" type=\"hidden\" id=\"action\" value=\"register\" \/>\n\t\t\t\t<input name=\"form_name\" type=\"hidden\" id=\"form_name\" value=\"unspecified\" \/>\n\t\t\t\t<input name=\"form_id\" type=\"hidden\" id=\"form_id\" value=\"\" \/>\n\t\t\t\t\t\t\t<\/p><!-- .form-submit -->\n\t\t\t<input type=\"hidden\" id=\"register_unspecified_nonce_field\" name=\"register_unspecified_nonce_field\" value=\"f779478579\" \/><input type=\"hidden\" name=\"_wp_http_referer\" value=\"\/bolao\/index.php\/wp-json\/wp\/v2\/pages\/335\" \/>\t\t<\/form>\n\t\t\t\t<\/div>\n\t\t\t\t<\/div>\n\t\t\t\t\t<\/div>\n\t\t<\/div>\n\t\t\t\t\t\t\t<\/div>\n\t\t<\/section>\n\t\t\t\t\t\t\t<\/div>\n\t\t","protected":false},"excerpt":{"rendered":"<p>Para dar palpites nas partidas, voc\u00ea deve se registrar. Nome de Usu\u00e1rio* Informe um nome de usu\u00e1rio, que tamb\u00e9m poder\u00e1 ser usado para logar no site. Esse tamb\u00e9m ser\u00e1 o nome exibido no ranking do bol\u00e3o. E-mail* Informe um e-mail v\u00e1lido. Ele poder\u00e1 ser usado para logar no site e tamb\u00e9m para recupera\u00e7\u00e3o da senha [&hellip;]<\/p>\n","protected":false},"author":1,"featured_media":0,"parent":0,"menu_order":0,"comment_status":"closed","ping_status":"closed","template":"","meta":[],"_links":{"self":[{"href":"https:\/\/pulzohost.com.br\/bolao\/index.php\/wp-json\/wp\/v2\/pages\/335"}],"collection":[{"href":"https:\/\/pulzohost.com.br\/bolao\/index.php\/wp-json\/wp\/v2\/pages"}],"about":[{"href":"https:\/\/pulzohost.com.br\/bolao\/index.php\/wp-json\/wp\/v2\/types\/page"}],"author":[{"embeddable":true,"href":"https:\/\/pulzohost.com.br\/bolao\/index.php\/wp-json\/wp\/v2\/users\/1"}],"replies":[{"embeddable":true,"href":"https:\/\/pulzohost.com.br\/bolao\/index.php\/wp-json\/wp\/v2\/comments?post=335"}],"version-history":[{"count":5,"href":"https:\/\/pulzohost.com.br\/bolao\/index.php\/wp-json\/wp\/v2\/pages\/335\/revisions"}],"predecessor-version":[{"id":359,"href":"https:\/\/pulzohost.com.br\/bolao\/index.php\/wp-json\/wp\/v2\/pages\/335\/revisions\/359"}],"wp:attachment":[{"href":"https:\/\/pulzohost.com.br\/bolao\/index.php\/wp-json\/wp\/v2\/media?parent=335"}],"curies":[{"name":"wp","href":"https:\/\/api.w.org\/{rel}","templated":true}]}}