{"id":10,"date":"2022-11-04T13:57:42","date_gmt":"2022-11-04T13:57:42","guid":{"rendered":"https:\/\/pulzohost.com.br\/bolao\/index.php\/rules\/"},"modified":"2022-12-01T18:44:27","modified_gmt":"2022-12-01T21:44:27","slug":"rules","status":"publish","type":"page","link":"https:\/\/pulzohost.com.br\/bolao\/index.php\/rules\/","title":{"rendered":"Regras"},"content":{"rendered":"<h3>Cadastro<\/h3>\n<p>Para participar do bol\u00e3o voc\u00ea ir\u00e1 precisar de um cadastro. Tudo o que voc\u00ea precisa fazer \u00e9 pensar em um nome de login e um endere\u00e7o de e-mail v\u00e1lido. Se voc\u00ea perdeu sua senha, voc\u00ea pode gerar uma nova.<\/p>\n<h3>Dando Palpites nas Partidas<\/h3>\n<p>Preveja o placar final das partidas da copa. Voc\u00ea tem at\u00e9 15 minutos antes do in\u00edcio de uma partida para adicionar ou alterar\u00a0 seu palpite. Ent\u00e3o seja pontual se quiser preencher seus palpites nas partidas.<\/p>\n<p>De in\u00edcio apenas as partidas da fase de grupo est\u00e3o dispon\u00edveis. Conforme o andamento da copa, adicionaremos os resultados e as demais fases da competi\u00e7\u00e3o.<\/p>\n<h3>Pontua\u00e7\u00e3o<\/h3>\n<p>Gols em uma disputa de p\u00eanaltis n\u00e3o s\u00e3o levados em considera\u00e7\u00e3o.<\/p>\n<table style=\"color: initial;\">\n<thead>\n<tr>\n<th style=\"text-align: left;\">Acertos<\/th>\n<th>Pontos<\/th>\n<\/tr>\n<\/thead>\n<tbody>\n<tr>\n<td>Acertou o vencedor<\/td>\n<td>3<\/td>\n<\/tr>\n<tr>\n<td>Acertou<\/td>\n<td>5<\/td>\n<\/tr>\n<tr>\n<td>B\u00f4nus por gol<\/td>\n<td>1<\/td>\n<\/tr>\n<tr>\n<td>B\u00f4nus por diferen\u00e7a de gols<\/td>\n<td>2<\/td>\n<\/tr>\n<tr>\n<td><\/td>\n<td><\/td>\n<\/tr>\n<\/tbody>\n<\/table>\n<h3>Em caso de empate no Ranking do Bol\u00e3o<\/h3>\n<p>Quando v\u00e1rios jogadores do bol\u00e3o t\u00eam exatamente a mesma quantidade de pontos no final, as seguintes regras de classifica\u00e7\u00e3o s\u00e3o aplicadas para desempate (a mais importante no topo):<\/p>\n<ol>\n<li>Acertou a quantidade exata de gols marcados<\/li>\n<li>Acertou o vencedor ou empate<\/li>\n<\/ol>\n","protected":false},"excerpt":{"rendered":"<p>Cadastro Para participar do bol\u00e3o voc\u00ea ir\u00e1 precisar de um cadastro. Tudo o que voc\u00ea precisa fazer \u00e9 pensar em um nome de login e um endere\u00e7o de e-mail v\u00e1lido. Se voc\u00ea perdeu sua senha, voc\u00ea pode gerar uma nova. Dando Palpites nas Partidas Preveja o placar final das partidas da copa. Voc\u00ea tem at\u00e9 [&hellip;]<\/p>\n","protected":false},"author":1,"featured_media":0,"parent":0,"menu_order":0,"comment_status":"closed","ping_status":"closed","template":"","meta":[],"_links":{"self":[{"href":"https:\/\/pulzohost.com.br\/bolao\/index.php\/wp-json\/wp\/v2\/pages\/10"}],"collection":[{"href":"https:\/\/pulzohost.com.br\/bolao\/index.php\/wp-json\/wp\/v2\/pages"}],"about":[{"href":"https:\/\/pulzohost.com.br\/bolao\/index.php\/wp-json\/wp\/v2\/types\/page"}],"author":[{"embeddable":true,"href":"https:\/\/pulzohost.com.br\/bolao\/index.php\/wp-json\/wp\/v2\/users\/1"}],"replies":[{"embeddable":true,"href":"https:\/\/pulzohost.com.br\/bolao\/index.php\/wp-json\/wp\/v2\/comments?post=10"}],"version-history":[{"count":14,"href":"https:\/\/pulzohost.com.br\/bolao\/index.php\/wp-json\/wp\/v2\/pages\/10\/revisions"}],"predecessor-version":[{"id":399,"href":"https:\/\/pulzohost.com.br\/bolao\/index.php\/wp-json\/wp\/v2\/pages\/10\/revisions\/399"}],"wp:attachment":[{"href":"https:\/\/pulzohost.com.br\/bolao\/index.php\/wp-json\/wp\/v2\/media?parent=10"}],"curies":[{"name":"wp","href":"https:\/\/api.w.org\/{rel}","templated":true}]}}