{"id":68,"date":"2024-04-24T16:27:13","date_gmt":"2024-04-24T19:27:13","guid":{"rendered":"https:\/\/blog2024.aulasninja.com\/?page_id=68"},"modified":"2024-07-12T08:46:50","modified_gmt":"2024-07-12T11:46:50","slug":"politicas-de-privacidade","status":"publish","type":"page","link":"https:\/\/pulzohost.com.br\/astervariedadesblog\/politicas-de-privacidade\/","title":{"rendered":"Pol\u00edticas de privacidade"},"content":{"rendered":"\t\t<div data-elementor-type=\"wp-page\" data-elementor-id=\"68\" class=\"elementor elementor-68\" data-elementor-post-type=\"page\">\n\t\t\t\t<div class=\"elementor-element elementor-element-9127a97 e-flex e-con-boxed e-con e-parent\" data-id=\"9127a97\" data-element_type=\"container\">\n\t\t\t\t\t<div class=\"e-con-inner\">\n\t\t\t\t<div class=\"elementor-element elementor-element-39d131b elementor-widget elementor-widget-heading\" data-id=\"39d131b\" data-element_type=\"widget\" data-widget_type=\"heading.default\">\n\t\t\t\t<div class=\"elementor-widget-container\">\n\t\t\t<style>\/*! elementor - v3.22.0 - 26-06-2024 *\/\n.elementor-heading-title{padding:0;margin:0;line-height:1}.elementor-widget-heading .elementor-heading-title[class*=elementor-size-]>a{color:inherit;font-size:inherit;line-height:inherit}.elementor-widget-heading .elementor-heading-title.elementor-size-small{font-size:15px}.elementor-widget-heading .elementor-heading-title.elementor-size-medium{font-size:19px}.elementor-widget-heading .elementor-heading-title.elementor-size-large{font-size:29px}.elementor-widget-heading .elementor-heading-title.elementor-size-xl{font-size:39px}.elementor-widget-heading .elementor-heading-title.elementor-size-xxl{font-size:59px}<\/style><h1 class=\"elementor-heading-title elementor-size-default\">Pol\u00edticas de privacidade<\/h1>\t\t<\/div>\n\t\t\t\t<\/div>\n\t\t\t\t<div class=\"elementor-element elementor-element-35518df elementor-widget elementor-widget-text-editor\" data-id=\"35518df\" data-element_type=\"widget\" data-widget_type=\"text-editor.default\">\n\t\t\t\t<div class=\"elementor-widget-container\">\n\t\t\t<style>\/*! elementor - v3.22.0 - 26-06-2024 *\/\n.elementor-widget-text-editor.elementor-drop-cap-view-stacked .elementor-drop-cap{background-color:#69727d;color:#fff}.elementor-widget-text-editor.elementor-drop-cap-view-framed .elementor-drop-cap{color:#69727d;border:3px solid;background-color:transparent}.elementor-widget-text-editor:not(.elementor-drop-cap-view-default) .elementor-drop-cap{margin-top:8px}.elementor-widget-text-editor:not(.elementor-drop-cap-view-default) .elementor-drop-cap-letter{width:1em;height:1em}.elementor-widget-text-editor .elementor-drop-cap{float:left;text-align:center;line-height:1;font-size:50px}.elementor-widget-text-editor .elementor-drop-cap-letter{display:inline-block}<\/style>\t\t\t\t<p><span>Pol\u00edtica de Privacidade<\/span><\/p>\n<p><span>\u00daltima atualiza\u00e7\u00e3o: [2024]<\/span><\/p>\n<p><span>1. Informa\u00e7\u00f5es Gerais<\/span><\/p>\n<p><span>A presente Pol\u00edtica de Privacidade cont\u00e9m informa\u00e7\u00f5es sobre coleta, uso, armazenamento, tratamento e prote\u00e7\u00e3o dos dados pessoais dos usu\u00e1rios e visitantes do blog Aster Variedades, com a finalidade de demonstrar absoluta transpar\u00eancia quanto ao assunto e esclarecer a todos interessados sobre os tipos de dados que s\u00e3o coletados, os motivos da coleta e a forma como os usu\u00e1rios podem gerenciar ou excluir suas informa\u00e7\u00f5es pessoais.<\/span><\/p>\n<p><span>2. Coleta de Dados Pessoais<\/span><\/p>\n<p><span>Ao utilizar o Aster Variedades, voc\u00ea aceita a coleta de dados pessoais fornecidos por voc\u00ea e tamb\u00e9m dados coletados automaticamente, como caracter\u00edsticas do dispositivo de acesso, do navegador, IP (com data e hora), origem do IP, informa\u00e7\u00f5es sobre cliques, p\u00e1ginas acessadas, as p\u00e1ginas seguintes acessadas ap\u00f3s a sa\u00edda do blog, ou qualquer termo de busca digitado no site ou em refer\u00eancia a este.<\/span><\/p>\n<p><span>3. Uso dos Dados<\/span><\/p>\n<p><span>Os dados coletados t\u00eam como finalidade:<\/span><\/p>\n<p><span>Fornecer conte\u00fados personalizados e relevantes para os usu\u00e1rios;<\/span><\/p>\n<p><span>Melhorar a experi\u00eancia dos usu\u00e1rios no blog;<\/span><\/p>\n<p><span>Realizar comunica\u00e7\u00f5es de marketing relacionadas \u00e0s novidades do Aster Variedades.<\/span><\/p>\n<p><span>4. Direitos do Usu\u00e1rio<\/span><\/p>\n<p><span>O usu\u00e1rio do site Aster Variedades&nbsp;possui os seguintes direitos, conferidos pela Lei Geral de Prote\u00e7\u00e3o de Dados Pessoais (LGPD):<\/span><\/p>\n<p><span>Confirma\u00e7\u00e3o da exist\u00eancia de tratamento;<\/span><\/p>\n<p><span>Acesso aos dados;<\/span><\/p>\n<p><span>Corre\u00e7\u00e3o de dados incompletos, inexatos ou desatualizados;<\/span><\/p>\n<p><span>Anonimiza\u00e7\u00e3o, bloqueio ou elimina\u00e7\u00e3o de dados desnecess\u00e1rios, excessivos ou tratados em desconformidade com o disposto na lei;<\/span><\/p>\n<p><span>Portabilidade dos dados a outro fornecedor de servi\u00e7o ou produto, mediante requisi\u00e7\u00e3o expressa.<\/span><\/p>\n<p><span>5. Seguran\u00e7a dos Dados<\/span><\/p>\n<p><span>Comprometemo-nos a aplicar as medidas t\u00e9cnicas e organizativas aptas a proteger os dados pessoais de acessos n\u00e3o autorizados e de situa\u00e7\u00f5es de destrui\u00e7\u00e3o, perda, altera\u00e7\u00e3o, comunica\u00e7\u00e3o ou difus\u00e3o de tais dados.<\/span><\/p>\n<p><span>6. Contato<\/span><\/p>\n<p><span>Para exercer seus direitos de usu\u00e1rio, ou para qualquer esclarecimento sobre esta Pol\u00edtica de Privacidade, entre em contato conosco atrav\u00e9s do e-mail: sac@sacosplasticos.net.<\/span><\/p>\t\t\t\t\t\t<\/div>\n\t\t\t\t<\/div>\n\t\t\t\t\t<\/div>\n\t\t\t\t<\/div>\n\t\t\t\t<\/div>\n\t\t","protected":false},"excerpt":{"rendered":"<p>Pol\u00edticas de privacidade Pol\u00edtica de Privacidade \u00daltima atualiza\u00e7\u00e3o: [2024] 1. Informa\u00e7\u00f5es Gerais A presente Pol\u00edtica de Privacidade cont\u00e9m informa\u00e7\u00f5es sobre coleta, uso, armazenamento, tratamento e prote\u00e7\u00e3o dos dados pessoais dos usu\u00e1rios e visitantes do blog Aster Variedades, com a finalidade de demonstrar absoluta transpar\u00eancia quanto ao assunto e esclarecer a todos interessados sobre os tipos [&hellip;]<\/p>\n","protected":false},"author":2,"featured_media":0,"parent":0,"menu_order":0,"comment_status":"closed","ping_status":"closed","template":"elementor_header_footer","meta":{"footnotes":""},"class_list":["post-68","page","type-page","status-publish","hentry"],"yoast_head":"<!-- This site is optimized with the Yoast SEO plugin v22.5 - https:\/\/yoast.com\/wordpress\/plugins\/seo\/ -->\n<title>Pol\u00edticas de privacidade - Aster Variedades<\/title>\n<meta name=\"robots\" content=\"noindex, follow, max-snippet:-1, max-image-preview:large, max-video-preview:-1\" \/>\n<meta property=\"og:locale\" content=\"pt_BR\" \/>\n<meta property=\"og:type\" content=\"article\" \/>\n<meta property=\"og:title\" content=\"Pol\u00edticas de privacidade - Aster Variedades\" \/>\n<meta property=\"og:description\" content=\"Pol\u00edticas de privacidade Pol\u00edtica de Privacidade \u00daltima atualiza\u00e7\u00e3o: [2024] 1. Informa\u00e7\u00f5es Gerais A presente Pol\u00edtica de Privacidade cont\u00e9m informa\u00e7\u00f5es sobre coleta, uso, armazenamento, tratamento e prote\u00e7\u00e3o dos dados pessoais dos usu\u00e1rios e visitantes do blog Aster Variedades, com a finalidade de demonstrar absoluta transpar\u00eancia quanto ao assunto e esclarecer a todos interessados sobre os tipos [&hellip;]\" \/>\n<meta property=\"og:url\" content=\"https:\/\/pulzohost.com.br\/astervariedadesblog\/politicas-de-privacidade\/\" \/>\n<meta property=\"og:site_name\" content=\"Aster Variedades\" \/>\n<meta property=\"article:modified_time\" content=\"2024-07-12T11:46:50+00:00\" \/>\n<meta name=\"twitter:card\" content=\"summary_large_image\" \/>\n<meta name=\"twitter:label1\" content=\"Est. tempo de leitura\" \/>\n\t<meta name=\"twitter:data1\" content=\"2 minutos\" \/>\n<script type=\"application\/ld+json\" class=\"yoast-schema-graph\">{\"@context\":\"https:\/\/schema.org\",\"@graph\":[{\"@type\":\"WebPage\",\"@id\":\"https:\/\/pulzohost.com.br\/astervariedadesblog\/politicas-de-privacidade\/\",\"url\":\"https:\/\/pulzohost.com.br\/astervariedadesblog\/politicas-de-privacidade\/\",\"name\":\"Pol\u00edticas de privacidade - Aster Variedades\",\"isPartOf\":{\"@id\":\"https:\/\/pulzohost.com.br\/astervariedadesblog\/#website\"},\"datePublished\":\"2024-04-24T19:27:13+00:00\",\"dateModified\":\"2024-07-12T11:46:50+00:00\",\"breadcrumb\":{\"@id\":\"https:\/\/pulzohost.com.br\/astervariedadesblog\/politicas-de-privacidade\/#breadcrumb\"},\"inLanguage\":\"pt-BR\",\"potentialAction\":[{\"@type\":\"ReadAction\",\"target\":[\"https:\/\/pulzohost.com.br\/astervariedadesblog\/politicas-de-privacidade\/\"]}]},{\"@type\":\"BreadcrumbList\",\"@id\":\"https:\/\/pulzohost.com.br\/astervariedadesblog\/politicas-de-privacidade\/#breadcrumb\",\"itemListElement\":[{\"@type\":\"ListItem\",\"position\":1,\"name\":\"In\u00edcio\",\"item\":\"https:\/\/pulzohost.com.br\/astervariedadesblog\/\"},{\"@type\":\"ListItem\",\"position\":2,\"name\":\"Pol\u00edticas de privacidade\"}]},{\"@type\":\"WebSite\",\"@id\":\"https:\/\/pulzohost.com.br\/astervariedadesblog\/#website\",\"url\":\"https:\/\/pulzohost.com.br\/astervariedadesblog\/\",\"name\":\"Emagrecimento Saud\u00e1vel\",\"description\":\"Embalagens Pl\u00e1sticas Flexiveis\",\"publisher\":{\"@id\":\"https:\/\/pulzohost.com.br\/astervariedadesblog\/#organization\"},\"alternateName\":\"Emagrecimento Saud\u00e1vel\",\"potentialAction\":[{\"@type\":\"SearchAction\",\"target\":{\"@type\":\"EntryPoint\",\"urlTemplate\":\"https:\/\/pulzohost.com.br\/astervariedadesblog\/?s={search_term_string}\"},\"query-input\":\"required name=search_term_string\"}],\"inLanguage\":\"pt-BR\"},{\"@type\":\"Organization\",\"@id\":\"https:\/\/pulzohost.com.br\/astervariedadesblog\/#organization\",\"name\":\"Emagrecimento Saud\u00e1vel\",\"url\":\"https:\/\/pulzohost.com.br\/astervariedadesblog\/\",\"logo\":{\"@type\":\"ImageObject\",\"inLanguage\":\"pt-BR\",\"@id\":\"https:\/\/pulzohost.com.br\/astervariedadesblog\/#\/schema\/logo\/image\/\",\"url\":\"https:\/\/pulzohost.com.br\/astervariedadesblog\/wp-content\/uploads\/2024\/04\/logo-nova.png\",\"contentUrl\":\"https:\/\/pulzohost.com.br\/astervariedadesblog\/wp-content\/uploads\/2024\/04\/logo-nova.png\",\"width\":219,\"height\":35,\"caption\":\"Emagrecimento Saud\u00e1vel\"},\"image\":{\"@id\":\"https:\/\/pulzohost.com.br\/astervariedadesblog\/#\/schema\/logo\/image\/\"}}]}<\/script>\n<!-- \/ Yoast SEO plugin. -->","yoast_head_json":{"title":"Pol\u00edticas de privacidade - Aster Variedades","robots":{"index":"noindex","follow":"follow","max-snippet":"max-snippet:-1","max-image-preview":"max-image-preview:large","max-video-preview":"max-video-preview:-1"},"og_locale":"pt_BR","og_type":"article","og_title":"Pol\u00edticas de privacidade - Aster Variedades","og_description":"Pol\u00edticas de privacidade Pol\u00edtica de Privacidade \u00daltima atualiza\u00e7\u00e3o: [2024] 1. Informa\u00e7\u00f5es Gerais A presente Pol\u00edtica de Privacidade cont\u00e9m informa\u00e7\u00f5es sobre coleta, uso, armazenamento, tratamento e prote\u00e7\u00e3o dos dados pessoais dos usu\u00e1rios e visitantes do blog Aster Variedades, com a finalidade de demonstrar absoluta transpar\u00eancia quanto ao assunto e esclarecer a todos interessados sobre os tipos [&hellip;]","og_url":"https:\/\/pulzohost.com.br\/astervariedadesblog\/politicas-de-privacidade\/","og_site_name":"Aster Variedades","article_modified_time":"2024-07-12T11:46:50+00:00","twitter_card":"summary_large_image","twitter_misc":{"Est. tempo de leitura":"2 minutos"},"schema":{"@context":"https:\/\/schema.org","@graph":[{"@type":"WebPage","@id":"https:\/\/pulzohost.com.br\/astervariedadesblog\/politicas-de-privacidade\/","url":"https:\/\/pulzohost.com.br\/astervariedadesblog\/politicas-de-privacidade\/","name":"Pol\u00edticas de privacidade - Aster Variedades","isPartOf":{"@id":"https:\/\/pulzohost.com.br\/astervariedadesblog\/#website"},"datePublished":"2024-04-24T19:27:13+00:00","dateModified":"2024-07-12T11:46:50+00:00","breadcrumb":{"@id":"https:\/\/pulzohost.com.br\/astervariedadesblog\/politicas-de-privacidade\/#breadcrumb"},"inLanguage":"pt-BR","potentialAction":[{"@type":"ReadAction","target":["https:\/\/pulzohost.com.br\/astervariedadesblog\/politicas-de-privacidade\/"]}]},{"@type":"BreadcrumbList","@id":"https:\/\/pulzohost.com.br\/astervariedadesblog\/politicas-de-privacidade\/#breadcrumb","itemListElement":[{"@type":"ListItem","position":1,"name":"In\u00edcio","item":"https:\/\/pulzohost.com.br\/astervariedadesblog\/"},{"@type":"ListItem","position":2,"name":"Pol\u00edticas de privacidade"}]},{"@type":"WebSite","@id":"https:\/\/pulzohost.com.br\/astervariedadesblog\/#website","url":"https:\/\/pulzohost.com.br\/astervariedadesblog\/","name":"Emagrecimento Saud\u00e1vel","description":"Embalagens Pl\u00e1sticas Flexiveis","publisher":{"@id":"https:\/\/pulzohost.com.br\/astervariedadesblog\/#organization"},"alternateName":"Emagrecimento Saud\u00e1vel","potentialAction":[{"@type":"SearchAction","target":{"@type":"EntryPoint","urlTemplate":"https:\/\/pulzohost.com.br\/astervariedadesblog\/?s={search_term_string}"},"query-input":"required name=search_term_string"}],"inLanguage":"pt-BR"},{"@type":"Organization","@id":"https:\/\/pulzohost.com.br\/astervariedadesblog\/#organization","name":"Emagrecimento Saud\u00e1vel","url":"https:\/\/pulzohost.com.br\/astervariedadesblog\/","logo":{"@type":"ImageObject","inLanguage":"pt-BR","@id":"https:\/\/pulzohost.com.br\/astervariedadesblog\/#\/schema\/logo\/image\/","url":"https:\/\/pulzohost.com.br\/astervariedadesblog\/wp-content\/uploads\/2024\/04\/logo-nova.png","contentUrl":"https:\/\/pulzohost.com.br\/astervariedadesblog\/wp-content\/uploads\/2024\/04\/logo-nova.png","width":219,"height":35,"caption":"Emagrecimento Saud\u00e1vel"},"image":{"@id":"https:\/\/pulzohost.com.br\/astervariedadesblog\/#\/schema\/logo\/image\/"}}]}},"_links":{"self":[{"href":"https:\/\/pulzohost.com.br\/astervariedadesblog\/wp-json\/wp\/v2\/pages\/68","targetHints":{"allow":["GET"]}}],"collection":[{"href":"https:\/\/pulzohost.com.br\/astervariedadesblog\/wp-json\/wp\/v2\/pages"}],"about":[{"href":"https:\/\/pulzohost.com.br\/astervariedadesblog\/wp-json\/wp\/v2\/types\/page"}],"author":[{"embeddable":true,"href":"https:\/\/pulzohost.com.br\/astervariedadesblog\/wp-json\/wp\/v2\/users\/2"}],"replies":[{"embeddable":true,"href":"https:\/\/pulzohost.com.br\/astervariedadesblog\/wp-json\/wp\/v2\/comments?post=68"}],"version-history":[{"count":7,"href":"https:\/\/pulzohost.com.br\/astervariedadesblog\/wp-json\/wp\/v2\/pages\/68\/revisions"}],"predecessor-version":[{"id":218,"href":"https:\/\/pulzohost.com.br\/astervariedadesblog\/wp-json\/wp\/v2\/pages\/68\/revisions\/218"}],"wp:attachment":[{"href":"https:\/\/pulzohost.com.br\/astervariedadesblog\/wp-json\/wp\/v2\/media?parent=68"}],"curies":[{"name":"wp","href":"https:\/\/api.w.org\/{rel}","templated":true}]}}