{"id":22525,"date":"2023-12-08T09:34:43","date_gmt":"2023-12-08T12:34:43","guid":{"rendered":"https:\/\/pulzohost.com.br\/4w\/uni\/?post_type=product&#038;p=22525"},"modified":"2023-12-08T09:35:22","modified_gmt":"2023-12-08T12:35:22","slug":"oleo-2000","status":"publish","type":"product","link":"https:\/\/pulzohost.com.br\/4w\/uni\/produto\/oleo-2000\/","title":{"rendered":"\u00d3LEO 2000"},"content":{"rendered":"<p><em>Caixa de redu\u00e7\u00e3o &#8211; <\/em>\u00d3leo lubrificante mineral puro para cilindros de m\u00e1quinas alternativas a vapor, no grau ISO\u00a0680.<\/p>\n<p>\u00c9 recomendado para sistemas operando com vapor tanto saturado como superaquecido, particularmente para sistemas equipados com condensadores, em que se deseja recuperar o condensado.<\/p>\n<p>Tamb\u00e9m \u00e9 recomendado para a lubrifica\u00e7\u00e3o econ\u00f4mica de m\u00e1quinas em que o \u00f3leo n\u00e3o \u00e9 reaproveitado ou em que ocorra grande reposi\u00e7\u00e3o, como em guias, mancais e redutores.<\/p>\n<p>Como regras geral a faixa recomendadas de temperatura de trabalho \u00e9 de 190\u00baC N\u00e3o deve ser usado em sistemas com vapores \u00famidos.<\/p>\n<p>\u00c9 recomendado para lubrifica\u00e7\u00e3o de m\u00e1quinas com engrenagens, cilindros de m\u00e1quinas e operador A.<\/p>\n","protected":false},"excerpt":{"rendered":"<p>Tamb\u00e9m \u00e9 recomendado para a lubrifica\u00e7\u00e3o econ\u00f4mica de m\u00e1quinas em que o \u00f3leo n\u00e3o \u00e9 reaproveitado ou em que ocorra grande reposi\u00e7\u00e3o, como em guias, mancais e redutores.<\/p>\n<p>Como regras geral a faixa recomendadas de temperatura de trabalho \u00e9 de 190\u00baC N\u00e3o deve ser usado em sistemas com vapores \u00famidos.<\/p>\n<p>\u00c9 recomendado para lubrifica\u00e7\u00e3o de m\u00e1quinas com engrenagens, cilindros de m\u00e1quinas e operador A.<\/p>\n","protected":false},"featured_media":22526,"comment_status":"open","ping_status":"closed","template":"","meta":[],"product_cat":[117],"product_tag":[],"class_list":["post-22525","product","type-product","status-publish","has-post-thumbnail","hentry","product_cat-fundicao"],"_links":{"self":[{"href":"https:\/\/pulzohost.com.br\/4w\/uni\/wp-json\/wp\/v2\/product\/22525","targetHints":{"allow":["GET"]}}],"collection":[{"href":"https:\/\/pulzohost.com.br\/4w\/uni\/wp-json\/wp\/v2\/product"}],"about":[{"href":"https:\/\/pulzohost.com.br\/4w\/uni\/wp-json\/wp\/v2\/types\/product"}],"replies":[{"embeddable":true,"href":"https:\/\/pulzohost.com.br\/4w\/uni\/wp-json\/wp\/v2\/comments?post=22525"}],"wp:featuredmedia":[{"embeddable":true,"href":"https:\/\/pulzohost.com.br\/4w\/uni\/wp-json\/wp\/v2\/media\/22526"}],"wp:attachment":[{"href":"https:\/\/pulzohost.com.br\/4w\/uni\/wp-json\/wp\/v2\/media?parent=22525"}],"wp:term":[{"taxonomy":"product_cat","embeddable":true,"href":"https:\/\/pulzohost.com.br\/4w\/uni\/wp-json\/wp\/v2\/product_cat?post=22525"},{"taxonomy":"product_tag","embeddable":true,"href":"https:\/\/pulzohost.com.br\/4w\/uni\/wp-json\/wp\/v2\/product_tag?post=22525"}],"curies":[{"name":"wp","href":"https:\/\/api.w.org\/{rel}","templated":true}]}}