{"id":22521,"date":"2023-12-08T09:31:48","date_gmt":"2023-12-08T12:31:48","guid":{"rendered":"https:\/\/pulzohost.com.br\/4w\/uni\/?post_type=product&#038;p=22521"},"modified":"2023-12-08T09:32:18","modified_gmt":"2023-12-08T12:32:18","slug":"oleo-41","status":"publish","type":"product","link":"https:\/\/pulzohost.com.br\/4w\/uni\/produto\/oleo-41\/","title":{"rendered":"\u00d3LEO 41"},"content":{"rendered":"<p>Mancais de m\u00e1quinas sem engrenagens e polias secund\u00e1rias com mancal de fric\u00e7\u00e3o. Indicado especialmente para lubrifica\u00e7\u00e3o de equipamentos sujeitos a baixas cargas de trabalho e baixas velocidades. Indicado tamb\u00e9m na montagem de pe\u00e7as de grande porte facilitando o encaixe e deslizamento entre as superf\u00edcies.<\/p>\n","protected":false},"excerpt":{"rendered":"<p>Mancais de m\u00e1quinas sem engrenagens e polias secund\u00e1rias com mancal de fric\u00e7\u00e3o. Indicado especialmente para lubrifica\u00e7\u00e3o de equipamentos sujeitos a baixas cargas de trabalho e baixas velocidades. Indicado tamb\u00e9m na montagem de pe\u00e7as de grande porte facilitando o encaixe e deslizamento entre as superf\u00edcies.<\/p>\n<p>Recomenda-se tamb\u00e9m para fazer \u201cOle amento de pe\u00e7as\u201d, ou seja, prote\u00e7\u00e3o contra a ferrugem de pe\u00e7as e partes que est\u00e3o alocadas de forma provis\u00f3ria dentro de uma unidade, aguardando a seguinte fase de produ\u00e7\u00e3o. Se recomenda usar quantidades controladas do \u00f3leo para evitar sujidades nas partes met\u00e1licas expostas, ao grudar poeira e outros contaminantes sobre o metal devido \u00e0 viscosidade do \u00f3leo.<\/p>\n","protected":false},"featured_media":22522,"comment_status":"open","ping_status":"closed","template":"","meta":[],"product_cat":[114],"product_tag":[],"class_list":["post-22521","product","type-product","status-publish","has-post-thumbnail","hentry","product_cat-borracha"],"_links":{"self":[{"href":"https:\/\/pulzohost.com.br\/4w\/uni\/wp-json\/wp\/v2\/product\/22521","targetHints":{"allow":["GET"]}}],"collection":[{"href":"https:\/\/pulzohost.com.br\/4w\/uni\/wp-json\/wp\/v2\/product"}],"about":[{"href":"https:\/\/pulzohost.com.br\/4w\/uni\/wp-json\/wp\/v2\/types\/product"}],"replies":[{"embeddable":true,"href":"https:\/\/pulzohost.com.br\/4w\/uni\/wp-json\/wp\/v2\/comments?post=22521"}],"wp:featuredmedia":[{"embeddable":true,"href":"https:\/\/pulzohost.com.br\/4w\/uni\/wp-json\/wp\/v2\/media\/22522"}],"wp:attachment":[{"href":"https:\/\/pulzohost.com.br\/4w\/uni\/wp-json\/wp\/v2\/media?parent=22521"}],"wp:term":[{"taxonomy":"product_cat","embeddable":true,"href":"https:\/\/pulzohost.com.br\/4w\/uni\/wp-json\/wp\/v2\/product_cat?post=22521"},{"taxonomy":"product_tag","embeddable":true,"href":"https:\/\/pulzohost.com.br\/4w\/uni\/wp-json\/wp\/v2\/product_tag?post=22521"}],"curies":[{"name":"wp","href":"https:\/\/api.w.org\/{rel}","templated":true}]}}