{"id":22519,"date":"2023-12-08T09:29:47","date_gmt":"2023-12-08T12:29:47","guid":{"rendered":"https:\/\/pulzohost.com.br\/4w\/uni\/?post_type=product&#038;p=22519"},"modified":"2023-12-08T09:32:09","modified_gmt":"2023-12-08T12:32:09","slug":"oleo-26","status":"publish","type":"product","link":"https:\/\/pulzohost.com.br\/4w\/uni\/produto\/oleo-26\/","title":{"rendered":"\u00d3LEO 26"},"content":{"rendered":"<p>Indicado especialmente para lubrifica\u00e7\u00e3o de superf\u00edcies met\u00e1licas, facilitar montagem de partes, e pe\u00e7as. Indicado tamb\u00e9m para a prote\u00e7\u00e3o de pe\u00e7as met\u00e1licas a serem estocadas e ou acondicionadas em sacos pl\u00e1sticos ou caixas para transporte.<\/p>\n","protected":false},"excerpt":{"rendered":"<p>Indicado especialmente para lubrifica\u00e7\u00e3o de superf\u00edcies met\u00e1licas, facilitar montagem de partes, e pe\u00e7as. Indicado tamb\u00e9m para a prote\u00e7\u00e3o de pe\u00e7as met\u00e1licas a serem estocadas e ou acondicionadas em sacos pl\u00e1sticos ou caixas para transporte.<\/p>\n<p>Recomenda-se o uso de quantidades controladas para evitar gotejamento, em fun\u00e7\u00e3o da viscosidade.<\/p>\n","protected":false},"featured_media":22520,"comment_status":"open","ping_status":"closed","template":"","meta":[],"product_cat":[114],"product_tag":[],"class_list":["post-22519","product","type-product","status-publish","has-post-thumbnail","hentry","product_cat-borracha"],"_links":{"self":[{"href":"https:\/\/pulzohost.com.br\/4w\/uni\/wp-json\/wp\/v2\/product\/22519","targetHints":{"allow":["GET"]}}],"collection":[{"href":"https:\/\/pulzohost.com.br\/4w\/uni\/wp-json\/wp\/v2\/product"}],"about":[{"href":"https:\/\/pulzohost.com.br\/4w\/uni\/wp-json\/wp\/v2\/types\/product"}],"replies":[{"embeddable":true,"href":"https:\/\/pulzohost.com.br\/4w\/uni\/wp-json\/wp\/v2\/comments?post=22519"}],"wp:featuredmedia":[{"embeddable":true,"href":"https:\/\/pulzohost.com.br\/4w\/uni\/wp-json\/wp\/v2\/media\/22520"}],"wp:attachment":[{"href":"https:\/\/pulzohost.com.br\/4w\/uni\/wp-json\/wp\/v2\/media?parent=22519"}],"wp:term":[{"taxonomy":"product_cat","embeddable":true,"href":"https:\/\/pulzohost.com.br\/4w\/uni\/wp-json\/wp\/v2\/product_cat?post=22519"},{"taxonomy":"product_tag","embeddable":true,"href":"https:\/\/pulzohost.com.br\/4w\/uni\/wp-json\/wp\/v2\/product_tag?post=22519"}],"curies":[{"name":"wp","href":"https:\/\/api.w.org\/{rel}","templated":true}]}}