{"id":22491,"date":"2023-12-08T09:09:06","date_gmt":"2023-12-08T12:09:06","guid":{"rendered":"https:\/\/pulzohost.com.br\/4w\/uni\/?post_type=product&#038;p=22491"},"modified":"2023-12-08T09:32:15","modified_gmt":"2023-12-08T12:32:15","slug":"oleo-31","status":"publish","type":"product","link":"https:\/\/pulzohost.com.br\/4w\/uni\/produto\/oleo-31\/","title":{"rendered":"\u00d3LEO 31"},"content":{"rendered":"<p>Indicado especialmente para lubrifica\u00e7\u00e3o de Guias horizontais e verticais e quaisquer outras superf\u00edcies em deslizamento, e ou partes m\u00f3veis de equipamentos. Recomendado tamb\u00e9m para lubrifica\u00e7\u00e3o ferramentas e m\u00e1quinas pneum\u00e1ticas como marteletes, rebocadores, perfuratrizes, limadeiras, motores de ar, guinchos, guias com patins de deslize.<\/p>\n<p>Possui dois tipos de aditivos que combate o desgaste das partes m\u00f3veis do equipamento, o aditivo de anti-desgaste e o agente de estrema press\u00e3o.<\/p>\n<p>O reage a frio com as partes met\u00e1licas protegendo dos momentos da partida e parada do primeiro equipamento, o segundo s\u00f3 reage a quente e sob press\u00e3o garantindo a prote\u00e7\u00e3o sob condi\u00e7\u00f5es severas de opera\u00e7\u00e3o.<\/p>\n","protected":false},"excerpt":{"rendered":"<p>Indicado especialmente para lubrifica\u00e7\u00e3o de Guias horizontais e verticais e quaisquer outras superf\u00edcies em deslizamento, e ou partes m\u00f3veis de equipamentos. Recomendado tamb\u00e9m para lubrifica\u00e7\u00e3o ferramentas e m\u00e1quinas pneum\u00e1ticas como marteletes, rebocadores, perfuratrizes, limadeiras, motores de ar, guinchos, guias com patins de deslize.<\/p>\n","protected":false},"featured_media":22492,"comment_status":"open","ping_status":"closed","template":"","meta":[],"product_cat":[15],"product_tag":[],"class_list":["post-22491","product","type-product","status-publish","has-post-thumbnail","hentry","product_cat-siderurgica"],"_links":{"self":[{"href":"https:\/\/pulzohost.com.br\/4w\/uni\/wp-json\/wp\/v2\/product\/22491","targetHints":{"allow":["GET"]}}],"collection":[{"href":"https:\/\/pulzohost.com.br\/4w\/uni\/wp-json\/wp\/v2\/product"}],"about":[{"href":"https:\/\/pulzohost.com.br\/4w\/uni\/wp-json\/wp\/v2\/types\/product"}],"replies":[{"embeddable":true,"href":"https:\/\/pulzohost.com.br\/4w\/uni\/wp-json\/wp\/v2\/comments?post=22491"}],"wp:featuredmedia":[{"embeddable":true,"href":"https:\/\/pulzohost.com.br\/4w\/uni\/wp-json\/wp\/v2\/media\/22492"}],"wp:attachment":[{"href":"https:\/\/pulzohost.com.br\/4w\/uni\/wp-json\/wp\/v2\/media?parent=22491"}],"wp:term":[{"taxonomy":"product_cat","embeddable":true,"href":"https:\/\/pulzohost.com.br\/4w\/uni\/wp-json\/wp\/v2\/product_cat?post=22491"},{"taxonomy":"product_tag","embeddable":true,"href":"https:\/\/pulzohost.com.br\/4w\/uni\/wp-json\/wp\/v2\/product_tag?post=22491"}],"curies":[{"name":"wp","href":"https:\/\/api.w.org\/{rel}","templated":true}]}}