{"id":1436,"date":"2023-10-25T18:06:45","date_gmt":"2023-10-25T21:06:45","guid":{"rendered":"https:\/\/pulzohost.com.br\/4w\/uni\/?page_id=1436"},"modified":"2023-12-08T09:24:07","modified_gmt":"2023-12-08T12:24:07","slug":"quem-somos","status":"publish","type":"page","link":"https:\/\/pulzohost.com.br\/4w\/uni\/quem-somos\/","title":{"rendered":"Quem Somos"},"content":{"rendered":"\t\t<div data-elementor-type=\"wp-page\" data-elementor-id=\"1436\" class=\"elementor elementor-1436\" data-elementor-post-type=\"page\">\n\t\t\t\t\t\t\t\t\t<section class=\"elementor-section elementor-top-section elementor-element elementor-element-b319a35 elementor-section-boxed elementor-section-height-default elementor-section-height-default\" data-id=\"b319a35\" data-element_type=\"section\" data-settings=\"{&quot;background_background&quot;:&quot;classic&quot;}\">\n\t\t\t\t\t\t<div class=\"elementor-container elementor-column-gap-default\">\n\t\t\t\t\t<div class=\"elementor-column elementor-col-50 elementor-top-column elementor-element elementor-element-93b2f9b\" data-id=\"93b2f9b\" data-element_type=\"column\">\n\t\t\t<div class=\"elementor-widget-wrap elementor-element-populated\">\n\t\t\t\t\t\t\t\t\t<\/div>\n\t\t<\/div>\n\t\t\t\t<div class=\"elementor-column elementor-col-50 elementor-top-column elementor-element elementor-element-80d16c7\" data-id=\"80d16c7\" data-element_type=\"column\">\n\t\t\t<div class=\"elementor-widget-wrap\">\n\t\t\t\t\t\t\t\t\t<\/div>\n\t\t<\/div>\n\t\t\t\t\t\t\t<\/div>\n\t\t<\/section>\n\t\t\t\t<section class=\"elementor-section elementor-top-section elementor-element elementor-element-ae85f1a elementor-section-boxed elementor-section-height-default elementor-section-height-default\" data-id=\"ae85f1a\" data-element_type=\"section\">\n\t\t\t\t\t\t<div class=\"elementor-container elementor-column-gap-default\">\n\t\t\t\t\t<div class=\"elementor-column elementor-col-100 elementor-top-column elementor-element elementor-element-89372db\" data-id=\"89372db\" data-element_type=\"column\">\n\t\t\t<div class=\"elementor-widget-wrap elementor-element-populated\">\n\t\t\t\t\t\t\t\t<div class=\"elementor-element elementor-element-4a12073 elementor-widget elementor-widget-text-editor\" data-id=\"4a12073\" data-element_type=\"widget\" data-widget_type=\"text-editor.default\">\n\t\t\t\t<div class=\"elementor-widget-container\">\n\t\t\t<style>\/*! elementor - v3.17.0 - 01-11-2023 *\/\n.elementor-widget-text-editor.elementor-drop-cap-view-stacked .elementor-drop-cap{background-color:#69727d;color:#fff}.elementor-widget-text-editor.elementor-drop-cap-view-framed .elementor-drop-cap{color:#69727d;border:3px solid;background-color:transparent}.elementor-widget-text-editor:not(.elementor-drop-cap-view-default) .elementor-drop-cap{margin-top:8px}.elementor-widget-text-editor:not(.elementor-drop-cap-view-default) .elementor-drop-cap-letter{width:1em;height:1em}.elementor-widget-text-editor .elementor-drop-cap{float:left;text-align:center;line-height:1;font-size:50px}.elementor-widget-text-editor .elementor-drop-cap-letter{display:inline-block}<\/style>\t\t\t\t<h5>Nossa Hist\u00f3ria<\/h5><p>A Uni\u00e3o Lubrificantes \u00e9 uma empresa que atua no mercado desde 1985, no segmento de fabrica\u00e7\u00e3o e distribui\u00e7\u00e3o de produtos derivados do petr\u00f3leo e sint\u00e9tico, e busca desenvolver produtos espec\u00edficos para um atendimento justo aos seus clientes.<br \/><br \/>Estamos preparados para desenvolver lubrificantes especiais e produtos correlatos, especialmente para solucionar seus problemas de manuten\u00e7\u00e3o e produ\u00e7\u00e3o.<br \/><br \/>Conte com a for\u00e7a desta marca para diminuir seus custos de manuten\u00e7\u00e3o, e, principalmente, melhorar a sua rela\u00e7\u00e3o custo-benef\u00edcio.<br \/><br \/>Produtos distribu\u00eddos diretamente das petroqu\u00edmicas e produtos por n\u00f3s formulados especificamente para a \u00e1rea de produ\u00e7\u00e3o industrial e rotinas de manuten\u00e7\u00e3o.<\/p>\t\t\t\t\t\t<\/div>\n\t\t\t\t<\/div>\n\t\t\t\t\t<\/div>\n\t\t<\/div>\n\t\t\t\t\t\t\t<\/div>\n\t\t<\/section>\n\t\t\t\t\t\t\t<\/div>\n\t\t","protected":false},"excerpt":{"rendered":"<p>Nossa Hist\u00f3ria A Uni\u00e3o Lubrificantes \u00e9 uma empresa que atua no mercado desde 1985, no segmento de fabrica\u00e7\u00e3o e distribui\u00e7\u00e3o de produtos derivados do petr\u00f3leo e sint\u00e9tico, e busca desenvolver produtos espec\u00edficos para um atendimento justo aos seus clientes. Estamos preparados para desenvolver lubrificantes especiais e produtos correlatos, especialmente para solucionar seus problemas de manuten\u00e7\u00e3o [&hellip;]<\/p>\n","protected":false},"author":1,"featured_media":0,"parent":0,"menu_order":0,"comment_status":"closed","ping_status":"closed","template":"","meta":{"footnotes":""},"class_list":["post-1436","page","type-page","status-publish","hentry"],"_links":{"self":[{"href":"https:\/\/pulzohost.com.br\/4w\/uni\/wp-json\/wp\/v2\/pages\/1436","targetHints":{"allow":["GET"]}}],"collection":[{"href":"https:\/\/pulzohost.com.br\/4w\/uni\/wp-json\/wp\/v2\/pages"}],"about":[{"href":"https:\/\/pulzohost.com.br\/4w\/uni\/wp-json\/wp\/v2\/types\/page"}],"author":[{"embeddable":true,"href":"https:\/\/pulzohost.com.br\/4w\/uni\/wp-json\/wp\/v2\/users\/1"}],"replies":[{"embeddable":true,"href":"https:\/\/pulzohost.com.br\/4w\/uni\/wp-json\/wp\/v2\/comments?post=1436"}],"version-history":[{"count":22,"href":"https:\/\/pulzohost.com.br\/4w\/uni\/wp-json\/wp\/v2\/pages\/1436\/revisions"}],"predecessor-version":[{"id":22516,"href":"https:\/\/pulzohost.com.br\/4w\/uni\/wp-json\/wp\/v2\/pages\/1436\/revisions\/22516"}],"wp:attachment":[{"href":"https:\/\/pulzohost.com.br\/4w\/uni\/wp-json\/wp\/v2\/media?parent=1436"}],"curies":[{"name":"wp","href":"https:\/\/api.w.org\/{rel}","templated":true}]}}